{"id":4573,"date":"2023-01-03T15:56:04","date_gmt":"2023-01-03T11:56:04","guid":{"rendered":"https:\/\/medishop.az\/mehsul\/bas-sabitl%c9%99yici-bas-fiksatoru\/"},"modified":"2024-09-02T11:40:34","modified_gmt":"2024-09-02T07:40:34","slug":"bas-sabitleyici-bas-fiksatoru","status":"publish","type":"product","link":"http:\/\/medishop.az\/ru\/mehsul\/bas-sabitleyici-bas-fiksatoru\/","title":{"rendered":"Ba\u015f sabitl\u0259yici &#8211; ba\u015f fiksatoru"},"content":{"rendered":"<p>B\u00fct\u00fcn bel taxtalar\u0131na uy\u011fundur<\/p>","protected":false},"excerpt":{"rendered":"<p>B\u00fct\u00fcn bel taxtalar\u0131na uy\u011fundur<\/p>","protected":false},"featured_media":4571,"template":"","meta":[],"product_cat":[133,126,127,149],"product_tag":[411,168,359,217,351,412,410,360],"class_list":{"0":"post-4573","1":"product","2":"type-product","3":"status-publish","4":"has-post-thumbnail","6":"product_cat-ilk-yardim","7":"product_cat-tibbi-cihazlar","8":"product_cat-tibbi-mebeller","9":"product_cat-xerekler","10":"product_tag-bel-taxtasi","11":"product_tag-ilk-tibbi-yardim","12":"product_tag-ilk-yardim","13":"product_tag-ilk-yardim-cantasi","14":"product_tag-ilk-yardim-dsti","15":"product_tag-spine-board","16":"product_tag-stretcher","17":"product_tag-xrk","19":"first","20":"instock","21":"shipping-taxable","22":"purchasable","23":"product-type-simple"},"yoast_head":"<!-- This site is optimized with the Yoast SEO plugin v22.7 - https:\/\/yoast.com\/wordpress\/plugins\/seo\/ -->\n<title>Ba\u015f sabitl\u0259yici - ba\u015f fiksatoru - Medishop<\/title>\n<meta name=\"robots\" content=\"index, follow, max-snippet:-1, max-image-preview:large, max-video-preview:-1\" \/>\n<link rel=\"canonical\" href=\"http:\/\/medishop.az\/ru\/mehsul\/bas-sabitleyici-bas-fiksatoru\/\" \/>\n<meta property=\"og:locale\" content=\"ru_RU\" \/>\n<meta property=\"og:type\" content=\"article\" \/>\n<meta property=\"og:title\" content=\"Ba\u015f sabitl\u0259yici - ba\u015f fiksatoru - Medishop\" \/>\n<meta property=\"og:description\" content=\"B\u00fct\u00fcn bel taxtalar\u0131na uy\u011fundur\" \/>\n<meta property=\"og:url\" content=\"http:\/\/medishop.az\/ru\/mehsul\/bas-sabitleyici-bas-fiksatoru\/\" \/>\n<meta property=\"og:site_name\" content=\"Medishop\" \/>\n<meta property=\"article:publisher\" content=\"https:\/\/www.facebook.com\/medishop.azerbaijan\" \/>\n<meta property=\"article:modified_time\" content=\"2024-09-02T07:40:34+00:00\" \/>\n<meta property=\"og:image\" content=\"https:\/\/medishop.az\/wp-content\/uploads\/2023\/01\/df82554b-1000019348.jpg\" \/>\n\t<meta property=\"og:image:width\" content=\"1080\" \/>\n\t<meta property=\"og:image:height\" content=\"1080\" \/>\n\t<meta property=\"og:image:type\" content=\"image\/jpeg\" \/>\n<meta name=\"twitter:card\" content=\"summary_large_image\" \/>\n<meta name=\"twitter:label1\" content=\"\u041f\u0440\u0438\u043c\u0435\u0440\u043d\u043e\u0435 \u0432\u0440\u0435\u043c\u044f \u0434\u043b\u044f \u0447\u0442\u0435\u043d\u0438\u044f\" \/>\n\t<meta name=\"twitter:data1\" content=\"1 \u043c\u0438\u043d\u0443\u0442\u0430\" \/>\n<script type=\"application\/ld+json\" class=\"yoast-schema-graph\">{\"@context\":\"https:\/\/schema.org\",\"@graph\":[{\"@type\":\"WebPage\",\"@id\":\"https:\/\/medishop.az\/mehsul\/bas-sabitleyici-bas-fiksatoru\/\",\"url\":\"https:\/\/medishop.az\/mehsul\/bas-sabitleyici-bas-fiksatoru\/\",\"name\":\"Ba\u015f sabitl\u0259yici - ba\u015f fiksatoru - Medishop\",\"isPartOf\":{\"@id\":\"https:\/\/medishop.az\/#website\"},\"primaryImageOfPage\":{\"@id\":\"https:\/\/medishop.az\/mehsul\/bas-sabitleyici-bas-fiksatoru\/#primaryimage\"},\"image\":{\"@id\":\"https:\/\/medishop.az\/mehsul\/bas-sabitleyici-bas-fiksatoru\/#primaryimage\"},\"thumbnailUrl\":\"https:\/\/medishop.az\/wp-content\/uploads\/2023\/01\/df82554b-1000019348.jpg\",\"datePublished\":\"2023-01-03T11:56:04+00:00\",\"dateModified\":\"2024-09-02T07:40:34+00:00\",\"breadcrumb\":{\"@id\":\"https:\/\/medishop.az\/mehsul\/bas-sabitleyici-bas-fiksatoru\/#breadcrumb\"},\"inLanguage\":\"ru-RU\",\"potentialAction\":[{\"@type\":\"ReadAction\",\"target\":[\"https:\/\/medishop.az\/mehsul\/bas-sabitleyici-bas-fiksatoru\/\"]}]},{\"@type\":\"ImageObject\",\"inLanguage\":\"ru-RU\",\"@id\":\"https:\/\/medishop.az\/mehsul\/bas-sabitleyici-bas-fiksatoru\/#primaryimage\",\"url\":\"https:\/\/medishop.az\/wp-content\/uploads\/2023\/01\/df82554b-1000019348.jpg\",\"contentUrl\":\"https:\/\/medishop.az\/wp-content\/uploads\/2023\/01\/df82554b-1000019348.jpg\",\"width\":1080,\"height\":1080},{\"@type\":\"BreadcrumbList\",\"@id\":\"https:\/\/medishop.az\/mehsul\/bas-sabitleyici-bas-fiksatoru\/#breadcrumb\",\"itemListElement\":[{\"@type\":\"ListItem\",\"position\":1,\"name\":\"\u018fsas\",\"item\":\"https:\/\/medishop.az\/\"},{\"@type\":\"ListItem\",\"position\":2,\"name\":\"Ma\u011faza\",\"item\":\"https:\/\/medishop.az\/ru\/shop\/\"},{\"@type\":\"ListItem\",\"position\":3,\"name\":\"Ba\u015f sabitl\u0259yici &#8211; ba\u015f fiksatoru\"}]},{\"@type\":\"WebSite\",\"@id\":\"https:\/\/medishop.az\/#website\",\"url\":\"https:\/\/medishop.az\/\",\"name\":\"Medishop\",\"description\":\"Onlayn tibbi ma\u011faza\",\"publisher\":{\"@id\":\"https:\/\/medishop.az\/#organization\"},\"potentialAction\":[{\"@type\":\"SearchAction\",\"target\":{\"@type\":\"EntryPoint\",\"urlTemplate\":\"https:\/\/medishop.az\/?s={search_term_string}\"},\"query-input\":\"required name=search_term_string\"}],\"inLanguage\":\"ru-RU\"},{\"@type\":\"Organization\",\"@id\":\"https:\/\/medishop.az\/#organization\",\"name\":\"Medishop\",\"url\":\"https:\/\/medishop.az\/\",\"logo\":{\"@type\":\"ImageObject\",\"inLanguage\":\"ru-RU\",\"@id\":\"https:\/\/medishop.az\/#\/schema\/logo\/image\/\",\"url\":\"https:\/\/storage.googleapis.com\/stateless-medishop-az\/2022\/12\/logo.png\",\"contentUrl\":\"https:\/\/storage.googleapis.com\/stateless-medishop-az\/2022\/12\/logo.png\",\"width\":300,\"height\":89,\"caption\":\"Medishop\"},\"image\":{\"@id\":\"https:\/\/medishop.az\/#\/schema\/logo\/image\/\"},\"sameAs\":[\"https:\/\/www.facebook.com\/medishop.azerbaijan\"]}]}<\/script>\n<!-- \/ Yoast SEO plugin. -->","yoast_head_json":{"title":"Ba\u015f sabitl\u0259yici - ba\u015f fiksatoru - Medishop","robots":{"index":"index","follow":"follow","max-snippet":"max-snippet:-1","max-image-preview":"max-image-preview:large","max-video-preview":"max-video-preview:-1"},"canonical":"http:\/\/medishop.az\/ru\/mehsul\/bas-sabitleyici-bas-fiksatoru\/","og_locale":"ru_RU","og_type":"article","og_title":"Ba\u015f sabitl\u0259yici - ba\u015f fiksatoru - Medishop","og_description":"B\u00fct\u00fcn bel taxtalar\u0131na uy\u011fundur","og_url":"http:\/\/medishop.az\/ru\/mehsul\/bas-sabitleyici-bas-fiksatoru\/","og_site_name":"Medishop","article_publisher":"https:\/\/www.facebook.com\/medishop.azerbaijan","article_modified_time":"2024-09-02T07:40:34+00:00","og_image":[{"width":1080,"height":1080,"url":"https:\/\/medishop.az\/wp-content\/uploads\/2023\/01\/df82554b-1000019348.jpg","type":"image\/jpeg"}],"twitter_card":"summary_large_image","twitter_misc":{"\u041f\u0440\u0438\u043c\u0435\u0440\u043d\u043e\u0435 \u0432\u0440\u0435\u043c\u044f \u0434\u043b\u044f \u0447\u0442\u0435\u043d\u0438\u044f":"1 \u043c\u0438\u043d\u0443\u0442\u0430"},"schema":{"@context":"https:\/\/schema.org","@graph":[{"@type":"WebPage","@id":"https:\/\/medishop.az\/mehsul\/bas-sabitleyici-bas-fiksatoru\/","url":"https:\/\/medishop.az\/mehsul\/bas-sabitleyici-bas-fiksatoru\/","name":"Ba\u015f sabitl\u0259yici - ba\u015f fiksatoru - Medishop","isPartOf":{"@id":"https:\/\/medishop.az\/#website"},"primaryImageOfPage":{"@id":"https:\/\/medishop.az\/mehsul\/bas-sabitleyici-bas-fiksatoru\/#primaryimage"},"image":{"@id":"https:\/\/medishop.az\/mehsul\/bas-sabitleyici-bas-fiksatoru\/#primaryimage"},"thumbnailUrl":"https:\/\/medishop.az\/wp-content\/uploads\/2023\/01\/df82554b-1000019348.jpg","datePublished":"2023-01-03T11:56:04+00:00","dateModified":"2024-09-02T07:40:34+00:00","breadcrumb":{"@id":"https:\/\/medishop.az\/mehsul\/bas-sabitleyici-bas-fiksatoru\/#breadcrumb"},"inLanguage":"ru-RU","potentialAction":[{"@type":"ReadAction","target":["https:\/\/medishop.az\/mehsul\/bas-sabitleyici-bas-fiksatoru\/"]}]},{"@type":"ImageObject","inLanguage":"ru-RU","@id":"https:\/\/medishop.az\/mehsul\/bas-sabitleyici-bas-fiksatoru\/#primaryimage","url":"https:\/\/medishop.az\/wp-content\/uploads\/2023\/01\/df82554b-1000019348.jpg","contentUrl":"https:\/\/medishop.az\/wp-content\/uploads\/2023\/01\/df82554b-1000019348.jpg","width":1080,"height":1080},{"@type":"BreadcrumbList","@id":"https:\/\/medishop.az\/mehsul\/bas-sabitleyici-bas-fiksatoru\/#breadcrumb","itemListElement":[{"@type":"ListItem","position":1,"name":"\u018fsas","item":"https:\/\/medishop.az\/"},{"@type":"ListItem","position":2,"name":"Ma\u011faza","item":"https:\/\/medishop.az\/ru\/shop\/"},{"@type":"ListItem","position":3,"name":"Ba\u015f sabitl\u0259yici &#8211; ba\u015f fiksatoru"}]},{"@type":"WebSite","@id":"https:\/\/medishop.az\/#website","url":"https:\/\/medishop.az\/","name":"Medishop","description":"Onlayn tibbi ma\u011faza","publisher":{"@id":"https:\/\/medishop.az\/#organization"},"potentialAction":[{"@type":"SearchAction","target":{"@type":"EntryPoint","urlTemplate":"https:\/\/medishop.az\/?s={search_term_string}"},"query-input":"required name=search_term_string"}],"inLanguage":"ru-RU"},{"@type":"Organization","@id":"https:\/\/medishop.az\/#organization","name":"Medishop","url":"https:\/\/medishop.az\/","logo":{"@type":"ImageObject","inLanguage":"ru-RU","@id":"https:\/\/medishop.az\/#\/schema\/logo\/image\/","url":"https:\/\/storage.googleapis.com\/stateless-medishop-az\/2022\/12\/logo.png","contentUrl":"https:\/\/storage.googleapis.com\/stateless-medishop-az\/2022\/12\/logo.png","width":300,"height":89,"caption":"Medishop"},"image":{"@id":"https:\/\/medishop.az\/#\/schema\/logo\/image\/"},"sameAs":["https:\/\/www.facebook.com\/medishop.azerbaijan"]}]}},"jetpack_sharing_enabled":true,"_links":{"self":[{"href":"http:\/\/medishop.az\/ru\/wp-json\/wp\/v2\/product\/4573","targetHints":{"allow":["GET"]}}],"collection":[{"href":"http:\/\/medishop.az\/ru\/wp-json\/wp\/v2\/product"}],"about":[{"href":"http:\/\/medishop.az\/ru\/wp-json\/wp\/v2\/types\/product"}],"wp:featuredmedia":[{"embeddable":true,"href":"http:\/\/medishop.az\/ru\/wp-json\/wp\/v2\/media\/4571"}],"wp:attachment":[{"href":"http:\/\/medishop.az\/ru\/wp-json\/wp\/v2\/media?parent=4573"}],"wp:term":[{"taxonomy":"product_cat","embeddable":true,"href":"http:\/\/medishop.az\/ru\/wp-json\/wp\/v2\/product_cat?post=4573"},{"taxonomy":"product_tag","embeddable":true,"href":"http:\/\/medishop.az\/ru\/wp-json\/wp\/v2\/product_tag?post=4573"}],"curies":[{"name":"wp","href":"https:\/\/api.w.org\/{rel}","templated":true}]}}