{"id":4136,"date":"2022-12-17T16:19:08","date_gmt":"2022-12-17T12:19:08","guid":{"rendered":"https:\/\/medishop.az\/?post_type=product&#038;p=4136"},"modified":"2024-08-24T20:36:32","modified_gmt":"2024-08-24T16:36:32","slug":"bud-sumuyunun-baslari-%c9%99z%c9%99l%c9%99-il%c9%99-evali-vertebral-sutun","status":"publish","type":"product","link":"http:\/\/medishop.az\/ru\/mehsul\/bud-sumuyunun-baslari-%c9%99z%c9%99l%c9%99-il%c9%99-evali-vertebral-sutun\/","title":{"rendered":"\u0420\u0410\u041d\u041d\u0418\u0419 \u041f\u041e\u0417\u0412\u041e\u041d\u041e\u0427\u041d\u0418\u041a \u0441 \u0433\u043e\u043b\u043e\u0432\u043a\u0430\u043c\u0438 \u0431\u0435\u0434\u0440\u0435\u043d\u043d\u044b\u0445 \u043a\u043e\u0441\u0442\u0435\u0439 + \u043c\u044b\u0448\u0446\u0430"},"content":{"rendered":"<p>Tam elastik h\u0259yat \u00f6l\u00e7\u00fcs\u00fc vertebral s\u00fctunlar occipital plata, serviks, thoracic v\u0259 lumbar vertebrae, sacrum, coccyx, tam pelvis il\u0259 simfonik, \u00e7\u0131xar\u0131la bil\u0259n femur ba\u015flar\u0131 (c\u0259mi 40130,31,32). B\u00fct\u00fcn modell\u0259rd\u0259 h\u0259m\u00e7inin vertebral arteriyalar\u0131n, onur\u011fa sinir budaqlar\u0131n\u0131n v\u0259 prolapsed L3-L4 intervertebral diskinin t\u0259msil olunmas\u0131 da var. 40131-ci ild\u0259 skeletin sol t\u0259r\u0259fi \u0259z\u0259l\u0259l\u0259rin m\u0259n\u015f\u0259 (q\u0131rm\u0131z\u0131) v\u0259 insersiya (mavi) n\u00f6qt\u0259l\u0259rini g\u00f6st\u0259rir. 40131 v\u0259 40132-ci ild\u0259 sakral krest v\u0259 koksix onur\u011fa beyninin v\u0259 onunla \u0259laq\u0259li sinir budaqlar\u0131n\u0131n sakral hiss\u0259sini g\u00f6st\u0259rm\u0259k \u00fc\u00e7\u00fcn \u00e7\u0131xar\u0131la bil\u0259r. 40133-c\u00fc ild\u0259 onur\u011fa s\u00fctununun m\u00fcxt\u0259lif b\u00f6lg\u0259l\u0259ri asan identifikasiya \u00fc\u00e7\u00fcn r\u0259ng kodludur.<\/p>","protected":false},"excerpt":{"rendered":"<table border=\"0\" width=\"100%\" cellspacing=\"0\" cellpadding=\"0\">\n<tbody>\n<tr>\n<td class=\"menu\" bgcolor=\"#fff9ad\"><span class=\"sezione\">\u0422\u0435\u0445\u043d\u0438\u0447\u0435\u0441\u043a\u0438\u0435 \u0445\u0430\u0440\u0430\u043a\u0442\u0435\u0440\u0438\u0441\u0442\u0438\u043a\u0438<\/span><\/td>\n<\/tr>\n<tr>\n<td class=\"menu\" bgcolor=\"#fff9ad\">\u2022 \u00d6l\u00e7\u00fcs\u00fc: 95 x 20 x h 20 sm<br \/>\n\u2022 \u00c7\u0259ki: 3 kq<br \/>\n\u2022 Maqnifikasiya: 1X<\/td>\n<\/tr>\n<\/tbody>\n<\/table>","protected":false},"featured_media":4137,"template":"","meta":[],"product_cat":[428,126],"product_tag":[432,382],"class_list":{"0":"post-4136","1":"product","2":"type-product","3":"status-publish","4":"has-post-thumbnail","6":"product_cat-anatomik-modeller","7":"product_cat-tibbi-cihazlar","8":"product_tag-anatomik-modellr","9":"product_tag-vertebral-sutun","11":"first","12":"instock","13":"shipping-taxable","14":"purchasable","15":"product-type-simple"},"yoast_head":"<!-- This site is optimized with the Yoast SEO plugin v22.7 - https:\/\/yoast.com\/wordpress\/plugins\/seo\/ -->\n<title>Bud s\u00fcm\u00fcy\u00fcn\u00fcn ba\u015flar\u0131 + \u0259z\u0259l\u0259 il\u0259 EVAL\u0130 VERTEBRAL S\u00dcTUN - Medishop<\/title>\n<meta name=\"robots\" content=\"index, follow, max-snippet:-1, max-image-preview:large, max-video-preview:-1\" \/>\n<link rel=\"canonical\" href=\"http:\/\/medishop.az\/ru\/mehsul\/bud-sumuyunun-baslari-\u0259z\u0259l\u0259-il\u0259-evali-vertebral-sutun\/\" \/>\n<meta property=\"og:locale\" content=\"ru_RU\" \/>\n<meta property=\"og:type\" content=\"article\" \/>\n<meta property=\"og:title\" content=\"Bud s\u00fcm\u00fcy\u00fcn\u00fcn ba\u015flar\u0131 + \u0259z\u0259l\u0259 il\u0259 EVAL\u0130 VERTEBRAL S\u00dcTUN - Medishop\" \/>\n<meta property=\"og:description\" content=\"Texniki Spesifikasiyalar   \u2022 \u00d6l\u00e7\u00fcs\u00fc: 95 x 20 x h 20 sm \u2022 \u00c7\u0259ki: 3 kq \u2022 Maqnifikasiya: 1X\" \/>\n<meta property=\"og:url\" content=\"http:\/\/medishop.az\/ru\/mehsul\/bud-sumuyunun-baslari-\u0259z\u0259l\u0259-il\u0259-evali-vertebral-sutun\/\" \/>\n<meta property=\"og:site_name\" content=\"Medishop\" \/>\n<meta property=\"article:publisher\" content=\"https:\/\/www.facebook.com\/medishop.azerbaijan\" \/>\n<meta property=\"article:modified_time\" content=\"2024-08-24T16:36:32+00:00\" \/>\n<meta property=\"og:image\" content=\"https:\/\/medishop.az\/wp-content\/uploads\/2022\/12\/3e915140-bud-sumuyunun-baslari-\u0259z\u0259l\u0259-il\u0259-evali-vertebral-sutun.jpg\" \/>\n\t<meta property=\"og:image:width\" content=\"1000\" \/>\n\t<meta property=\"og:image:height\" content=\"1000\" \/>\n\t<meta property=\"og:image:type\" content=\"image\/jpeg\" \/>\n<meta name=\"twitter:card\" content=\"summary_large_image\" \/>\n<meta name=\"twitter:label1\" content=\"\u041f\u0440\u0438\u043c\u0435\u0440\u043d\u043e\u0435 \u0432\u0440\u0435\u043c\u044f \u0434\u043b\u044f \u0447\u0442\u0435\u043d\u0438\u044f\" \/>\n\t<meta name=\"twitter:data1\" content=\"1 \u043c\u0438\u043d\u0443\u0442\u0430\" \/>\n<script type=\"application\/ld+json\" class=\"yoast-schema-graph\">{\"@context\":\"https:\/\/schema.org\",\"@graph\":[{\"@type\":\"WebPage\",\"@id\":\"https:\/\/medishop.az\/mehsul\/bud-sumuyunun-baslari-%c9%99z%c9%99l%c9%99-il%c9%99-evali-vertebral-sutun\/\",\"url\":\"https:\/\/medishop.az\/mehsul\/bud-sumuyunun-baslari-%c9%99z%c9%99l%c9%99-il%c9%99-evali-vertebral-sutun\/\",\"name\":\"Bud s\u00fcm\u00fcy\u00fcn\u00fcn ba\u015flar\u0131 + \u0259z\u0259l\u0259 il\u0259 EVAL\u0130 VERTEBRAL S\u00dcTUN - Medishop\",\"isPartOf\":{\"@id\":\"https:\/\/medishop.az\/#website\"},\"primaryImageOfPage\":{\"@id\":\"https:\/\/medishop.az\/mehsul\/bud-sumuyunun-baslari-%c9%99z%c9%99l%c9%99-il%c9%99-evali-vertebral-sutun\/#primaryimage\"},\"image\":{\"@id\":\"https:\/\/medishop.az\/mehsul\/bud-sumuyunun-baslari-%c9%99z%c9%99l%c9%99-il%c9%99-evali-vertebral-sutun\/#primaryimage\"},\"thumbnailUrl\":\"https:\/\/medishop.az\/wp-content\/uploads\/2022\/12\/3e915140-bud-sumuyunun-baslari-\u0259z\u0259l\u0259-il\u0259-evali-vertebral-sutun.jpg\",\"datePublished\":\"2022-12-17T12:19:08+00:00\",\"dateModified\":\"2024-08-24T16:36:32+00:00\",\"breadcrumb\":{\"@id\":\"https:\/\/medishop.az\/mehsul\/bud-sumuyunun-baslari-%c9%99z%c9%99l%c9%99-il%c9%99-evali-vertebral-sutun\/#breadcrumb\"},\"inLanguage\":\"ru-RU\",\"potentialAction\":[{\"@type\":\"ReadAction\",\"target\":[\"https:\/\/medishop.az\/mehsul\/bud-sumuyunun-baslari-%c9%99z%c9%99l%c9%99-il%c9%99-evali-vertebral-sutun\/\"]}]},{\"@type\":\"ImageObject\",\"inLanguage\":\"ru-RU\",\"@id\":\"https:\/\/medishop.az\/mehsul\/bud-sumuyunun-baslari-%c9%99z%c9%99l%c9%99-il%c9%99-evali-vertebral-sutun\/#primaryimage\",\"url\":\"https:\/\/medishop.az\/wp-content\/uploads\/2022\/12\/3e915140-bud-sumuyunun-baslari-\u0259z\u0259l\u0259-il\u0259-evali-vertebral-sutun.jpg\",\"contentUrl\":\"https:\/\/medishop.az\/wp-content\/uploads\/2022\/12\/3e915140-bud-sumuyunun-baslari-\u0259z\u0259l\u0259-il\u0259-evali-vertebral-sutun.jpg\",\"width\":1000,\"height\":1000},{\"@type\":\"BreadcrumbList\",\"@id\":\"https:\/\/medishop.az\/mehsul\/bud-sumuyunun-baslari-%c9%99z%c9%99l%c9%99-il%c9%99-evali-vertebral-sutun\/#breadcrumb\",\"itemListElement\":[{\"@type\":\"ListItem\",\"position\":1,\"name\":\"\u018fsas\",\"item\":\"https:\/\/medishop.az\/\"},{\"@type\":\"ListItem\",\"position\":2,\"name\":\"Ma\u011faza\",\"item\":\"https:\/\/medishop.az\/ru\/shop\/\"},{\"@type\":\"ListItem\",\"position\":3,\"name\":\"Bud s\u00fcm\u00fcy\u00fcn\u00fcn ba\u015flar\u0131 + \u0259z\u0259l\u0259 il\u0259 EVAL\u0130 VERTEBRAL S\u00dcTUN\"}]},{\"@type\":\"WebSite\",\"@id\":\"https:\/\/medishop.az\/#website\",\"url\":\"https:\/\/medishop.az\/\",\"name\":\"Medishop\",\"description\":\"Onlayn tibbi ma\u011faza\",\"publisher\":{\"@id\":\"https:\/\/medishop.az\/#organization\"},\"potentialAction\":[{\"@type\":\"SearchAction\",\"target\":{\"@type\":\"EntryPoint\",\"urlTemplate\":\"https:\/\/medishop.az\/?s={search_term_string}\"},\"query-input\":\"required name=search_term_string\"}],\"inLanguage\":\"ru-RU\"},{\"@type\":\"Organization\",\"@id\":\"https:\/\/medishop.az\/#organization\",\"name\":\"Medishop\",\"url\":\"https:\/\/medishop.az\/\",\"logo\":{\"@type\":\"ImageObject\",\"inLanguage\":\"ru-RU\",\"@id\":\"https:\/\/medishop.az\/#\/schema\/logo\/image\/\",\"url\":\"https:\/\/storage.googleapis.com\/stateless-medishop-az\/2022\/12\/logo.png\",\"contentUrl\":\"https:\/\/storage.googleapis.com\/stateless-medishop-az\/2022\/12\/logo.png\",\"width\":300,\"height\":89,\"caption\":\"Medishop\"},\"image\":{\"@id\":\"https:\/\/medishop.az\/#\/schema\/logo\/image\/\"},\"sameAs\":[\"https:\/\/www.facebook.com\/medishop.azerbaijan\"]}]}<\/script>\n<!-- \/ Yoast SEO plugin. -->","yoast_head_json":{"title":"Bud s\u00fcm\u00fcy\u00fcn\u00fcn ba\u015flar\u0131 + \u0259z\u0259l\u0259 il\u0259 EVAL\u0130 VERTEBRAL S\u00dcTUN - Medishop","robots":{"index":"index","follow":"follow","max-snippet":"max-snippet:-1","max-image-preview":"max-image-preview:large","max-video-preview":"max-video-preview:-1"},"canonical":"http:\/\/medishop.az\/ru\/mehsul\/bud-sumuyunun-baslari-\u0259z\u0259l\u0259-il\u0259-evali-vertebral-sutun\/","og_locale":"ru_RU","og_type":"article","og_title":"Bud s\u00fcm\u00fcy\u00fcn\u00fcn ba\u015flar\u0131 + \u0259z\u0259l\u0259 il\u0259 EVAL\u0130 VERTEBRAL S\u00dcTUN - Medishop","og_description":"Texniki Spesifikasiyalar   \u2022 \u00d6l\u00e7\u00fcs\u00fc: 95 x 20 x h 20 sm \u2022 \u00c7\u0259ki: 3 kq \u2022 Maqnifikasiya: 1X","og_url":"http:\/\/medishop.az\/ru\/mehsul\/bud-sumuyunun-baslari-\u0259z\u0259l\u0259-il\u0259-evali-vertebral-sutun\/","og_site_name":"Medishop","article_publisher":"https:\/\/www.facebook.com\/medishop.azerbaijan","article_modified_time":"2024-08-24T16:36:32+00:00","og_image":[{"width":1000,"height":1000,"url":"https:\/\/medishop.az\/wp-content\/uploads\/2022\/12\/3e915140-bud-sumuyunun-baslari-\u0259z\u0259l\u0259-il\u0259-evali-vertebral-sutun.jpg","type":"image\/jpeg"}],"twitter_card":"summary_large_image","twitter_misc":{"\u041f\u0440\u0438\u043c\u0435\u0440\u043d\u043e\u0435 \u0432\u0440\u0435\u043c\u044f \u0434\u043b\u044f \u0447\u0442\u0435\u043d\u0438\u044f":"1 \u043c\u0438\u043d\u0443\u0442\u0430"},"schema":{"@context":"https:\/\/schema.org","@graph":[{"@type":"WebPage","@id":"https:\/\/medishop.az\/mehsul\/bud-sumuyunun-baslari-%c9%99z%c9%99l%c9%99-il%c9%99-evali-vertebral-sutun\/","url":"https:\/\/medishop.az\/mehsul\/bud-sumuyunun-baslari-%c9%99z%c9%99l%c9%99-il%c9%99-evali-vertebral-sutun\/","name":"Bud s\u00fcm\u00fcy\u00fcn\u00fcn ba\u015flar\u0131 + \u0259z\u0259l\u0259 il\u0259 EVAL\u0130 VERTEBRAL S\u00dcTUN - Medishop","isPartOf":{"@id":"https:\/\/medishop.az\/#website"},"primaryImageOfPage":{"@id":"https:\/\/medishop.az\/mehsul\/bud-sumuyunun-baslari-%c9%99z%c9%99l%c9%99-il%c9%99-evali-vertebral-sutun\/#primaryimage"},"image":{"@id":"https:\/\/medishop.az\/mehsul\/bud-sumuyunun-baslari-%c9%99z%c9%99l%c9%99-il%c9%99-evali-vertebral-sutun\/#primaryimage"},"thumbnailUrl":"https:\/\/medishop.az\/wp-content\/uploads\/2022\/12\/3e915140-bud-sumuyunun-baslari-\u0259z\u0259l\u0259-il\u0259-evali-vertebral-sutun.jpg","datePublished":"2022-12-17T12:19:08+00:00","dateModified":"2024-08-24T16:36:32+00:00","breadcrumb":{"@id":"https:\/\/medishop.az\/mehsul\/bud-sumuyunun-baslari-%c9%99z%c9%99l%c9%99-il%c9%99-evali-vertebral-sutun\/#breadcrumb"},"inLanguage":"ru-RU","potentialAction":[{"@type":"ReadAction","target":["https:\/\/medishop.az\/mehsul\/bud-sumuyunun-baslari-%c9%99z%c9%99l%c9%99-il%c9%99-evali-vertebral-sutun\/"]}]},{"@type":"ImageObject","inLanguage":"ru-RU","@id":"https:\/\/medishop.az\/mehsul\/bud-sumuyunun-baslari-%c9%99z%c9%99l%c9%99-il%c9%99-evali-vertebral-sutun\/#primaryimage","url":"https:\/\/medishop.az\/wp-content\/uploads\/2022\/12\/3e915140-bud-sumuyunun-baslari-\u0259z\u0259l\u0259-il\u0259-evali-vertebral-sutun.jpg","contentUrl":"https:\/\/medishop.az\/wp-content\/uploads\/2022\/12\/3e915140-bud-sumuyunun-baslari-\u0259z\u0259l\u0259-il\u0259-evali-vertebral-sutun.jpg","width":1000,"height":1000},{"@type":"BreadcrumbList","@id":"https:\/\/medishop.az\/mehsul\/bud-sumuyunun-baslari-%c9%99z%c9%99l%c9%99-il%c9%99-evali-vertebral-sutun\/#breadcrumb","itemListElement":[{"@type":"ListItem","position":1,"name":"\u018fsas","item":"https:\/\/medishop.az\/"},{"@type":"ListItem","position":2,"name":"Ma\u011faza","item":"https:\/\/medishop.az\/ru\/shop\/"},{"@type":"ListItem","position":3,"name":"Bud s\u00fcm\u00fcy\u00fcn\u00fcn ba\u015flar\u0131 + \u0259z\u0259l\u0259 il\u0259 EVAL\u0130 VERTEBRAL S\u00dcTUN"}]},{"@type":"WebSite","@id":"https:\/\/medishop.az\/#website","url":"https:\/\/medishop.az\/","name":"Medishop","description":"Onlayn tibbi ma\u011faza","publisher":{"@id":"https:\/\/medishop.az\/#organization"},"potentialAction":[{"@type":"SearchAction","target":{"@type":"EntryPoint","urlTemplate":"https:\/\/medishop.az\/?s={search_term_string}"},"query-input":"required name=search_term_string"}],"inLanguage":"ru-RU"},{"@type":"Organization","@id":"https:\/\/medishop.az\/#organization","name":"Medishop","url":"https:\/\/medishop.az\/","logo":{"@type":"ImageObject","inLanguage":"ru-RU","@id":"https:\/\/medishop.az\/#\/schema\/logo\/image\/","url":"https:\/\/storage.googleapis.com\/stateless-medishop-az\/2022\/12\/logo.png","contentUrl":"https:\/\/storage.googleapis.com\/stateless-medishop-az\/2022\/12\/logo.png","width":300,"height":89,"caption":"Medishop"},"image":{"@id":"https:\/\/medishop.az\/#\/schema\/logo\/image\/"},"sameAs":["https:\/\/www.facebook.com\/medishop.azerbaijan"]}]}},"jetpack_sharing_enabled":true,"_links":{"self":[{"href":"http:\/\/medishop.az\/ru\/wp-json\/wp\/v2\/product\/4136","targetHints":{"allow":["GET"]}}],"collection":[{"href":"http:\/\/medishop.az\/ru\/wp-json\/wp\/v2\/product"}],"about":[{"href":"http:\/\/medishop.az\/ru\/wp-json\/wp\/v2\/types\/product"}],"wp:featuredmedia":[{"embeddable":true,"href":"http:\/\/medishop.az\/ru\/wp-json\/wp\/v2\/media\/4137"}],"wp:attachment":[{"href":"http:\/\/medishop.az\/ru\/wp-json\/wp\/v2\/media?parent=4136"}],"wp:term":[{"taxonomy":"product_cat","embeddable":true,"href":"http:\/\/medishop.az\/ru\/wp-json\/wp\/v2\/product_cat?post=4136"},{"taxonomy":"product_tag","embeddable":true,"href":"http:\/\/medishop.az\/ru\/wp-json\/wp\/v2\/product_tag?post=4136"}],"curies":[{"name":"wp","href":"https:\/\/api.w.org\/{rel}","templated":true}]}}