{"id":4134,"date":"2022-12-17T16:17:13","date_gmt":"2022-12-17T12:17:13","guid":{"rendered":"https:\/\/medishop.az\/?post_type=product&#038;p=4134"},"modified":"2025-03-01T12:53:09","modified_gmt":"2025-03-01T08:53:09","slug":"yirtiq-patologiyasi-modeli","status":"publish","type":"product","link":"http:\/\/medishop.az\/ru\/mehsul\/yirtiq-patologiyasi-modeli\/","title":{"rendered":"YIRTIQ PATOLOG\u0130YASI MODEL\u0130"},"content":{"rendered":"<p><span class=\"jCAhz ChMk0b\"><span class=\"ryNqvb\">3 bel vertebral y\u0131rt\u0131q v\u0259 prolaps intervertebral disk. <\/span><\/span><span class=\"jCAhz ChMk0b\"><span class=\"ryNqvb\">Yanal v\u0259 media y\u0131rt\u0131\u011f\u0131ndan t\u0259sirl\u0259n\u0259n onur\u011fa sinirl\u0259ri, dura mater v\u0259 2 intervertebral disk olan 3 bel f\u0259q\u0259r\u0259si.<\/span><\/span><\/p>","protected":false},"excerpt":{"rendered":"<table border=\"0\" width=\"100%\" cellspacing=\"0\" cellpadding=\"0\">\n<tbody>\n<tr>\n<td class=\"menu\" bgcolor=\"#fff9ad\"><span class=\"sezione\">\u0422\u0435\u0445\u043d\u0438\u0447\u0435\u0441\u043a\u0438\u0435 \u0445\u0430\u0440\u0430\u043a\u0442\u0435\u0440\u0438\u0441\u0442\u0438\u043a\u0438<\/span><\/td>\n<\/tr>\n<tr>\n<td class=\"menu\" bgcolor=\"#fff9ad\">\u2022 \u00d6l\u00e7\u00fcs\u00fc: 16.5 x 12 x h 26 sm<br \/>\n\u2022 \u00c7\u0259ki: 300 g<br \/>\n\u2022 Magnifikasiya: 1X<\/td>\n<\/tr>\n<\/tbody>\n<\/table>","protected":false},"featured_media":4135,"template":"","meta":[],"product_cat":[428,126],"product_tag":[375,429,386,380,369,389,387,383,384,374,381],"class_list":{"0":"post-4134","1":"product","2":"type-product","3":"status-publish","4":"has-post-thumbnail","6":"product_cat-anatomik-modeller","7":"product_cat-tibbi-cihazlar","8":"product_tag-12-barmaq-bagirsaq-modeli","9":"product_tag-anatomik-model","10":"product_tag-bas-modeli","11":"product_tag-beyin-modeli","12":"product_tag-dri-modeli","13":"product_tag-goz-modeli","14":"product_tag-insan-bedeni-modeli","15":"product_tag-insan-kllsi-modeli","16":"product_tag-insan-skeleti-modeli","17":"product_tag-mdalti-vzi-modeli","18":"product_tag-yirtiq-patologiyasi","20":"first","21":"instock","22":"shipping-taxable","23":"purchasable","24":"product-type-simple"},"yoast_head":"<!-- This site is optimized with the Yoast SEO plugin v22.7 - https:\/\/yoast.com\/wordpress\/plugins\/seo\/ -->\n<title>YIRTIQ PATOLOG\u0130YASI MODEL\u0130 - Medishop<\/title>\n<meta name=\"description\" content=\"3 bel vertebral y\u0131rt\u0131q v\u0259 prolaps intervertebral disk. Yanal v\u0259 media y\u0131rt\u0131\u011f\u0131ndan t\u0259sirl\u0259n\u0259n onur\u011fa sinirl\u0259ri, dura mater v\u0259 2 intervertebral disk olan 3 bel f\u0259q\u0259r\u0259si.\" \/>\n<meta name=\"robots\" content=\"index, follow, max-snippet:-1, max-image-preview:large, max-video-preview:-1\" \/>\n<link rel=\"canonical\" href=\"http:\/\/medishop.az\/ru\/mehsul\/yirtiq-patologiyasi-modeli\/\" \/>\n<meta property=\"og:locale\" content=\"ru_RU\" \/>\n<meta property=\"og:type\" content=\"article\" \/>\n<meta property=\"og:title\" content=\"YIRTIQ PATOLOG\u0130YASI MODEL\u0130 - Medishop\" \/>\n<meta property=\"og:description\" content=\"3 bel vertebral y\u0131rt\u0131q v\u0259 prolaps intervertebral disk. Yanal v\u0259 media y\u0131rt\u0131\u011f\u0131ndan t\u0259sirl\u0259n\u0259n onur\u011fa sinirl\u0259ri, dura mater v\u0259 2 intervertebral disk olan 3 bel f\u0259q\u0259r\u0259si.\" \/>\n<meta property=\"og:url\" content=\"http:\/\/medishop.az\/ru\/mehsul\/yirtiq-patologiyasi-modeli\/\" \/>\n<meta property=\"og:site_name\" content=\"Medishop\" \/>\n<meta property=\"article:publisher\" content=\"https:\/\/www.facebook.com\/medishop.azerbaijan\" \/>\n<meta property=\"article:modified_time\" content=\"2025-03-01T08:53:09+00:00\" \/>\n<meta property=\"og:image\" content=\"https:\/\/medishop.az\/wp-content\/uploads\/2022\/12\/376f5d2b-yirtiq-patologiyasi.jpg\" \/>\n\t<meta property=\"og:image:width\" content=\"1000\" \/>\n\t<meta property=\"og:image:height\" content=\"1000\" \/>\n\t<meta property=\"og:image:type\" content=\"image\/jpeg\" \/>\n<meta name=\"twitter:card\" content=\"summary_large_image\" \/>\n<meta name=\"twitter:label1\" content=\"\u041f\u0440\u0438\u043c\u0435\u0440\u043d\u043e\u0435 \u0432\u0440\u0435\u043c\u044f \u0434\u043b\u044f \u0447\u0442\u0435\u043d\u0438\u044f\" \/>\n\t<meta name=\"twitter:data1\" content=\"1 \u043c\u0438\u043d\u0443\u0442\u0430\" \/>\n<script type=\"application\/ld+json\" class=\"yoast-schema-graph\">{\"@context\":\"https:\/\/schema.org\",\"@graph\":[{\"@type\":\"WebPage\",\"@id\":\"https:\/\/medishop.az\/mehsul\/yirtiq-patologiyasi-modeli\/\",\"url\":\"https:\/\/medishop.az\/mehsul\/yirtiq-patologiyasi-modeli\/\",\"name\":\"YIRTIQ PATOLOG\u0130YASI MODEL\u0130 - Medishop\",\"isPartOf\":{\"@id\":\"https:\/\/medishop.az\/#website\"},\"primaryImageOfPage\":{\"@id\":\"https:\/\/medishop.az\/mehsul\/yirtiq-patologiyasi-modeli\/#primaryimage\"},\"image\":{\"@id\":\"https:\/\/medishop.az\/mehsul\/yirtiq-patologiyasi-modeli\/#primaryimage\"},\"thumbnailUrl\":\"https:\/\/medishop.az\/wp-content\/uploads\/2022\/12\/376f5d2b-yirtiq-patologiyasi.jpg\",\"datePublished\":\"2022-12-17T12:17:13+00:00\",\"dateModified\":\"2025-03-01T08:53:09+00:00\",\"description\":\"3 bel vertebral y\u0131rt\u0131q v\u0259 prolaps intervertebral disk. Yanal v\u0259 media y\u0131rt\u0131\u011f\u0131ndan t\u0259sirl\u0259n\u0259n onur\u011fa sinirl\u0259ri, dura mater v\u0259 2 intervertebral disk olan 3 bel f\u0259q\u0259r\u0259si.\",\"breadcrumb\":{\"@id\":\"https:\/\/medishop.az\/mehsul\/yirtiq-patologiyasi-modeli\/#breadcrumb\"},\"inLanguage\":\"ru-RU\",\"potentialAction\":[{\"@type\":\"ReadAction\",\"target\":[\"https:\/\/medishop.az\/mehsul\/yirtiq-patologiyasi-modeli\/\"]}]},{\"@type\":\"ImageObject\",\"inLanguage\":\"ru-RU\",\"@id\":\"https:\/\/medishop.az\/mehsul\/yirtiq-patologiyasi-modeli\/#primaryimage\",\"url\":\"https:\/\/medishop.az\/wp-content\/uploads\/2022\/12\/376f5d2b-yirtiq-patologiyasi.jpg\",\"contentUrl\":\"https:\/\/medishop.az\/wp-content\/uploads\/2022\/12\/376f5d2b-yirtiq-patologiyasi.jpg\",\"width\":1000,\"height\":1000},{\"@type\":\"BreadcrumbList\",\"@id\":\"https:\/\/medishop.az\/mehsul\/yirtiq-patologiyasi-modeli\/#breadcrumb\",\"itemListElement\":[{\"@type\":\"ListItem\",\"position\":1,\"name\":\"\u018fsas\",\"item\":\"https:\/\/medishop.az\/\"},{\"@type\":\"ListItem\",\"position\":2,\"name\":\"Ma\u011faza\",\"item\":\"https:\/\/medishop.az\/ru\/shop\/\"},{\"@type\":\"ListItem\",\"position\":3,\"name\":\"YIRTIQ PATOLOG\u0130YASI MODEL\u0130\"}]},{\"@type\":\"WebSite\",\"@id\":\"https:\/\/medishop.az\/#website\",\"url\":\"https:\/\/medishop.az\/\",\"name\":\"Medishop\",\"description\":\"Onlayn tibbi ma\u011faza\",\"publisher\":{\"@id\":\"https:\/\/medishop.az\/#organization\"},\"potentialAction\":[{\"@type\":\"SearchAction\",\"target\":{\"@type\":\"EntryPoint\",\"urlTemplate\":\"https:\/\/medishop.az\/?s={search_term_string}\"},\"query-input\":\"required name=search_term_string\"}],\"inLanguage\":\"ru-RU\"},{\"@type\":\"Organization\",\"@id\":\"https:\/\/medishop.az\/#organization\",\"name\":\"Medishop\",\"url\":\"https:\/\/medishop.az\/\",\"logo\":{\"@type\":\"ImageObject\",\"inLanguage\":\"ru-RU\",\"@id\":\"https:\/\/medishop.az\/#\/schema\/logo\/image\/\",\"url\":\"https:\/\/storage.googleapis.com\/stateless-medishop-az\/2022\/12\/logo.png\",\"contentUrl\":\"https:\/\/storage.googleapis.com\/stateless-medishop-az\/2022\/12\/logo.png\",\"width\":300,\"height\":89,\"caption\":\"Medishop\"},\"image\":{\"@id\":\"https:\/\/medishop.az\/#\/schema\/logo\/image\/\"},\"sameAs\":[\"https:\/\/www.facebook.com\/medishop.azerbaijan\"]}]}<\/script>\n<!-- \/ Yoast SEO plugin. -->","yoast_head_json":{"title":"YIRTIQ PATOLOG\u0130YASI MODEL\u0130 - Medishop","description":"3 bel vertebral y\u0131rt\u0131q v\u0259 prolaps intervertebral disk. Yanal v\u0259 media y\u0131rt\u0131\u011f\u0131ndan t\u0259sirl\u0259n\u0259n onur\u011fa sinirl\u0259ri, dura mater v\u0259 2 intervertebral disk olan 3 bel f\u0259q\u0259r\u0259si.","robots":{"index":"index","follow":"follow","max-snippet":"max-snippet:-1","max-image-preview":"max-image-preview:large","max-video-preview":"max-video-preview:-1"},"canonical":"http:\/\/medishop.az\/ru\/mehsul\/yirtiq-patologiyasi-modeli\/","og_locale":"ru_RU","og_type":"article","og_title":"YIRTIQ PATOLOG\u0130YASI MODEL\u0130 - Medishop","og_description":"3 bel vertebral y\u0131rt\u0131q v\u0259 prolaps intervertebral disk. Yanal v\u0259 media y\u0131rt\u0131\u011f\u0131ndan t\u0259sirl\u0259n\u0259n onur\u011fa sinirl\u0259ri, dura mater v\u0259 2 intervertebral disk olan 3 bel f\u0259q\u0259r\u0259si.","og_url":"http:\/\/medishop.az\/ru\/mehsul\/yirtiq-patologiyasi-modeli\/","og_site_name":"Medishop","article_publisher":"https:\/\/www.facebook.com\/medishop.azerbaijan","article_modified_time":"2025-03-01T08:53:09+00:00","og_image":[{"width":1000,"height":1000,"url":"https:\/\/medishop.az\/wp-content\/uploads\/2022\/12\/376f5d2b-yirtiq-patologiyasi.jpg","type":"image\/jpeg"}],"twitter_card":"summary_large_image","twitter_misc":{"\u041f\u0440\u0438\u043c\u0435\u0440\u043d\u043e\u0435 \u0432\u0440\u0435\u043c\u044f \u0434\u043b\u044f \u0447\u0442\u0435\u043d\u0438\u044f":"1 \u043c\u0438\u043d\u0443\u0442\u0430"},"schema":{"@context":"https:\/\/schema.org","@graph":[{"@type":"WebPage","@id":"https:\/\/medishop.az\/mehsul\/yirtiq-patologiyasi-modeli\/","url":"https:\/\/medishop.az\/mehsul\/yirtiq-patologiyasi-modeli\/","name":"YIRTIQ PATOLOG\u0130YASI MODEL\u0130 - Medishop","isPartOf":{"@id":"https:\/\/medishop.az\/#website"},"primaryImageOfPage":{"@id":"https:\/\/medishop.az\/mehsul\/yirtiq-patologiyasi-modeli\/#primaryimage"},"image":{"@id":"https:\/\/medishop.az\/mehsul\/yirtiq-patologiyasi-modeli\/#primaryimage"},"thumbnailUrl":"https:\/\/medishop.az\/wp-content\/uploads\/2022\/12\/376f5d2b-yirtiq-patologiyasi.jpg","datePublished":"2022-12-17T12:17:13+00:00","dateModified":"2025-03-01T08:53:09+00:00","description":"3 bel vertebral y\u0131rt\u0131q v\u0259 prolaps intervertebral disk. Yanal v\u0259 media y\u0131rt\u0131\u011f\u0131ndan t\u0259sirl\u0259n\u0259n onur\u011fa sinirl\u0259ri, dura mater v\u0259 2 intervertebral disk olan 3 bel f\u0259q\u0259r\u0259si.","breadcrumb":{"@id":"https:\/\/medishop.az\/mehsul\/yirtiq-patologiyasi-modeli\/#breadcrumb"},"inLanguage":"ru-RU","potentialAction":[{"@type":"ReadAction","target":["https:\/\/medishop.az\/mehsul\/yirtiq-patologiyasi-modeli\/"]}]},{"@type":"ImageObject","inLanguage":"ru-RU","@id":"https:\/\/medishop.az\/mehsul\/yirtiq-patologiyasi-modeli\/#primaryimage","url":"https:\/\/medishop.az\/wp-content\/uploads\/2022\/12\/376f5d2b-yirtiq-patologiyasi.jpg","contentUrl":"https:\/\/medishop.az\/wp-content\/uploads\/2022\/12\/376f5d2b-yirtiq-patologiyasi.jpg","width":1000,"height":1000},{"@type":"BreadcrumbList","@id":"https:\/\/medishop.az\/mehsul\/yirtiq-patologiyasi-modeli\/#breadcrumb","itemListElement":[{"@type":"ListItem","position":1,"name":"\u018fsas","item":"https:\/\/medishop.az\/"},{"@type":"ListItem","position":2,"name":"Ma\u011faza","item":"https:\/\/medishop.az\/ru\/shop\/"},{"@type":"ListItem","position":3,"name":"YIRTIQ PATOLOG\u0130YASI MODEL\u0130"}]},{"@type":"WebSite","@id":"https:\/\/medishop.az\/#website","url":"https:\/\/medishop.az\/","name":"Medishop","description":"Onlayn tibbi ma\u011faza","publisher":{"@id":"https:\/\/medishop.az\/#organization"},"potentialAction":[{"@type":"SearchAction","target":{"@type":"EntryPoint","urlTemplate":"https:\/\/medishop.az\/?s={search_term_string}"},"query-input":"required name=search_term_string"}],"inLanguage":"ru-RU"},{"@type":"Organization","@id":"https:\/\/medishop.az\/#organization","name":"Medishop","url":"https:\/\/medishop.az\/","logo":{"@type":"ImageObject","inLanguage":"ru-RU","@id":"https:\/\/medishop.az\/#\/schema\/logo\/image\/","url":"https:\/\/storage.googleapis.com\/stateless-medishop-az\/2022\/12\/logo.png","contentUrl":"https:\/\/storage.googleapis.com\/stateless-medishop-az\/2022\/12\/logo.png","width":300,"height":89,"caption":"Medishop"},"image":{"@id":"https:\/\/medishop.az\/#\/schema\/logo\/image\/"},"sameAs":["https:\/\/www.facebook.com\/medishop.azerbaijan"]}]}},"jetpack_sharing_enabled":true,"_links":{"self":[{"href":"http:\/\/medishop.az\/ru\/wp-json\/wp\/v2\/product\/4134","targetHints":{"allow":["GET"]}}],"collection":[{"href":"http:\/\/medishop.az\/ru\/wp-json\/wp\/v2\/product"}],"about":[{"href":"http:\/\/medishop.az\/ru\/wp-json\/wp\/v2\/types\/product"}],"wp:featuredmedia":[{"embeddable":true,"href":"http:\/\/medishop.az\/ru\/wp-json\/wp\/v2\/media\/4135"}],"wp:attachment":[{"href":"http:\/\/medishop.az\/ru\/wp-json\/wp\/v2\/media?parent=4134"}],"wp:term":[{"taxonomy":"product_cat","embeddable":true,"href":"http:\/\/medishop.az\/ru\/wp-json\/wp\/v2\/product_cat?post=4134"},{"taxonomy":"product_tag","embeddable":true,"href":"http:\/\/medishop.az\/ru\/wp-json\/wp\/v2\/product_tag?post=4134"}],"curies":[{"name":"wp","href":"https:\/\/api.w.org\/{rel}","templated":true}]}}