{"id":4128,"date":"2022-12-17T16:11:12","date_gmt":"2022-12-17T12:11:12","guid":{"rendered":"https:\/\/medishop.az\/?post_type=product&#038;p=4128"},"modified":"2025-03-01T13:24:00","modified_gmt":"2025-03-01T09:24:00","slug":"yukl%c9%99nmis-dol-il%c9%99-hamil%c9%99lik-pelvisi-1x","status":"publish","type":"product","link":"http:\/\/medishop.az\/ru\/mehsul\/yukl%c9%99nmis-dol-il%c9%99-hamil%c9%99lik-pelvisi-1x\/","title":{"rendered":"Y\u00dcKL\u018fNM\u0130\u015e D\u00d6L \u0130L\u018f HAM\u0130L\u018fL\u0130K PELVISI &#8211; 1X"},"content":{"rendered":"<p>Bu h\u0259yat \u00f6l\u00e7\u00fcs\u00fc modelind\u0259 hamil\u0259liyin 40-c\u0131 h\u0259ft\u0259sind\u0259 d\u00f6ll\u0259 birlikd\u0259 orta hiss\u0259d\u0259 qad\u0131n insan pelvisi t\u0259svir olunub. D\u00f6l do\u011fu\u015fdan \u0259vv\u0259l normal v\u0259ziyy\u0259td\u0259 olur, ana pelisinin m\u00fcxt\u0259lif qurulu\u015flar\u0131 il\u0259 d\u00f6l aras\u0131ndak\u0131 anatomik \u0259laq\u0259ni g\u00f6st\u0259rir. Fetusun m\u00fcayin\u0259si \u00fc\u00e7\u00fcn \u0259lveri\u015flidir.<\/p>","protected":false},"excerpt":{"rendered":"<table border=\"0\" width=\"100%\" cellspacing=\"0\" cellpadding=\"0\">\n<tbody>\n<tr>\n<td class=\"menu\" bgcolor=\"#fff9ad\"><span class=\"sezione\">\u0422\u0435\u0445\u043d\u0438\u0447\u0435\u0441\u043a\u0438\u0435 \u0445\u0430\u0440\u0430\u043a\u0442\u0435\u0440\u0438\u0441\u0442\u0438\u043a\u0438<\/span><\/td>\n<\/tr>\n<tr>\n<td class=\"menu\" bgcolor=\"#fff9ad\">\u2022 \u00d6l\u00e7\u00fcs\u00fc: 40 x 26 x h 34 sm<br \/>\n\u2022 \u00c7\u0259ki: 3.3 kq<br \/>\n\u2022 Par\u00e7alar: 2<br \/>\n\u2022 Magnifikasiya: 1X<\/td>\n<\/tr>\n<\/tbody>\n<\/table>","protected":false},"featured_media":4129,"template":"","meta":[],"product_cat":[428,126],"product_tag":[375,429,386,380,376,433,369,388,389,379,387,383,384,372,374,378,373,392,370],"class_list":{"0":"post-4128","1":"product","2":"type-product","3":"status-publish","4":"has-post-thumbnail","6":"product_cat-anatomik-modeller","7":"product_cat-tibbi-cihazlar","8":"product_tag-12-barmaq-bagirsaq-modeli","9":"product_tag-anatomik-model","10":"product_tag-bas-modeli","11":"product_tag-beyin-modeli","12":"product_tag-boyrk-vzi-modeli","13":"product_tag-ciyin-oynaqlarinin-modeli","14":"product_tag-dri-modeli","15":"product_tag-zl-sistemi-modeli","16":"product_tag-goz-modeli","17":"product_tag-hamillik-pelvisi","18":"product_tag-insan-bedeni-modeli","19":"product_tag-insan-kllsi-modeli","20":"product_tag-insan-skeleti-modeli","21":"product_tag-md-modeli","22":"product_tag-mdalti-vzi-modeli","23":"product_tag-pelvis-kisi-modeli","24":"product_tag-prostat-modeli","25":"product_tag-qulaq-modeli","26":"product_tag-urk-modeli","28":"first","29":"instock","30":"shipping-taxable","31":"purchasable","32":"product-type-simple"},"yoast_head":"<!-- This site is optimized with the Yoast SEO plugin v22.7 - https:\/\/yoast.com\/wordpress\/plugins\/seo\/ -->\n<title>Y\u00dcKL\u018fNM\u0130\u015e D\u00d6L \u0130L\u018f HAM\u0130L\u018fL\u0130K PELVISI - 1X - Medishop<\/title>\n<meta name=\"description\" content=\"Bu h\u0259yat \u00f6l\u00e7\u00fcs\u00fc modelind\u0259 hamil\u0259liyin 40-c\u0131 h\u0259ft\u0259sind\u0259 d\u00f6ll\u0259 birlikd\u0259 orta hiss\u0259d\u0259 qad\u0131n insan pelvisi t\u0259svir olunub. D\u00f6l do\u011fu\u015fdan \u0259vv\u0259l normal v\u0259ziyy\u0259td\u0259 olur, ana pelisinin m\u00fcxt\u0259lif qurulu\u015flar\u0131 il\u0259 d\u00f6l aras\u0131ndak\u0131 anatomik \u0259laq\u0259ni g\u00f6st\u0259rir. Fetusun m\u00fcayin\u0259si \u00fc\u00e7\u00fcn \u0259lveri\u015flidir.\" \/>\n<meta name=\"robots\" content=\"index, follow, max-snippet:-1, max-image-preview:large, max-video-preview:-1\" \/>\n<link rel=\"canonical\" href=\"http:\/\/medishop.az\/ru\/mehsul\/yukl\u0259nmis-dol-il\u0259-hamil\u0259lik-pelvisi-1x\/\" \/>\n<meta property=\"og:locale\" content=\"ru_RU\" \/>\n<meta property=\"og:type\" content=\"article\" \/>\n<meta property=\"og:title\" content=\"Y\u00dcKL\u018fNM\u0130\u015e D\u00d6L \u0130L\u018f HAM\u0130L\u018fL\u0130K PELVISI - 1X - Medishop\" \/>\n<meta property=\"og:description\" content=\"Bu h\u0259yat \u00f6l\u00e7\u00fcs\u00fc modelind\u0259 hamil\u0259liyin 40-c\u0131 h\u0259ft\u0259sind\u0259 d\u00f6ll\u0259 birlikd\u0259 orta hiss\u0259d\u0259 qad\u0131n insan pelvisi t\u0259svir olunub. D\u00f6l do\u011fu\u015fdan \u0259vv\u0259l normal v\u0259ziyy\u0259td\u0259 olur, ana pelisinin m\u00fcxt\u0259lif qurulu\u015flar\u0131 il\u0259 d\u00f6l aras\u0131ndak\u0131 anatomik \u0259laq\u0259ni g\u00f6st\u0259rir. Fetusun m\u00fcayin\u0259si \u00fc\u00e7\u00fcn \u0259lveri\u015flidir.\" \/>\n<meta property=\"og:url\" content=\"http:\/\/medishop.az\/ru\/mehsul\/yukl\u0259nmis-dol-il\u0259-hamil\u0259lik-pelvisi-1x\/\" \/>\n<meta property=\"og:site_name\" content=\"Medishop\" \/>\n<meta property=\"article:publisher\" content=\"https:\/\/www.facebook.com\/medishop.azerbaijan\" \/>\n<meta property=\"article:modified_time\" content=\"2025-03-01T09:24:00+00:00\" \/>\n<meta property=\"og:image\" content=\"https:\/\/medishop.az\/wp-content\/uploads\/2022\/12\/013a1abf-yukl\u018fnmis-dol-il\u018f-hamil\u018flik-pelvisi-1x.jpg\" \/>\n\t<meta property=\"og:image:width\" content=\"1000\" \/>\n\t<meta property=\"og:image:height\" content=\"1000\" \/>\n\t<meta property=\"og:image:type\" content=\"image\/jpeg\" \/>\n<meta name=\"twitter:card\" content=\"summary_large_image\" \/>\n<meta name=\"twitter:label1\" content=\"\u041f\u0440\u0438\u043c\u0435\u0440\u043d\u043e\u0435 \u0432\u0440\u0435\u043c\u044f \u0434\u043b\u044f \u0447\u0442\u0435\u043d\u0438\u044f\" \/>\n\t<meta name=\"twitter:data1\" content=\"1 \u043c\u0438\u043d\u0443\u0442\u0430\" \/>\n<script type=\"application\/ld+json\" class=\"yoast-schema-graph\">{\"@context\":\"https:\/\/schema.org\",\"@graph\":[{\"@type\":\"WebPage\",\"@id\":\"https:\/\/medishop.az\/mehsul\/yukl%c9%99nmis-dol-il%c9%99-hamil%c9%99lik-pelvisi-1x\/\",\"url\":\"https:\/\/medishop.az\/mehsul\/yukl%c9%99nmis-dol-il%c9%99-hamil%c9%99lik-pelvisi-1x\/\",\"name\":\"Y\u00dcKL\u018fNM\u0130\u015e D\u00d6L \u0130L\u018f HAM\u0130L\u018fL\u0130K PELVISI - 1X - Medishop\",\"isPartOf\":{\"@id\":\"https:\/\/medishop.az\/#website\"},\"primaryImageOfPage\":{\"@id\":\"https:\/\/medishop.az\/mehsul\/yukl%c9%99nmis-dol-il%c9%99-hamil%c9%99lik-pelvisi-1x\/#primaryimage\"},\"image\":{\"@id\":\"https:\/\/medishop.az\/mehsul\/yukl%c9%99nmis-dol-il%c9%99-hamil%c9%99lik-pelvisi-1x\/#primaryimage\"},\"thumbnailUrl\":\"https:\/\/medishop.az\/wp-content\/uploads\/2022\/12\/013a1abf-yukl\u018fnmis-dol-il\u018f-hamil\u018flik-pelvisi-1x.jpg\",\"datePublished\":\"2022-12-17T12:11:12+00:00\",\"dateModified\":\"2025-03-01T09:24:00+00:00\",\"description\":\"Bu h\u0259yat \u00f6l\u00e7\u00fcs\u00fc modelind\u0259 hamil\u0259liyin 40-c\u0131 h\u0259ft\u0259sind\u0259 d\u00f6ll\u0259 birlikd\u0259 orta hiss\u0259d\u0259 qad\u0131n insan pelvisi t\u0259svir olunub. D\u00f6l do\u011fu\u015fdan \u0259vv\u0259l normal v\u0259ziyy\u0259td\u0259 olur, ana pelisinin m\u00fcxt\u0259lif qurulu\u015flar\u0131 il\u0259 d\u00f6l aras\u0131ndak\u0131 anatomik \u0259laq\u0259ni g\u00f6st\u0259rir. Fetusun m\u00fcayin\u0259si \u00fc\u00e7\u00fcn \u0259lveri\u015flidir.\",\"breadcrumb\":{\"@id\":\"https:\/\/medishop.az\/mehsul\/yukl%c9%99nmis-dol-il%c9%99-hamil%c9%99lik-pelvisi-1x\/#breadcrumb\"},\"inLanguage\":\"ru-RU\",\"potentialAction\":[{\"@type\":\"ReadAction\",\"target\":[\"https:\/\/medishop.az\/mehsul\/yukl%c9%99nmis-dol-il%c9%99-hamil%c9%99lik-pelvisi-1x\/\"]}]},{\"@type\":\"ImageObject\",\"inLanguage\":\"ru-RU\",\"@id\":\"https:\/\/medishop.az\/mehsul\/yukl%c9%99nmis-dol-il%c9%99-hamil%c9%99lik-pelvisi-1x\/#primaryimage\",\"url\":\"https:\/\/medishop.az\/wp-content\/uploads\/2022\/12\/013a1abf-yukl\u018fnmis-dol-il\u018f-hamil\u018flik-pelvisi-1x.jpg\",\"contentUrl\":\"https:\/\/medishop.az\/wp-content\/uploads\/2022\/12\/013a1abf-yukl\u018fnmis-dol-il\u018f-hamil\u018flik-pelvisi-1x.jpg\",\"width\":1000,\"height\":1000},{\"@type\":\"BreadcrumbList\",\"@id\":\"https:\/\/medishop.az\/mehsul\/yukl%c9%99nmis-dol-il%c9%99-hamil%c9%99lik-pelvisi-1x\/#breadcrumb\",\"itemListElement\":[{\"@type\":\"ListItem\",\"position\":1,\"name\":\"\u018fsas\",\"item\":\"https:\/\/medishop.az\/\"},{\"@type\":\"ListItem\",\"position\":2,\"name\":\"Ma\u011faza\",\"item\":\"https:\/\/medishop.az\/ru\/shop\/\"},{\"@type\":\"ListItem\",\"position\":3,\"name\":\"Y\u00dcKL\u018fNM\u0130\u015e D\u00d6L \u0130L\u018f HAM\u0130L\u018fL\u0130K PELVISI &#8211; 1X\"}]},{\"@type\":\"WebSite\",\"@id\":\"https:\/\/medishop.az\/#website\",\"url\":\"https:\/\/medishop.az\/\",\"name\":\"Medishop\",\"description\":\"Onlayn tibbi ma\u011faza\",\"publisher\":{\"@id\":\"https:\/\/medishop.az\/#organization\"},\"potentialAction\":[{\"@type\":\"SearchAction\",\"target\":{\"@type\":\"EntryPoint\",\"urlTemplate\":\"https:\/\/medishop.az\/?s={search_term_string}\"},\"query-input\":\"required name=search_term_string\"}],\"inLanguage\":\"ru-RU\"},{\"@type\":\"Organization\",\"@id\":\"https:\/\/medishop.az\/#organization\",\"name\":\"Medishop\",\"url\":\"https:\/\/medishop.az\/\",\"logo\":{\"@type\":\"ImageObject\",\"inLanguage\":\"ru-RU\",\"@id\":\"https:\/\/medishop.az\/#\/schema\/logo\/image\/\",\"url\":\"https:\/\/storage.googleapis.com\/stateless-medishop-az\/2022\/12\/logo.png\",\"contentUrl\":\"https:\/\/storage.googleapis.com\/stateless-medishop-az\/2022\/12\/logo.png\",\"width\":300,\"height\":89,\"caption\":\"Medishop\"},\"image\":{\"@id\":\"https:\/\/medishop.az\/#\/schema\/logo\/image\/\"},\"sameAs\":[\"https:\/\/www.facebook.com\/medishop.azerbaijan\"]}]}<\/script>\n<!-- \/ Yoast SEO plugin. -->","yoast_head_json":{"title":"Y\u00dcKL\u018fNM\u0130\u015e D\u00d6L \u0130L\u018f HAM\u0130L\u018fL\u0130K PELVISI - 1X - Medishop","description":"Bu h\u0259yat \u00f6l\u00e7\u00fcs\u00fc modelind\u0259 hamil\u0259liyin 40-c\u0131 h\u0259ft\u0259sind\u0259 d\u00f6ll\u0259 birlikd\u0259 orta hiss\u0259d\u0259 qad\u0131n insan pelvisi t\u0259svir olunub. D\u00f6l do\u011fu\u015fdan \u0259vv\u0259l normal v\u0259ziyy\u0259td\u0259 olur, ana pelisinin m\u00fcxt\u0259lif qurulu\u015flar\u0131 il\u0259 d\u00f6l aras\u0131ndak\u0131 anatomik \u0259laq\u0259ni g\u00f6st\u0259rir. Fetusun m\u00fcayin\u0259si \u00fc\u00e7\u00fcn \u0259lveri\u015flidir.","robots":{"index":"index","follow":"follow","max-snippet":"max-snippet:-1","max-image-preview":"max-image-preview:large","max-video-preview":"max-video-preview:-1"},"canonical":"http:\/\/medishop.az\/ru\/mehsul\/yukl\u0259nmis-dol-il\u0259-hamil\u0259lik-pelvisi-1x\/","og_locale":"ru_RU","og_type":"article","og_title":"Y\u00dcKL\u018fNM\u0130\u015e D\u00d6L \u0130L\u018f HAM\u0130L\u018fL\u0130K PELVISI - 1X - Medishop","og_description":"Bu h\u0259yat \u00f6l\u00e7\u00fcs\u00fc modelind\u0259 hamil\u0259liyin 40-c\u0131 h\u0259ft\u0259sind\u0259 d\u00f6ll\u0259 birlikd\u0259 orta hiss\u0259d\u0259 qad\u0131n insan pelvisi t\u0259svir olunub. D\u00f6l do\u011fu\u015fdan \u0259vv\u0259l normal v\u0259ziyy\u0259td\u0259 olur, ana pelisinin m\u00fcxt\u0259lif qurulu\u015flar\u0131 il\u0259 d\u00f6l aras\u0131ndak\u0131 anatomik \u0259laq\u0259ni g\u00f6st\u0259rir. Fetusun m\u00fcayin\u0259si \u00fc\u00e7\u00fcn \u0259lveri\u015flidir.","og_url":"http:\/\/medishop.az\/ru\/mehsul\/yukl\u0259nmis-dol-il\u0259-hamil\u0259lik-pelvisi-1x\/","og_site_name":"Medishop","article_publisher":"https:\/\/www.facebook.com\/medishop.azerbaijan","article_modified_time":"2025-03-01T09:24:00+00:00","og_image":[{"width":1000,"height":1000,"url":"https:\/\/medishop.az\/wp-content\/uploads\/2022\/12\/013a1abf-yukl\u018fnmis-dol-il\u018f-hamil\u018flik-pelvisi-1x.jpg","type":"image\/jpeg"}],"twitter_card":"summary_large_image","twitter_misc":{"\u041f\u0440\u0438\u043c\u0435\u0440\u043d\u043e\u0435 \u0432\u0440\u0435\u043c\u044f \u0434\u043b\u044f \u0447\u0442\u0435\u043d\u0438\u044f":"1 \u043c\u0438\u043d\u0443\u0442\u0430"},"schema":{"@context":"https:\/\/schema.org","@graph":[{"@type":"WebPage","@id":"https:\/\/medishop.az\/mehsul\/yukl%c9%99nmis-dol-il%c9%99-hamil%c9%99lik-pelvisi-1x\/","url":"https:\/\/medishop.az\/mehsul\/yukl%c9%99nmis-dol-il%c9%99-hamil%c9%99lik-pelvisi-1x\/","name":"Y\u00dcKL\u018fNM\u0130\u015e D\u00d6L \u0130L\u018f HAM\u0130L\u018fL\u0130K PELVISI - 1X - Medishop","isPartOf":{"@id":"https:\/\/medishop.az\/#website"},"primaryImageOfPage":{"@id":"https:\/\/medishop.az\/mehsul\/yukl%c9%99nmis-dol-il%c9%99-hamil%c9%99lik-pelvisi-1x\/#primaryimage"},"image":{"@id":"https:\/\/medishop.az\/mehsul\/yukl%c9%99nmis-dol-il%c9%99-hamil%c9%99lik-pelvisi-1x\/#primaryimage"},"thumbnailUrl":"https:\/\/medishop.az\/wp-content\/uploads\/2022\/12\/013a1abf-yukl\u018fnmis-dol-il\u018f-hamil\u018flik-pelvisi-1x.jpg","datePublished":"2022-12-17T12:11:12+00:00","dateModified":"2025-03-01T09:24:00+00:00","description":"Bu h\u0259yat \u00f6l\u00e7\u00fcs\u00fc modelind\u0259 hamil\u0259liyin 40-c\u0131 h\u0259ft\u0259sind\u0259 d\u00f6ll\u0259 birlikd\u0259 orta hiss\u0259d\u0259 qad\u0131n insan pelvisi t\u0259svir olunub. D\u00f6l do\u011fu\u015fdan \u0259vv\u0259l normal v\u0259ziyy\u0259td\u0259 olur, ana pelisinin m\u00fcxt\u0259lif qurulu\u015flar\u0131 il\u0259 d\u00f6l aras\u0131ndak\u0131 anatomik \u0259laq\u0259ni g\u00f6st\u0259rir. Fetusun m\u00fcayin\u0259si \u00fc\u00e7\u00fcn \u0259lveri\u015flidir.","breadcrumb":{"@id":"https:\/\/medishop.az\/mehsul\/yukl%c9%99nmis-dol-il%c9%99-hamil%c9%99lik-pelvisi-1x\/#breadcrumb"},"inLanguage":"ru-RU","potentialAction":[{"@type":"ReadAction","target":["https:\/\/medishop.az\/mehsul\/yukl%c9%99nmis-dol-il%c9%99-hamil%c9%99lik-pelvisi-1x\/"]}]},{"@type":"ImageObject","inLanguage":"ru-RU","@id":"https:\/\/medishop.az\/mehsul\/yukl%c9%99nmis-dol-il%c9%99-hamil%c9%99lik-pelvisi-1x\/#primaryimage","url":"https:\/\/medishop.az\/wp-content\/uploads\/2022\/12\/013a1abf-yukl\u018fnmis-dol-il\u018f-hamil\u018flik-pelvisi-1x.jpg","contentUrl":"https:\/\/medishop.az\/wp-content\/uploads\/2022\/12\/013a1abf-yukl\u018fnmis-dol-il\u018f-hamil\u018flik-pelvisi-1x.jpg","width":1000,"height":1000},{"@type":"BreadcrumbList","@id":"https:\/\/medishop.az\/mehsul\/yukl%c9%99nmis-dol-il%c9%99-hamil%c9%99lik-pelvisi-1x\/#breadcrumb","itemListElement":[{"@type":"ListItem","position":1,"name":"\u018fsas","item":"https:\/\/medishop.az\/"},{"@type":"ListItem","position":2,"name":"Ma\u011faza","item":"https:\/\/medishop.az\/ru\/shop\/"},{"@type":"ListItem","position":3,"name":"Y\u00dcKL\u018fNM\u0130\u015e D\u00d6L \u0130L\u018f HAM\u0130L\u018fL\u0130K PELVISI &#8211; 1X"}]},{"@type":"WebSite","@id":"https:\/\/medishop.az\/#website","url":"https:\/\/medishop.az\/","name":"Medishop","description":"Onlayn tibbi ma\u011faza","publisher":{"@id":"https:\/\/medishop.az\/#organization"},"potentialAction":[{"@type":"SearchAction","target":{"@type":"EntryPoint","urlTemplate":"https:\/\/medishop.az\/?s={search_term_string}"},"query-input":"required name=search_term_string"}],"inLanguage":"ru-RU"},{"@type":"Organization","@id":"https:\/\/medishop.az\/#organization","name":"Medishop","url":"https:\/\/medishop.az\/","logo":{"@type":"ImageObject","inLanguage":"ru-RU","@id":"https:\/\/medishop.az\/#\/schema\/logo\/image\/","url":"https:\/\/storage.googleapis.com\/stateless-medishop-az\/2022\/12\/logo.png","contentUrl":"https:\/\/storage.googleapis.com\/stateless-medishop-az\/2022\/12\/logo.png","width":300,"height":89,"caption":"Medishop"},"image":{"@id":"https:\/\/medishop.az\/#\/schema\/logo\/image\/"},"sameAs":["https:\/\/www.facebook.com\/medishop.azerbaijan"]}]}},"jetpack_sharing_enabled":true,"_links":{"self":[{"href":"http:\/\/medishop.az\/ru\/wp-json\/wp\/v2\/product\/4128","targetHints":{"allow":["GET"]}}],"collection":[{"href":"http:\/\/medishop.az\/ru\/wp-json\/wp\/v2\/product"}],"about":[{"href":"http:\/\/medishop.az\/ru\/wp-json\/wp\/v2\/types\/product"}],"wp:featuredmedia":[{"embeddable":true,"href":"http:\/\/medishop.az\/ru\/wp-json\/wp\/v2\/media\/4129"}],"wp:attachment":[{"href":"http:\/\/medishop.az\/ru\/wp-json\/wp\/v2\/media?parent=4128"}],"wp:term":[{"taxonomy":"product_cat","embeddable":true,"href":"http:\/\/medishop.az\/ru\/wp-json\/wp\/v2\/product_cat?post=4128"},{"taxonomy":"product_tag","embeddable":true,"href":"http:\/\/medishop.az\/ru\/wp-json\/wp\/v2\/product_tag?post=4128"}],"curies":[{"name":"wp","href":"https:\/\/api.w.org\/{rel}","templated":true}]}}