{"id":4114,"date":"2022-12-17T15:55:13","date_gmt":"2022-12-17T11:55:13","guid":{"rendered":"https:\/\/medishop.az\/?post_type=product&#038;p=4114"},"modified":"2025-03-01T13:31:56","modified_gmt":"2025-03-01T09:31:56","slug":"m%c9%99d%c9%99-2-hiss%c9%99li","status":"publish","type":"product","link":"http:\/\/medishop.az\/ru\/mehsul\/m%c9%99d%c9%99-2-hiss%c9%99li\/","title":{"rendered":"M\u018fD\u018f &#8211; 2 hiss\u0259li"},"content":{"rendered":"<p>M\u0259d\u0259 daxili qurulu\u015funu, o c\u00fcml\u0259d\u0259n mukozan\u0131, pillorusu v\u0259 m\u0259d\u0259 divar\u0131n\u0131n bir hiss\u0259sini g\u00f6st\u0259rm\u0259k \u00fc\u00e7\u00fcn a\u00e7\u0131la bil\u0259r.<br \/>\nS\u0259thi disseksiya uzunsov, dair\u0259vi v\u0259 obliqat \u0259z\u0259l\u0259 qatlar\u0131n\u0131, sinir v\u0259 damar qurulu\u015flar\u0131 il\u0259 ifraz edir<\/p>","protected":false},"excerpt":{"rendered":"<table border=\"0\" width=\"100%\" cellspacing=\"0\" cellpadding=\"0\">\n<tbody>\n<tr>\n<td class=\"menu\" bgcolor=\"#fff9ad\"><span class=\"sezione\">\u0422\u0435\u0445\u043d\u0438\u0447\u0435\u0441\u043a\u0438\u0435 \u0445\u0430\u0440\u0430\u043a\u0442\u0435\u0440\u0438\u0441\u0442\u0438\u043a\u0438<\/span><\/td>\n<\/tr>\n<tr>\n<td class=\"menu\" bgcolor=\"#fff9ad\">\u2022 \u00d6l\u00e7\u00fcs\u00fc: 16 x 14.5 x h 5 sm<br \/>\n\u2022 \u00c7\u0259ki: 235 g<br \/>\n\u2022 Hiss\u0259l\u0259r: 2<br \/>\n\u2022 Magnifikasiya: 1.5X<\/td>\n<\/tr>\n<\/tbody>\n<\/table>","protected":false},"featured_media":4115,"template":"","meta":[],"product_cat":[428,126],"product_tag":[375,386,380,376,388,389,387,383,384,372,371,370],"class_list":{"0":"post-4114","1":"product","2":"type-product","3":"status-publish","4":"has-post-thumbnail","6":"product_cat-anatomik-modeller","7":"product_cat-tibbi-cihazlar","8":"product_tag-12-barmaq-bagirsaq-modeli","9":"product_tag-bas-modeli","10":"product_tag-beyin-modeli","11":"product_tag-boyrk-vzi-modeli","12":"product_tag-zl-sistemi-modeli","13":"product_tag-goz-modeli","14":"product_tag-insan-bedeni-modeli","15":"product_tag-insan-kllsi-modeli","16":"product_tag-insan-skeleti-modeli","17":"product_tag-md-modeli","18":"product_tag-urek-modeli","19":"product_tag-urk-modeli","21":"first","22":"instock","23":"shipping-taxable","24":"purchasable","25":"product-type-simple"},"yoast_head":"<!-- This site is optimized with the Yoast SEO plugin v22.7 - https:\/\/yoast.com\/wordpress\/plugins\/seo\/ -->\n<title>M\u018fD\u018f - 2 hiss\u0259li - Medishop<\/title>\n<meta name=\"description\" content=\"M\u0259d\u0259 daxili qurulu\u015funu, o c\u00fcml\u0259d\u0259n mukozan\u0131, pillorusu v\u0259 m\u0259d\u0259 divar\u0131n\u0131n bir hiss\u0259sini g\u00f6st\u0259rm\u0259k \u00fc\u00e7\u00fcn a\u00e7\u0131la bil\u0259r.S\u0259thi disseksiya uzunsov, dair\u0259vi v\u0259 obliqat \u0259z\u0259l\u0259 qatlar\u0131n\u0131, sinir v\u0259 damar qurulu\u015flar\u0131 il\u0259 ifraz edir\" \/>\n<meta name=\"robots\" content=\"index, follow, max-snippet:-1, max-image-preview:large, max-video-preview:-1\" \/>\n<link rel=\"canonical\" href=\"http:\/\/medishop.az\/ru\/mehsul\/m\u0259d\u0259-2-hiss\u0259li\/\" \/>\n<meta property=\"og:locale\" content=\"ru_RU\" \/>\n<meta property=\"og:type\" content=\"article\" \/>\n<meta property=\"og:title\" content=\"M\u018fD\u018f - 2 hiss\u0259li - Medishop\" \/>\n<meta property=\"og:description\" content=\"M\u0259d\u0259 daxili qurulu\u015funu, o c\u00fcml\u0259d\u0259n mukozan\u0131, pillorusu v\u0259 m\u0259d\u0259 divar\u0131n\u0131n bir hiss\u0259sini g\u00f6st\u0259rm\u0259k \u00fc\u00e7\u00fcn a\u00e7\u0131la bil\u0259r.S\u0259thi disseksiya uzunsov, dair\u0259vi v\u0259 obliqat \u0259z\u0259l\u0259 qatlar\u0131n\u0131, sinir v\u0259 damar qurulu\u015flar\u0131 il\u0259 ifraz edir\" \/>\n<meta property=\"og:url\" content=\"http:\/\/medishop.az\/ru\/mehsul\/m\u0259d\u0259-2-hiss\u0259li\/\" \/>\n<meta property=\"og:site_name\" content=\"Medishop\" \/>\n<meta property=\"article:publisher\" content=\"https:\/\/www.facebook.com\/medishop.azerbaijan\" \/>\n<meta property=\"article:modified_time\" content=\"2025-03-01T09:31:56+00:00\" \/>\n<meta property=\"og:image\" content=\"https:\/\/medishop.az\/wp-content\/uploads\/2022\/12\/adbf1239-m\u018fd\u018f-2-hiss\u0259.jpg\" \/>\n\t<meta property=\"og:image:width\" content=\"1000\" \/>\n\t<meta property=\"og:image:height\" content=\"1000\" \/>\n\t<meta property=\"og:image:type\" content=\"image\/jpeg\" \/>\n<meta name=\"twitter:card\" content=\"summary_large_image\" \/>\n<meta name=\"twitter:label1\" content=\"\u041f\u0440\u0438\u043c\u0435\u0440\u043d\u043e\u0435 \u0432\u0440\u0435\u043c\u044f \u0434\u043b\u044f \u0447\u0442\u0435\u043d\u0438\u044f\" \/>\n\t<meta name=\"twitter:data1\" content=\"1 \u043c\u0438\u043d\u0443\u0442\u0430\" \/>\n<script type=\"application\/ld+json\" class=\"yoast-schema-graph\">{\"@context\":\"https:\/\/schema.org\",\"@graph\":[{\"@type\":\"WebPage\",\"@id\":\"https:\/\/medishop.az\/mehsul\/m%c9%99d%c9%99-2-hiss%c9%99li\/\",\"url\":\"https:\/\/medishop.az\/mehsul\/m%c9%99d%c9%99-2-hiss%c9%99li\/\",\"name\":\"M\u018fD\u018f - 2 hiss\u0259li - Medishop\",\"isPartOf\":{\"@id\":\"https:\/\/medishop.az\/#website\"},\"primaryImageOfPage\":{\"@id\":\"https:\/\/medishop.az\/mehsul\/m%c9%99d%c9%99-2-hiss%c9%99li\/#primaryimage\"},\"image\":{\"@id\":\"https:\/\/medishop.az\/mehsul\/m%c9%99d%c9%99-2-hiss%c9%99li\/#primaryimage\"},\"thumbnailUrl\":\"https:\/\/medishop.az\/wp-content\/uploads\/2022\/12\/adbf1239-m\u018fd\u018f-2-hiss\u0259.jpg\",\"datePublished\":\"2022-12-17T11:55:13+00:00\",\"dateModified\":\"2025-03-01T09:31:56+00:00\",\"description\":\"M\u0259d\u0259 daxili qurulu\u015funu, o c\u00fcml\u0259d\u0259n mukozan\u0131, pillorusu v\u0259 m\u0259d\u0259 divar\u0131n\u0131n bir hiss\u0259sini g\u00f6st\u0259rm\u0259k \u00fc\u00e7\u00fcn a\u00e7\u0131la bil\u0259r.S\u0259thi disseksiya uzunsov, dair\u0259vi v\u0259 obliqat \u0259z\u0259l\u0259 qatlar\u0131n\u0131, sinir v\u0259 damar qurulu\u015flar\u0131 il\u0259 ifraz edir\",\"breadcrumb\":{\"@id\":\"https:\/\/medishop.az\/mehsul\/m%c9%99d%c9%99-2-hiss%c9%99li\/#breadcrumb\"},\"inLanguage\":\"ru-RU\",\"potentialAction\":[{\"@type\":\"ReadAction\",\"target\":[\"https:\/\/medishop.az\/mehsul\/m%c9%99d%c9%99-2-hiss%c9%99li\/\"]}]},{\"@type\":\"ImageObject\",\"inLanguage\":\"ru-RU\",\"@id\":\"https:\/\/medishop.az\/mehsul\/m%c9%99d%c9%99-2-hiss%c9%99li\/#primaryimage\",\"url\":\"https:\/\/medishop.az\/wp-content\/uploads\/2022\/12\/adbf1239-m\u018fd\u018f-2-hiss\u0259.jpg\",\"contentUrl\":\"https:\/\/medishop.az\/wp-content\/uploads\/2022\/12\/adbf1239-m\u018fd\u018f-2-hiss\u0259.jpg\",\"width\":1000,\"height\":1000},{\"@type\":\"BreadcrumbList\",\"@id\":\"https:\/\/medishop.az\/mehsul\/m%c9%99d%c9%99-2-hiss%c9%99li\/#breadcrumb\",\"itemListElement\":[{\"@type\":\"ListItem\",\"position\":1,\"name\":\"\u018fsas\",\"item\":\"https:\/\/medishop.az\/\"},{\"@type\":\"ListItem\",\"position\":2,\"name\":\"Ma\u011faza\",\"item\":\"https:\/\/medishop.az\/ru\/shop\/\"},{\"@type\":\"ListItem\",\"position\":3,\"name\":\"M\u018fD\u018f &#8211; 2 hiss\u0259li\"}]},{\"@type\":\"WebSite\",\"@id\":\"https:\/\/medishop.az\/#website\",\"url\":\"https:\/\/medishop.az\/\",\"name\":\"Medishop\",\"description\":\"Onlayn tibbi ma\u011faza\",\"publisher\":{\"@id\":\"https:\/\/medishop.az\/#organization\"},\"potentialAction\":[{\"@type\":\"SearchAction\",\"target\":{\"@type\":\"EntryPoint\",\"urlTemplate\":\"https:\/\/medishop.az\/?s={search_term_string}\"},\"query-input\":\"required name=search_term_string\"}],\"inLanguage\":\"ru-RU\"},{\"@type\":\"Organization\",\"@id\":\"https:\/\/medishop.az\/#organization\",\"name\":\"Medishop\",\"url\":\"https:\/\/medishop.az\/\",\"logo\":{\"@type\":\"ImageObject\",\"inLanguage\":\"ru-RU\",\"@id\":\"https:\/\/medishop.az\/#\/schema\/logo\/image\/\",\"url\":\"https:\/\/storage.googleapis.com\/stateless-medishop-az\/2022\/12\/logo.png\",\"contentUrl\":\"https:\/\/storage.googleapis.com\/stateless-medishop-az\/2022\/12\/logo.png\",\"width\":300,\"height\":89,\"caption\":\"Medishop\"},\"image\":{\"@id\":\"https:\/\/medishop.az\/#\/schema\/logo\/image\/\"},\"sameAs\":[\"https:\/\/www.facebook.com\/medishop.azerbaijan\"]}]}<\/script>\n<!-- \/ Yoast SEO plugin. -->","yoast_head_json":{"title":"M\u018fD\u018f - 2 hiss\u0259li - Medishop","description":"M\u0259d\u0259 daxili qurulu\u015funu, o c\u00fcml\u0259d\u0259n mukozan\u0131, pillorusu v\u0259 m\u0259d\u0259 divar\u0131n\u0131n bir hiss\u0259sini g\u00f6st\u0259rm\u0259k \u00fc\u00e7\u00fcn a\u00e7\u0131la bil\u0259r.S\u0259thi disseksiya uzunsov, dair\u0259vi v\u0259 obliqat \u0259z\u0259l\u0259 qatlar\u0131n\u0131, sinir v\u0259 damar qurulu\u015flar\u0131 il\u0259 ifraz edir","robots":{"index":"index","follow":"follow","max-snippet":"max-snippet:-1","max-image-preview":"max-image-preview:large","max-video-preview":"max-video-preview:-1"},"canonical":"http:\/\/medishop.az\/ru\/mehsul\/m\u0259d\u0259-2-hiss\u0259li\/","og_locale":"ru_RU","og_type":"article","og_title":"M\u018fD\u018f - 2 hiss\u0259li - Medishop","og_description":"M\u0259d\u0259 daxili qurulu\u015funu, o c\u00fcml\u0259d\u0259n mukozan\u0131, pillorusu v\u0259 m\u0259d\u0259 divar\u0131n\u0131n bir hiss\u0259sini g\u00f6st\u0259rm\u0259k \u00fc\u00e7\u00fcn a\u00e7\u0131la bil\u0259r.S\u0259thi disseksiya uzunsov, dair\u0259vi v\u0259 obliqat \u0259z\u0259l\u0259 qatlar\u0131n\u0131, sinir v\u0259 damar qurulu\u015flar\u0131 il\u0259 ifraz edir","og_url":"http:\/\/medishop.az\/ru\/mehsul\/m\u0259d\u0259-2-hiss\u0259li\/","og_site_name":"Medishop","article_publisher":"https:\/\/www.facebook.com\/medishop.azerbaijan","article_modified_time":"2025-03-01T09:31:56+00:00","og_image":[{"width":1000,"height":1000,"url":"https:\/\/medishop.az\/wp-content\/uploads\/2022\/12\/adbf1239-m\u018fd\u018f-2-hiss\u0259.jpg","type":"image\/jpeg"}],"twitter_card":"summary_large_image","twitter_misc":{"\u041f\u0440\u0438\u043c\u0435\u0440\u043d\u043e\u0435 \u0432\u0440\u0435\u043c\u044f \u0434\u043b\u044f \u0447\u0442\u0435\u043d\u0438\u044f":"1 \u043c\u0438\u043d\u0443\u0442\u0430"},"schema":{"@context":"https:\/\/schema.org","@graph":[{"@type":"WebPage","@id":"https:\/\/medishop.az\/mehsul\/m%c9%99d%c9%99-2-hiss%c9%99li\/","url":"https:\/\/medishop.az\/mehsul\/m%c9%99d%c9%99-2-hiss%c9%99li\/","name":"M\u018fD\u018f - 2 hiss\u0259li - Medishop","isPartOf":{"@id":"https:\/\/medishop.az\/#website"},"primaryImageOfPage":{"@id":"https:\/\/medishop.az\/mehsul\/m%c9%99d%c9%99-2-hiss%c9%99li\/#primaryimage"},"image":{"@id":"https:\/\/medishop.az\/mehsul\/m%c9%99d%c9%99-2-hiss%c9%99li\/#primaryimage"},"thumbnailUrl":"https:\/\/medishop.az\/wp-content\/uploads\/2022\/12\/adbf1239-m\u018fd\u018f-2-hiss\u0259.jpg","datePublished":"2022-12-17T11:55:13+00:00","dateModified":"2025-03-01T09:31:56+00:00","description":"M\u0259d\u0259 daxili qurulu\u015funu, o c\u00fcml\u0259d\u0259n mukozan\u0131, pillorusu v\u0259 m\u0259d\u0259 divar\u0131n\u0131n bir hiss\u0259sini g\u00f6st\u0259rm\u0259k \u00fc\u00e7\u00fcn a\u00e7\u0131la bil\u0259r.S\u0259thi disseksiya uzunsov, dair\u0259vi v\u0259 obliqat \u0259z\u0259l\u0259 qatlar\u0131n\u0131, sinir v\u0259 damar qurulu\u015flar\u0131 il\u0259 ifraz edir","breadcrumb":{"@id":"https:\/\/medishop.az\/mehsul\/m%c9%99d%c9%99-2-hiss%c9%99li\/#breadcrumb"},"inLanguage":"ru-RU","potentialAction":[{"@type":"ReadAction","target":["https:\/\/medishop.az\/mehsul\/m%c9%99d%c9%99-2-hiss%c9%99li\/"]}]},{"@type":"ImageObject","inLanguage":"ru-RU","@id":"https:\/\/medishop.az\/mehsul\/m%c9%99d%c9%99-2-hiss%c9%99li\/#primaryimage","url":"https:\/\/medishop.az\/wp-content\/uploads\/2022\/12\/adbf1239-m\u018fd\u018f-2-hiss\u0259.jpg","contentUrl":"https:\/\/medishop.az\/wp-content\/uploads\/2022\/12\/adbf1239-m\u018fd\u018f-2-hiss\u0259.jpg","width":1000,"height":1000},{"@type":"BreadcrumbList","@id":"https:\/\/medishop.az\/mehsul\/m%c9%99d%c9%99-2-hiss%c9%99li\/#breadcrumb","itemListElement":[{"@type":"ListItem","position":1,"name":"\u018fsas","item":"https:\/\/medishop.az\/"},{"@type":"ListItem","position":2,"name":"Ma\u011faza","item":"https:\/\/medishop.az\/ru\/shop\/"},{"@type":"ListItem","position":3,"name":"M\u018fD\u018f &#8211; 2 hiss\u0259li"}]},{"@type":"WebSite","@id":"https:\/\/medishop.az\/#website","url":"https:\/\/medishop.az\/","name":"Medishop","description":"Onlayn tibbi ma\u011faza","publisher":{"@id":"https:\/\/medishop.az\/#organization"},"potentialAction":[{"@type":"SearchAction","target":{"@type":"EntryPoint","urlTemplate":"https:\/\/medishop.az\/?s={search_term_string}"},"query-input":"required name=search_term_string"}],"inLanguage":"ru-RU"},{"@type":"Organization","@id":"https:\/\/medishop.az\/#organization","name":"Medishop","url":"https:\/\/medishop.az\/","logo":{"@type":"ImageObject","inLanguage":"ru-RU","@id":"https:\/\/medishop.az\/#\/schema\/logo\/image\/","url":"https:\/\/storage.googleapis.com\/stateless-medishop-az\/2022\/12\/logo.png","contentUrl":"https:\/\/storage.googleapis.com\/stateless-medishop-az\/2022\/12\/logo.png","width":300,"height":89,"caption":"Medishop"},"image":{"@id":"https:\/\/medishop.az\/#\/schema\/logo\/image\/"},"sameAs":["https:\/\/www.facebook.com\/medishop.azerbaijan"]}]}},"jetpack_sharing_enabled":true,"_links":{"self":[{"href":"http:\/\/medishop.az\/ru\/wp-json\/wp\/v2\/product\/4114","targetHints":{"allow":["GET"]}}],"collection":[{"href":"http:\/\/medishop.az\/ru\/wp-json\/wp\/v2\/product"}],"about":[{"href":"http:\/\/medishop.az\/ru\/wp-json\/wp\/v2\/types\/product"}],"wp:featuredmedia":[{"embeddable":true,"href":"http:\/\/medishop.az\/ru\/wp-json\/wp\/v2\/media\/4115"}],"wp:attachment":[{"href":"http:\/\/medishop.az\/ru\/wp-json\/wp\/v2\/media?parent=4114"}],"wp:term":[{"taxonomy":"product_cat","embeddable":true,"href":"http:\/\/medishop.az\/ru\/wp-json\/wp\/v2\/product_cat?post=4114"},{"taxonomy":"product_tag","embeddable":true,"href":"http:\/\/medishop.az\/ru\/wp-json\/wp\/v2\/product_tag?post=4114"}],"curies":[{"name":"wp","href":"https:\/\/api.w.org\/{rel}","templated":true}]}}