{"id":4033,"date":"2022-12-17T13:53:26","date_gmt":"2022-12-17T09:53:26","guid":{"rendered":"https:\/\/medishop.az\/?post_type=product&#038;p=4033"},"modified":"2023-01-03T21:33:19","modified_gmt":"2023-01-03T17:33:19","slug":"larinqoskop-desti-miller-mc-int-pediatrik","status":"publish","type":"product","link":"http:\/\/medishop.az\/ru\/mehsul\/larinqoskop-desti-miller-mc-int-pediatrik\/","title":{"rendered":"LAR\u0130NQOSKOP D\u018fST\u0130 3 BI\u00c7AQ &#8211; MILLER 0-1,MC INT. 0 &#8211; pediatrik"},"content":{"rendered":"<p>STANDART RECHARGEABLE SETS (HANDLE + BLADES)<br \/>\n\u2022 Pediatrik set (3 b\u0131\u00e7aq MILLER 0-1, Mc INTOSH 0)<\/p>\n<p>Unikal GIMA b\u0131\u00e7aq v\u0259 \u0259ll\u0259rin b\u00f6y\u00fck x\u00fcsusiyy\u0259tl\u0259ri<br \/>\n&#8211; standart 2.5 V vakuku lampa<br \/>\n&#8211; i\u015f\u0131q erqonomik, satin fini\u015f tutucu glare<br \/>\n&#8211; Paslanmayan Polad kontaktlar\u0131 azaltmaq \u00fc\u00e7\u00fcn imkan verir uzun i\u015f h\u0259yat<br \/>\n&#8211; asan sterilizasiya ETO v\u0259 ya buxar<br \/>\n&#8211; tam aral\u0131\u011f\u0131 Mc Intosh &amp;Miller blades, latex free<br \/>\n&#8211; ISO 7376 fitings m\u00f6vcud handles il\u0259 b\u0131\u00e7aq istifad\u0259 imkan verir<br \/>\n&#8211; set anti-\u015fok case v\u0259 karton qutusunda<br \/>\npaketl\u0259nir- 2.5 V handles h\u0259r iki alka il\u0259 i\u015f line batareyalar v\u0259 ya yenid\u0259n \u015farj edil\u0259 bil\u0259n batareyalar- 2,5 V handles<br \/>\nil\u0259 3500 LUX yax\u015f\u0131 i\u015f\u0131q \u00f6t\u00fcr\u00fclm\u0259si<br \/>\n&#8211; 5 d\u0259qiq\u0259 \u0259rzind\u0259 134\u00b0 q\u0259d\u0259r avtoklavable q\u0259d\u0259r avtoklavable (yax\u0131n. 2000 d\u0259f\u0259)&#8211; qeyri-maqnit blades 2000 d\u0259f\u0259)<br \/>\n&#8211; qeyri-maqnit blades<\/p>","protected":false},"excerpt":{"rendered":"<p>STANDART RECHARGEABLE SETS (HANDLE + BLADES) \u2022 Pediatrik set (3 b\u0131\u00e7aq MILLER 0-1, Mc INTOSH 0) Unikal GIMA b\u0131\u00e7aq v\u0259 \u0259ll\u0259rin b\u00f6y\u00fck x\u00fcsusiyy\u0259tl\u0259ri &#8211; standart 2.5 V vakuku lampa &#8211;<\/p>","protected":false},"featured_media":4034,"template":"","meta":[],"product_cat":[133,126],"product_tag":[168,359,217,351,357],"class_list":{"0":"post-4033","1":"product","2":"type-product","3":"status-publish","4":"has-post-thumbnail","6":"product_cat-ilk-yardim","7":"product_cat-tibbi-cihazlar","8":"product_tag-ilk-tibbi-yardim","9":"product_tag-ilk-yardim","10":"product_tag-ilk-yardim-cantasi","11":"product_tag-ilk-yardim-dsti","12":"product_tag-larinqoskop","14":"first","15":"instock","16":"shipping-taxable","17":"purchasable","18":"product-type-simple"},"yoast_head":"<!-- This site is optimized with the Yoast SEO plugin v22.7 - https:\/\/yoast.com\/wordpress\/plugins\/seo\/ -->\n<title>LAR\u0130NQOSKOP D\u018fST\u0130 3 BI\u00c7AQ - MILLER 0-1,MC INT. 0 - pediatrik - Medishop<\/title>\n<meta name=\"robots\" content=\"index, follow, max-snippet:-1, max-image-preview:large, max-video-preview:-1\" \/>\n<link rel=\"canonical\" href=\"http:\/\/medishop.az\/ru\/mehsul\/larinqoskop-desti-miller-mc-int-pediatrik\/\" \/>\n<meta property=\"og:locale\" content=\"ru_RU\" \/>\n<meta property=\"og:type\" content=\"article\" \/>\n<meta property=\"og:title\" content=\"LAR\u0130NQOSKOP D\u018fST\u0130 3 BI\u00c7AQ - MILLER 0-1,MC INT. 0 - pediatrik - Medishop\" \/>\n<meta property=\"og:description\" content=\"STANDART RECHARGEABLE SETS (HANDLE + BLADES) \u2022 Pediatrik set (3 b\u0131\u00e7aq MILLER 0-1, Mc INTOSH 0) Unikal GIMA b\u0131\u00e7aq v\u0259 \u0259ll\u0259rin b\u00f6y\u00fck x\u00fcsusiyy\u0259tl\u0259ri &#8211; standart 2.5 V vakuku lampa &#8211;\" \/>\n<meta property=\"og:url\" content=\"http:\/\/medishop.az\/ru\/mehsul\/larinqoskop-desti-miller-mc-int-pediatrik\/\" \/>\n<meta property=\"og:site_name\" content=\"Medishop\" \/>\n<meta property=\"article:publisher\" content=\"https:\/\/www.facebook.com\/medishop.azerbaijan\" \/>\n<meta property=\"article:modified_time\" content=\"2023-01-03T17:33:19+00:00\" \/>\n<meta property=\"og:image\" content=\"https:\/\/storage.googleapis.com\/stateless-medishop-az\/2022\/12\/d92890b4-larinqoskop-d\u018fsti-3-bl.-miller-0-1mc-int.-0-pediatrik.jpg\" \/>\n\t<meta property=\"og:image:width\" content=\"1000\" \/>\n\t<meta property=\"og:image:height\" content=\"1000\" \/>\n\t<meta property=\"og:image:type\" content=\"image\/jpeg\" \/>\n<meta name=\"twitter:card\" content=\"summary_large_image\" \/>\n<meta name=\"twitter:label1\" content=\"\u041f\u0440\u0438\u043c\u0435\u0440\u043d\u043e\u0435 \u0432\u0440\u0435\u043c\u044f \u0434\u043b\u044f \u0447\u0442\u0435\u043d\u0438\u044f\" \/>\n\t<meta name=\"twitter:data1\" content=\"1 \u043c\u0438\u043d\u0443\u0442\u0430\" \/>\n<script type=\"application\/ld+json\" class=\"yoast-schema-graph\">{\"@context\":\"https:\/\/schema.org\",\"@graph\":[{\"@type\":\"WebPage\",\"@id\":\"https:\/\/medishop.az\/mehsul\/larinqoskop-desti-miller-mc-int-pediatrik\/\",\"url\":\"https:\/\/medishop.az\/mehsul\/larinqoskop-desti-miller-mc-int-pediatrik\/\",\"name\":\"LAR\u0130NQOSKOP D\u018fST\u0130 3 BI\u00c7AQ - MILLER 0-1,MC INT. 0 - pediatrik - Medishop\",\"isPartOf\":{\"@id\":\"https:\/\/medishop.az\/#website\"},\"primaryImageOfPage\":{\"@id\":\"https:\/\/medishop.az\/mehsul\/larinqoskop-desti-miller-mc-int-pediatrik\/#primaryimage\"},\"image\":{\"@id\":\"https:\/\/medishop.az\/mehsul\/larinqoskop-desti-miller-mc-int-pediatrik\/#primaryimage\"},\"thumbnailUrl\":\"https:\/\/medishop.az\/wp-content\/uploads\/2022\/12\/d92890b4-larinqoskop-d\u018fsti-3-bl.-miller-0-1mc-int.-0-pediatrik.jpg\",\"datePublished\":\"2022-12-17T09:53:26+00:00\",\"dateModified\":\"2023-01-03T17:33:19+00:00\",\"breadcrumb\":{\"@id\":\"https:\/\/medishop.az\/mehsul\/larinqoskop-desti-miller-mc-int-pediatrik\/#breadcrumb\"},\"inLanguage\":\"ru-RU\",\"potentialAction\":[{\"@type\":\"ReadAction\",\"target\":[\"https:\/\/medishop.az\/mehsul\/larinqoskop-desti-miller-mc-int-pediatrik\/\"]}]},{\"@type\":\"ImageObject\",\"inLanguage\":\"ru-RU\",\"@id\":\"https:\/\/medishop.az\/mehsul\/larinqoskop-desti-miller-mc-int-pediatrik\/#primaryimage\",\"url\":\"https:\/\/medishop.az\/wp-content\/uploads\/2022\/12\/d92890b4-larinqoskop-d\u018fsti-3-bl.-miller-0-1mc-int.-0-pediatrik.jpg\",\"contentUrl\":\"https:\/\/medishop.az\/wp-content\/uploads\/2022\/12\/d92890b4-larinqoskop-d\u018fsti-3-bl.-miller-0-1mc-int.-0-pediatrik.jpg\",\"width\":1000,\"height\":1000},{\"@type\":\"BreadcrumbList\",\"@id\":\"https:\/\/medishop.az\/mehsul\/larinqoskop-desti-miller-mc-int-pediatrik\/#breadcrumb\",\"itemListElement\":[{\"@type\":\"ListItem\",\"position\":1,\"name\":\"\u018fsas\",\"item\":\"https:\/\/medishop.az\/\"},{\"@type\":\"ListItem\",\"position\":2,\"name\":\"Ma\u011faza\",\"item\":\"https:\/\/medishop.az\/ru\/shop\/\"},{\"@type\":\"ListItem\",\"position\":3,\"name\":\"LAR\u0130NQOSKOP D\u018fST\u0130 3 BI\u00c7AQ &#8211; MILLER 0-1,MC INT. 0 &#8211; pediatrik\"}]},{\"@type\":\"WebSite\",\"@id\":\"https:\/\/medishop.az\/#website\",\"url\":\"https:\/\/medishop.az\/\",\"name\":\"Medishop\",\"description\":\"Onlayn tibbi ma\u011faza\",\"publisher\":{\"@id\":\"https:\/\/medishop.az\/#organization\"},\"potentialAction\":[{\"@type\":\"SearchAction\",\"target\":{\"@type\":\"EntryPoint\",\"urlTemplate\":\"https:\/\/medishop.az\/?s={search_term_string}\"},\"query-input\":\"required name=search_term_string\"}],\"inLanguage\":\"ru-RU\"},{\"@type\":\"Organization\",\"@id\":\"https:\/\/medishop.az\/#organization\",\"name\":\"Medishop\",\"url\":\"https:\/\/medishop.az\/\",\"logo\":{\"@type\":\"ImageObject\",\"inLanguage\":\"ru-RU\",\"@id\":\"https:\/\/medishop.az\/#\/schema\/logo\/image\/\",\"url\":\"https:\/\/storage.googleapis.com\/stateless-medishop-az\/2022\/12\/logo.png\",\"contentUrl\":\"https:\/\/storage.googleapis.com\/stateless-medishop-az\/2022\/12\/logo.png\",\"width\":300,\"height\":89,\"caption\":\"Medishop\"},\"image\":{\"@id\":\"https:\/\/medishop.az\/#\/schema\/logo\/image\/\"},\"sameAs\":[\"https:\/\/www.facebook.com\/medishop.azerbaijan\"]}]}<\/script>\n<!-- \/ Yoast SEO plugin. -->","yoast_head_json":{"title":"LAR\u0130NQOSKOP D\u018fST\u0130 3 BI\u00c7AQ - MILLER 0-1,MC INT. 0 - pediatrik - Medishop","robots":{"index":"index","follow":"follow","max-snippet":"max-snippet:-1","max-image-preview":"max-image-preview:large","max-video-preview":"max-video-preview:-1"},"canonical":"http:\/\/medishop.az\/ru\/mehsul\/larinqoskop-desti-miller-mc-int-pediatrik\/","og_locale":"ru_RU","og_type":"article","og_title":"LAR\u0130NQOSKOP D\u018fST\u0130 3 BI\u00c7AQ - MILLER 0-1,MC INT. 0 - pediatrik - Medishop","og_description":"STANDART RECHARGEABLE SETS (HANDLE + BLADES) \u2022 Pediatrik set (3 b\u0131\u00e7aq MILLER 0-1, Mc INTOSH 0) Unikal GIMA b\u0131\u00e7aq v\u0259 \u0259ll\u0259rin b\u00f6y\u00fck x\u00fcsusiyy\u0259tl\u0259ri &#8211; standart 2.5 V vakuku lampa &#8211;","og_url":"http:\/\/medishop.az\/ru\/mehsul\/larinqoskop-desti-miller-mc-int-pediatrik\/","og_site_name":"Medishop","article_publisher":"https:\/\/www.facebook.com\/medishop.azerbaijan","article_modified_time":"2023-01-03T17:33:19+00:00","og_image":[{"width":1000,"height":1000,"url":"https:\/\/storage.googleapis.com\/stateless-medishop-az\/2022\/12\/d92890b4-larinqoskop-d\u018fsti-3-bl.-miller-0-1mc-int.-0-pediatrik.jpg","type":"image\/jpeg"}],"twitter_card":"summary_large_image","twitter_misc":{"\u041f\u0440\u0438\u043c\u0435\u0440\u043d\u043e\u0435 \u0432\u0440\u0435\u043c\u044f \u0434\u043b\u044f \u0447\u0442\u0435\u043d\u0438\u044f":"1 \u043c\u0438\u043d\u0443\u0442\u0430"},"schema":{"@context":"https:\/\/schema.org","@graph":[{"@type":"WebPage","@id":"https:\/\/medishop.az\/mehsul\/larinqoskop-desti-miller-mc-int-pediatrik\/","url":"https:\/\/medishop.az\/mehsul\/larinqoskop-desti-miller-mc-int-pediatrik\/","name":"LAR\u0130NQOSKOP D\u018fST\u0130 3 BI\u00c7AQ - MILLER 0-1,MC INT. 0 - pediatrik - Medishop","isPartOf":{"@id":"https:\/\/medishop.az\/#website"},"primaryImageOfPage":{"@id":"https:\/\/medishop.az\/mehsul\/larinqoskop-desti-miller-mc-int-pediatrik\/#primaryimage"},"image":{"@id":"https:\/\/medishop.az\/mehsul\/larinqoskop-desti-miller-mc-int-pediatrik\/#primaryimage"},"thumbnailUrl":"https:\/\/medishop.az\/wp-content\/uploads\/2022\/12\/d92890b4-larinqoskop-d\u018fsti-3-bl.-miller-0-1mc-int.-0-pediatrik.jpg","datePublished":"2022-12-17T09:53:26+00:00","dateModified":"2023-01-03T17:33:19+00:00","breadcrumb":{"@id":"https:\/\/medishop.az\/mehsul\/larinqoskop-desti-miller-mc-int-pediatrik\/#breadcrumb"},"inLanguage":"ru-RU","potentialAction":[{"@type":"ReadAction","target":["https:\/\/medishop.az\/mehsul\/larinqoskop-desti-miller-mc-int-pediatrik\/"]}]},{"@type":"ImageObject","inLanguage":"ru-RU","@id":"https:\/\/medishop.az\/mehsul\/larinqoskop-desti-miller-mc-int-pediatrik\/#primaryimage","url":"https:\/\/medishop.az\/wp-content\/uploads\/2022\/12\/d92890b4-larinqoskop-d\u018fsti-3-bl.-miller-0-1mc-int.-0-pediatrik.jpg","contentUrl":"https:\/\/medishop.az\/wp-content\/uploads\/2022\/12\/d92890b4-larinqoskop-d\u018fsti-3-bl.-miller-0-1mc-int.-0-pediatrik.jpg","width":1000,"height":1000},{"@type":"BreadcrumbList","@id":"https:\/\/medishop.az\/mehsul\/larinqoskop-desti-miller-mc-int-pediatrik\/#breadcrumb","itemListElement":[{"@type":"ListItem","position":1,"name":"\u018fsas","item":"https:\/\/medishop.az\/"},{"@type":"ListItem","position":2,"name":"Ma\u011faza","item":"https:\/\/medishop.az\/ru\/shop\/"},{"@type":"ListItem","position":3,"name":"LAR\u0130NQOSKOP D\u018fST\u0130 3 BI\u00c7AQ &#8211; MILLER 0-1,MC INT. 0 &#8211; pediatrik"}]},{"@type":"WebSite","@id":"https:\/\/medishop.az\/#website","url":"https:\/\/medishop.az\/","name":"Medishop","description":"Onlayn tibbi ma\u011faza","publisher":{"@id":"https:\/\/medishop.az\/#organization"},"potentialAction":[{"@type":"SearchAction","target":{"@type":"EntryPoint","urlTemplate":"https:\/\/medishop.az\/?s={search_term_string}"},"query-input":"required name=search_term_string"}],"inLanguage":"ru-RU"},{"@type":"Organization","@id":"https:\/\/medishop.az\/#organization","name":"Medishop","url":"https:\/\/medishop.az\/","logo":{"@type":"ImageObject","inLanguage":"ru-RU","@id":"https:\/\/medishop.az\/#\/schema\/logo\/image\/","url":"https:\/\/storage.googleapis.com\/stateless-medishop-az\/2022\/12\/logo.png","contentUrl":"https:\/\/storage.googleapis.com\/stateless-medishop-az\/2022\/12\/logo.png","width":300,"height":89,"caption":"Medishop"},"image":{"@id":"https:\/\/medishop.az\/#\/schema\/logo\/image\/"},"sameAs":["https:\/\/www.facebook.com\/medishop.azerbaijan"]}]}},"jetpack_sharing_enabled":true,"_links":{"self":[{"href":"http:\/\/medishop.az\/ru\/wp-json\/wp\/v2\/product\/4033","targetHints":{"allow":["GET"]}}],"collection":[{"href":"http:\/\/medishop.az\/ru\/wp-json\/wp\/v2\/product"}],"about":[{"href":"http:\/\/medishop.az\/ru\/wp-json\/wp\/v2\/types\/product"}],"wp:featuredmedia":[{"embeddable":true,"href":"http:\/\/medishop.az\/ru\/wp-json\/wp\/v2\/media\/4034"}],"wp:attachment":[{"href":"http:\/\/medishop.az\/ru\/wp-json\/wp\/v2\/media?parent=4033"}],"wp:term":[{"taxonomy":"product_cat","embeddable":true,"href":"http:\/\/medishop.az\/ru\/wp-json\/wp\/v2\/product_cat?post=4033"},{"taxonomy":"product_tag","embeddable":true,"href":"http:\/\/medishop.az\/ru\/wp-json\/wp\/v2\/product_tag?post=4033"}],"curies":[{"name":"wp","href":"https:\/\/api.w.org\/{rel}","templated":true}]}}