{"id":3740,"date":"2022-12-16T18:08:06","date_gmt":"2022-12-16T14:08:06","guid":{"rendered":"https:\/\/medishop.az\/?post_type=product&#038;p=3740"},"modified":"2022-12-16T18:08:07","modified_gmt":"2022-12-16T14:08:07","slug":"parker-otoskopu","status":"publish","type":"product","link":"http:\/\/medishop.az\/ru\/mehsul\/parker-otoskopu\/","title":{"rendered":"\u041e\u0422\u041e\u0421\u041a\u041e\u041f \u041f\u0410\u0420\u041a\u0415\u0420\u0410"},"content":{"rendered":"<p>PARKER OTOSCOPE &#8211; qara<br \/>\n\u018flaq\u0259 sistemi: Screw<br \/>\nEar Funnels: \u00d8 2.5 -3.5 &#8211; 4.5 mm<\/p>\n<p>&#8211; Etibarl\u0131 v\u0259 m\u0259hvedilm\u0259z y\u00fcks\u0259k keyfiyy\u0259tli instrument<br \/>\n&#8211; G\u00fcnd\u0259lik qulaq burunu \u00fc\u00e7\u00fcn qiym\u0259tsiz v\u0259 use<br \/>\n&#8211; asanl\u0131qla d\u00fcz\u0259li\u015f edil\u0259 bil\u0259n Neytral 2.5V vakuum i\u015f\u0131q (Almaniyada istehsal edilib)<br \/>\n&#8211; Quality 3 d\u0259f\u0259 magnifying lens<br \/>\n&#8211; Available with Plug in and snap (bayonet locking) v\u0259 ya knurled screw type otoscope ba\u015f<br \/>\n&#8211; Pnevmatik tippanik membran testl\u0259ri \u00fc\u00e7\u00fcn ideald\u0131r. Bundan \u0259lav\u0259, rinoskopik m\u00fcayin\u0259l\u0259r<br \/>\n\u00fc\u00e7\u00fcn d\u0259 istifad\u0259 edil\u0259 bil\u0259r- R\u0259ngli koordinasiyal\u0131 zip \u00e7antada 3 avtoklavable qulaq funnel il\u0259 t\u0259min olunur. B\u00fct\u00fcn lateks free<br \/>\n&#8211; Require 2 x C batareyalar\u0131 (daxil deyil)<\/p>\n<p>Multilingual qutusu v\u0259 manual: GB, FR, IT, ES, PT, GR, DE, Arabic<\/p>","protected":false},"excerpt":{"rendered":"<p>PARKER OTOSCOPE &#8211; qara \u018flaq\u0259 sistemi: Screw Ear Funnels: \u00d8 2.5 -3.5 &#8211; 4.5 mm &#8211; Etibarl\u0131 v\u0259 m\u0259hvedilm\u0259z y\u00fcks\u0259k keyfiyy\u0259tli instrument &#8211; G\u00fcnd\u0259lik qulaq burunu \u00fc\u00e7\u00fcn qiym\u0259tsiz v\u0259 use<\/p>","protected":false},"featured_media":3741,"template":"","meta":[],"product_cat":[15],"product_tag":[333],"class_list":{"0":"post-3740","1":"product","2":"type-product","3":"status-publish","4":"has-post-thumbnail","6":"product_brand-gima","7":"product_cat-diger","8":"product_tag-parker-otoskopu-almaq","10":"first","11":"instock","12":"shipping-taxable","13":"purchasable","14":"product-type-simple"},"yoast_head":"<!-- This site is optimized with the Yoast SEO plugin v22.7 - https:\/\/yoast.com\/wordpress\/plugins\/seo\/ -->\n<title>PARKER OTOSKOPU - Medishop<\/title>\n<meta name=\"robots\" content=\"index, follow, max-snippet:-1, max-image-preview:large, max-video-preview:-1\" \/>\n<link rel=\"canonical\" href=\"http:\/\/medishop.az\/ru\/mehsul\/parker-otoskopu\/\" \/>\n<meta property=\"og:locale\" content=\"ru_RU\" \/>\n<meta property=\"og:type\" content=\"article\" \/>\n<meta property=\"og:title\" content=\"PARKER OTOSKOPU - Medishop\" \/>\n<meta property=\"og:description\" content=\"PARKER OTOSCOPE &#8211; qara \u018flaq\u0259 sistemi: Screw Ear Funnels: \u00d8 2.5 -3.5 &#8211; 4.5 mm &#8211; Etibarl\u0131 v\u0259 m\u0259hvedilm\u0259z y\u00fcks\u0259k keyfiyy\u0259tli instrument &#8211; G\u00fcnd\u0259lik qulaq burunu \u00fc\u00e7\u00fcn qiym\u0259tsiz v\u0259 use\" \/>\n<meta property=\"og:url\" content=\"http:\/\/medishop.az\/ru\/mehsul\/parker-otoskopu\/\" \/>\n<meta property=\"og:site_name\" content=\"Medishop\" \/>\n<meta property=\"article:publisher\" content=\"https:\/\/www.facebook.com\/medishop.azerbaijan\" \/>\n<meta property=\"article:modified_time\" content=\"2022-12-16T14:08:07+00:00\" \/>\n<meta property=\"og:image\" content=\"https:\/\/storage.googleapis.com\/stateless-medishop-az\/2022\/12\/2c7726f1-parker-otoskopu.jpg\" \/>\n\t<meta property=\"og:image:width\" content=\"1000\" \/>\n\t<meta property=\"og:image:height\" content=\"1000\" \/>\n\t<meta property=\"og:image:type\" content=\"image\/jpeg\" \/>\n<meta name=\"twitter:card\" content=\"summary_large_image\" \/>\n<meta name=\"twitter:label1\" content=\"\u041f\u0440\u0438\u043c\u0435\u0440\u043d\u043e\u0435 \u0432\u0440\u0435\u043c\u044f \u0434\u043b\u044f \u0447\u0442\u0435\u043d\u0438\u044f\" \/>\n\t<meta name=\"twitter:data1\" content=\"1 \u043c\u0438\u043d\u0443\u0442\u0430\" \/>\n<script type=\"application\/ld+json\" class=\"yoast-schema-graph\">{\"@context\":\"https:\/\/schema.org\",\"@graph\":[{\"@type\":\"WebPage\",\"@id\":\"https:\/\/medishop.az\/mehsul\/parker-otoskopu\/\",\"url\":\"https:\/\/medishop.az\/mehsul\/parker-otoskopu\/\",\"name\":\"PARKER OTOSKOPU - Medishop\",\"isPartOf\":{\"@id\":\"https:\/\/medishop.az\/#website\"},\"primaryImageOfPage\":{\"@id\":\"https:\/\/medishop.az\/mehsul\/parker-otoskopu\/#primaryimage\"},\"image\":{\"@id\":\"https:\/\/medishop.az\/mehsul\/parker-otoskopu\/#primaryimage\"},\"thumbnailUrl\":\"https:\/\/medishop.az\/wp-content\/uploads\/2022\/12\/2c7726f1-parker-otoskopu.jpg\",\"datePublished\":\"2022-12-16T14:08:06+00:00\",\"dateModified\":\"2022-12-16T14:08:07+00:00\",\"breadcrumb\":{\"@id\":\"https:\/\/medishop.az\/mehsul\/parker-otoskopu\/#breadcrumb\"},\"inLanguage\":\"ru-RU\",\"potentialAction\":[{\"@type\":\"ReadAction\",\"target\":[\"https:\/\/medishop.az\/mehsul\/parker-otoskopu\/\"]}]},{\"@type\":\"ImageObject\",\"inLanguage\":\"ru-RU\",\"@id\":\"https:\/\/medishop.az\/mehsul\/parker-otoskopu\/#primaryimage\",\"url\":\"https:\/\/medishop.az\/wp-content\/uploads\/2022\/12\/2c7726f1-parker-otoskopu.jpg\",\"contentUrl\":\"https:\/\/medishop.az\/wp-content\/uploads\/2022\/12\/2c7726f1-parker-otoskopu.jpg\",\"width\":1000,\"height\":1000},{\"@type\":\"BreadcrumbList\",\"@id\":\"https:\/\/medishop.az\/mehsul\/parker-otoskopu\/#breadcrumb\",\"itemListElement\":[{\"@type\":\"ListItem\",\"position\":1,\"name\":\"\u018fsas\",\"item\":\"https:\/\/medishop.az\/\"},{\"@type\":\"ListItem\",\"position\":2,\"name\":\"Ma\u011faza\",\"item\":\"https:\/\/medishop.az\/ru\/shop\/\"},{\"@type\":\"ListItem\",\"position\":3,\"name\":\"PARKER OTOSKOPU\"}]},{\"@type\":\"WebSite\",\"@id\":\"https:\/\/medishop.az\/#website\",\"url\":\"https:\/\/medishop.az\/\",\"name\":\"Medishop\",\"description\":\"Onlayn tibbi ma\u011faza\",\"publisher\":{\"@id\":\"https:\/\/medishop.az\/#organization\"},\"potentialAction\":[{\"@type\":\"SearchAction\",\"target\":{\"@type\":\"EntryPoint\",\"urlTemplate\":\"https:\/\/medishop.az\/?s={search_term_string}\"},\"query-input\":\"required name=search_term_string\"}],\"inLanguage\":\"ru-RU\"},{\"@type\":\"Organization\",\"@id\":\"https:\/\/medishop.az\/#organization\",\"name\":\"Medishop\",\"url\":\"https:\/\/medishop.az\/\",\"logo\":{\"@type\":\"ImageObject\",\"inLanguage\":\"ru-RU\",\"@id\":\"https:\/\/medishop.az\/#\/schema\/logo\/image\/\",\"url\":\"https:\/\/storage.googleapis.com\/stateless-medishop-az\/2022\/12\/logo.png\",\"contentUrl\":\"https:\/\/storage.googleapis.com\/stateless-medishop-az\/2022\/12\/logo.png\",\"width\":300,\"height\":89,\"caption\":\"Medishop\"},\"image\":{\"@id\":\"https:\/\/medishop.az\/#\/schema\/logo\/image\/\"},\"sameAs\":[\"https:\/\/www.facebook.com\/medishop.azerbaijan\"]}]}<\/script>\n<!-- \/ Yoast SEO plugin. -->","yoast_head_json":{"title":"PARKER OTOSKOPU - Medishop","robots":{"index":"index","follow":"follow","max-snippet":"max-snippet:-1","max-image-preview":"max-image-preview:large","max-video-preview":"max-video-preview:-1"},"canonical":"http:\/\/medishop.az\/ru\/mehsul\/parker-otoskopu\/","og_locale":"ru_RU","og_type":"article","og_title":"PARKER OTOSKOPU - Medishop","og_description":"PARKER OTOSCOPE &#8211; qara \u018flaq\u0259 sistemi: Screw Ear Funnels: \u00d8 2.5 -3.5 &#8211; 4.5 mm &#8211; Etibarl\u0131 v\u0259 m\u0259hvedilm\u0259z y\u00fcks\u0259k keyfiyy\u0259tli instrument &#8211; G\u00fcnd\u0259lik qulaq burunu \u00fc\u00e7\u00fcn qiym\u0259tsiz v\u0259 use","og_url":"http:\/\/medishop.az\/ru\/mehsul\/parker-otoskopu\/","og_site_name":"Medishop","article_publisher":"https:\/\/www.facebook.com\/medishop.azerbaijan","article_modified_time":"2022-12-16T14:08:07+00:00","og_image":[{"width":1000,"height":1000,"url":"https:\/\/storage.googleapis.com\/stateless-medishop-az\/2022\/12\/2c7726f1-parker-otoskopu.jpg","type":"image\/jpeg"}],"twitter_card":"summary_large_image","twitter_misc":{"\u041f\u0440\u0438\u043c\u0435\u0440\u043d\u043e\u0435 \u0432\u0440\u0435\u043c\u044f \u0434\u043b\u044f \u0447\u0442\u0435\u043d\u0438\u044f":"1 \u043c\u0438\u043d\u0443\u0442\u0430"},"schema":{"@context":"https:\/\/schema.org","@graph":[{"@type":"WebPage","@id":"https:\/\/medishop.az\/mehsul\/parker-otoskopu\/","url":"https:\/\/medishop.az\/mehsul\/parker-otoskopu\/","name":"PARKER OTOSKOPU - Medishop","isPartOf":{"@id":"https:\/\/medishop.az\/#website"},"primaryImageOfPage":{"@id":"https:\/\/medishop.az\/mehsul\/parker-otoskopu\/#primaryimage"},"image":{"@id":"https:\/\/medishop.az\/mehsul\/parker-otoskopu\/#primaryimage"},"thumbnailUrl":"https:\/\/medishop.az\/wp-content\/uploads\/2022\/12\/2c7726f1-parker-otoskopu.jpg","datePublished":"2022-12-16T14:08:06+00:00","dateModified":"2022-12-16T14:08:07+00:00","breadcrumb":{"@id":"https:\/\/medishop.az\/mehsul\/parker-otoskopu\/#breadcrumb"},"inLanguage":"ru-RU","potentialAction":[{"@type":"ReadAction","target":["https:\/\/medishop.az\/mehsul\/parker-otoskopu\/"]}]},{"@type":"ImageObject","inLanguage":"ru-RU","@id":"https:\/\/medishop.az\/mehsul\/parker-otoskopu\/#primaryimage","url":"https:\/\/medishop.az\/wp-content\/uploads\/2022\/12\/2c7726f1-parker-otoskopu.jpg","contentUrl":"https:\/\/medishop.az\/wp-content\/uploads\/2022\/12\/2c7726f1-parker-otoskopu.jpg","width":1000,"height":1000},{"@type":"BreadcrumbList","@id":"https:\/\/medishop.az\/mehsul\/parker-otoskopu\/#breadcrumb","itemListElement":[{"@type":"ListItem","position":1,"name":"\u018fsas","item":"https:\/\/medishop.az\/"},{"@type":"ListItem","position":2,"name":"Ma\u011faza","item":"https:\/\/medishop.az\/ru\/shop\/"},{"@type":"ListItem","position":3,"name":"PARKER OTOSKOPU"}]},{"@type":"WebSite","@id":"https:\/\/medishop.az\/#website","url":"https:\/\/medishop.az\/","name":"Medishop","description":"Onlayn tibbi ma\u011faza","publisher":{"@id":"https:\/\/medishop.az\/#organization"},"potentialAction":[{"@type":"SearchAction","target":{"@type":"EntryPoint","urlTemplate":"https:\/\/medishop.az\/?s={search_term_string}"},"query-input":"required name=search_term_string"}],"inLanguage":"ru-RU"},{"@type":"Organization","@id":"https:\/\/medishop.az\/#organization","name":"Medishop","url":"https:\/\/medishop.az\/","logo":{"@type":"ImageObject","inLanguage":"ru-RU","@id":"https:\/\/medishop.az\/#\/schema\/logo\/image\/","url":"https:\/\/storage.googleapis.com\/stateless-medishop-az\/2022\/12\/logo.png","contentUrl":"https:\/\/storage.googleapis.com\/stateless-medishop-az\/2022\/12\/logo.png","width":300,"height":89,"caption":"Medishop"},"image":{"@id":"https:\/\/medishop.az\/#\/schema\/logo\/image\/"},"sameAs":["https:\/\/www.facebook.com\/medishop.azerbaijan"]}]}},"jetpack_sharing_enabled":true,"_links":{"self":[{"href":"http:\/\/medishop.az\/ru\/wp-json\/wp\/v2\/product\/3740","targetHints":{"allow":["GET"]}}],"collection":[{"href":"http:\/\/medishop.az\/ru\/wp-json\/wp\/v2\/product"}],"about":[{"href":"http:\/\/medishop.az\/ru\/wp-json\/wp\/v2\/types\/product"}],"wp:featuredmedia":[{"embeddable":true,"href":"http:\/\/medishop.az\/ru\/wp-json\/wp\/v2\/media\/3741"}],"wp:attachment":[{"href":"http:\/\/medishop.az\/ru\/wp-json\/wp\/v2\/media?parent=3740"}],"wp:term":[{"taxonomy":"product_cat","embeddable":true,"href":"http:\/\/medishop.az\/ru\/wp-json\/wp\/v2\/product_cat?post=3740"},{"taxonomy":"product_tag","embeddable":true,"href":"http:\/\/medishop.az\/ru\/wp-json\/wp\/v2\/product_tag?post=3740"}],"curies":[{"name":"wp","href":"https:\/\/api.w.org\/{rel}","templated":true}]}}