{"id":3687,"date":"2022-12-16T16:59:11","date_gmt":"2022-12-16T12:59:11","guid":{"rendered":"https:\/\/medishop.az\/?post_type=product&#038;p=3687"},"modified":"2022-12-16T16:59:31","modified_gmt":"2022-12-16T12:59:31","slug":"parker-diaqnostik-d%c9%99sti-boyuk-sungu","status":"publish","type":"product","link":"http:\/\/medishop.az\/ru\/mehsul\/parker-diaqnostik-d%c9%99sti-boyuk-sungu\/","title":{"rendered":"PARKER D\u0130AQNOST\u0130K D\u018fST\u0130 B\u00d6Y\u00dcK &#8211; s\u00fcng\u00fc"},"content":{"rendered":"<p>Bir Parker otoskopu 2,5 V il\u0259 y\u00fcng\u00fcl, yar\u0131-s\u0259rt nylon case with rechargeable handle, 3 autoclavable ear speculums (\u00d8 2.5 -3.5 &#8211; 4.5 mm), 2 laringeal g\u00fczg\u00fc (\u00f6l\u00e7\u00fcs\u00fc 3 v\u0259 4), bent qol bo\u011faz lampas\u0131, dil spatula, d\u00fcz\u0259li\u015f edil\u0259 bil\u0259n burun speculum. Bundan ba\u015fqa, onun t\u0259rkibind\u0259 oftalmoskop ba\u015f\u0131, t\u0259k istifad\u0259 \u00fc\u00e7\u00fcn d\u0259st\u0259k olan dil depressorlar\u0131 v\u0259 1 truba t\u0259k istifad\u0259 spekula (7x \u00d8 2.5, 7x \u00d8 4 mm) var<\/p>","protected":false},"excerpt":{"rendered":"<p>Bir Parker otoskopu 2,5 V il\u0259 y\u00fcng\u00fcl, yar\u0131-s\u0259rt nylon case with rechargeable handle, 3 autoclavable ear speculums (\u00d8 2.5 -3.5 &#8211; 4.5 mm), 2 laringeal g\u00fczg\u00fc (\u00f6l\u00e7\u00fcs\u00fc 3 v\u0259 4),<\/p>","protected":false},"featured_media":3688,"template":"","meta":[],"product_cat":[15],"product_tag":[324],"class_list":{"0":"post-3687","1":"product","2":"type-product","3":"status-publish","4":"has-post-thumbnail","6":"product_brand-gima","7":"product_cat-diger","8":"product_tag-diaqnostik-dst","10":"first","11":"instock","12":"shipping-taxable","13":"purchasable","14":"product-type-simple"},"yoast_head":"<!-- This site is optimized with the Yoast SEO plugin v22.7 - https:\/\/yoast.com\/wordpress\/plugins\/seo\/ -->\n<title>PARKER D\u0130AQNOST\u0130K D\u018fST\u0130 B\u00d6Y\u00dcK - s\u00fcng\u00fc - Medishop<\/title>\n<meta name=\"robots\" content=\"index, follow, max-snippet:-1, max-image-preview:large, max-video-preview:-1\" \/>\n<link rel=\"canonical\" href=\"http:\/\/medishop.az\/ru\/mehsul\/parker-diaqnostik-d\u0259sti-boyuk-sungu\/\" \/>\n<meta property=\"og:locale\" content=\"ru_RU\" \/>\n<meta property=\"og:type\" content=\"article\" \/>\n<meta property=\"og:title\" content=\"PARKER D\u0130AQNOST\u0130K D\u018fST\u0130 B\u00d6Y\u00dcK - s\u00fcng\u00fc - Medishop\" \/>\n<meta property=\"og:description\" content=\"Bir Parker otoskopu 2,5 V il\u0259 y\u00fcng\u00fcl, yar\u0131-s\u0259rt nylon case with rechargeable handle, 3 autoclavable ear speculums (\u00d8 2.5 -3.5 &#8211; 4.5 mm), 2 laringeal g\u00fczg\u00fc (\u00f6l\u00e7\u00fcs\u00fc 3 v\u0259 4),\" \/>\n<meta property=\"og:url\" content=\"http:\/\/medishop.az\/ru\/mehsul\/parker-diaqnostik-d\u0259sti-boyuk-sungu\/\" \/>\n<meta property=\"og:site_name\" content=\"Medishop\" \/>\n<meta property=\"article:publisher\" content=\"https:\/\/www.facebook.com\/medishop.azerbaijan\" \/>\n<meta property=\"article:modified_time\" content=\"2022-12-16T12:59:31+00:00\" \/>\n<meta property=\"og:image\" content=\"https:\/\/storage.googleapis.com\/stateless-medishop-az\/2022\/12\/9ff04dc3-parker-diaqnostik-d\u018fsti-boyuk-sungu.jpg\" \/>\n\t<meta property=\"og:image:width\" content=\"1000\" \/>\n\t<meta property=\"og:image:height\" content=\"1000\" \/>\n\t<meta property=\"og:image:type\" content=\"image\/jpeg\" \/>\n<meta name=\"twitter:card\" content=\"summary_large_image\" \/>\n<script type=\"application\/ld+json\" class=\"yoast-schema-graph\">{\"@context\":\"https:\/\/schema.org\",\"@graph\":[{\"@type\":\"WebPage\",\"@id\":\"https:\/\/medishop.az\/mehsul\/parker-diaqnostik-d%c9%99sti-boyuk-sungu\/\",\"url\":\"https:\/\/medishop.az\/mehsul\/parker-diaqnostik-d%c9%99sti-boyuk-sungu\/\",\"name\":\"PARKER D\u0130AQNOST\u0130K D\u018fST\u0130 B\u00d6Y\u00dcK - s\u00fcng\u00fc - Medishop\",\"isPartOf\":{\"@id\":\"https:\/\/medishop.az\/#website\"},\"primaryImageOfPage\":{\"@id\":\"https:\/\/medishop.az\/mehsul\/parker-diaqnostik-d%c9%99sti-boyuk-sungu\/#primaryimage\"},\"image\":{\"@id\":\"https:\/\/medishop.az\/mehsul\/parker-diaqnostik-d%c9%99sti-boyuk-sungu\/#primaryimage\"},\"thumbnailUrl\":\"https:\/\/medishop.az\/wp-content\/uploads\/2022\/12\/9ff04dc3-parker-diaqnostik-d\u018fsti-boyuk-sungu.jpg\",\"datePublished\":\"2022-12-16T12:59:11+00:00\",\"dateModified\":\"2022-12-16T12:59:31+00:00\",\"breadcrumb\":{\"@id\":\"https:\/\/medishop.az\/mehsul\/parker-diaqnostik-d%c9%99sti-boyuk-sungu\/#breadcrumb\"},\"inLanguage\":\"ru-RU\",\"potentialAction\":[{\"@type\":\"ReadAction\",\"target\":[\"https:\/\/medishop.az\/mehsul\/parker-diaqnostik-d%c9%99sti-boyuk-sungu\/\"]}]},{\"@type\":\"ImageObject\",\"inLanguage\":\"ru-RU\",\"@id\":\"https:\/\/medishop.az\/mehsul\/parker-diaqnostik-d%c9%99sti-boyuk-sungu\/#primaryimage\",\"url\":\"https:\/\/medishop.az\/wp-content\/uploads\/2022\/12\/9ff04dc3-parker-diaqnostik-d\u018fsti-boyuk-sungu.jpg\",\"contentUrl\":\"https:\/\/medishop.az\/wp-content\/uploads\/2022\/12\/9ff04dc3-parker-diaqnostik-d\u018fsti-boyuk-sungu.jpg\",\"width\":1000,\"height\":1000},{\"@type\":\"BreadcrumbList\",\"@id\":\"https:\/\/medishop.az\/mehsul\/parker-diaqnostik-d%c9%99sti-boyuk-sungu\/#breadcrumb\",\"itemListElement\":[{\"@type\":\"ListItem\",\"position\":1,\"name\":\"\u018fsas\",\"item\":\"https:\/\/medishop.az\/\"},{\"@type\":\"ListItem\",\"position\":2,\"name\":\"Ma\u011faza\",\"item\":\"https:\/\/medishop.az\/ru\/shop\/\"},{\"@type\":\"ListItem\",\"position\":3,\"name\":\"PARKER D\u0130AQNOST\u0130K D\u018fST\u0130 B\u00d6Y\u00dcK &#8211; s\u00fcng\u00fc\"}]},{\"@type\":\"WebSite\",\"@id\":\"https:\/\/medishop.az\/#website\",\"url\":\"https:\/\/medishop.az\/\",\"name\":\"Medishop\",\"description\":\"Onlayn tibbi ma\u011faza\",\"publisher\":{\"@id\":\"https:\/\/medishop.az\/#organization\"},\"potentialAction\":[{\"@type\":\"SearchAction\",\"target\":{\"@type\":\"EntryPoint\",\"urlTemplate\":\"https:\/\/medishop.az\/?s={search_term_string}\"},\"query-input\":\"required name=search_term_string\"}],\"inLanguage\":\"ru-RU\"},{\"@type\":\"Organization\",\"@id\":\"https:\/\/medishop.az\/#organization\",\"name\":\"Medishop\",\"url\":\"https:\/\/medishop.az\/\",\"logo\":{\"@type\":\"ImageObject\",\"inLanguage\":\"ru-RU\",\"@id\":\"https:\/\/medishop.az\/#\/schema\/logo\/image\/\",\"url\":\"https:\/\/storage.googleapis.com\/stateless-medishop-az\/2022\/12\/logo.png\",\"contentUrl\":\"https:\/\/storage.googleapis.com\/stateless-medishop-az\/2022\/12\/logo.png\",\"width\":300,\"height\":89,\"caption\":\"Medishop\"},\"image\":{\"@id\":\"https:\/\/medishop.az\/#\/schema\/logo\/image\/\"},\"sameAs\":[\"https:\/\/www.facebook.com\/medishop.azerbaijan\"]}]}<\/script>\n<!-- \/ Yoast SEO plugin. -->","yoast_head_json":{"title":"PARKER D\u0130AQNOST\u0130K D\u018fST\u0130 B\u00d6Y\u00dcK - s\u00fcng\u00fc - Medishop","robots":{"index":"index","follow":"follow","max-snippet":"max-snippet:-1","max-image-preview":"max-image-preview:large","max-video-preview":"max-video-preview:-1"},"canonical":"http:\/\/medishop.az\/ru\/mehsul\/parker-diaqnostik-d\u0259sti-boyuk-sungu\/","og_locale":"ru_RU","og_type":"article","og_title":"PARKER D\u0130AQNOST\u0130K D\u018fST\u0130 B\u00d6Y\u00dcK - s\u00fcng\u00fc - Medishop","og_description":"Bir Parker otoskopu 2,5 V il\u0259 y\u00fcng\u00fcl, yar\u0131-s\u0259rt nylon case with rechargeable handle, 3 autoclavable ear speculums (\u00d8 2.5 -3.5 &#8211; 4.5 mm), 2 laringeal g\u00fczg\u00fc (\u00f6l\u00e7\u00fcs\u00fc 3 v\u0259 4),","og_url":"http:\/\/medishop.az\/ru\/mehsul\/parker-diaqnostik-d\u0259sti-boyuk-sungu\/","og_site_name":"Medishop","article_publisher":"https:\/\/www.facebook.com\/medishop.azerbaijan","article_modified_time":"2022-12-16T12:59:31+00:00","og_image":[{"width":1000,"height":1000,"url":"https:\/\/storage.googleapis.com\/stateless-medishop-az\/2022\/12\/9ff04dc3-parker-diaqnostik-d\u018fsti-boyuk-sungu.jpg","type":"image\/jpeg"}],"twitter_card":"summary_large_image","schema":{"@context":"https:\/\/schema.org","@graph":[{"@type":"WebPage","@id":"https:\/\/medishop.az\/mehsul\/parker-diaqnostik-d%c9%99sti-boyuk-sungu\/","url":"https:\/\/medishop.az\/mehsul\/parker-diaqnostik-d%c9%99sti-boyuk-sungu\/","name":"PARKER D\u0130AQNOST\u0130K D\u018fST\u0130 B\u00d6Y\u00dcK - s\u00fcng\u00fc - Medishop","isPartOf":{"@id":"https:\/\/medishop.az\/#website"},"primaryImageOfPage":{"@id":"https:\/\/medishop.az\/mehsul\/parker-diaqnostik-d%c9%99sti-boyuk-sungu\/#primaryimage"},"image":{"@id":"https:\/\/medishop.az\/mehsul\/parker-diaqnostik-d%c9%99sti-boyuk-sungu\/#primaryimage"},"thumbnailUrl":"https:\/\/medishop.az\/wp-content\/uploads\/2022\/12\/9ff04dc3-parker-diaqnostik-d\u018fsti-boyuk-sungu.jpg","datePublished":"2022-12-16T12:59:11+00:00","dateModified":"2022-12-16T12:59:31+00:00","breadcrumb":{"@id":"https:\/\/medishop.az\/mehsul\/parker-diaqnostik-d%c9%99sti-boyuk-sungu\/#breadcrumb"},"inLanguage":"ru-RU","potentialAction":[{"@type":"ReadAction","target":["https:\/\/medishop.az\/mehsul\/parker-diaqnostik-d%c9%99sti-boyuk-sungu\/"]}]},{"@type":"ImageObject","inLanguage":"ru-RU","@id":"https:\/\/medishop.az\/mehsul\/parker-diaqnostik-d%c9%99sti-boyuk-sungu\/#primaryimage","url":"https:\/\/medishop.az\/wp-content\/uploads\/2022\/12\/9ff04dc3-parker-diaqnostik-d\u018fsti-boyuk-sungu.jpg","contentUrl":"https:\/\/medishop.az\/wp-content\/uploads\/2022\/12\/9ff04dc3-parker-diaqnostik-d\u018fsti-boyuk-sungu.jpg","width":1000,"height":1000},{"@type":"BreadcrumbList","@id":"https:\/\/medishop.az\/mehsul\/parker-diaqnostik-d%c9%99sti-boyuk-sungu\/#breadcrumb","itemListElement":[{"@type":"ListItem","position":1,"name":"\u018fsas","item":"https:\/\/medishop.az\/"},{"@type":"ListItem","position":2,"name":"Ma\u011faza","item":"https:\/\/medishop.az\/ru\/shop\/"},{"@type":"ListItem","position":3,"name":"PARKER D\u0130AQNOST\u0130K D\u018fST\u0130 B\u00d6Y\u00dcK &#8211; s\u00fcng\u00fc"}]},{"@type":"WebSite","@id":"https:\/\/medishop.az\/#website","url":"https:\/\/medishop.az\/","name":"Medishop","description":"Onlayn tibbi ma\u011faza","publisher":{"@id":"https:\/\/medishop.az\/#organization"},"potentialAction":[{"@type":"SearchAction","target":{"@type":"EntryPoint","urlTemplate":"https:\/\/medishop.az\/?s={search_term_string}"},"query-input":"required name=search_term_string"}],"inLanguage":"ru-RU"},{"@type":"Organization","@id":"https:\/\/medishop.az\/#organization","name":"Medishop","url":"https:\/\/medishop.az\/","logo":{"@type":"ImageObject","inLanguage":"ru-RU","@id":"https:\/\/medishop.az\/#\/schema\/logo\/image\/","url":"https:\/\/storage.googleapis.com\/stateless-medishop-az\/2022\/12\/logo.png","contentUrl":"https:\/\/storage.googleapis.com\/stateless-medishop-az\/2022\/12\/logo.png","width":300,"height":89,"caption":"Medishop"},"image":{"@id":"https:\/\/medishop.az\/#\/schema\/logo\/image\/"},"sameAs":["https:\/\/www.facebook.com\/medishop.azerbaijan"]}]}},"jetpack_sharing_enabled":true,"_links":{"self":[{"href":"http:\/\/medishop.az\/ru\/wp-json\/wp\/v2\/product\/3687","targetHints":{"allow":["GET"]}}],"collection":[{"href":"http:\/\/medishop.az\/ru\/wp-json\/wp\/v2\/product"}],"about":[{"href":"http:\/\/medishop.az\/ru\/wp-json\/wp\/v2\/types\/product"}],"wp:featuredmedia":[{"embeddable":true,"href":"http:\/\/medishop.az\/ru\/wp-json\/wp\/v2\/media\/3688"}],"wp:attachment":[{"href":"http:\/\/medishop.az\/ru\/wp-json\/wp\/v2\/media?parent=3687"}],"wp:term":[{"taxonomy":"product_cat","embeddable":true,"href":"http:\/\/medishop.az\/ru\/wp-json\/wp\/v2\/product_cat?post=3687"},{"taxonomy":"product_tag","embeddable":true,"href":"http:\/\/medishop.az\/ru\/wp-json\/wp\/v2\/product_tag?post=3687"}],"curies":[{"name":"wp","href":"https:\/\/api.w.org\/{rel}","templated":true}]}}