{"id":3604,"date":"2022-12-15T16:54:24","date_gmt":"2022-12-15T12:54:24","guid":{"rendered":"https:\/\/medishop.az\/?post_type=product&#038;p=3604"},"modified":"2022-12-15T16:56:06","modified_gmt":"2022-12-15T12:56:06","slug":"saturno-isl%c9%99yici-led-isiq-arabasi","status":"publish","type":"product","link":"http:\/\/medishop.az\/ru\/mehsul\/saturno-isl%c9%99yici-led-isiq-arabasi\/","title":{"rendered":"SATURNO \u0130\u015eL\u018fY\u0130C\u0130 LED \u0130\u015eIQ &#8211; arabas\u0131"},"content":{"rendered":"<p>Saturno LED i\u015f\u0131q &#8211; mobil stend<\/p>\n<p>SATURNO ki\u00e7ik c\u0259rrahiyy\u0259, ginekologiya v\u0259 m\u00fcayin\u0259 \u00fc\u00e7\u00fcn uy\u011fun k\u00f6lg\u0259siz n\u00f6v lampad\u0131r.<br \/>\n&#8211; i\u015f\u0131q \u0131\u015f\u0131nlar\u0131 9 LED-d\u0259n \u0259m\u0259l\u0259 g\u0259lir &#8211; 2.5 W h\u0259r- istilik<br \/>\naluminium \u00f6rt\u00fck reflektoru<br \/>\nvasit\u0259sil\u0259 da\u011f\u0131l\u0131\u015f\u0131r- 2 m\u00fcxt\u0259lif a\u011f i\u015f\u0131q temperaturunun se\u00e7ilm\u0259si: 4000 v\u0259 4500 \u00b0K<br \/>\n&#8211; i\u015f\u0131q intensivliyi 6 m\u00fcxt\u0259lif s\u0259viyy\u0259d\u0259 1 m-d\u0259 \u00f6n r\u0259q\u0259msal panel<br \/>\nvasit\u0259sil\u0259 uy\u011funla\u015fd\u0131r\u0131l\u0131r- l\u00fcminous intensivlik 50,000 LUX 1 m. \u00d8 of lightluminated field 28 cm<br \/>\n&#8211; adjustable friction bearing h\u0259r bir artikulyasiyan\u0131n \u00fcz\u0259rind\u0259 yerl\u0259\u015fdirilmi\u015fdir.<br \/>\n&#8211; optik konsepsiya say\u0259sind\u0259, \u015farj il\u0259 fokus d\u00fcz\u0259li\u015fli<\/p>\n<p>Battery qrupu olmaq laz\u0131m deyil: 4 saat avtonomiya, 6 saat yenid\u0259n y\u00fckl\u0259nm\u0259.<\/p>\n<p>\u0130taliyada istehsal olunub<\/p>","protected":false},"excerpt":{"rendered":"<table border=\"0\" width=\"100%\" cellspacing=\"0\" cellpadding=\"0\">\n<tbody>\n<tr>\n<td class=\"menu\" bgcolor=\"#fff9ad\"><span class=\"sezione\">\u0422\u0435\u0445\u043d\u0438\u0447\u0435\u0441\u043a\u0438\u0435 \u0445\u0430\u0440\u0430\u043a\u0442\u0435\u0440\u0438\u0441\u0442\u0438\u043a\u0438<\/span><\/td>\n<\/tr>\n<tr>\n<td class=\"menu\" bgcolor=\"#fff9ad\">1 m m\u0259saf\u0259d\u0259 i\u015f\u0131q intensivliyi: Lux 50,000<br \/>\nColour temperatur ayarlanabilir: K\u00b0 4,000\/4,500 \u00b1 5%<br \/>\n9 LED: W 2.5 h\u0259r biri<br \/>\nOrta LED h\u0259yat saat: 50,000<br \/>\nCRI (xrom rendering \u0130ndeksi): Ra 95<br \/>\nDiametri i\u015f\u0131qlanm\u0131\u015f sah\u0259nin diametri: \u00d8 sm 28<br \/>\nDiametr \u0259ksator: cm 19.5<br \/>\n\u0130\u015f\u0131qland\u0131rman\u0131n d\u0259rinliyi IEC 60601-2-41 (L1+L2) 60% ec: sm 124<br \/>\n\u00dcmumi radiasiyal\u0131 enerji Ec: W\/m2 163<br \/>\nKupolan\u0131n faydal\u0131 i\u015f\u0131qland\u0131rma s\u0259thi: cm2 65<br \/>\n\u00c7\u0259ki: kq 20<br \/>\nG\u00fcc t\u0259l\u0259bl\u0259ri: V, Hz 100-240, 50-60<br \/>\nStandartlar\u0131: IEC 60601-1 IEC 60601-1 IEC 60601-2-41, MDD 93\/42 CEEE, 2007\/47\/CE, I sinifin tibbi cihaz\u0131<\/td>\n<\/tr>\n<\/tbody>\n<\/table>","protected":false},"featured_media":3605,"template":"","meta":[],"product_cat":[15],"product_tag":[291],"class_list":{"0":"post-3604","1":"product","2":"type-product","3":"status-publish","4":"has-post-thumbnail","6":"product_cat-diger","7":"product_tag-saturno-islyici-led-isiq","9":"first","10":"instock","11":"shipping-taxable","12":"purchasable","13":"product-type-simple"},"yoast_head":"<!-- This site is optimized with the Yoast SEO plugin v22.7 - https:\/\/yoast.com\/wordpress\/plugins\/seo\/ -->\n<title>SATURNO \u0130\u015eL\u018fY\u0130C\u0130 LED \u0130\u015eIQ - arabas\u0131 - Medishop<\/title>\n<meta name=\"robots\" content=\"index, follow, max-snippet:-1, max-image-preview:large, max-video-preview:-1\" \/>\n<link rel=\"canonical\" href=\"http:\/\/medishop.az\/ru\/mehsul\/saturno-isl\u0259yici-led-isiq-arabasi\/\" \/>\n<meta property=\"og:locale\" content=\"ru_RU\" \/>\n<meta property=\"og:type\" content=\"article\" \/>\n<meta property=\"og:title\" content=\"SATURNO \u0130\u015eL\u018fY\u0130C\u0130 LED \u0130\u015eIQ - arabas\u0131 - Medishop\" \/>\n<meta property=\"og:description\" content=\"Texniki Spesifikasiyalar   1 m m\u0259saf\u0259d\u0259 i\u015f\u0131q intensivliyi: Lux 50,000 Colour temperatur ayarlanabilir: K\u00b0 4,000\/4,500 \u00b1 5% 9 LED: W 2.5 h\u0259r biri Orta LED h\u0259yat saat: 50,000 CRI (xrom rendering \u0130ndeksi): Ra 95 Diametri i\u015f\u0131qlanm\u0131\u015f sah\u0259nin diametri: \u00d8 sm 28 Diametr \u0259ksator: cm 19.5 \u0130\u015f\u0131qland\u0131rman\u0131n d\u0259rinliyi IEC 60601-2-41 (L1+L2) 60% ec: sm 124 \u00dcmumi radiasiyal\u0131 enerji Ec: W\/m2 163 Kupolan\u0131n faydal\u0131 i\u015f\u0131qland\u0131rma s\u0259thi: cm2 65 \u00c7\u0259ki: kq 20 G\u00fcc t\u0259l\u0259bl\u0259ri: V, Hz 100-240, 50-60 Standartlar\u0131: IEC 60601-1 IEC 60601-1 IEC 60601-2-41, MDD 93\/42 CEEE, 2007\/47\/CE, I sinifin tibbi cihaz\u0131\" \/>\n<meta property=\"og:url\" content=\"http:\/\/medishop.az\/ru\/mehsul\/saturno-isl\u0259yici-led-isiq-arabasi\/\" \/>\n<meta property=\"og:site_name\" content=\"Medishop\" \/>\n<meta property=\"article:publisher\" content=\"https:\/\/www.facebook.com\/medishop.azerbaijan\" \/>\n<meta property=\"article:modified_time\" content=\"2022-12-15T12:56:06+00:00\" \/>\n<meta property=\"og:image\" content=\"https:\/\/storage.googleapis.com\/stateless-medishop-az\/2022\/12\/0e9ba145-saturno-isl\u018fyici-led-isiq-arabasi.jpg\" \/>\n\t<meta property=\"og:image:width\" content=\"1000\" \/>\n\t<meta property=\"og:image:height\" content=\"1000\" \/>\n\t<meta property=\"og:image:type\" content=\"image\/jpeg\" \/>\n<meta name=\"twitter:card\" content=\"summary_large_image\" \/>\n<meta name=\"twitter:label1\" content=\"\u041f\u0440\u0438\u043c\u0435\u0440\u043d\u043e\u0435 \u0432\u0440\u0435\u043c\u044f \u0434\u043b\u044f \u0447\u0442\u0435\u043d\u0438\u044f\" \/>\n\t<meta name=\"twitter:data1\" content=\"1 \u043c\u0438\u043d\u0443\u0442\u0430\" \/>\n<script type=\"application\/ld+json\" class=\"yoast-schema-graph\">{\"@context\":\"https:\/\/schema.org\",\"@graph\":[{\"@type\":\"WebPage\",\"@id\":\"https:\/\/medishop.az\/mehsul\/saturno-isl%c9%99yici-led-isiq-arabasi\/\",\"url\":\"https:\/\/medishop.az\/mehsul\/saturno-isl%c9%99yici-led-isiq-arabasi\/\",\"name\":\"SATURNO \u0130\u015eL\u018fY\u0130C\u0130 LED \u0130\u015eIQ - arabas\u0131 - Medishop\",\"isPartOf\":{\"@id\":\"https:\/\/medishop.az\/#website\"},\"primaryImageOfPage\":{\"@id\":\"https:\/\/medishop.az\/mehsul\/saturno-isl%c9%99yici-led-isiq-arabasi\/#primaryimage\"},\"image\":{\"@id\":\"https:\/\/medishop.az\/mehsul\/saturno-isl%c9%99yici-led-isiq-arabasi\/#primaryimage\"},\"thumbnailUrl\":\"https:\/\/medishop.az\/wp-content\/uploads\/2022\/12\/0e9ba145-saturno-isl\u018fyici-led-isiq-arabasi.jpg\",\"datePublished\":\"2022-12-15T12:54:24+00:00\",\"dateModified\":\"2022-12-15T12:56:06+00:00\",\"breadcrumb\":{\"@id\":\"https:\/\/medishop.az\/mehsul\/saturno-isl%c9%99yici-led-isiq-arabasi\/#breadcrumb\"},\"inLanguage\":\"ru-RU\",\"potentialAction\":[{\"@type\":\"ReadAction\",\"target\":[\"https:\/\/medishop.az\/mehsul\/saturno-isl%c9%99yici-led-isiq-arabasi\/\"]}]},{\"@type\":\"ImageObject\",\"inLanguage\":\"ru-RU\",\"@id\":\"https:\/\/medishop.az\/mehsul\/saturno-isl%c9%99yici-led-isiq-arabasi\/#primaryimage\",\"url\":\"https:\/\/medishop.az\/wp-content\/uploads\/2022\/12\/0e9ba145-saturno-isl\u018fyici-led-isiq-arabasi.jpg\",\"contentUrl\":\"https:\/\/medishop.az\/wp-content\/uploads\/2022\/12\/0e9ba145-saturno-isl\u018fyici-led-isiq-arabasi.jpg\",\"width\":1000,\"height\":1000},{\"@type\":\"BreadcrumbList\",\"@id\":\"https:\/\/medishop.az\/mehsul\/saturno-isl%c9%99yici-led-isiq-arabasi\/#breadcrumb\",\"itemListElement\":[{\"@type\":\"ListItem\",\"position\":1,\"name\":\"\u018fsas\",\"item\":\"https:\/\/medishop.az\/\"},{\"@type\":\"ListItem\",\"position\":2,\"name\":\"Ma\u011faza\",\"item\":\"https:\/\/medishop.az\/ru\/shop\/\"},{\"@type\":\"ListItem\",\"position\":3,\"name\":\"SATURNO \u0130\u015eL\u018fY\u0130C\u0130 LED \u0130\u015eIQ &#8211; arabas\u0131\"}]},{\"@type\":\"WebSite\",\"@id\":\"https:\/\/medishop.az\/#website\",\"url\":\"https:\/\/medishop.az\/\",\"name\":\"Medishop\",\"description\":\"Onlayn tibbi ma\u011faza\",\"publisher\":{\"@id\":\"https:\/\/medishop.az\/#organization\"},\"potentialAction\":[{\"@type\":\"SearchAction\",\"target\":{\"@type\":\"EntryPoint\",\"urlTemplate\":\"https:\/\/medishop.az\/?s={search_term_string}\"},\"query-input\":\"required name=search_term_string\"}],\"inLanguage\":\"ru-RU\"},{\"@type\":\"Organization\",\"@id\":\"https:\/\/medishop.az\/#organization\",\"name\":\"Medishop\",\"url\":\"https:\/\/medishop.az\/\",\"logo\":{\"@type\":\"ImageObject\",\"inLanguage\":\"ru-RU\",\"@id\":\"https:\/\/medishop.az\/#\/schema\/logo\/image\/\",\"url\":\"https:\/\/storage.googleapis.com\/stateless-medishop-az\/2022\/12\/logo.png\",\"contentUrl\":\"https:\/\/storage.googleapis.com\/stateless-medishop-az\/2022\/12\/logo.png\",\"width\":300,\"height\":89,\"caption\":\"Medishop\"},\"image\":{\"@id\":\"https:\/\/medishop.az\/#\/schema\/logo\/image\/\"},\"sameAs\":[\"https:\/\/www.facebook.com\/medishop.azerbaijan\"]}]}<\/script>\n<!-- \/ Yoast SEO plugin. -->","yoast_head_json":{"title":"SATURNO \u0130\u015eL\u018fY\u0130C\u0130 LED \u0130\u015eIQ - arabas\u0131 - Medishop","robots":{"index":"index","follow":"follow","max-snippet":"max-snippet:-1","max-image-preview":"max-image-preview:large","max-video-preview":"max-video-preview:-1"},"canonical":"http:\/\/medishop.az\/ru\/mehsul\/saturno-isl\u0259yici-led-isiq-arabasi\/","og_locale":"ru_RU","og_type":"article","og_title":"SATURNO \u0130\u015eL\u018fY\u0130C\u0130 LED \u0130\u015eIQ - arabas\u0131 - Medishop","og_description":"Texniki Spesifikasiyalar   1 m m\u0259saf\u0259d\u0259 i\u015f\u0131q intensivliyi: Lux 50,000 Colour temperatur ayarlanabilir: K\u00b0 4,000\/4,500 \u00b1 5% 9 LED: W 2.5 h\u0259r biri Orta LED h\u0259yat saat: 50,000 CRI (xrom rendering \u0130ndeksi): Ra 95 Diametri i\u015f\u0131qlanm\u0131\u015f sah\u0259nin diametri: \u00d8 sm 28 Diametr \u0259ksator: cm 19.5 \u0130\u015f\u0131qland\u0131rman\u0131n d\u0259rinliyi IEC 60601-2-41 (L1+L2) 60% ec: sm 124 \u00dcmumi radiasiyal\u0131 enerji Ec: W\/m2 163 Kupolan\u0131n faydal\u0131 i\u015f\u0131qland\u0131rma s\u0259thi: cm2 65 \u00c7\u0259ki: kq 20 G\u00fcc t\u0259l\u0259bl\u0259ri: V, Hz 100-240, 50-60 Standartlar\u0131: IEC 60601-1 IEC 60601-1 IEC 60601-2-41, MDD 93\/42 CEEE, 2007\/47\/CE, I sinifin tibbi cihaz\u0131","og_url":"http:\/\/medishop.az\/ru\/mehsul\/saturno-isl\u0259yici-led-isiq-arabasi\/","og_site_name":"Medishop","article_publisher":"https:\/\/www.facebook.com\/medishop.azerbaijan","article_modified_time":"2022-12-15T12:56:06+00:00","og_image":[{"width":1000,"height":1000,"url":"https:\/\/storage.googleapis.com\/stateless-medishop-az\/2022\/12\/0e9ba145-saturno-isl\u018fyici-led-isiq-arabasi.jpg","type":"image\/jpeg"}],"twitter_card":"summary_large_image","twitter_misc":{"\u041f\u0440\u0438\u043c\u0435\u0440\u043d\u043e\u0435 \u0432\u0440\u0435\u043c\u044f \u0434\u043b\u044f \u0447\u0442\u0435\u043d\u0438\u044f":"1 \u043c\u0438\u043d\u0443\u0442\u0430"},"schema":{"@context":"https:\/\/schema.org","@graph":[{"@type":"WebPage","@id":"https:\/\/medishop.az\/mehsul\/saturno-isl%c9%99yici-led-isiq-arabasi\/","url":"https:\/\/medishop.az\/mehsul\/saturno-isl%c9%99yici-led-isiq-arabasi\/","name":"SATURNO \u0130\u015eL\u018fY\u0130C\u0130 LED \u0130\u015eIQ - arabas\u0131 - Medishop","isPartOf":{"@id":"https:\/\/medishop.az\/#website"},"primaryImageOfPage":{"@id":"https:\/\/medishop.az\/mehsul\/saturno-isl%c9%99yici-led-isiq-arabasi\/#primaryimage"},"image":{"@id":"https:\/\/medishop.az\/mehsul\/saturno-isl%c9%99yici-led-isiq-arabasi\/#primaryimage"},"thumbnailUrl":"https:\/\/medishop.az\/wp-content\/uploads\/2022\/12\/0e9ba145-saturno-isl\u018fyici-led-isiq-arabasi.jpg","datePublished":"2022-12-15T12:54:24+00:00","dateModified":"2022-12-15T12:56:06+00:00","breadcrumb":{"@id":"https:\/\/medishop.az\/mehsul\/saturno-isl%c9%99yici-led-isiq-arabasi\/#breadcrumb"},"inLanguage":"ru-RU","potentialAction":[{"@type":"ReadAction","target":["https:\/\/medishop.az\/mehsul\/saturno-isl%c9%99yici-led-isiq-arabasi\/"]}]},{"@type":"ImageObject","inLanguage":"ru-RU","@id":"https:\/\/medishop.az\/mehsul\/saturno-isl%c9%99yici-led-isiq-arabasi\/#primaryimage","url":"https:\/\/medishop.az\/wp-content\/uploads\/2022\/12\/0e9ba145-saturno-isl\u018fyici-led-isiq-arabasi.jpg","contentUrl":"https:\/\/medishop.az\/wp-content\/uploads\/2022\/12\/0e9ba145-saturno-isl\u018fyici-led-isiq-arabasi.jpg","width":1000,"height":1000},{"@type":"BreadcrumbList","@id":"https:\/\/medishop.az\/mehsul\/saturno-isl%c9%99yici-led-isiq-arabasi\/#breadcrumb","itemListElement":[{"@type":"ListItem","position":1,"name":"\u018fsas","item":"https:\/\/medishop.az\/"},{"@type":"ListItem","position":2,"name":"Ma\u011faza","item":"https:\/\/medishop.az\/ru\/shop\/"},{"@type":"ListItem","position":3,"name":"SATURNO \u0130\u015eL\u018fY\u0130C\u0130 LED \u0130\u015eIQ &#8211; arabas\u0131"}]},{"@type":"WebSite","@id":"https:\/\/medishop.az\/#website","url":"https:\/\/medishop.az\/","name":"Medishop","description":"Onlayn tibbi ma\u011faza","publisher":{"@id":"https:\/\/medishop.az\/#organization"},"potentialAction":[{"@type":"SearchAction","target":{"@type":"EntryPoint","urlTemplate":"https:\/\/medishop.az\/?s={search_term_string}"},"query-input":"required name=search_term_string"}],"inLanguage":"ru-RU"},{"@type":"Organization","@id":"https:\/\/medishop.az\/#organization","name":"Medishop","url":"https:\/\/medishop.az\/","logo":{"@type":"ImageObject","inLanguage":"ru-RU","@id":"https:\/\/medishop.az\/#\/schema\/logo\/image\/","url":"https:\/\/storage.googleapis.com\/stateless-medishop-az\/2022\/12\/logo.png","contentUrl":"https:\/\/storage.googleapis.com\/stateless-medishop-az\/2022\/12\/logo.png","width":300,"height":89,"caption":"Medishop"},"image":{"@id":"https:\/\/medishop.az\/#\/schema\/logo\/image\/"},"sameAs":["https:\/\/www.facebook.com\/medishop.azerbaijan"]}]}},"jetpack_sharing_enabled":true,"_links":{"self":[{"href":"http:\/\/medishop.az\/ru\/wp-json\/wp\/v2\/product\/3604","targetHints":{"allow":["GET"]}}],"collection":[{"href":"http:\/\/medishop.az\/ru\/wp-json\/wp\/v2\/product"}],"about":[{"href":"http:\/\/medishop.az\/ru\/wp-json\/wp\/v2\/types\/product"}],"wp:featuredmedia":[{"embeddable":true,"href":"http:\/\/medishop.az\/ru\/wp-json\/wp\/v2\/media\/3605"}],"wp:attachment":[{"href":"http:\/\/medishop.az\/ru\/wp-json\/wp\/v2\/media?parent=3604"}],"wp:term":[{"taxonomy":"product_cat","embeddable":true,"href":"http:\/\/medishop.az\/ru\/wp-json\/wp\/v2\/product_cat?post=3604"},{"taxonomy":"product_tag","embeddable":true,"href":"http:\/\/medishop.az\/ru\/wp-json\/wp\/v2\/product_tag?post=3604"}],"curies":[{"name":"wp","href":"https:\/\/api.w.org\/{rel}","templated":true}]}}