{"id":3540,"date":"2022-12-15T16:06:00","date_gmt":"2022-12-15T12:06:00","guid":{"rendered":"https:\/\/medishop.az\/?post_type=product&#038;p=3540"},"modified":"2022-12-15T16:06:03","modified_gmt":"2022-12-15T12:06:03","slug":"durban-lupa-3-5x-420mm","status":"publish","type":"product","link":"http:\/\/medishop.az\/ru\/mehsul\/durban-lupa-3-5x-420mm\/","title":{"rendered":"\u041b\u0423\u041f\u0410 3,5x 420 \u043c\u043c"},"content":{"rendered":"<p>B\u0130lOKULYAR LOUPE<\/p>\n<p>\u2022 Binocular Loupe<br \/>\n\u2022 Magnification: 3.5X<br \/>\n\u2022 \u0130\u015f m\u0259saf\u0259: 420 mm<br \/>\n\u2022 Bax\u0131\u015f sah\u0259si \u00d8: 60 mm<\/p>\n<p>Y\u00fcng\u00fcl, erqonomik bax\u0131mdan \u00fcst\u00fcn Galilean \u00fcslublu flip-up loupes. 30890, 30940-c\u0131 ill\u0259rd\u0259 m\u00fcst\u0259qil v\u0259 ya montaj edil\u0259<br \/>\nbil\u0259r.<br \/>\n\u00c7ox \u00f6rt\u00fckl\u00fc v\u0259 y\u00fcks\u0259k d\u0259r\u0259c\u0259li \u015f\u00fc\u015f\u0259 linzalar t\u0259miz v\u0259 iti g\u00f6r\u00fcnt\u00fcn\u00fc t\u0259min edir. Geni\u015f m\u0259nz\u0259r\u0259li<br \/>\ng\u00f6z b\u0259b\u0259yi.<br \/>\nStereoskopik olaraq obyektiv g\u00f6rm\u0259k \u00fc\u00e7\u00fcn d\u0259rin fokus.<br \/>\n0\u00b0-d\u0259n 40\u00b0-y\u0259 q\u0259d\u0259r asanl\u0131qla loupes bucaqlar\u0131 d\u00fcz\u0259ldil\u0259 bil\u0259r ki, h\u0259tta uzun m\u00fcdd\u0259t istifad\u0259d\u0259n sonra bel\u0259 yor\u011funlu\u011fu minimuma endir\u0259 bil\u0259r.<br \/>\n6 mm yuxar\u0131 v\u0259 a\u015fa\u011f\u0131 dislokser. M\u00fcxt\u0259lif \u00fcz tipl\u0259rin\u0259 uy\u011fun<br \/>\nuy\u011fun uy\u011fun \u015fagird m\u0259saf\u0259si.<\/p>\n<p>\u00c7\u0259kisi: 103 q<\/p>\n<p>Multilingual manual: GB, FR, IT, ES, PT, GR<\/p>","protected":false},"excerpt":{"rendered":"<p>B\u0130lOKULYAR LOUPE \u2022 Binocular Loupe \u2022 Magnification: 3.5X \u2022 \u0130\u015f m\u0259saf\u0259: 420 mm \u2022 Bax\u0131\u015f sah\u0259si \u00d8: 60 mm Y\u00fcng\u00fcl, erqonomik bax\u0131mdan \u00fcst\u00fcn Galilean \u00fcslublu flip-up loupes. 30890, 30940-c\u0131 ill\u0259rd\u0259<\/p>","protected":false},"featured_media":3541,"template":"","meta":[],"product_cat":[15],"product_tag":[282],"class_list":{"0":"post-3540","1":"product","2":"type-product","3":"status-publish","4":"has-post-thumbnail","6":"product_cat-diger","7":"product_tag-durban-lupa","9":"first","10":"instock","11":"shipping-taxable","12":"purchasable","13":"product-type-simple"},"yoast_head":"<!-- This site is optimized with the Yoast SEO plugin v22.7 - https:\/\/yoast.com\/wordpress\/plugins\/seo\/ -->\n<title>DURBAN LUPA 3.5x 420mm - Medishop<\/title>\n<meta name=\"robots\" content=\"index, follow, max-snippet:-1, max-image-preview:large, max-video-preview:-1\" \/>\n<link rel=\"canonical\" href=\"http:\/\/medishop.az\/ru\/mehsul\/durban-lupa-3-5x-420mm\/\" \/>\n<meta property=\"og:locale\" content=\"ru_RU\" \/>\n<meta property=\"og:type\" content=\"article\" \/>\n<meta property=\"og:title\" content=\"DURBAN LUPA 3.5x 420mm - Medishop\" \/>\n<meta property=\"og:description\" content=\"B\u0130lOKULYAR LOUPE \u2022 Binocular Loupe \u2022 Magnification: 3.5X \u2022 \u0130\u015f m\u0259saf\u0259: 420 mm \u2022 Bax\u0131\u015f sah\u0259si \u00d8: 60 mm Y\u00fcng\u00fcl, erqonomik bax\u0131mdan \u00fcst\u00fcn Galilean \u00fcslublu flip-up loupes. 30890, 30940-c\u0131 ill\u0259rd\u0259\" \/>\n<meta property=\"og:url\" content=\"http:\/\/medishop.az\/ru\/mehsul\/durban-lupa-3-5x-420mm\/\" \/>\n<meta property=\"og:site_name\" content=\"Medishop\" \/>\n<meta property=\"article:publisher\" content=\"https:\/\/www.facebook.com\/medishop.azerbaijan\" \/>\n<meta property=\"article:modified_time\" content=\"2022-12-15T12:06:03+00:00\" \/>\n<meta property=\"og:image\" content=\"https:\/\/storage.googleapis.com\/stateless-medishop-az\/2022\/12\/7ec75f13-durban-lupa-3.5x-420mm.jpg\" \/>\n\t<meta property=\"og:image:width\" content=\"1000\" \/>\n\t<meta property=\"og:image:height\" content=\"1000\" \/>\n\t<meta property=\"og:image:type\" content=\"image\/jpeg\" \/>\n<meta name=\"twitter:card\" content=\"summary_large_image\" \/>\n<meta name=\"twitter:label1\" content=\"\u041f\u0440\u0438\u043c\u0435\u0440\u043d\u043e\u0435 \u0432\u0440\u0435\u043c\u044f \u0434\u043b\u044f \u0447\u0442\u0435\u043d\u0438\u044f\" \/>\n\t<meta name=\"twitter:data1\" content=\"1 \u043c\u0438\u043d\u0443\u0442\u0430\" \/>\n<script type=\"application\/ld+json\" class=\"yoast-schema-graph\">{\"@context\":\"https:\/\/schema.org\",\"@graph\":[{\"@type\":\"WebPage\",\"@id\":\"https:\/\/medishop.az\/mehsul\/durban-lupa-3-5x-420mm\/\",\"url\":\"https:\/\/medishop.az\/mehsul\/durban-lupa-3-5x-420mm\/\",\"name\":\"DURBAN LUPA 3.5x 420mm - Medishop\",\"isPartOf\":{\"@id\":\"https:\/\/medishop.az\/#website\"},\"primaryImageOfPage\":{\"@id\":\"https:\/\/medishop.az\/mehsul\/durban-lupa-3-5x-420mm\/#primaryimage\"},\"image\":{\"@id\":\"https:\/\/medishop.az\/mehsul\/durban-lupa-3-5x-420mm\/#primaryimage\"},\"thumbnailUrl\":\"https:\/\/medishop.az\/wp-content\/uploads\/2022\/12\/7ec75f13-durban-lupa-3.5x-420mm.jpg\",\"datePublished\":\"2022-12-15T12:06:00+00:00\",\"dateModified\":\"2022-12-15T12:06:03+00:00\",\"breadcrumb\":{\"@id\":\"https:\/\/medishop.az\/mehsul\/durban-lupa-3-5x-420mm\/#breadcrumb\"},\"inLanguage\":\"ru-RU\",\"potentialAction\":[{\"@type\":\"ReadAction\",\"target\":[\"https:\/\/medishop.az\/mehsul\/durban-lupa-3-5x-420mm\/\"]}]},{\"@type\":\"ImageObject\",\"inLanguage\":\"ru-RU\",\"@id\":\"https:\/\/medishop.az\/mehsul\/durban-lupa-3-5x-420mm\/#primaryimage\",\"url\":\"https:\/\/medishop.az\/wp-content\/uploads\/2022\/12\/7ec75f13-durban-lupa-3.5x-420mm.jpg\",\"contentUrl\":\"https:\/\/medishop.az\/wp-content\/uploads\/2022\/12\/7ec75f13-durban-lupa-3.5x-420mm.jpg\",\"width\":1000,\"height\":1000},{\"@type\":\"BreadcrumbList\",\"@id\":\"https:\/\/medishop.az\/mehsul\/durban-lupa-3-5x-420mm\/#breadcrumb\",\"itemListElement\":[{\"@type\":\"ListItem\",\"position\":1,\"name\":\"\u018fsas\",\"item\":\"https:\/\/medishop.az\/\"},{\"@type\":\"ListItem\",\"position\":2,\"name\":\"Ma\u011faza\",\"item\":\"https:\/\/medishop.az\/ru\/shop\/\"},{\"@type\":\"ListItem\",\"position\":3,\"name\":\"DURBAN LUPA 3.5x 420mm\"}]},{\"@type\":\"WebSite\",\"@id\":\"https:\/\/medishop.az\/#website\",\"url\":\"https:\/\/medishop.az\/\",\"name\":\"Medishop\",\"description\":\"Onlayn tibbi ma\u011faza\",\"publisher\":{\"@id\":\"https:\/\/medishop.az\/#organization\"},\"potentialAction\":[{\"@type\":\"SearchAction\",\"target\":{\"@type\":\"EntryPoint\",\"urlTemplate\":\"https:\/\/medishop.az\/?s={search_term_string}\"},\"query-input\":\"required name=search_term_string\"}],\"inLanguage\":\"ru-RU\"},{\"@type\":\"Organization\",\"@id\":\"https:\/\/medishop.az\/#organization\",\"name\":\"Medishop\",\"url\":\"https:\/\/medishop.az\/\",\"logo\":{\"@type\":\"ImageObject\",\"inLanguage\":\"ru-RU\",\"@id\":\"https:\/\/medishop.az\/#\/schema\/logo\/image\/\",\"url\":\"https:\/\/storage.googleapis.com\/stateless-medishop-az\/2022\/12\/logo.png\",\"contentUrl\":\"https:\/\/storage.googleapis.com\/stateless-medishop-az\/2022\/12\/logo.png\",\"width\":300,\"height\":89,\"caption\":\"Medishop\"},\"image\":{\"@id\":\"https:\/\/medishop.az\/#\/schema\/logo\/image\/\"},\"sameAs\":[\"https:\/\/www.facebook.com\/medishop.azerbaijan\"]}]}<\/script>\n<!-- \/ Yoast SEO plugin. -->","yoast_head_json":{"title":"DURBAN LUPA 3.5x 420mm - Medishop","robots":{"index":"index","follow":"follow","max-snippet":"max-snippet:-1","max-image-preview":"max-image-preview:large","max-video-preview":"max-video-preview:-1"},"canonical":"http:\/\/medishop.az\/ru\/mehsul\/durban-lupa-3-5x-420mm\/","og_locale":"ru_RU","og_type":"article","og_title":"DURBAN LUPA 3.5x 420mm - Medishop","og_description":"B\u0130lOKULYAR LOUPE \u2022 Binocular Loupe \u2022 Magnification: 3.5X \u2022 \u0130\u015f m\u0259saf\u0259: 420 mm \u2022 Bax\u0131\u015f sah\u0259si \u00d8: 60 mm Y\u00fcng\u00fcl, erqonomik bax\u0131mdan \u00fcst\u00fcn Galilean \u00fcslublu flip-up loupes. 30890, 30940-c\u0131 ill\u0259rd\u0259","og_url":"http:\/\/medishop.az\/ru\/mehsul\/durban-lupa-3-5x-420mm\/","og_site_name":"Medishop","article_publisher":"https:\/\/www.facebook.com\/medishop.azerbaijan","article_modified_time":"2022-12-15T12:06:03+00:00","og_image":[{"width":1000,"height":1000,"url":"https:\/\/storage.googleapis.com\/stateless-medishop-az\/2022\/12\/7ec75f13-durban-lupa-3.5x-420mm.jpg","type":"image\/jpeg"}],"twitter_card":"summary_large_image","twitter_misc":{"\u041f\u0440\u0438\u043c\u0435\u0440\u043d\u043e\u0435 \u0432\u0440\u0435\u043c\u044f \u0434\u043b\u044f \u0447\u0442\u0435\u043d\u0438\u044f":"1 \u043c\u0438\u043d\u0443\u0442\u0430"},"schema":{"@context":"https:\/\/schema.org","@graph":[{"@type":"WebPage","@id":"https:\/\/medishop.az\/mehsul\/durban-lupa-3-5x-420mm\/","url":"https:\/\/medishop.az\/mehsul\/durban-lupa-3-5x-420mm\/","name":"DURBAN LUPA 3.5x 420mm - Medishop","isPartOf":{"@id":"https:\/\/medishop.az\/#website"},"primaryImageOfPage":{"@id":"https:\/\/medishop.az\/mehsul\/durban-lupa-3-5x-420mm\/#primaryimage"},"image":{"@id":"https:\/\/medishop.az\/mehsul\/durban-lupa-3-5x-420mm\/#primaryimage"},"thumbnailUrl":"https:\/\/medishop.az\/wp-content\/uploads\/2022\/12\/7ec75f13-durban-lupa-3.5x-420mm.jpg","datePublished":"2022-12-15T12:06:00+00:00","dateModified":"2022-12-15T12:06:03+00:00","breadcrumb":{"@id":"https:\/\/medishop.az\/mehsul\/durban-lupa-3-5x-420mm\/#breadcrumb"},"inLanguage":"ru-RU","potentialAction":[{"@type":"ReadAction","target":["https:\/\/medishop.az\/mehsul\/durban-lupa-3-5x-420mm\/"]}]},{"@type":"ImageObject","inLanguage":"ru-RU","@id":"https:\/\/medishop.az\/mehsul\/durban-lupa-3-5x-420mm\/#primaryimage","url":"https:\/\/medishop.az\/wp-content\/uploads\/2022\/12\/7ec75f13-durban-lupa-3.5x-420mm.jpg","contentUrl":"https:\/\/medishop.az\/wp-content\/uploads\/2022\/12\/7ec75f13-durban-lupa-3.5x-420mm.jpg","width":1000,"height":1000},{"@type":"BreadcrumbList","@id":"https:\/\/medishop.az\/mehsul\/durban-lupa-3-5x-420mm\/#breadcrumb","itemListElement":[{"@type":"ListItem","position":1,"name":"\u018fsas","item":"https:\/\/medishop.az\/"},{"@type":"ListItem","position":2,"name":"Ma\u011faza","item":"https:\/\/medishop.az\/ru\/shop\/"},{"@type":"ListItem","position":3,"name":"DURBAN LUPA 3.5x 420mm"}]},{"@type":"WebSite","@id":"https:\/\/medishop.az\/#website","url":"https:\/\/medishop.az\/","name":"Medishop","description":"Onlayn tibbi ma\u011faza","publisher":{"@id":"https:\/\/medishop.az\/#organization"},"potentialAction":[{"@type":"SearchAction","target":{"@type":"EntryPoint","urlTemplate":"https:\/\/medishop.az\/?s={search_term_string}"},"query-input":"required name=search_term_string"}],"inLanguage":"ru-RU"},{"@type":"Organization","@id":"https:\/\/medishop.az\/#organization","name":"Medishop","url":"https:\/\/medishop.az\/","logo":{"@type":"ImageObject","inLanguage":"ru-RU","@id":"https:\/\/medishop.az\/#\/schema\/logo\/image\/","url":"https:\/\/storage.googleapis.com\/stateless-medishop-az\/2022\/12\/logo.png","contentUrl":"https:\/\/storage.googleapis.com\/stateless-medishop-az\/2022\/12\/logo.png","width":300,"height":89,"caption":"Medishop"},"image":{"@id":"https:\/\/medishop.az\/#\/schema\/logo\/image\/"},"sameAs":["https:\/\/www.facebook.com\/medishop.azerbaijan"]}]}},"jetpack_sharing_enabled":true,"_links":{"self":[{"href":"http:\/\/medishop.az\/ru\/wp-json\/wp\/v2\/product\/3540","targetHints":{"allow":["GET"]}}],"collection":[{"href":"http:\/\/medishop.az\/ru\/wp-json\/wp\/v2\/product"}],"about":[{"href":"http:\/\/medishop.az\/ru\/wp-json\/wp\/v2\/types\/product"}],"wp:featuredmedia":[{"embeddable":true,"href":"http:\/\/medishop.az\/ru\/wp-json\/wp\/v2\/media\/3541"}],"wp:attachment":[{"href":"http:\/\/medishop.az\/ru\/wp-json\/wp\/v2\/media?parent=3540"}],"wp:term":[{"taxonomy":"product_cat","embeddable":true,"href":"http:\/\/medishop.az\/ru\/wp-json\/wp\/v2\/product_cat?post=3540"},{"taxonomy":"product_tag","embeddable":true,"href":"http:\/\/medishop.az\/ru\/wp-json\/wp\/v2\/product_tag?post=3540"}],"curies":[{"name":"wp","href":"https:\/\/api.w.org\/{rel}","templated":true}]}}