{"id":3531,"date":"2022-12-15T15:49:42","date_gmt":"2022-12-15T11:49:42","guid":{"rendered":"https:\/\/medishop.az\/?post_type=product&#038;p=3531"},"modified":"2022-12-15T15:49:43","modified_gmt":"2022-12-15T11:49:43","slug":"heine-durban-lupa-2-5x-420mm-j-000-31-371","status":"publish","type":"product","link":"http:\/\/medishop.az\/ru\/mehsul\/heine-durban-lupa-2-5x-420mm-j-000-31-371\/","title":{"rendered":"HEINE DURBAN LUPA 2.5X &#8211; 420mm J.000.31.371"},"content":{"rendered":"<p>HeINE binocular loupes y\u00fcks\u0259k texnologiyal\u0131 materiallar v\u0259 istehsal \u00fcsullar\u0131 il\u0259 birl\u0259\u015fdirilmi\u015f innovativ optika \u00fc\u00e7\u00fcn standartlar t\u0259yin edir. Geni\u015f t\u0259tbiq sah\u0259l\u0259ri: \u00fcmumi tibb, dermatologiya, ki\u00e7ik v\u0259 b\u0259zi b\u00f6y\u00fck c\u0259rrahiyy\u0259, plastik c\u0259rrahiyy\u0259, neyro-c\u0259rrahiyy\u0259, ENT, oftalmologiya, veterinar tibb, di\u015f h\u0259kimliyi v\u0259 s. B\u00f6y\u00fctm\u0259k \u00fc\u00e7\u00fcn louplardan istifad\u0259 etm\u0259k g\u00f6rm\u0259 acuity-nizi art\u0131racaq v\u0259 g\u00f6z g\u0259rginliyinizi azaldacaq. \u0130\u015f m\u0259saf\u0259sinin diqq\u0259tl\u0259 se\u00e7ilm\u0259si v\u0259 d\u00fczg\u00fcn bax\u0131\u015f buca\u011f\u0131 rahat i\u015f m\u00f6vqeyin\u0259 imkan ver\u0259r\u0259k arxa v\u0259 boyun g\u0259rginlikl\u0259rind\u0259n qa\u00e7\u0131nacaq<\/p>","protected":false},"excerpt":{"rendered":"<p>HeINE binocular loupes y\u00fcks\u0259k texnologiyal\u0131 materiallar v\u0259 istehsal \u00fcsullar\u0131 il\u0259 birl\u0259\u015fdirilmi\u015f innovativ optika \u00fc\u00e7\u00fcn standartlar t\u0259yin edir. Geni\u015f t\u0259tbiq sah\u0259l\u0259ri: \u00fcmumi tibb, dermatologiya, ki\u00e7ik v\u0259 b\u0259zi b\u00f6y\u00fck c\u0259rrahiyy\u0259, plastik c\u0259rrahiyy\u0259,<\/p>","protected":false},"featured_media":3528,"template":"","meta":[],"product_cat":[15],"product_tag":[],"class_list":{"0":"post-3531","1":"product","2":"type-product","3":"status-publish","4":"has-post-thumbnail","6":"product_cat-diger","8":"first","9":"instock","10":"shipping-taxable","11":"purchasable","12":"product-type-simple"},"yoast_head":"<!-- This site is optimized with the Yoast SEO plugin v22.7 - https:\/\/yoast.com\/wordpress\/plugins\/seo\/ -->\n<title>HEINE DURBAN LUPA 2.5X - 420mm J.000.31.371 - Medishop<\/title>\n<meta name=\"robots\" content=\"index, follow, max-snippet:-1, max-image-preview:large, max-video-preview:-1\" \/>\n<link rel=\"canonical\" href=\"http:\/\/medishop.az\/ru\/mehsul\/heine-durban-lupa-2-5x-420mm-j-000-31-371\/\" \/>\n<meta property=\"og:locale\" content=\"ru_RU\" \/>\n<meta property=\"og:type\" content=\"article\" \/>\n<meta property=\"og:title\" content=\"HEINE DURBAN LUPA 2.5X - 420mm J.000.31.371 - Medishop\" \/>\n<meta property=\"og:description\" content=\"HeINE binocular loupes y\u00fcks\u0259k texnologiyal\u0131 materiallar v\u0259 istehsal \u00fcsullar\u0131 il\u0259 birl\u0259\u015fdirilmi\u015f innovativ optika \u00fc\u00e7\u00fcn standartlar t\u0259yin edir. Geni\u015f t\u0259tbiq sah\u0259l\u0259ri: \u00fcmumi tibb, dermatologiya, ki\u00e7ik v\u0259 b\u0259zi b\u00f6y\u00fck c\u0259rrahiyy\u0259, plastik c\u0259rrahiyy\u0259,\" \/>\n<meta property=\"og:url\" content=\"http:\/\/medishop.az\/ru\/mehsul\/heine-durban-lupa-2-5x-420mm-j-000-31-371\/\" \/>\n<meta property=\"og:site_name\" content=\"Medishop\" \/>\n<meta property=\"article:publisher\" content=\"https:\/\/www.facebook.com\/medishop.azerbaijan\" \/>\n<meta property=\"article:modified_time\" content=\"2022-12-15T11:49:43+00:00\" \/>\n<meta property=\"og:image\" content=\"https:\/\/storage.googleapis.com\/stateless-medishop-az\/2022\/12\/95b5932a-heine-durban-lupa-2.5x-340mm-j.000.31.370.jpg\" \/>\n\t<meta property=\"og:image:width\" content=\"1000\" \/>\n\t<meta property=\"og:image:height\" content=\"1000\" \/>\n\t<meta property=\"og:image:type\" content=\"image\/jpeg\" \/>\n<meta name=\"twitter:card\" content=\"summary_large_image\" \/>\n<meta name=\"twitter:label1\" content=\"\u041f\u0440\u0438\u043c\u0435\u0440\u043d\u043e\u0435 \u0432\u0440\u0435\u043c\u044f \u0434\u043b\u044f \u0447\u0442\u0435\u043d\u0438\u044f\" \/>\n\t<meta name=\"twitter:data1\" content=\"1 \u043c\u0438\u043d\u0443\u0442\u0430\" \/>\n<script type=\"application\/ld+json\" class=\"yoast-schema-graph\">{\"@context\":\"https:\/\/schema.org\",\"@graph\":[{\"@type\":\"WebPage\",\"@id\":\"https:\/\/medishop.az\/mehsul\/heine-durban-lupa-2-5x-420mm-j-000-31-371\/\",\"url\":\"https:\/\/medishop.az\/mehsul\/heine-durban-lupa-2-5x-420mm-j-000-31-371\/\",\"name\":\"HEINE DURBAN LUPA 2.5X - 420mm J.000.31.371 - Medishop\",\"isPartOf\":{\"@id\":\"https:\/\/medishop.az\/#website\"},\"primaryImageOfPage\":{\"@id\":\"https:\/\/medishop.az\/mehsul\/heine-durban-lupa-2-5x-420mm-j-000-31-371\/#primaryimage\"},\"image\":{\"@id\":\"https:\/\/medishop.az\/mehsul\/heine-durban-lupa-2-5x-420mm-j-000-31-371\/#primaryimage\"},\"thumbnailUrl\":\"https:\/\/medishop.az\/wp-content\/uploads\/2022\/12\/95b5932a-heine-durban-lupa-2.5x-340mm-j.000.31.370.jpg\",\"datePublished\":\"2022-12-15T11:49:42+00:00\",\"dateModified\":\"2022-12-15T11:49:43+00:00\",\"breadcrumb\":{\"@id\":\"https:\/\/medishop.az\/mehsul\/heine-durban-lupa-2-5x-420mm-j-000-31-371\/#breadcrumb\"},\"inLanguage\":\"ru-RU\",\"potentialAction\":[{\"@type\":\"ReadAction\",\"target\":[\"https:\/\/medishop.az\/mehsul\/heine-durban-lupa-2-5x-420mm-j-000-31-371\/\"]}]},{\"@type\":\"ImageObject\",\"inLanguage\":\"ru-RU\",\"@id\":\"https:\/\/medishop.az\/mehsul\/heine-durban-lupa-2-5x-420mm-j-000-31-371\/#primaryimage\",\"url\":\"https:\/\/medishop.az\/wp-content\/uploads\/2022\/12\/95b5932a-heine-durban-lupa-2.5x-340mm-j.000.31.370.jpg\",\"contentUrl\":\"https:\/\/medishop.az\/wp-content\/uploads\/2022\/12\/95b5932a-heine-durban-lupa-2.5x-340mm-j.000.31.370.jpg\",\"width\":1000,\"height\":1000},{\"@type\":\"BreadcrumbList\",\"@id\":\"https:\/\/medishop.az\/mehsul\/heine-durban-lupa-2-5x-420mm-j-000-31-371\/#breadcrumb\",\"itemListElement\":[{\"@type\":\"ListItem\",\"position\":1,\"name\":\"\u018fsas\",\"item\":\"https:\/\/medishop.az\/\"},{\"@type\":\"ListItem\",\"position\":2,\"name\":\"Ma\u011faza\",\"item\":\"https:\/\/medishop.az\/ru\/shop\/\"},{\"@type\":\"ListItem\",\"position\":3,\"name\":\"HEINE DURBAN LUPA 2.5X &#8211; 420mm J.000.31.371\"}]},{\"@type\":\"WebSite\",\"@id\":\"https:\/\/medishop.az\/#website\",\"url\":\"https:\/\/medishop.az\/\",\"name\":\"Medishop\",\"description\":\"Onlayn tibbi ma\u011faza\",\"publisher\":{\"@id\":\"https:\/\/medishop.az\/#organization\"},\"potentialAction\":[{\"@type\":\"SearchAction\",\"target\":{\"@type\":\"EntryPoint\",\"urlTemplate\":\"https:\/\/medishop.az\/?s={search_term_string}\"},\"query-input\":\"required name=search_term_string\"}],\"inLanguage\":\"ru-RU\"},{\"@type\":\"Organization\",\"@id\":\"https:\/\/medishop.az\/#organization\",\"name\":\"Medishop\",\"url\":\"https:\/\/medishop.az\/\",\"logo\":{\"@type\":\"ImageObject\",\"inLanguage\":\"ru-RU\",\"@id\":\"https:\/\/medishop.az\/#\/schema\/logo\/image\/\",\"url\":\"https:\/\/storage.googleapis.com\/stateless-medishop-az\/2022\/12\/logo.png\",\"contentUrl\":\"https:\/\/storage.googleapis.com\/stateless-medishop-az\/2022\/12\/logo.png\",\"width\":300,\"height\":89,\"caption\":\"Medishop\"},\"image\":{\"@id\":\"https:\/\/medishop.az\/#\/schema\/logo\/image\/\"},\"sameAs\":[\"https:\/\/www.facebook.com\/medishop.azerbaijan\"]}]}<\/script>\n<!-- \/ Yoast SEO plugin. -->","yoast_head_json":{"title":"HEINE DURBAN LUPA 2.5X - 420mm J.000.31.371 - Medishop","robots":{"index":"index","follow":"follow","max-snippet":"max-snippet:-1","max-image-preview":"max-image-preview:large","max-video-preview":"max-video-preview:-1"},"canonical":"http:\/\/medishop.az\/ru\/mehsul\/heine-durban-lupa-2-5x-420mm-j-000-31-371\/","og_locale":"ru_RU","og_type":"article","og_title":"HEINE DURBAN LUPA 2.5X - 420mm J.000.31.371 - Medishop","og_description":"HeINE binocular loupes y\u00fcks\u0259k texnologiyal\u0131 materiallar v\u0259 istehsal \u00fcsullar\u0131 il\u0259 birl\u0259\u015fdirilmi\u015f innovativ optika \u00fc\u00e7\u00fcn standartlar t\u0259yin edir. Geni\u015f t\u0259tbiq sah\u0259l\u0259ri: \u00fcmumi tibb, dermatologiya, ki\u00e7ik v\u0259 b\u0259zi b\u00f6y\u00fck c\u0259rrahiyy\u0259, plastik c\u0259rrahiyy\u0259,","og_url":"http:\/\/medishop.az\/ru\/mehsul\/heine-durban-lupa-2-5x-420mm-j-000-31-371\/","og_site_name":"Medishop","article_publisher":"https:\/\/www.facebook.com\/medishop.azerbaijan","article_modified_time":"2022-12-15T11:49:43+00:00","og_image":[{"width":1000,"height":1000,"url":"https:\/\/storage.googleapis.com\/stateless-medishop-az\/2022\/12\/95b5932a-heine-durban-lupa-2.5x-340mm-j.000.31.370.jpg","type":"image\/jpeg"}],"twitter_card":"summary_large_image","twitter_misc":{"\u041f\u0440\u0438\u043c\u0435\u0440\u043d\u043e\u0435 \u0432\u0440\u0435\u043c\u044f \u0434\u043b\u044f \u0447\u0442\u0435\u043d\u0438\u044f":"1 \u043c\u0438\u043d\u0443\u0442\u0430"},"schema":{"@context":"https:\/\/schema.org","@graph":[{"@type":"WebPage","@id":"https:\/\/medishop.az\/mehsul\/heine-durban-lupa-2-5x-420mm-j-000-31-371\/","url":"https:\/\/medishop.az\/mehsul\/heine-durban-lupa-2-5x-420mm-j-000-31-371\/","name":"HEINE DURBAN LUPA 2.5X - 420mm J.000.31.371 - Medishop","isPartOf":{"@id":"https:\/\/medishop.az\/#website"},"primaryImageOfPage":{"@id":"https:\/\/medishop.az\/mehsul\/heine-durban-lupa-2-5x-420mm-j-000-31-371\/#primaryimage"},"image":{"@id":"https:\/\/medishop.az\/mehsul\/heine-durban-lupa-2-5x-420mm-j-000-31-371\/#primaryimage"},"thumbnailUrl":"https:\/\/medishop.az\/wp-content\/uploads\/2022\/12\/95b5932a-heine-durban-lupa-2.5x-340mm-j.000.31.370.jpg","datePublished":"2022-12-15T11:49:42+00:00","dateModified":"2022-12-15T11:49:43+00:00","breadcrumb":{"@id":"https:\/\/medishop.az\/mehsul\/heine-durban-lupa-2-5x-420mm-j-000-31-371\/#breadcrumb"},"inLanguage":"ru-RU","potentialAction":[{"@type":"ReadAction","target":["https:\/\/medishop.az\/mehsul\/heine-durban-lupa-2-5x-420mm-j-000-31-371\/"]}]},{"@type":"ImageObject","inLanguage":"ru-RU","@id":"https:\/\/medishop.az\/mehsul\/heine-durban-lupa-2-5x-420mm-j-000-31-371\/#primaryimage","url":"https:\/\/medishop.az\/wp-content\/uploads\/2022\/12\/95b5932a-heine-durban-lupa-2.5x-340mm-j.000.31.370.jpg","contentUrl":"https:\/\/medishop.az\/wp-content\/uploads\/2022\/12\/95b5932a-heine-durban-lupa-2.5x-340mm-j.000.31.370.jpg","width":1000,"height":1000},{"@type":"BreadcrumbList","@id":"https:\/\/medishop.az\/mehsul\/heine-durban-lupa-2-5x-420mm-j-000-31-371\/#breadcrumb","itemListElement":[{"@type":"ListItem","position":1,"name":"\u018fsas","item":"https:\/\/medishop.az\/"},{"@type":"ListItem","position":2,"name":"Ma\u011faza","item":"https:\/\/medishop.az\/ru\/shop\/"},{"@type":"ListItem","position":3,"name":"HEINE DURBAN LUPA 2.5X &#8211; 420mm J.000.31.371"}]},{"@type":"WebSite","@id":"https:\/\/medishop.az\/#website","url":"https:\/\/medishop.az\/","name":"Medishop","description":"Onlayn tibbi ma\u011faza","publisher":{"@id":"https:\/\/medishop.az\/#organization"},"potentialAction":[{"@type":"SearchAction","target":{"@type":"EntryPoint","urlTemplate":"https:\/\/medishop.az\/?s={search_term_string}"},"query-input":"required name=search_term_string"}],"inLanguage":"ru-RU"},{"@type":"Organization","@id":"https:\/\/medishop.az\/#organization","name":"Medishop","url":"https:\/\/medishop.az\/","logo":{"@type":"ImageObject","inLanguage":"ru-RU","@id":"https:\/\/medishop.az\/#\/schema\/logo\/image\/","url":"https:\/\/storage.googleapis.com\/stateless-medishop-az\/2022\/12\/logo.png","contentUrl":"https:\/\/storage.googleapis.com\/stateless-medishop-az\/2022\/12\/logo.png","width":300,"height":89,"caption":"Medishop"},"image":{"@id":"https:\/\/medishop.az\/#\/schema\/logo\/image\/"},"sameAs":["https:\/\/www.facebook.com\/medishop.azerbaijan"]}]}},"jetpack_sharing_enabled":true,"_links":{"self":[{"href":"http:\/\/medishop.az\/ru\/wp-json\/wp\/v2\/product\/3531","targetHints":{"allow":["GET"]}}],"collection":[{"href":"http:\/\/medishop.az\/ru\/wp-json\/wp\/v2\/product"}],"about":[{"href":"http:\/\/medishop.az\/ru\/wp-json\/wp\/v2\/types\/product"}],"wp:featuredmedia":[{"embeddable":true,"href":"http:\/\/medishop.az\/ru\/wp-json\/wp\/v2\/media\/3528"}],"wp:attachment":[{"href":"http:\/\/medishop.az\/ru\/wp-json\/wp\/v2\/media?parent=3531"}],"wp:term":[{"taxonomy":"product_cat","embeddable":true,"href":"http:\/\/medishop.az\/ru\/wp-json\/wp\/v2\/product_cat?post=3531"},{"taxonomy":"product_tag","embeddable":true,"href":"http:\/\/medishop.az\/ru\/wp-json\/wp\/v2\/product_tag?post=3531"}],"curies":[{"name":"wp","href":"https:\/\/api.w.org\/{rel}","templated":true}]}}