{"id":3467,"date":"2022-12-15T14:24:43","date_gmt":"2022-12-15T10:24:43","guid":{"rendered":"https:\/\/medishop.az\/?post_type=product&#038;p=3467"},"modified":"2022-12-15T14:24:44","modified_gmt":"2022-12-15T10:24:44","slug":"diatermo-mb-300d-hospital","status":"publish","type":"product","link":"http:\/\/medishop.az\/ru\/mehsul\/diatermo-mb-300d-hospital\/","title":{"rendered":"DIATERMO MB 300D HOSPITAL"},"content":{"rendered":"<p>Monopol k\u0259sik v\u0259 koaqulasiya k\u0259siyi \u00fc\u00e7\u00fcn cari \u00e7atd\u0131rmaq \u00fc\u00e7\u00fcn uy\u011fun olan y\u00fcks\u0259k tezlikli elektros\u00fcr\u00fcc\u00fc avadanl\u0131qlar (koaqulyasiyan\u0131n m\u00fcxt\u0259lif s\u0259viyy\u0259l\u0259ri il\u0259), bipolyar k\u0259sik v\u0259 koaqulyasiya.<\/p>\n<p>TWIN OPERATORE ACTIVITY<br \/>\n&#8211; monopol cut<br \/>\n\u00fc\u00e7\u00fcn iki \u00e7\u0131x\u0131\u015f kanal- iki m\u00fcst\u0259qil ayar v\u0259 \u00e7\u0131x\u0131\u015f kanallar\u0131 \u0259n tez-tez monopolar koagulyasiya<\/p>\n<p>CONTROLLED CUT PROCEDURES<br \/>\n&#8211; enhanced cut current for eschar free incision<br \/>\n&#8211; cut current with selectable coagulating property for bleeding controll dissection<br \/>\n&#8211; low capacitance coupling by slow BLEND current for endoscopic procedures<\/p>\n<p>TWIN CONTROLLED COAGULATION PROCEDURES<br \/>\n&#8211; SPEEDY coagulation and DEEP coagulation available to two operators<br \/>\n&#8211; SPRAY coagulation by hand switch or foot switch controls<\/p>\n<p>EXTENSIVE BIPOLAR FEATURES<br \/>\n&#8211; bipolyar k\u0259sim ax\u0131n il\u0259 se\u00e7ilmi\u015f qanaxma kontrol<br \/>\n&#8211; yava\u015f BLEND kesme cari<br \/>\n&#8211; avtomatik Start\/Stop coagulation funksiyalar\u0131<\/p>\n<p>SURGEON AND PATIENT TOTAL T\u018fHL\u00dcK\u018fSIZLIK\u00b7<br \/>\n&#8211; Skin Plate Electronic Control (SPEC)<br \/>\nt\u0259r\u0259find\u0259n davaml\u0131 olaraq n\u0259zar\u0259t edil\u0259n x\u0259st\u0259 b\u0259d\u0259n v\u0259 geri elektrod aras\u0131nda \u0259laq\u0259 mane\u0259sinin q\u0259bul edilm\u0259si- H.F. s\u0131zma ax\u0131nlar\u0131 davaml\u0131 n\u0259zar\u0259t-<br \/>\n\u0259saslar\u0131n dal\u011falanma avtomatik olaraq kompensasiya olunur HF g\u00fcc\u00fc<\/p>\n<p>PERSONALIZED PROCEDURES<br \/>\n&#8211; h\u0259r iki operator<br \/>\nt\u0259r\u0259find\u0259n koagulyasiya ax\u0131nlar\u0131 v\u0259 g\u00fcc s\u0259viyy\u0259sinin m\u00fcst\u0259qil se\u00e7imi &#8211; 10-a q\u0259d\u0259r prosedur konfiqurasiya edil\u0259 bil\u0259r v\u0259 yenid\u0259n EXTENSION DRIVER v\u0259 INTERLOCK SIGNALS<br \/>\n&#8211;<\/p>\n<p>driven \u00e7\u0131x\u0131\u015f ba\u011flant\u0131s\u0131 xarici Argon Plasma vahid v\u0259 Duman Evacuator b\u00f6lm\u0259<\/p>\n<p>AVTOMATIK SELF DIAGNOSIS<br \/>\n&#8211; avtomatik diaqnostik n\u0259zar\u0259t elektron vahid tam funksionall\u0131\u011f\u0131 v\u0259 ba\u011fl\u0131 aksesuarlar\u0131n kodlanm\u0131\u015f hesabat\u0131 il\u0259<br \/>\n\u0259laq\u0259l\u0259ndirilm\u0259si<br \/>\nSUITABLE IN:<br \/>\n&#8211; OUTPATIENT SURGERY<br \/>\n&#8211; \u00dcMUMI C\u018fRRAHIYY\u018f<br \/>\n&#8211; PEDIATRIK C\u018fRRAHIYY\u018f<br \/>\n&#8211; PLASTIK C\u018fRRAHIYY\u018f<br \/>\n&#8211; THORAX<br \/>\nC\u018fRRAHIYY\u018fSI- DAMAR C\u018fRRAHIYY\u018fSI<br \/>\n&#8211; DERMATOLOGIYA<br \/>\n&#8211; ENDOSKOPIYA<br \/>\n&#8211; QASTROENTEROLOGIYA<br \/>\n&#8211; GINEKOLOGIYA<br \/>\n&#8211; NEYROC\u018fRRAHIYY\u018f<br \/>\n&#8211; ORTOPEDIYA<br \/>\n&#8211; OTORHINOLARINQOLOGIYA<br \/>\n&#8211; PNEVMOLOGIYA<br \/>\n&#8211; UROLOGIYA<br \/>\n&#8211; VETERINARY<\/p>","protected":false},"excerpt":{"rendered":"<p>Monopol k\u0259sik v\u0259 koaqulasiya k\u0259siyi \u00fc\u00e7\u00fcn cari \u00e7atd\u0131rmaq \u00fc\u00e7\u00fcn uy\u011fun olan y\u00fcks\u0259k tezlikli elektros\u00fcr\u00fcc\u00fc avadanl\u0131qlar (koaqulyasiyan\u0131n m\u00fcxt\u0259lif s\u0259viyy\u0259l\u0259ri il\u0259), bipolyar k\u0259sik v\u0259 koaqulyasiya. TWIN OPERATORE ACTIVITY &#8211; monopol cut \u00fc\u00e7\u00fcn<\/p>","protected":false},"featured_media":3468,"template":"","meta":[],"product_cat":[15],"product_tag":[272],"class_list":{"0":"post-3467","1":"product","2":"type-product","3":"status-publish","4":"has-post-thumbnail","6":"product_cat-diger","7":"product_tag-diatermo","9":"first","10":"instock","11":"shipping-taxable","12":"purchasable","13":"product-type-simple"},"yoast_head":"<!-- This site is optimized with the Yoast SEO plugin v22.7 - https:\/\/yoast.com\/wordpress\/plugins\/seo\/ -->\n<title>DIATERMO MB 300D HOSPITAL - Medishop<\/title>\n<meta name=\"robots\" content=\"index, follow, max-snippet:-1, max-image-preview:large, max-video-preview:-1\" \/>\n<link rel=\"canonical\" href=\"http:\/\/medishop.az\/ru\/mehsul\/diatermo-mb-300d-hospital\/\" \/>\n<meta property=\"og:locale\" content=\"ru_RU\" \/>\n<meta property=\"og:type\" content=\"article\" \/>\n<meta property=\"og:title\" content=\"DIATERMO MB 300D HOSPITAL - Medishop\" \/>\n<meta property=\"og:description\" content=\"Monopol k\u0259sik v\u0259 koaqulasiya k\u0259siyi \u00fc\u00e7\u00fcn cari \u00e7atd\u0131rmaq \u00fc\u00e7\u00fcn uy\u011fun olan y\u00fcks\u0259k tezlikli elektros\u00fcr\u00fcc\u00fc avadanl\u0131qlar (koaqulyasiyan\u0131n m\u00fcxt\u0259lif s\u0259viyy\u0259l\u0259ri il\u0259), bipolyar k\u0259sik v\u0259 koaqulyasiya. TWIN OPERATORE ACTIVITY &#8211; monopol cut \u00fc\u00e7\u00fcn\" \/>\n<meta property=\"og:url\" content=\"http:\/\/medishop.az\/ru\/mehsul\/diatermo-mb-300d-hospital\/\" \/>\n<meta property=\"og:site_name\" content=\"Medishop\" \/>\n<meta property=\"article:publisher\" content=\"https:\/\/www.facebook.com\/medishop.azerbaijan\" \/>\n<meta property=\"article:modified_time\" content=\"2022-12-15T10:24:44+00:00\" \/>\n<meta property=\"og:image\" content=\"https:\/\/storage.googleapis.com\/stateless-medishop-az\/2022\/12\/c05f8095-diatermo-mb-300d-hospital.jpg\" \/>\n\t<meta property=\"og:image:width\" content=\"1000\" \/>\n\t<meta property=\"og:image:height\" content=\"1000\" \/>\n\t<meta property=\"og:image:type\" content=\"image\/jpeg\" \/>\n<meta name=\"twitter:card\" content=\"summary_large_image\" \/>\n<meta name=\"twitter:label1\" content=\"\u041f\u0440\u0438\u043c\u0435\u0440\u043d\u043e\u0435 \u0432\u0440\u0435\u043c\u044f \u0434\u043b\u044f \u0447\u0442\u0435\u043d\u0438\u044f\" \/>\n\t<meta name=\"twitter:data1\" content=\"2 \u043c\u0438\u043d\u0443\u0442\u044b\" \/>\n<script type=\"application\/ld+json\" class=\"yoast-schema-graph\">{\"@context\":\"https:\/\/schema.org\",\"@graph\":[{\"@type\":\"WebPage\",\"@id\":\"https:\/\/medishop.az\/mehsul\/diatermo-mb-300d-hospital\/\",\"url\":\"https:\/\/medishop.az\/mehsul\/diatermo-mb-300d-hospital\/\",\"name\":\"DIATERMO MB 300D HOSPITAL - Medishop\",\"isPartOf\":{\"@id\":\"https:\/\/medishop.az\/#website\"},\"primaryImageOfPage\":{\"@id\":\"https:\/\/medishop.az\/mehsul\/diatermo-mb-300d-hospital\/#primaryimage\"},\"image\":{\"@id\":\"https:\/\/medishop.az\/mehsul\/diatermo-mb-300d-hospital\/#primaryimage\"},\"thumbnailUrl\":\"https:\/\/medishop.az\/wp-content\/uploads\/2022\/12\/c05f8095-diatermo-mb-300d-hospital.jpg\",\"datePublished\":\"2022-12-15T10:24:43+00:00\",\"dateModified\":\"2022-12-15T10:24:44+00:00\",\"breadcrumb\":{\"@id\":\"https:\/\/medishop.az\/mehsul\/diatermo-mb-300d-hospital\/#breadcrumb\"},\"inLanguage\":\"ru-RU\",\"potentialAction\":[{\"@type\":\"ReadAction\",\"target\":[\"https:\/\/medishop.az\/mehsul\/diatermo-mb-300d-hospital\/\"]}]},{\"@type\":\"ImageObject\",\"inLanguage\":\"ru-RU\",\"@id\":\"https:\/\/medishop.az\/mehsul\/diatermo-mb-300d-hospital\/#primaryimage\",\"url\":\"https:\/\/medishop.az\/wp-content\/uploads\/2022\/12\/c05f8095-diatermo-mb-300d-hospital.jpg\",\"contentUrl\":\"https:\/\/medishop.az\/wp-content\/uploads\/2022\/12\/c05f8095-diatermo-mb-300d-hospital.jpg\",\"width\":1000,\"height\":1000},{\"@type\":\"BreadcrumbList\",\"@id\":\"https:\/\/medishop.az\/mehsul\/diatermo-mb-300d-hospital\/#breadcrumb\",\"itemListElement\":[{\"@type\":\"ListItem\",\"position\":1,\"name\":\"\u018fsas\",\"item\":\"https:\/\/medishop.az\/\"},{\"@type\":\"ListItem\",\"position\":2,\"name\":\"Ma\u011faza\",\"item\":\"https:\/\/medishop.az\/ru\/shop\/\"},{\"@type\":\"ListItem\",\"position\":3,\"name\":\"DIATERMO MB 300D HOSPITAL\"}]},{\"@type\":\"WebSite\",\"@id\":\"https:\/\/medishop.az\/#website\",\"url\":\"https:\/\/medishop.az\/\",\"name\":\"Medishop\",\"description\":\"Onlayn tibbi ma\u011faza\",\"publisher\":{\"@id\":\"https:\/\/medishop.az\/#organization\"},\"potentialAction\":[{\"@type\":\"SearchAction\",\"target\":{\"@type\":\"EntryPoint\",\"urlTemplate\":\"https:\/\/medishop.az\/?s={search_term_string}\"},\"query-input\":\"required name=search_term_string\"}],\"inLanguage\":\"ru-RU\"},{\"@type\":\"Organization\",\"@id\":\"https:\/\/medishop.az\/#organization\",\"name\":\"Medishop\",\"url\":\"https:\/\/medishop.az\/\",\"logo\":{\"@type\":\"ImageObject\",\"inLanguage\":\"ru-RU\",\"@id\":\"https:\/\/medishop.az\/#\/schema\/logo\/image\/\",\"url\":\"https:\/\/storage.googleapis.com\/stateless-medishop-az\/2022\/12\/logo.png\",\"contentUrl\":\"https:\/\/storage.googleapis.com\/stateless-medishop-az\/2022\/12\/logo.png\",\"width\":300,\"height\":89,\"caption\":\"Medishop\"},\"image\":{\"@id\":\"https:\/\/medishop.az\/#\/schema\/logo\/image\/\"},\"sameAs\":[\"https:\/\/www.facebook.com\/medishop.azerbaijan\"]}]}<\/script>\n<!-- \/ Yoast SEO plugin. -->","yoast_head_json":{"title":"DIATERMO MB 300D HOSPITAL - Medishop","robots":{"index":"index","follow":"follow","max-snippet":"max-snippet:-1","max-image-preview":"max-image-preview:large","max-video-preview":"max-video-preview:-1"},"canonical":"http:\/\/medishop.az\/ru\/mehsul\/diatermo-mb-300d-hospital\/","og_locale":"ru_RU","og_type":"article","og_title":"DIATERMO MB 300D HOSPITAL - Medishop","og_description":"Monopol k\u0259sik v\u0259 koaqulasiya k\u0259siyi \u00fc\u00e7\u00fcn cari \u00e7atd\u0131rmaq \u00fc\u00e7\u00fcn uy\u011fun olan y\u00fcks\u0259k tezlikli elektros\u00fcr\u00fcc\u00fc avadanl\u0131qlar (koaqulyasiyan\u0131n m\u00fcxt\u0259lif s\u0259viyy\u0259l\u0259ri il\u0259), bipolyar k\u0259sik v\u0259 koaqulyasiya. TWIN OPERATORE ACTIVITY &#8211; monopol cut \u00fc\u00e7\u00fcn","og_url":"http:\/\/medishop.az\/ru\/mehsul\/diatermo-mb-300d-hospital\/","og_site_name":"Medishop","article_publisher":"https:\/\/www.facebook.com\/medishop.azerbaijan","article_modified_time":"2022-12-15T10:24:44+00:00","og_image":[{"width":1000,"height":1000,"url":"https:\/\/storage.googleapis.com\/stateless-medishop-az\/2022\/12\/c05f8095-diatermo-mb-300d-hospital.jpg","type":"image\/jpeg"}],"twitter_card":"summary_large_image","twitter_misc":{"\u041f\u0440\u0438\u043c\u0435\u0440\u043d\u043e\u0435 \u0432\u0440\u0435\u043c\u044f \u0434\u043b\u044f \u0447\u0442\u0435\u043d\u0438\u044f":"2 \u043c\u0438\u043d\u0443\u0442\u044b"},"schema":{"@context":"https:\/\/schema.org","@graph":[{"@type":"WebPage","@id":"https:\/\/medishop.az\/mehsul\/diatermo-mb-300d-hospital\/","url":"https:\/\/medishop.az\/mehsul\/diatermo-mb-300d-hospital\/","name":"DIATERMO MB 300D HOSPITAL - Medishop","isPartOf":{"@id":"https:\/\/medishop.az\/#website"},"primaryImageOfPage":{"@id":"https:\/\/medishop.az\/mehsul\/diatermo-mb-300d-hospital\/#primaryimage"},"image":{"@id":"https:\/\/medishop.az\/mehsul\/diatermo-mb-300d-hospital\/#primaryimage"},"thumbnailUrl":"https:\/\/medishop.az\/wp-content\/uploads\/2022\/12\/c05f8095-diatermo-mb-300d-hospital.jpg","datePublished":"2022-12-15T10:24:43+00:00","dateModified":"2022-12-15T10:24:44+00:00","breadcrumb":{"@id":"https:\/\/medishop.az\/mehsul\/diatermo-mb-300d-hospital\/#breadcrumb"},"inLanguage":"ru-RU","potentialAction":[{"@type":"ReadAction","target":["https:\/\/medishop.az\/mehsul\/diatermo-mb-300d-hospital\/"]}]},{"@type":"ImageObject","inLanguage":"ru-RU","@id":"https:\/\/medishop.az\/mehsul\/diatermo-mb-300d-hospital\/#primaryimage","url":"https:\/\/medishop.az\/wp-content\/uploads\/2022\/12\/c05f8095-diatermo-mb-300d-hospital.jpg","contentUrl":"https:\/\/medishop.az\/wp-content\/uploads\/2022\/12\/c05f8095-diatermo-mb-300d-hospital.jpg","width":1000,"height":1000},{"@type":"BreadcrumbList","@id":"https:\/\/medishop.az\/mehsul\/diatermo-mb-300d-hospital\/#breadcrumb","itemListElement":[{"@type":"ListItem","position":1,"name":"\u018fsas","item":"https:\/\/medishop.az\/"},{"@type":"ListItem","position":2,"name":"Ma\u011faza","item":"https:\/\/medishop.az\/ru\/shop\/"},{"@type":"ListItem","position":3,"name":"DIATERMO MB 300D HOSPITAL"}]},{"@type":"WebSite","@id":"https:\/\/medishop.az\/#website","url":"https:\/\/medishop.az\/","name":"Medishop","description":"Onlayn tibbi ma\u011faza","publisher":{"@id":"https:\/\/medishop.az\/#organization"},"potentialAction":[{"@type":"SearchAction","target":{"@type":"EntryPoint","urlTemplate":"https:\/\/medishop.az\/?s={search_term_string}"},"query-input":"required name=search_term_string"}],"inLanguage":"ru-RU"},{"@type":"Organization","@id":"https:\/\/medishop.az\/#organization","name":"Medishop","url":"https:\/\/medishop.az\/","logo":{"@type":"ImageObject","inLanguage":"ru-RU","@id":"https:\/\/medishop.az\/#\/schema\/logo\/image\/","url":"https:\/\/storage.googleapis.com\/stateless-medishop-az\/2022\/12\/logo.png","contentUrl":"https:\/\/storage.googleapis.com\/stateless-medishop-az\/2022\/12\/logo.png","width":300,"height":89,"caption":"Medishop"},"image":{"@id":"https:\/\/medishop.az\/#\/schema\/logo\/image\/"},"sameAs":["https:\/\/www.facebook.com\/medishop.azerbaijan"]}]}},"jetpack_sharing_enabled":true,"_links":{"self":[{"href":"http:\/\/medishop.az\/ru\/wp-json\/wp\/v2\/product\/3467","targetHints":{"allow":["GET"]}}],"collection":[{"href":"http:\/\/medishop.az\/ru\/wp-json\/wp\/v2\/product"}],"about":[{"href":"http:\/\/medishop.az\/ru\/wp-json\/wp\/v2\/types\/product"}],"wp:featuredmedia":[{"embeddable":true,"href":"http:\/\/medishop.az\/ru\/wp-json\/wp\/v2\/media\/3468"}],"wp:attachment":[{"href":"http:\/\/medishop.az\/ru\/wp-json\/wp\/v2\/media?parent=3467"}],"wp:term":[{"taxonomy":"product_cat","embeddable":true,"href":"http:\/\/medishop.az\/ru\/wp-json\/wp\/v2\/product_cat?post=3467"},{"taxonomy":"product_tag","embeddable":true,"href":"http:\/\/medishop.az\/ru\/wp-json\/wp\/v2\/product_tag?post=3467"}],"curies":[{"name":"wp","href":"https:\/\/api.w.org\/{rel}","templated":true}]}}