{"id":3456,"date":"2022-12-15T14:07:09","date_gmt":"2022-12-15T10:07:09","guid":{"rendered":"https:\/\/medishop.az\/?post_type=product&#038;p=3456"},"modified":"2022-12-15T14:07:10","modified_gmt":"2022-12-15T10:07:10","slug":"uzun-burunlu-monopol-forceps-20-sm","status":"publish","type":"product","link":"http:\/\/medishop.az\/ru\/mehsul\/uzun-burunlu-monopol-forceps-20-sm\/","title":{"rendered":"UZUN BURUNLU MONOPOL FORCEPS &#8211; 20 sm"},"content":{"rendered":"<p>Monopolar forceps standart monopol kabell\u0259r \u00fc\u00e7\u00fcn 4 mm-lik \u0259laq\u0259 il\u0259 t\u0259min edilmi\u015fdir. Bazarda b\u00fct\u00fcn GIMA, LED, Erbe v\u0259 bir \u00e7ox dig\u0259r elektrosurgiya vahidl\u0259ri il\u0259 istifad\u0259 edil\u0259 bil\u0259r<\/p>","protected":false},"excerpt":{"rendered":"<p>Monopolar forceps standart monopol kabell\u0259r \u00fc\u00e7\u00fcn 4 mm-lik \u0259laq\u0259 il\u0259 t\u0259min edilmi\u015fdir. Bazarda b\u00fct\u00fcn GIMA, LED, Erbe v\u0259 bir \u00e7ox dig\u0259r elektrosurgiya vahidl\u0259ri il\u0259 istifad\u0259 edil\u0259 bil\u0259r<\/p>","protected":false},"featured_media":3457,"template":"","meta":[],"product_cat":[15],"product_tag":[],"class_list":{"0":"post-3456","1":"product","2":"type-product","3":"status-publish","4":"has-post-thumbnail","6":"product_cat-diger","8":"first","9":"instock","10":"shipping-taxable","11":"purchasable","12":"product-type-simple"},"yoast_head":"<!-- This site is optimized with the Yoast SEO plugin v22.7 - https:\/\/yoast.com\/wordpress\/plugins\/seo\/ -->\n<title>UZUN BURUNLU MONOPOL FORCEPS - 20 sm - Medishop<\/title>\n<meta name=\"robots\" content=\"index, follow, max-snippet:-1, max-image-preview:large, max-video-preview:-1\" \/>\n<link rel=\"canonical\" href=\"http:\/\/medishop.az\/ru\/mehsul\/uzun-burunlu-monopol-forceps-20-sm\/\" \/>\n<meta property=\"og:locale\" content=\"ru_RU\" \/>\n<meta property=\"og:type\" content=\"article\" \/>\n<meta property=\"og:title\" content=\"UZUN BURUNLU MONOPOL FORCEPS - 20 sm - Medishop\" \/>\n<meta property=\"og:description\" content=\"Monopolar forceps standart monopol kabell\u0259r \u00fc\u00e7\u00fcn 4 mm-lik \u0259laq\u0259 il\u0259 t\u0259min edilmi\u015fdir. Bazarda b\u00fct\u00fcn GIMA, LED, Erbe v\u0259 bir \u00e7ox dig\u0259r elektrosurgiya vahidl\u0259ri il\u0259 istifad\u0259 edil\u0259 bil\u0259r\" \/>\n<meta property=\"og:url\" content=\"http:\/\/medishop.az\/ru\/mehsul\/uzun-burunlu-monopol-forceps-20-sm\/\" \/>\n<meta property=\"og:site_name\" content=\"Medishop\" \/>\n<meta property=\"article:publisher\" content=\"https:\/\/www.facebook.com\/medishop.azerbaijan\" \/>\n<meta property=\"article:modified_time\" content=\"2022-12-15T10:07:10+00:00\" \/>\n<meta property=\"og:image\" content=\"https:\/\/storage.googleapis.com\/stateless-medishop-az\/2022\/12\/e8197c1f-uzun-burunlu-monopol-forceps-20-sm.jpg\" \/>\n\t<meta property=\"og:image:width\" content=\"1000\" \/>\n\t<meta property=\"og:image:height\" content=\"1000\" \/>\n\t<meta property=\"og:image:type\" content=\"image\/jpeg\" \/>\n<meta name=\"twitter:card\" content=\"summary_large_image\" \/>\n<script type=\"application\/ld+json\" class=\"yoast-schema-graph\">{\"@context\":\"https:\/\/schema.org\",\"@graph\":[{\"@type\":\"WebPage\",\"@id\":\"https:\/\/medishop.az\/mehsul\/uzun-burunlu-monopol-forceps-20-sm\/\",\"url\":\"https:\/\/medishop.az\/mehsul\/uzun-burunlu-monopol-forceps-20-sm\/\",\"name\":\"UZUN BURUNLU MONOPOL FORCEPS - 20 sm - Medishop\",\"isPartOf\":{\"@id\":\"https:\/\/medishop.az\/#website\"},\"primaryImageOfPage\":{\"@id\":\"https:\/\/medishop.az\/mehsul\/uzun-burunlu-monopol-forceps-20-sm\/#primaryimage\"},\"image\":{\"@id\":\"https:\/\/medishop.az\/mehsul\/uzun-burunlu-monopol-forceps-20-sm\/#primaryimage\"},\"thumbnailUrl\":\"https:\/\/medishop.az\/wp-content\/uploads\/2022\/12\/e8197c1f-uzun-burunlu-monopol-forceps-20-sm.jpg\",\"datePublished\":\"2022-12-15T10:07:09+00:00\",\"dateModified\":\"2022-12-15T10:07:10+00:00\",\"breadcrumb\":{\"@id\":\"https:\/\/medishop.az\/mehsul\/uzun-burunlu-monopol-forceps-20-sm\/#breadcrumb\"},\"inLanguage\":\"ru-RU\",\"potentialAction\":[{\"@type\":\"ReadAction\",\"target\":[\"https:\/\/medishop.az\/mehsul\/uzun-burunlu-monopol-forceps-20-sm\/\"]}]},{\"@type\":\"ImageObject\",\"inLanguage\":\"ru-RU\",\"@id\":\"https:\/\/medishop.az\/mehsul\/uzun-burunlu-monopol-forceps-20-sm\/#primaryimage\",\"url\":\"https:\/\/medishop.az\/wp-content\/uploads\/2022\/12\/e8197c1f-uzun-burunlu-monopol-forceps-20-sm.jpg\",\"contentUrl\":\"https:\/\/medishop.az\/wp-content\/uploads\/2022\/12\/e8197c1f-uzun-burunlu-monopol-forceps-20-sm.jpg\",\"width\":1000,\"height\":1000},{\"@type\":\"BreadcrumbList\",\"@id\":\"https:\/\/medishop.az\/mehsul\/uzun-burunlu-monopol-forceps-20-sm\/#breadcrumb\",\"itemListElement\":[{\"@type\":\"ListItem\",\"position\":1,\"name\":\"\u018fsas\",\"item\":\"https:\/\/medishop.az\/\"},{\"@type\":\"ListItem\",\"position\":2,\"name\":\"Ma\u011faza\",\"item\":\"https:\/\/medishop.az\/ru\/shop\/\"},{\"@type\":\"ListItem\",\"position\":3,\"name\":\"UZUN BURUNLU MONOPOL FORCEPS &#8211; 20 sm\"}]},{\"@type\":\"WebSite\",\"@id\":\"https:\/\/medishop.az\/#website\",\"url\":\"https:\/\/medishop.az\/\",\"name\":\"Medishop\",\"description\":\"Onlayn tibbi ma\u011faza\",\"publisher\":{\"@id\":\"https:\/\/medishop.az\/#organization\"},\"potentialAction\":[{\"@type\":\"SearchAction\",\"target\":{\"@type\":\"EntryPoint\",\"urlTemplate\":\"https:\/\/medishop.az\/?s={search_term_string}\"},\"query-input\":\"required name=search_term_string\"}],\"inLanguage\":\"ru-RU\"},{\"@type\":\"Organization\",\"@id\":\"https:\/\/medishop.az\/#organization\",\"name\":\"Medishop\",\"url\":\"https:\/\/medishop.az\/\",\"logo\":{\"@type\":\"ImageObject\",\"inLanguage\":\"ru-RU\",\"@id\":\"https:\/\/medishop.az\/#\/schema\/logo\/image\/\",\"url\":\"https:\/\/storage.googleapis.com\/stateless-medishop-az\/2022\/12\/logo.png\",\"contentUrl\":\"https:\/\/storage.googleapis.com\/stateless-medishop-az\/2022\/12\/logo.png\",\"width\":300,\"height\":89,\"caption\":\"Medishop\"},\"image\":{\"@id\":\"https:\/\/medishop.az\/#\/schema\/logo\/image\/\"},\"sameAs\":[\"https:\/\/www.facebook.com\/medishop.azerbaijan\"]}]}<\/script>\n<!-- \/ Yoast SEO plugin. -->","yoast_head_json":{"title":"UZUN BURUNLU MONOPOL FORCEPS - 20 sm - Medishop","robots":{"index":"index","follow":"follow","max-snippet":"max-snippet:-1","max-image-preview":"max-image-preview:large","max-video-preview":"max-video-preview:-1"},"canonical":"http:\/\/medishop.az\/ru\/mehsul\/uzun-burunlu-monopol-forceps-20-sm\/","og_locale":"ru_RU","og_type":"article","og_title":"UZUN BURUNLU MONOPOL FORCEPS - 20 sm - Medishop","og_description":"Monopolar forceps standart monopol kabell\u0259r \u00fc\u00e7\u00fcn 4 mm-lik \u0259laq\u0259 il\u0259 t\u0259min edilmi\u015fdir. Bazarda b\u00fct\u00fcn GIMA, LED, Erbe v\u0259 bir \u00e7ox dig\u0259r elektrosurgiya vahidl\u0259ri il\u0259 istifad\u0259 edil\u0259 bil\u0259r","og_url":"http:\/\/medishop.az\/ru\/mehsul\/uzun-burunlu-monopol-forceps-20-sm\/","og_site_name":"Medishop","article_publisher":"https:\/\/www.facebook.com\/medishop.azerbaijan","article_modified_time":"2022-12-15T10:07:10+00:00","og_image":[{"width":1000,"height":1000,"url":"https:\/\/storage.googleapis.com\/stateless-medishop-az\/2022\/12\/e8197c1f-uzun-burunlu-monopol-forceps-20-sm.jpg","type":"image\/jpeg"}],"twitter_card":"summary_large_image","schema":{"@context":"https:\/\/schema.org","@graph":[{"@type":"WebPage","@id":"https:\/\/medishop.az\/mehsul\/uzun-burunlu-monopol-forceps-20-sm\/","url":"https:\/\/medishop.az\/mehsul\/uzun-burunlu-monopol-forceps-20-sm\/","name":"UZUN BURUNLU MONOPOL FORCEPS - 20 sm - Medishop","isPartOf":{"@id":"https:\/\/medishop.az\/#website"},"primaryImageOfPage":{"@id":"https:\/\/medishop.az\/mehsul\/uzun-burunlu-monopol-forceps-20-sm\/#primaryimage"},"image":{"@id":"https:\/\/medishop.az\/mehsul\/uzun-burunlu-monopol-forceps-20-sm\/#primaryimage"},"thumbnailUrl":"https:\/\/medishop.az\/wp-content\/uploads\/2022\/12\/e8197c1f-uzun-burunlu-monopol-forceps-20-sm.jpg","datePublished":"2022-12-15T10:07:09+00:00","dateModified":"2022-12-15T10:07:10+00:00","breadcrumb":{"@id":"https:\/\/medishop.az\/mehsul\/uzun-burunlu-monopol-forceps-20-sm\/#breadcrumb"},"inLanguage":"ru-RU","potentialAction":[{"@type":"ReadAction","target":["https:\/\/medishop.az\/mehsul\/uzun-burunlu-monopol-forceps-20-sm\/"]}]},{"@type":"ImageObject","inLanguage":"ru-RU","@id":"https:\/\/medishop.az\/mehsul\/uzun-burunlu-monopol-forceps-20-sm\/#primaryimage","url":"https:\/\/medishop.az\/wp-content\/uploads\/2022\/12\/e8197c1f-uzun-burunlu-monopol-forceps-20-sm.jpg","contentUrl":"https:\/\/medishop.az\/wp-content\/uploads\/2022\/12\/e8197c1f-uzun-burunlu-monopol-forceps-20-sm.jpg","width":1000,"height":1000},{"@type":"BreadcrumbList","@id":"https:\/\/medishop.az\/mehsul\/uzun-burunlu-monopol-forceps-20-sm\/#breadcrumb","itemListElement":[{"@type":"ListItem","position":1,"name":"\u018fsas","item":"https:\/\/medishop.az\/"},{"@type":"ListItem","position":2,"name":"Ma\u011faza","item":"https:\/\/medishop.az\/ru\/shop\/"},{"@type":"ListItem","position":3,"name":"UZUN BURUNLU MONOPOL FORCEPS &#8211; 20 sm"}]},{"@type":"WebSite","@id":"https:\/\/medishop.az\/#website","url":"https:\/\/medishop.az\/","name":"Medishop","description":"Onlayn tibbi ma\u011faza","publisher":{"@id":"https:\/\/medishop.az\/#organization"},"potentialAction":[{"@type":"SearchAction","target":{"@type":"EntryPoint","urlTemplate":"https:\/\/medishop.az\/?s={search_term_string}"},"query-input":"required name=search_term_string"}],"inLanguage":"ru-RU"},{"@type":"Organization","@id":"https:\/\/medishop.az\/#organization","name":"Medishop","url":"https:\/\/medishop.az\/","logo":{"@type":"ImageObject","inLanguage":"ru-RU","@id":"https:\/\/medishop.az\/#\/schema\/logo\/image\/","url":"https:\/\/storage.googleapis.com\/stateless-medishop-az\/2022\/12\/logo.png","contentUrl":"https:\/\/storage.googleapis.com\/stateless-medishop-az\/2022\/12\/logo.png","width":300,"height":89,"caption":"Medishop"},"image":{"@id":"https:\/\/medishop.az\/#\/schema\/logo\/image\/"},"sameAs":["https:\/\/www.facebook.com\/medishop.azerbaijan"]}]}},"jetpack_sharing_enabled":true,"_links":{"self":[{"href":"http:\/\/medishop.az\/ru\/wp-json\/wp\/v2\/product\/3456","targetHints":{"allow":["GET"]}}],"collection":[{"href":"http:\/\/medishop.az\/ru\/wp-json\/wp\/v2\/product"}],"about":[{"href":"http:\/\/medishop.az\/ru\/wp-json\/wp\/v2\/types\/product"}],"wp:featuredmedia":[{"embeddable":true,"href":"http:\/\/medishop.az\/ru\/wp-json\/wp\/v2\/media\/3457"}],"wp:attachment":[{"href":"http:\/\/medishop.az\/ru\/wp-json\/wp\/v2\/media?parent=3456"}],"wp:term":[{"taxonomy":"product_cat","embeddable":true,"href":"http:\/\/medishop.az\/ru\/wp-json\/wp\/v2\/product_cat?post=3456"},{"taxonomy":"product_tag","embeddable":true,"href":"http:\/\/medishop.az\/ru\/wp-json\/wp\/v2\/product_tag?post=3456"}],"curies":[{"name":"wp","href":"https:\/\/api.w.org\/{rel}","templated":true}]}}