{"id":3437,"date":"2022-12-15T13:47:13","date_gmt":"2022-12-15T09:47:13","guid":{"rendered":"https:\/\/medishop.az\/?post_type=product&#038;p=3437"},"modified":"2022-12-15T13:47:14","modified_gmt":"2022-12-15T09:47:14","slug":"r%c9%99ngli-ekranli-gimasonik-cib-dopleri-zondsuz","status":"publish","type":"product","link":"http:\/\/medishop.az\/ru\/mehsul\/r%c9%99ngli-ekranli-gimasonik-cib-dopleri-zondsuz\/","title":{"rendered":"GIMASONIC \u041a\u0410\u0420\u041c\u0410\u041d\u041d\u042b\u0415 \u0414\u041e\u041f\u0415\u0420\u042b \u0421 \u0426\u0412\u0415\u0422\u041d\u042b\u041c \u042d\u041a\u0420\u0410\u041d\u041e\u041c \u0431\u0435\u0437 \u0437\u043e\u043d\u0434\u0430"},"content":{"rendered":"<p>SONOLINE C Colour ekran cib doppler &#8211; probeml\u0259r<\/p>\n<p>olmadan- portativ v\u0259 y\u00fcng\u00fcl-<br \/>\nin\u015fa edilmi\u015f dan\u0131\u015fan<br \/>\n&#8211; TFT-LCD, FHR- \u00fc\u00e7 i\u015f rejiminin real vaxtl\u0131-vaxt\u0131nda n\u00fcmayi\u015fi: real-time FHR<br \/>\n, orta hesabla FHR v\u0259 manual hesablama<br \/>\n&#8211; FHR-nin displeyi, bar qrafiki v\u0259 \u00fcr\u0259k d\u00f6y\u00fcnt\u00fcy\u00fc dal\u011fal\u0131, anormal FHR<br \/>\n&#8211; a\u015fa\u011f\u0131 g\u00fcc s\u0259rfi \u00fc\u00e7\u00fcn q\u0131rm\u0131z\u0131 alarm, iki &#8220;AA&#8221; batareyas\u0131<br \/>\nil\u0259 8 saatdan \u00e7ox fasil\u0259siz olaraq i\u015fl\u0259yir &#8211; probe-off v\u0259 a\u015fa\u011f\u0131 batareya<br \/>\n\u00fc\u00e7\u00fcn g\u00f6st\u0259rici- opsiyonal probl\u0259r: 2, 3, 4, 8 MHz probe<\/p>\n<p>Multilanguage qutusu v\u0259 manual: GB, FR, IT, ES, PT, DE.<\/p>","protected":false},"excerpt":{"rendered":"<p>SONOLINE C Colour ekran cib doppler &#8211; probeml\u0259r olmadan- portativ v\u0259 y\u00fcng\u00fcl- in\u015fa edilmi\u015f dan\u0131\u015fan &#8211; TFT-LCD, FHR- \u00fc\u00e7 i\u015f rejiminin real vaxtl\u0131-vaxt\u0131nda n\u00fcmayi\u015fi: real-time FHR , orta hesabla FHR<\/p>","protected":false},"featured_media":3438,"template":"","meta":[],"product_cat":[15],"product_tag":[266],"class_list":{"0":"post-3437","1":"product","2":"type-product","3":"status-publish","4":"has-post-thumbnail","6":"product_cat-diger","7":"product_tag-doppler-almaq","9":"first","10":"instock","11":"shipping-taxable","12":"purchasable","13":"product-type-simple"},"yoast_head":"<!-- This site is optimized with the Yoast SEO plugin v22.7 - https:\/\/yoast.com\/wordpress\/plugins\/seo\/ -->\n<title>R\u018fNGL\u0130 EKRANLI G\u0130MASON\u0130K C\u0130B DOPLER\u0130 zondsuz - Medishop<\/title>\n<meta name=\"robots\" content=\"index, follow, max-snippet:-1, max-image-preview:large, max-video-preview:-1\" \/>\n<link rel=\"canonical\" href=\"http:\/\/medishop.az\/ru\/mehsul\/r\u0259ngli-ekranli-gimasonik-cib-dopleri-zondsuz\/\" \/>\n<meta property=\"og:locale\" content=\"ru_RU\" \/>\n<meta property=\"og:type\" content=\"article\" \/>\n<meta property=\"og:title\" content=\"R\u018fNGL\u0130 EKRANLI G\u0130MASON\u0130K C\u0130B DOPLER\u0130 zondsuz - Medishop\" \/>\n<meta property=\"og:description\" content=\"SONOLINE C Colour ekran cib doppler &#8211; probeml\u0259r olmadan- portativ v\u0259 y\u00fcng\u00fcl- in\u015fa edilmi\u015f dan\u0131\u015fan &#8211; TFT-LCD, FHR- \u00fc\u00e7 i\u015f rejiminin real vaxtl\u0131-vaxt\u0131nda n\u00fcmayi\u015fi: real-time FHR , orta hesabla FHR\" \/>\n<meta property=\"og:url\" content=\"http:\/\/medishop.az\/ru\/mehsul\/r\u0259ngli-ekranli-gimasonik-cib-dopleri-zondsuz\/\" \/>\n<meta property=\"og:site_name\" content=\"Medishop\" \/>\n<meta property=\"article:publisher\" content=\"https:\/\/www.facebook.com\/medishop.azerbaijan\" \/>\n<meta property=\"article:modified_time\" content=\"2022-12-15T09:47:14+00:00\" \/>\n<meta property=\"og:image\" content=\"https:\/\/storage.googleapis.com\/stateless-medishop-az\/2022\/12\/dacf6cf1-r\u018fngli-ekranli-gimasonik-cib-dopleri-zondsuz.jpg\" \/>\n\t<meta property=\"og:image:width\" content=\"1000\" \/>\n\t<meta property=\"og:image:height\" content=\"1000\" \/>\n\t<meta property=\"og:image:type\" content=\"image\/jpeg\" \/>\n<meta name=\"twitter:card\" content=\"summary_large_image\" \/>\n<meta name=\"twitter:label1\" content=\"\u041f\u0440\u0438\u043c\u0435\u0440\u043d\u043e\u0435 \u0432\u0440\u0435\u043c\u044f \u0434\u043b\u044f \u0447\u0442\u0435\u043d\u0438\u044f\" \/>\n\t<meta name=\"twitter:data1\" content=\"1 \u043c\u0438\u043d\u0443\u0442\u0430\" \/>\n<script type=\"application\/ld+json\" class=\"yoast-schema-graph\">{\"@context\":\"https:\/\/schema.org\",\"@graph\":[{\"@type\":\"WebPage\",\"@id\":\"https:\/\/medishop.az\/mehsul\/r%c9%99ngli-ekranli-gimasonik-cib-dopleri-zondsuz\/\",\"url\":\"https:\/\/medishop.az\/mehsul\/r%c9%99ngli-ekranli-gimasonik-cib-dopleri-zondsuz\/\",\"name\":\"R\u018fNGL\u0130 EKRANLI G\u0130MASON\u0130K C\u0130B DOPLER\u0130 zondsuz - Medishop\",\"isPartOf\":{\"@id\":\"https:\/\/medishop.az\/#website\"},\"primaryImageOfPage\":{\"@id\":\"https:\/\/medishop.az\/mehsul\/r%c9%99ngli-ekranli-gimasonik-cib-dopleri-zondsuz\/#primaryimage\"},\"image\":{\"@id\":\"https:\/\/medishop.az\/mehsul\/r%c9%99ngli-ekranli-gimasonik-cib-dopleri-zondsuz\/#primaryimage\"},\"thumbnailUrl\":\"https:\/\/medishop.az\/wp-content\/uploads\/2022\/12\/dacf6cf1-r\u018fngli-ekranli-gimasonik-cib-dopleri-zondsuz.jpg\",\"datePublished\":\"2022-12-15T09:47:13+00:00\",\"dateModified\":\"2022-12-15T09:47:14+00:00\",\"breadcrumb\":{\"@id\":\"https:\/\/medishop.az\/mehsul\/r%c9%99ngli-ekranli-gimasonik-cib-dopleri-zondsuz\/#breadcrumb\"},\"inLanguage\":\"ru-RU\",\"potentialAction\":[{\"@type\":\"ReadAction\",\"target\":[\"https:\/\/medishop.az\/mehsul\/r%c9%99ngli-ekranli-gimasonik-cib-dopleri-zondsuz\/\"]}]},{\"@type\":\"ImageObject\",\"inLanguage\":\"ru-RU\",\"@id\":\"https:\/\/medishop.az\/mehsul\/r%c9%99ngli-ekranli-gimasonik-cib-dopleri-zondsuz\/#primaryimage\",\"url\":\"https:\/\/medishop.az\/wp-content\/uploads\/2022\/12\/dacf6cf1-r\u018fngli-ekranli-gimasonik-cib-dopleri-zondsuz.jpg\",\"contentUrl\":\"https:\/\/medishop.az\/wp-content\/uploads\/2022\/12\/dacf6cf1-r\u018fngli-ekranli-gimasonik-cib-dopleri-zondsuz.jpg\",\"width\":1000,\"height\":1000},{\"@type\":\"BreadcrumbList\",\"@id\":\"https:\/\/medishop.az\/mehsul\/r%c9%99ngli-ekranli-gimasonik-cib-dopleri-zondsuz\/#breadcrumb\",\"itemListElement\":[{\"@type\":\"ListItem\",\"position\":1,\"name\":\"\u018fsas\",\"item\":\"https:\/\/medishop.az\/\"},{\"@type\":\"ListItem\",\"position\":2,\"name\":\"Ma\u011faza\",\"item\":\"https:\/\/medishop.az\/ru\/shop\/\"},{\"@type\":\"ListItem\",\"position\":3,\"name\":\"R\u018fNGL\u0130 EKRANLI G\u0130MASON\u0130K C\u0130B DOPLER\u0130 zondsuz\"}]},{\"@type\":\"WebSite\",\"@id\":\"https:\/\/medishop.az\/#website\",\"url\":\"https:\/\/medishop.az\/\",\"name\":\"Medishop\",\"description\":\"Onlayn tibbi ma\u011faza\",\"publisher\":{\"@id\":\"https:\/\/medishop.az\/#organization\"},\"potentialAction\":[{\"@type\":\"SearchAction\",\"target\":{\"@type\":\"EntryPoint\",\"urlTemplate\":\"https:\/\/medishop.az\/?s={search_term_string}\"},\"query-input\":\"required name=search_term_string\"}],\"inLanguage\":\"ru-RU\"},{\"@type\":\"Organization\",\"@id\":\"https:\/\/medishop.az\/#organization\",\"name\":\"Medishop\",\"url\":\"https:\/\/medishop.az\/\",\"logo\":{\"@type\":\"ImageObject\",\"inLanguage\":\"ru-RU\",\"@id\":\"https:\/\/medishop.az\/#\/schema\/logo\/image\/\",\"url\":\"https:\/\/storage.googleapis.com\/stateless-medishop-az\/2022\/12\/logo.png\",\"contentUrl\":\"https:\/\/storage.googleapis.com\/stateless-medishop-az\/2022\/12\/logo.png\",\"width\":300,\"height\":89,\"caption\":\"Medishop\"},\"image\":{\"@id\":\"https:\/\/medishop.az\/#\/schema\/logo\/image\/\"},\"sameAs\":[\"https:\/\/www.facebook.com\/medishop.azerbaijan\"]}]}<\/script>\n<!-- \/ Yoast SEO plugin. -->","yoast_head_json":{"title":"R\u018fNGL\u0130 EKRANLI G\u0130MASON\u0130K C\u0130B DOPLER\u0130 zondsuz - Medishop","robots":{"index":"index","follow":"follow","max-snippet":"max-snippet:-1","max-image-preview":"max-image-preview:large","max-video-preview":"max-video-preview:-1"},"canonical":"http:\/\/medishop.az\/ru\/mehsul\/r\u0259ngli-ekranli-gimasonik-cib-dopleri-zondsuz\/","og_locale":"ru_RU","og_type":"article","og_title":"R\u018fNGL\u0130 EKRANLI G\u0130MASON\u0130K C\u0130B DOPLER\u0130 zondsuz - Medishop","og_description":"SONOLINE C Colour ekran cib doppler &#8211; probeml\u0259r olmadan- portativ v\u0259 y\u00fcng\u00fcl- in\u015fa edilmi\u015f dan\u0131\u015fan &#8211; TFT-LCD, FHR- \u00fc\u00e7 i\u015f rejiminin real vaxtl\u0131-vaxt\u0131nda n\u00fcmayi\u015fi: real-time FHR , orta hesabla FHR","og_url":"http:\/\/medishop.az\/ru\/mehsul\/r\u0259ngli-ekranli-gimasonik-cib-dopleri-zondsuz\/","og_site_name":"Medishop","article_publisher":"https:\/\/www.facebook.com\/medishop.azerbaijan","article_modified_time":"2022-12-15T09:47:14+00:00","og_image":[{"width":1000,"height":1000,"url":"https:\/\/storage.googleapis.com\/stateless-medishop-az\/2022\/12\/dacf6cf1-r\u018fngli-ekranli-gimasonik-cib-dopleri-zondsuz.jpg","type":"image\/jpeg"}],"twitter_card":"summary_large_image","twitter_misc":{"\u041f\u0440\u0438\u043c\u0435\u0440\u043d\u043e\u0435 \u0432\u0440\u0435\u043c\u044f \u0434\u043b\u044f \u0447\u0442\u0435\u043d\u0438\u044f":"1 \u043c\u0438\u043d\u0443\u0442\u0430"},"schema":{"@context":"https:\/\/schema.org","@graph":[{"@type":"WebPage","@id":"https:\/\/medishop.az\/mehsul\/r%c9%99ngli-ekranli-gimasonik-cib-dopleri-zondsuz\/","url":"https:\/\/medishop.az\/mehsul\/r%c9%99ngli-ekranli-gimasonik-cib-dopleri-zondsuz\/","name":"R\u018fNGL\u0130 EKRANLI G\u0130MASON\u0130K C\u0130B DOPLER\u0130 zondsuz - Medishop","isPartOf":{"@id":"https:\/\/medishop.az\/#website"},"primaryImageOfPage":{"@id":"https:\/\/medishop.az\/mehsul\/r%c9%99ngli-ekranli-gimasonik-cib-dopleri-zondsuz\/#primaryimage"},"image":{"@id":"https:\/\/medishop.az\/mehsul\/r%c9%99ngli-ekranli-gimasonik-cib-dopleri-zondsuz\/#primaryimage"},"thumbnailUrl":"https:\/\/medishop.az\/wp-content\/uploads\/2022\/12\/dacf6cf1-r\u018fngli-ekranli-gimasonik-cib-dopleri-zondsuz.jpg","datePublished":"2022-12-15T09:47:13+00:00","dateModified":"2022-12-15T09:47:14+00:00","breadcrumb":{"@id":"https:\/\/medishop.az\/mehsul\/r%c9%99ngli-ekranli-gimasonik-cib-dopleri-zondsuz\/#breadcrumb"},"inLanguage":"ru-RU","potentialAction":[{"@type":"ReadAction","target":["https:\/\/medishop.az\/mehsul\/r%c9%99ngli-ekranli-gimasonik-cib-dopleri-zondsuz\/"]}]},{"@type":"ImageObject","inLanguage":"ru-RU","@id":"https:\/\/medishop.az\/mehsul\/r%c9%99ngli-ekranli-gimasonik-cib-dopleri-zondsuz\/#primaryimage","url":"https:\/\/medishop.az\/wp-content\/uploads\/2022\/12\/dacf6cf1-r\u018fngli-ekranli-gimasonik-cib-dopleri-zondsuz.jpg","contentUrl":"https:\/\/medishop.az\/wp-content\/uploads\/2022\/12\/dacf6cf1-r\u018fngli-ekranli-gimasonik-cib-dopleri-zondsuz.jpg","width":1000,"height":1000},{"@type":"BreadcrumbList","@id":"https:\/\/medishop.az\/mehsul\/r%c9%99ngli-ekranli-gimasonik-cib-dopleri-zondsuz\/#breadcrumb","itemListElement":[{"@type":"ListItem","position":1,"name":"\u018fsas","item":"https:\/\/medishop.az\/"},{"@type":"ListItem","position":2,"name":"Ma\u011faza","item":"https:\/\/medishop.az\/ru\/shop\/"},{"@type":"ListItem","position":3,"name":"R\u018fNGL\u0130 EKRANLI G\u0130MASON\u0130K C\u0130B DOPLER\u0130 zondsuz"}]},{"@type":"WebSite","@id":"https:\/\/medishop.az\/#website","url":"https:\/\/medishop.az\/","name":"Medishop","description":"Onlayn tibbi ma\u011faza","publisher":{"@id":"https:\/\/medishop.az\/#organization"},"potentialAction":[{"@type":"SearchAction","target":{"@type":"EntryPoint","urlTemplate":"https:\/\/medishop.az\/?s={search_term_string}"},"query-input":"required name=search_term_string"}],"inLanguage":"ru-RU"},{"@type":"Organization","@id":"https:\/\/medishop.az\/#organization","name":"Medishop","url":"https:\/\/medishop.az\/","logo":{"@type":"ImageObject","inLanguage":"ru-RU","@id":"https:\/\/medishop.az\/#\/schema\/logo\/image\/","url":"https:\/\/storage.googleapis.com\/stateless-medishop-az\/2022\/12\/logo.png","contentUrl":"https:\/\/storage.googleapis.com\/stateless-medishop-az\/2022\/12\/logo.png","width":300,"height":89,"caption":"Medishop"},"image":{"@id":"https:\/\/medishop.az\/#\/schema\/logo\/image\/"},"sameAs":["https:\/\/www.facebook.com\/medishop.azerbaijan"]}]}},"jetpack_sharing_enabled":true,"_links":{"self":[{"href":"http:\/\/medishop.az\/ru\/wp-json\/wp\/v2\/product\/3437","targetHints":{"allow":["GET"]}}],"collection":[{"href":"http:\/\/medishop.az\/ru\/wp-json\/wp\/v2\/product"}],"about":[{"href":"http:\/\/medishop.az\/ru\/wp-json\/wp\/v2\/types\/product"}],"wp:featuredmedia":[{"embeddable":true,"href":"http:\/\/medishop.az\/ru\/wp-json\/wp\/v2\/media\/3438"}],"wp:attachment":[{"href":"http:\/\/medishop.az\/ru\/wp-json\/wp\/v2\/media?parent=3437"}],"wp:term":[{"taxonomy":"product_cat","embeddable":true,"href":"http:\/\/medishop.az\/ru\/wp-json\/wp\/v2\/product_cat?post=3437"},{"taxonomy":"product_tag","embeddable":true,"href":"http:\/\/medishop.az\/ru\/wp-json\/wp\/v2\/product_tag?post=3437"}],"curies":[{"name":"wp","href":"https:\/\/api.w.org\/{rel}","templated":true}]}}