{"id":3434,"date":"2022-12-15T13:44:11","date_gmt":"2022-12-15T09:44:11","guid":{"rendered":"https:\/\/medishop.az\/?post_type=product&#038;p=3434"},"modified":"2022-12-15T13:44:12","modified_gmt":"2022-12-15T09:44:12","slug":"gima-fc-700-dol-monitoru","status":"publish","type":"product","link":"http:\/\/medishop.az\/ru\/mehsul\/gima-fc-700-dol-monitoru\/","title":{"rendered":"\u0424\u0415\u0422\u0410\u041b\u042c\u041d\u042b\u0419 \u041c\u041e\u041d\u0418\u0422\u041e\u0420 GIMA FC 700"},"content":{"rendered":"<p>S\u0259rf\u0259li t\u0259kli foetal monitor<\/p>\n<p>Extreme ultras\u0259s doppler h\u0259ssasl\u0131\u011f\u0131:<br \/>\n&#8211; 1 Mhz tezliyi<br \/>\nil\u0259 y\u00fcks\u0259k d\u0259qiqlik- avtomatik\/manual Foetal H\u0259r\u0259k\u0259tin a\u015fkar edilm\u0259si<br \/>\n&#8211; avto NST (Qeyri-g\u0259rginlik testi) funksiyas\u0131 10 azn-d\u0259n 1 saat<\/p>\n<p>Data printout<br \/>\n&#8211; CTG analiz \u00e7ap\u0131<br \/>\n&#8211; A4 \u00f6l\u00e7\u00fc c\u0259dv\u0259l ka\u011f\u0131z il\u0259 perforasiya x\u0259tti<br \/>\n&#8211; d\u00fcz termik faks ka\u011f\u0131z\u0131 istifad\u0259 edil\u0259 bil\u0259n<br \/>\n&#8211; \u00e7ap s\u00fcr\u0259ti 1, 2, 3 sm\/d\u0259q<\/p>\n<p>&#8211; bir-touch \u0259m\u0259liyyat v\u0259 asan qurmaq<br \/>\n&#8211; alarm funksiyas\u0131 (FHR y\u00fcks\u0259k-a\u015fa\u011f\u0131)<br \/>\n&#8211; internet vasit\u0259sil\u0259 s\/w upgrade<\/p>","protected":false},"excerpt":{"rendered":"<p>S\u0259rf\u0259li t\u0259kli foetal monitor Extreme ultras\u0259s doppler h\u0259ssasl\u0131\u011f\u0131: &#8211; 1 Mhz tezliyi il\u0259 y\u00fcks\u0259k d\u0259qiqlik- avtomatik\/manual Foetal H\u0259r\u0259k\u0259tin a\u015fkar edilm\u0259si &#8211; avto NST (Qeyri-g\u0259rginlik testi) funksiyas\u0131 10 azn-d\u0259n 1 saat<\/p>","protected":false},"featured_media":3435,"template":"","meta":[],"product_cat":[15],"product_tag":[265],"class_list":{"0":"post-3434","1":"product","2":"type-product","3":"status-publish","4":"has-post-thumbnail","6":"product_cat-diger","7":"product_tag-dol-monitoru","9":"first","10":"instock","11":"shipping-taxable","12":"purchasable","13":"product-type-simple"},"yoast_head":"<!-- This site is optimized with the Yoast SEO plugin v22.7 - https:\/\/yoast.com\/wordpress\/plugins\/seo\/ -->\n<title>GIMA FC 700 D\u00d6L MON\u0130TORU - Medishop<\/title>\n<meta name=\"robots\" content=\"index, follow, max-snippet:-1, max-image-preview:large, max-video-preview:-1\" \/>\n<link rel=\"canonical\" href=\"http:\/\/medishop.az\/ru\/mehsul\/gima-fc-700-dol-monitoru\/\" \/>\n<meta property=\"og:locale\" content=\"ru_RU\" \/>\n<meta property=\"og:type\" content=\"article\" \/>\n<meta property=\"og:title\" content=\"GIMA FC 700 D\u00d6L MON\u0130TORU - Medishop\" \/>\n<meta property=\"og:description\" content=\"S\u0259rf\u0259li t\u0259kli foetal monitor Extreme ultras\u0259s doppler h\u0259ssasl\u0131\u011f\u0131: &#8211; 1 Mhz tezliyi il\u0259 y\u00fcks\u0259k d\u0259qiqlik- avtomatik\/manual Foetal H\u0259r\u0259k\u0259tin a\u015fkar edilm\u0259si &#8211; avto NST (Qeyri-g\u0259rginlik testi) funksiyas\u0131 10 azn-d\u0259n 1 saat\" \/>\n<meta property=\"og:url\" content=\"http:\/\/medishop.az\/ru\/mehsul\/gima-fc-700-dol-monitoru\/\" \/>\n<meta property=\"og:site_name\" content=\"Medishop\" \/>\n<meta property=\"article:publisher\" content=\"https:\/\/www.facebook.com\/medishop.azerbaijan\" \/>\n<meta property=\"article:modified_time\" content=\"2022-12-15T09:44:12+00:00\" \/>\n<meta property=\"og:image\" content=\"https:\/\/storage.googleapis.com\/stateless-medishop-az\/2022\/12\/0f3ff674-gima-fc-700-dol-monitoru.jpg\" \/>\n\t<meta property=\"og:image:width\" content=\"1000\" \/>\n\t<meta property=\"og:image:height\" content=\"1000\" \/>\n\t<meta property=\"og:image:type\" content=\"image\/jpeg\" \/>\n<meta name=\"twitter:card\" content=\"summary_large_image\" \/>\n<meta name=\"twitter:label1\" content=\"\u041f\u0440\u0438\u043c\u0435\u0440\u043d\u043e\u0435 \u0432\u0440\u0435\u043c\u044f \u0434\u043b\u044f \u0447\u0442\u0435\u043d\u0438\u044f\" \/>\n\t<meta name=\"twitter:data1\" content=\"1 \u043c\u0438\u043d\u0443\u0442\u0430\" \/>\n<script type=\"application\/ld+json\" class=\"yoast-schema-graph\">{\"@context\":\"https:\/\/schema.org\",\"@graph\":[{\"@type\":\"WebPage\",\"@id\":\"https:\/\/medishop.az\/mehsul\/gima-fc-700-dol-monitoru\/\",\"url\":\"https:\/\/medishop.az\/mehsul\/gima-fc-700-dol-monitoru\/\",\"name\":\"GIMA FC 700 D\u00d6L MON\u0130TORU - Medishop\",\"isPartOf\":{\"@id\":\"https:\/\/medishop.az\/#website\"},\"primaryImageOfPage\":{\"@id\":\"https:\/\/medishop.az\/mehsul\/gima-fc-700-dol-monitoru\/#primaryimage\"},\"image\":{\"@id\":\"https:\/\/medishop.az\/mehsul\/gima-fc-700-dol-monitoru\/#primaryimage\"},\"thumbnailUrl\":\"https:\/\/medishop.az\/wp-content\/uploads\/2022\/12\/0f3ff674-gima-fc-700-dol-monitoru.jpg\",\"datePublished\":\"2022-12-15T09:44:11+00:00\",\"dateModified\":\"2022-12-15T09:44:12+00:00\",\"breadcrumb\":{\"@id\":\"https:\/\/medishop.az\/mehsul\/gima-fc-700-dol-monitoru\/#breadcrumb\"},\"inLanguage\":\"ru-RU\",\"potentialAction\":[{\"@type\":\"ReadAction\",\"target\":[\"https:\/\/medishop.az\/mehsul\/gima-fc-700-dol-monitoru\/\"]}]},{\"@type\":\"ImageObject\",\"inLanguage\":\"ru-RU\",\"@id\":\"https:\/\/medishop.az\/mehsul\/gima-fc-700-dol-monitoru\/#primaryimage\",\"url\":\"https:\/\/medishop.az\/wp-content\/uploads\/2022\/12\/0f3ff674-gima-fc-700-dol-monitoru.jpg\",\"contentUrl\":\"https:\/\/medishop.az\/wp-content\/uploads\/2022\/12\/0f3ff674-gima-fc-700-dol-monitoru.jpg\",\"width\":1000,\"height\":1000},{\"@type\":\"BreadcrumbList\",\"@id\":\"https:\/\/medishop.az\/mehsul\/gima-fc-700-dol-monitoru\/#breadcrumb\",\"itemListElement\":[{\"@type\":\"ListItem\",\"position\":1,\"name\":\"\u018fsas\",\"item\":\"https:\/\/medishop.az\/\"},{\"@type\":\"ListItem\",\"position\":2,\"name\":\"Ma\u011faza\",\"item\":\"https:\/\/medishop.az\/ru\/shop\/\"},{\"@type\":\"ListItem\",\"position\":3,\"name\":\"GIMA FC 700 D\u00d6L MON\u0130TORU\"}]},{\"@type\":\"WebSite\",\"@id\":\"https:\/\/medishop.az\/#website\",\"url\":\"https:\/\/medishop.az\/\",\"name\":\"Medishop\",\"description\":\"Onlayn tibbi ma\u011faza\",\"publisher\":{\"@id\":\"https:\/\/medishop.az\/#organization\"},\"potentialAction\":[{\"@type\":\"SearchAction\",\"target\":{\"@type\":\"EntryPoint\",\"urlTemplate\":\"https:\/\/medishop.az\/?s={search_term_string}\"},\"query-input\":\"required name=search_term_string\"}],\"inLanguage\":\"ru-RU\"},{\"@type\":\"Organization\",\"@id\":\"https:\/\/medishop.az\/#organization\",\"name\":\"Medishop\",\"url\":\"https:\/\/medishop.az\/\",\"logo\":{\"@type\":\"ImageObject\",\"inLanguage\":\"ru-RU\",\"@id\":\"https:\/\/medishop.az\/#\/schema\/logo\/image\/\",\"url\":\"https:\/\/storage.googleapis.com\/stateless-medishop-az\/2022\/12\/logo.png\",\"contentUrl\":\"https:\/\/storage.googleapis.com\/stateless-medishop-az\/2022\/12\/logo.png\",\"width\":300,\"height\":89,\"caption\":\"Medishop\"},\"image\":{\"@id\":\"https:\/\/medishop.az\/#\/schema\/logo\/image\/\"},\"sameAs\":[\"https:\/\/www.facebook.com\/medishop.azerbaijan\"]}]}<\/script>\n<!-- \/ Yoast SEO plugin. -->","yoast_head_json":{"title":"GIMA FC 700 D\u00d6L MON\u0130TORU - Medishop","robots":{"index":"index","follow":"follow","max-snippet":"max-snippet:-1","max-image-preview":"max-image-preview:large","max-video-preview":"max-video-preview:-1"},"canonical":"http:\/\/medishop.az\/ru\/mehsul\/gima-fc-700-dol-monitoru\/","og_locale":"ru_RU","og_type":"article","og_title":"GIMA FC 700 D\u00d6L MON\u0130TORU - Medishop","og_description":"S\u0259rf\u0259li t\u0259kli foetal monitor Extreme ultras\u0259s doppler h\u0259ssasl\u0131\u011f\u0131: &#8211; 1 Mhz tezliyi il\u0259 y\u00fcks\u0259k d\u0259qiqlik- avtomatik\/manual Foetal H\u0259r\u0259k\u0259tin a\u015fkar edilm\u0259si &#8211; avto NST (Qeyri-g\u0259rginlik testi) funksiyas\u0131 10 azn-d\u0259n 1 saat","og_url":"http:\/\/medishop.az\/ru\/mehsul\/gima-fc-700-dol-monitoru\/","og_site_name":"Medishop","article_publisher":"https:\/\/www.facebook.com\/medishop.azerbaijan","article_modified_time":"2022-12-15T09:44:12+00:00","og_image":[{"width":1000,"height":1000,"url":"https:\/\/storage.googleapis.com\/stateless-medishop-az\/2022\/12\/0f3ff674-gima-fc-700-dol-monitoru.jpg","type":"image\/jpeg"}],"twitter_card":"summary_large_image","twitter_misc":{"\u041f\u0440\u0438\u043c\u0435\u0440\u043d\u043e\u0435 \u0432\u0440\u0435\u043c\u044f \u0434\u043b\u044f \u0447\u0442\u0435\u043d\u0438\u044f":"1 \u043c\u0438\u043d\u0443\u0442\u0430"},"schema":{"@context":"https:\/\/schema.org","@graph":[{"@type":"WebPage","@id":"https:\/\/medishop.az\/mehsul\/gima-fc-700-dol-monitoru\/","url":"https:\/\/medishop.az\/mehsul\/gima-fc-700-dol-monitoru\/","name":"GIMA FC 700 D\u00d6L MON\u0130TORU - Medishop","isPartOf":{"@id":"https:\/\/medishop.az\/#website"},"primaryImageOfPage":{"@id":"https:\/\/medishop.az\/mehsul\/gima-fc-700-dol-monitoru\/#primaryimage"},"image":{"@id":"https:\/\/medishop.az\/mehsul\/gima-fc-700-dol-monitoru\/#primaryimage"},"thumbnailUrl":"https:\/\/medishop.az\/wp-content\/uploads\/2022\/12\/0f3ff674-gima-fc-700-dol-monitoru.jpg","datePublished":"2022-12-15T09:44:11+00:00","dateModified":"2022-12-15T09:44:12+00:00","breadcrumb":{"@id":"https:\/\/medishop.az\/mehsul\/gima-fc-700-dol-monitoru\/#breadcrumb"},"inLanguage":"ru-RU","potentialAction":[{"@type":"ReadAction","target":["https:\/\/medishop.az\/mehsul\/gima-fc-700-dol-monitoru\/"]}]},{"@type":"ImageObject","inLanguage":"ru-RU","@id":"https:\/\/medishop.az\/mehsul\/gima-fc-700-dol-monitoru\/#primaryimage","url":"https:\/\/medishop.az\/wp-content\/uploads\/2022\/12\/0f3ff674-gima-fc-700-dol-monitoru.jpg","contentUrl":"https:\/\/medishop.az\/wp-content\/uploads\/2022\/12\/0f3ff674-gima-fc-700-dol-monitoru.jpg","width":1000,"height":1000},{"@type":"BreadcrumbList","@id":"https:\/\/medishop.az\/mehsul\/gima-fc-700-dol-monitoru\/#breadcrumb","itemListElement":[{"@type":"ListItem","position":1,"name":"\u018fsas","item":"https:\/\/medishop.az\/"},{"@type":"ListItem","position":2,"name":"Ma\u011faza","item":"https:\/\/medishop.az\/ru\/shop\/"},{"@type":"ListItem","position":3,"name":"GIMA FC 700 D\u00d6L MON\u0130TORU"}]},{"@type":"WebSite","@id":"https:\/\/medishop.az\/#website","url":"https:\/\/medishop.az\/","name":"Medishop","description":"Onlayn tibbi ma\u011faza","publisher":{"@id":"https:\/\/medishop.az\/#organization"},"potentialAction":[{"@type":"SearchAction","target":{"@type":"EntryPoint","urlTemplate":"https:\/\/medishop.az\/?s={search_term_string}"},"query-input":"required name=search_term_string"}],"inLanguage":"ru-RU"},{"@type":"Organization","@id":"https:\/\/medishop.az\/#organization","name":"Medishop","url":"https:\/\/medishop.az\/","logo":{"@type":"ImageObject","inLanguage":"ru-RU","@id":"https:\/\/medishop.az\/#\/schema\/logo\/image\/","url":"https:\/\/storage.googleapis.com\/stateless-medishop-az\/2022\/12\/logo.png","contentUrl":"https:\/\/storage.googleapis.com\/stateless-medishop-az\/2022\/12\/logo.png","width":300,"height":89,"caption":"Medishop"},"image":{"@id":"https:\/\/medishop.az\/#\/schema\/logo\/image\/"},"sameAs":["https:\/\/www.facebook.com\/medishop.azerbaijan"]}]}},"jetpack_sharing_enabled":true,"_links":{"self":[{"href":"http:\/\/medishop.az\/ru\/wp-json\/wp\/v2\/product\/3434","targetHints":{"allow":["GET"]}}],"collection":[{"href":"http:\/\/medishop.az\/ru\/wp-json\/wp\/v2\/product"}],"about":[{"href":"http:\/\/medishop.az\/ru\/wp-json\/wp\/v2\/types\/product"}],"wp:featuredmedia":[{"embeddable":true,"href":"http:\/\/medishop.az\/ru\/wp-json\/wp\/v2\/media\/3435"}],"wp:attachment":[{"href":"http:\/\/medishop.az\/ru\/wp-json\/wp\/v2\/media?parent=3434"}],"wp:term":[{"taxonomy":"product_cat","embeddable":true,"href":"http:\/\/medishop.az\/ru\/wp-json\/wp\/v2\/product_cat?post=3434"},{"taxonomy":"product_tag","embeddable":true,"href":"http:\/\/medishop.az\/ru\/wp-json\/wp\/v2\/product_tag?post=3434"}],"curies":[{"name":"wp","href":"https:\/\/api.w.org\/{rel}","templated":true}]}}