{"id":3378,"date":"2022-12-15T02:14:40","date_gmt":"2022-12-14T22:14:40","guid":{"rendered":"https:\/\/medishop.az\/?post_type=product&#038;p=3378"},"modified":"2023-01-08T13:21:11","modified_gmt":"2023-01-08T09:21:11","slug":"manuale-tobi-manual-aspirator","status":"publish","type":"product","link":"http:\/\/medishop.az\/ru\/mehsul\/manuale-tobi-manual-aspirator\/","title":{"rendered":"&#8220;MANUALE TOBI&#8221; MANUAL ASP\u0130RATOR"},"content":{"rendered":"<p>TOBI MANUALE &#8211; manual suction aspirator<\/p>\n<p>X\u0259st\u0259nin hava yollar\u0131n\u0131 t\u0259hl\u00fck\u0259siz v\u0259 s\u0259m\u0259r\u0259li, ist\u0259nil\u0259n vaxt, ist\u0259nil\u0259n yerd\u0259 t\u0259mizl\u0259m\u0259k \u00fc\u00e7\u00fcn istifad\u0259 olunur. Uzun m\u00fcdd\u0259t xidm\u0259t etm\u0259k \u00fc\u00e7\u00fcn d\u0259qiq v\u0259 m\u00f6hk\u0259m tikilmi\u015fdir.<br \/>\n120\u00b0C-d\u0259 avtoklavable olan v\u0259 t\u00f6k\u00fclm\u00fc\u015f m\u00fcdafi\u0259 qabiliyy\u0259tin\u0259 malik<br \/>\npolikarbonat sukasiya \u015f\u00fc\u015f\u0259si.<\/p>\n<p>Bakterial filtr daxil edilir.<\/p>\n<p>Multilanguage istifad\u0259\u00e7i kitab\u00e7as\u0131: GB, FR, IT, DE, ES.<\/p>\n<p>\u0130taliyada istehsal olunub.<\/p>","protected":false},"excerpt":{"rendered":"<table border=\"0\" width=\"100%\" cellspacing=\"0\" cellpadding=\"0\">\n<tbody>\n<tr>\n<td class=\"menu\" bgcolor=\"#fff9ad\"><span class=\"sezione\">\u0422\u0435\u0445\u043d\u0438\u0447\u0435\u0441\u043a\u0438\u0435 \u0445\u0430\u0440\u0430\u043a\u0442\u0435\u0440\u0438\u0441\u0442\u0438\u043a\u0438<\/span><\/td>\n<\/tr>\n<tr>\n<td class=\"menu\" bgcolor=\"#fff9ad\">\u00c7\u0259kisi: 1,2 kq<br \/>\nH\u0259cm: 225x165x85 mm<br \/>\nMax suxur -0.40 bar<br \/>\nSuxur g\u00fcc\u00fc: 22 l\/d\u0259q<br \/>\n\u015e\u00fc\u015f\u0259nin g\u00fcc\u00fc: 0.4 l<\/td>\n<\/tr>\n<\/tbody>\n<\/table>","protected":false},"featured_media":3379,"template":"","meta":[],"product_cat":[126,397],"product_tag":[398],"class_list":{"0":"post-3378","1":"product","2":"type-product","3":"status-publish","4":"has-post-thumbnail","6":"product_cat-tibbi-cihazlar","7":"product_cat-aspirator","8":"product_tag-aspirator","10":"first","11":"instock","12":"shipping-taxable","13":"purchasable","14":"product-type-simple"},"yoast_head":"<!-- This site is optimized with the Yoast SEO plugin v22.7 - https:\/\/yoast.com\/wordpress\/plugins\/seo\/ -->\n<title>&quot;MANUALE TOBI&quot; MANUAL ASP\u0130RATOR - Medishop<\/title>\n<meta name=\"robots\" content=\"index, follow, max-snippet:-1, max-image-preview:large, max-video-preview:-1\" \/>\n<link rel=\"canonical\" href=\"http:\/\/medishop.az\/ru\/mehsul\/manuale-tobi-manual-aspirator\/\" \/>\n<meta property=\"og:locale\" content=\"ru_RU\" \/>\n<meta property=\"og:type\" content=\"article\" \/>\n<meta property=\"og:title\" content=\"&quot;MANUALE TOBI&quot; MANUAL ASP\u0130RATOR - Medishop\" \/>\n<meta property=\"og:description\" content=\"Texniki Spesifikasiyalar   \u00c7\u0259kisi: 1,2 kq H\u0259cm: 225x165x85 mm Max suxur -0.40 bar Suxur g\u00fcc\u00fc: 22 l\/d\u0259q \u015e\u00fc\u015f\u0259nin g\u00fcc\u00fc: 0.4 l\" \/>\n<meta property=\"og:url\" content=\"http:\/\/medishop.az\/ru\/mehsul\/manuale-tobi-manual-aspirator\/\" \/>\n<meta property=\"og:site_name\" content=\"Medishop\" \/>\n<meta property=\"article:publisher\" content=\"https:\/\/www.facebook.com\/medishop.azerbaijan\" \/>\n<meta property=\"article:modified_time\" content=\"2023-01-08T09:21:11+00:00\" \/>\n<meta property=\"og:image\" content=\"https:\/\/storage.googleapis.com\/stateless-medishop-az\/2022\/12\/70eef9d4-manuale-tobi-suspiratoru.jpg\" \/>\n\t<meta property=\"og:image:width\" content=\"1000\" \/>\n\t<meta property=\"og:image:height\" content=\"1000\" \/>\n\t<meta property=\"og:image:type\" content=\"image\/jpeg\" \/>\n<meta name=\"twitter:card\" content=\"summary_large_image\" \/>\n<script type=\"application\/ld+json\" class=\"yoast-schema-graph\">{\"@context\":\"https:\/\/schema.org\",\"@graph\":[{\"@type\":\"WebPage\",\"@id\":\"https:\/\/medishop.az\/mehsul\/manuale-tobi-manual-aspirator\/\",\"url\":\"https:\/\/medishop.az\/mehsul\/manuale-tobi-manual-aspirator\/\",\"name\":\"\\\"MANUALE TOBI\\\" MANUAL ASP\u0130RATOR - Medishop\",\"isPartOf\":{\"@id\":\"https:\/\/medishop.az\/#website\"},\"primaryImageOfPage\":{\"@id\":\"https:\/\/medishop.az\/mehsul\/manuale-tobi-manual-aspirator\/#primaryimage\"},\"image\":{\"@id\":\"https:\/\/medishop.az\/mehsul\/manuale-tobi-manual-aspirator\/#primaryimage\"},\"thumbnailUrl\":\"https:\/\/medishop.az\/wp-content\/uploads\/2022\/12\/70eef9d4-manuale-tobi-suspiratoru.jpg\",\"datePublished\":\"2022-12-14T22:14:40+00:00\",\"dateModified\":\"2023-01-08T09:21:11+00:00\",\"breadcrumb\":{\"@id\":\"https:\/\/medishop.az\/mehsul\/manuale-tobi-manual-aspirator\/#breadcrumb\"},\"inLanguage\":\"ru-RU\",\"potentialAction\":[{\"@type\":\"ReadAction\",\"target\":[\"https:\/\/medishop.az\/mehsul\/manuale-tobi-manual-aspirator\/\"]}]},{\"@type\":\"ImageObject\",\"inLanguage\":\"ru-RU\",\"@id\":\"https:\/\/medishop.az\/mehsul\/manuale-tobi-manual-aspirator\/#primaryimage\",\"url\":\"https:\/\/medishop.az\/wp-content\/uploads\/2022\/12\/70eef9d4-manuale-tobi-suspiratoru.jpg\",\"contentUrl\":\"https:\/\/medishop.az\/wp-content\/uploads\/2022\/12\/70eef9d4-manuale-tobi-suspiratoru.jpg\",\"width\":1000,\"height\":1000},{\"@type\":\"BreadcrumbList\",\"@id\":\"https:\/\/medishop.az\/mehsul\/manuale-tobi-manual-aspirator\/#breadcrumb\",\"itemListElement\":[{\"@type\":\"ListItem\",\"position\":1,\"name\":\"\u018fsas\",\"item\":\"https:\/\/medishop.az\/\"},{\"@type\":\"ListItem\",\"position\":2,\"name\":\"Ma\u011faza\",\"item\":\"https:\/\/medishop.az\/ru\/shop\/\"},{\"@type\":\"ListItem\",\"position\":3,\"name\":\"&#8220;MANUALE TOBI&#8221; MANUAL ASP\u0130RATOR\"}]},{\"@type\":\"WebSite\",\"@id\":\"https:\/\/medishop.az\/#website\",\"url\":\"https:\/\/medishop.az\/\",\"name\":\"Medishop\",\"description\":\"Onlayn tibbi ma\u011faza\",\"publisher\":{\"@id\":\"https:\/\/medishop.az\/#organization\"},\"potentialAction\":[{\"@type\":\"SearchAction\",\"target\":{\"@type\":\"EntryPoint\",\"urlTemplate\":\"https:\/\/medishop.az\/?s={search_term_string}\"},\"query-input\":\"required name=search_term_string\"}],\"inLanguage\":\"ru-RU\"},{\"@type\":\"Organization\",\"@id\":\"https:\/\/medishop.az\/#organization\",\"name\":\"Medishop\",\"url\":\"https:\/\/medishop.az\/\",\"logo\":{\"@type\":\"ImageObject\",\"inLanguage\":\"ru-RU\",\"@id\":\"https:\/\/medishop.az\/#\/schema\/logo\/image\/\",\"url\":\"https:\/\/storage.googleapis.com\/stateless-medishop-az\/2022\/12\/logo.png\",\"contentUrl\":\"https:\/\/storage.googleapis.com\/stateless-medishop-az\/2022\/12\/logo.png\",\"width\":300,\"height\":89,\"caption\":\"Medishop\"},\"image\":{\"@id\":\"https:\/\/medishop.az\/#\/schema\/logo\/image\/\"},\"sameAs\":[\"https:\/\/www.facebook.com\/medishop.azerbaijan\"]}]}<\/script>\n<!-- \/ Yoast SEO plugin. -->","yoast_head_json":{"title":"\"MANUALE TOBI\" MANUAL ASP\u0130RATOR - Medishop","robots":{"index":"index","follow":"follow","max-snippet":"max-snippet:-1","max-image-preview":"max-image-preview:large","max-video-preview":"max-video-preview:-1"},"canonical":"http:\/\/medishop.az\/ru\/mehsul\/manuale-tobi-manual-aspirator\/","og_locale":"ru_RU","og_type":"article","og_title":"\"MANUALE TOBI\" MANUAL ASP\u0130RATOR - Medishop","og_description":"Texniki Spesifikasiyalar   \u00c7\u0259kisi: 1,2 kq H\u0259cm: 225x165x85 mm Max suxur -0.40 bar Suxur g\u00fcc\u00fc: 22 l\/d\u0259q \u015e\u00fc\u015f\u0259nin g\u00fcc\u00fc: 0.4 l","og_url":"http:\/\/medishop.az\/ru\/mehsul\/manuale-tobi-manual-aspirator\/","og_site_name":"Medishop","article_publisher":"https:\/\/www.facebook.com\/medishop.azerbaijan","article_modified_time":"2023-01-08T09:21:11+00:00","og_image":[{"width":1000,"height":1000,"url":"https:\/\/storage.googleapis.com\/stateless-medishop-az\/2022\/12\/70eef9d4-manuale-tobi-suspiratoru.jpg","type":"image\/jpeg"}],"twitter_card":"summary_large_image","schema":{"@context":"https:\/\/schema.org","@graph":[{"@type":"WebPage","@id":"https:\/\/medishop.az\/mehsul\/manuale-tobi-manual-aspirator\/","url":"https:\/\/medishop.az\/mehsul\/manuale-tobi-manual-aspirator\/","name":"\"MANUALE TOBI\" MANUAL ASP\u0130RATOR - Medishop","isPartOf":{"@id":"https:\/\/medishop.az\/#website"},"primaryImageOfPage":{"@id":"https:\/\/medishop.az\/mehsul\/manuale-tobi-manual-aspirator\/#primaryimage"},"image":{"@id":"https:\/\/medishop.az\/mehsul\/manuale-tobi-manual-aspirator\/#primaryimage"},"thumbnailUrl":"https:\/\/medishop.az\/wp-content\/uploads\/2022\/12\/70eef9d4-manuale-tobi-suspiratoru.jpg","datePublished":"2022-12-14T22:14:40+00:00","dateModified":"2023-01-08T09:21:11+00:00","breadcrumb":{"@id":"https:\/\/medishop.az\/mehsul\/manuale-tobi-manual-aspirator\/#breadcrumb"},"inLanguage":"ru-RU","potentialAction":[{"@type":"ReadAction","target":["https:\/\/medishop.az\/mehsul\/manuale-tobi-manual-aspirator\/"]}]},{"@type":"ImageObject","inLanguage":"ru-RU","@id":"https:\/\/medishop.az\/mehsul\/manuale-tobi-manual-aspirator\/#primaryimage","url":"https:\/\/medishop.az\/wp-content\/uploads\/2022\/12\/70eef9d4-manuale-tobi-suspiratoru.jpg","contentUrl":"https:\/\/medishop.az\/wp-content\/uploads\/2022\/12\/70eef9d4-manuale-tobi-suspiratoru.jpg","width":1000,"height":1000},{"@type":"BreadcrumbList","@id":"https:\/\/medishop.az\/mehsul\/manuale-tobi-manual-aspirator\/#breadcrumb","itemListElement":[{"@type":"ListItem","position":1,"name":"\u018fsas","item":"https:\/\/medishop.az\/"},{"@type":"ListItem","position":2,"name":"Ma\u011faza","item":"https:\/\/medishop.az\/ru\/shop\/"},{"@type":"ListItem","position":3,"name":"&#8220;MANUALE TOBI&#8221; MANUAL ASP\u0130RATOR"}]},{"@type":"WebSite","@id":"https:\/\/medishop.az\/#website","url":"https:\/\/medishop.az\/","name":"Medishop","description":"Onlayn tibbi ma\u011faza","publisher":{"@id":"https:\/\/medishop.az\/#organization"},"potentialAction":[{"@type":"SearchAction","target":{"@type":"EntryPoint","urlTemplate":"https:\/\/medishop.az\/?s={search_term_string}"},"query-input":"required name=search_term_string"}],"inLanguage":"ru-RU"},{"@type":"Organization","@id":"https:\/\/medishop.az\/#organization","name":"Medishop","url":"https:\/\/medishop.az\/","logo":{"@type":"ImageObject","inLanguage":"ru-RU","@id":"https:\/\/medishop.az\/#\/schema\/logo\/image\/","url":"https:\/\/storage.googleapis.com\/stateless-medishop-az\/2022\/12\/logo.png","contentUrl":"https:\/\/storage.googleapis.com\/stateless-medishop-az\/2022\/12\/logo.png","width":300,"height":89,"caption":"Medishop"},"image":{"@id":"https:\/\/medishop.az\/#\/schema\/logo\/image\/"},"sameAs":["https:\/\/www.facebook.com\/medishop.azerbaijan"]}]}},"jetpack_sharing_enabled":true,"_links":{"self":[{"href":"http:\/\/medishop.az\/ru\/wp-json\/wp\/v2\/product\/3378","targetHints":{"allow":["GET"]}}],"collection":[{"href":"http:\/\/medishop.az\/ru\/wp-json\/wp\/v2\/product"}],"about":[{"href":"http:\/\/medishop.az\/ru\/wp-json\/wp\/v2\/types\/product"}],"wp:featuredmedia":[{"embeddable":true,"href":"http:\/\/medishop.az\/ru\/wp-json\/wp\/v2\/media\/3379"}],"wp:attachment":[{"href":"http:\/\/medishop.az\/ru\/wp-json\/wp\/v2\/media?parent=3378"}],"wp:term":[{"taxonomy":"product_cat","embeddable":true,"href":"http:\/\/medishop.az\/ru\/wp-json\/wp\/v2\/product_cat?post=3378"},{"taxonomy":"product_tag","embeddable":true,"href":"http:\/\/medishop.az\/ru\/wp-json\/wp\/v2\/product_tag?post=3378"}],"curies":[{"name":"wp","href":"https:\/\/api.w.org\/{rel}","templated":true}]}}