{"id":3282,"date":"2022-12-14T22:42:11","date_gmt":"2022-12-14T18:42:11","guid":{"rendered":"https:\/\/medishop.az\/?post_type=product&#038;p=3282"},"modified":"2023-01-03T21:22:46","modified_gmt":"2023-01-03T17:22:46","slug":"supervega-evo-batarya-aspirator-230v","status":"publish","type":"product","link":"http:\/\/medishop.az\/ru\/mehsul\/supervega-evo-batarya-aspirator-230v\/","title":{"rendered":"SUPER VEGA EVO BATAREYALI ASP\u0130RATOR 230V"},"content":{"rendered":"<p>Supervega evo batareya aspirator<\/p>\n<p>Supervega 118 v\u0259 Supervega Evo u\u015faqlarda v\u0259 ya b\u00f6y\u00fckl\u0259rd\u0259 b\u0259d\u0259n mayel\u0259rinin burun, a\u011f\u0131z v\u0259 tracheal aspirasiyas\u0131 \u00fc\u00e7\u00fcn elektrik tibbi v\u0259 portativ cihazlard\u0131r. \u0130\u015fl\u0259m\u0259nin<br \/>\niki v\u0259 ya \u00fc\u00e7 variant\u0131: 100-240 V g\u00fcc qidalanmas\u0131, 12 V ma\u015f\u0131n adapteri v\u0259 ya daxili yenid\u0259n \u015farj edil\u0259 bil\u0259n batareya.<br \/>\nUzun \u00f6m\u00fcrl\u00fc f\u0131r\u00e7as\u0131z motorla<br \/>\nt\u0259chiz olunmu\u015f, ist\u0259nil\u0259n n\u00f6v qoxunu v\u0259 k\u00f6m\u00fcr qal\u0131qlar\u0131n\u0131 aradan qald\u0131rm\u0131\u015f.<br \/>\nVakuum d\u00fcz\u0259li\u015fi \u00fc\u00e7\u00fcn yum\u015faq a\u00e7arlarla birlikd\u0259 vakuum d\u0259y\u0259rl\u0259rinin<br \/>\nb\u00f6y\u00fck LCD<br \/>\nAyd\u0131n oxunmas\u0131 arzular\u0131n d\u0259qiqliyini art\u0131r\u0131r.<\/p>\n<p>FEEDBACK sistemi<br \/>\nArzu g\u00fcc\u00fcn\u00fc idar\u0259 edir v\u0259 idar\u0259 edir, \u0259m\u0259liyyat zaman\u0131 y\u00fcng\u00fcl litium-ion batareya v\u0259 olduqca s\u0259s-k\u00fcy s\u0259viyy\u0259sin\u0259 uzun avtonomiya t\u0259min edir.<\/p>\n<p>PROXimITY funksiyas\u0131: NO-TOUCH ON\/OFF<br \/>\nBu funksiya \u00e7arpaz \u00e7irkl\u0259nm\u0259 inbetween x\u0259st\u0259l\u0259rin qar\u015f\u0131s\u0131n\u0131 al\u0131r v\u0259 qar\u015f\u0131s\u0131n\u0131 al\u0131r.<\/p>\n<p>121\u00b0C-d\u0259<br \/>\n121\u00b0C-d\u0259n\u00ae\u00ae sonra 120\u00b0C-dir, 143\u00b0C-dir\u00ae.<\/p>\n<p>Ev \u015f\u0259raitind\u0259 istifad\u0259 \u00fc\u00e7\u00fcn EN 60601-1-11 uy\u011fundur v\u0259 IP22 d\u0259r\u0259c\u0259 qoruma da\u015f\u0131y\u0131r.<\/p>","protected":false},"excerpt":{"rendered":"<table border=\"0\" width=\"100%\" cellspacing=\"0\" cellpadding=\"0\">\n<tbody>\n<tr>\n<td class=\"menu\" bgcolor=\"#fff9ad\"><span class=\"sezione\">\u0422\u0435\u0445\u043d\u0438\u0447\u0435\u0441\u043a\u0438\u0435 \u0445\u0430\u0440\u0430\u043a\u0442\u0435\u0440\u0438\u0441\u0442\u0438\u043a\u0438<\/span><\/td>\n<\/tr>\n<tr>\n<td class=\"menu\" bgcolor=\"#fff9ad\">\u2022 Motor: Ya\u011fs\u0131z v\u0259 t\u0259mirsiz piston nasos<br \/>\n\u2022 G\u00fcc:<br \/>\n&#8211; Daxili yenid\u0259n \u015farj edil\u0259 bil\u0259n Litium batareyas\u0131 (14.8 V &#8211; 5.2 A) &#8211; Autonomy 70 d\u0259q<br \/>\n&#8211; Ma\u015f\u0131n-ambulator adapter (12 V &#8211; 4 A)<br \/>\n&#8211; AC\/DC adapteri 110-240 V, 50-60 Hz<br \/>\n\u2022 Max vakuum (sazlanabilir): -0.75 Bar; -75 kPa; -563 mmHg<br \/>\n\u2022 Maks s\u0259rb\u0259st hava ax\u0131n\u0131n\u0131n s\u00fcr\u0259ti: 26 l\/m<br \/>\n\u2022 H\u0259cm: 35x19x15 sm \u00c7\u0259ki: 2.7 kq<br \/>\n\u2022 V\u0259zif\u0259 d\u00f6vriyy\u0259si: non stop operation (by mains v\u0259 ya 12 V only)<br \/>\n\u2022 S\u0259s-k\u00fcy s\u0259viyy\u0259si min\/max: 46.7\/61.8 dBA<\/td>\n<\/tr>\n<\/tbody>\n<\/table>","protected":false},"featured_media":3284,"template":"","meta":[],"product_cat":[126,397],"product_tag":[398,400],"class_list":{"0":"post-3282","1":"product","2":"type-product","3":"status-publish","4":"has-post-thumbnail","6":"product_cat-tibbi-cihazlar","7":"product_cat-aspirator","8":"product_tag-aspirator","9":"product_tag-aspirator-almaq","11":"first","12":"instock","13":"shipping-taxable","14":"purchasable","15":"product-type-simple"},"yoast_head":"<!-- This site is optimized with the Yoast SEO plugin v22.7 - https:\/\/yoast.com\/wordpress\/plugins\/seo\/ -->\n<title>SUPER VEGA EVO BATAREYALI ASP\u0130RATOR 230V - Medishop<\/title>\n<meta name=\"robots\" content=\"index, follow, max-snippet:-1, max-image-preview:large, max-video-preview:-1\" \/>\n<link rel=\"canonical\" href=\"http:\/\/medishop.az\/ru\/mehsul\/supervega-evo-batarya-aspirator-230v\/\" \/>\n<meta property=\"og:locale\" content=\"ru_RU\" \/>\n<meta property=\"og:type\" content=\"article\" \/>\n<meta property=\"og:title\" content=\"SUPER VEGA EVO BATAREYALI ASP\u0130RATOR 230V - Medishop\" \/>\n<meta property=\"og:description\" content=\"Texniki Spesifikasiyalar   \u2022 Motor: Ya\u011fs\u0131z v\u0259 t\u0259mirsiz piston nasos \u2022 G\u00fcc: - Daxili yenid\u0259n \u015farj edil\u0259 bil\u0259n Litium batareyas\u0131 (14.8 V - 5.2 A) - Autonomy 70 d\u0259q - Ma\u015f\u0131n-ambulator adapter (12 V - 4 A) - AC\/DC adapteri 110-240 V, 50-60 Hz \u2022 Max vakuum (sazlanabilir): -0.75 Bar; -75 kPa; -563 mmHg \u2022 Maks s\u0259rb\u0259st hava ax\u0131n\u0131n\u0131n s\u00fcr\u0259ti: 26 l\/m \u2022 H\u0259cm: 35x19x15 sm \u00c7\u0259ki: 2.7 kq \u2022 V\u0259zif\u0259 d\u00f6vriyy\u0259si: non stop operation (by mains v\u0259 ya 12 V only) \u2022 S\u0259s-k\u00fcy s\u0259viyy\u0259si min\/max: 46.7\/61.8 dBA\" \/>\n<meta property=\"og:url\" content=\"http:\/\/medishop.az\/ru\/mehsul\/supervega-evo-batarya-aspirator-230v\/\" \/>\n<meta property=\"og:site_name\" content=\"Medishop\" \/>\n<meta property=\"article:publisher\" content=\"https:\/\/www.facebook.com\/medishop.azerbaijan\" \/>\n<meta property=\"article:modified_time\" content=\"2023-01-03T17:22:46+00:00\" \/>\n<meta property=\"og:image\" content=\"https:\/\/storage.googleapis.com\/stateless-medishop-az\/2022\/12\/SUPERVEGA-EVO-BATARYA-ASPIRATOR-230V.jpg\" \/>\n\t<meta property=\"og:image:width\" content=\"1000\" \/>\n\t<meta property=\"og:image:height\" content=\"1000\" \/>\n\t<meta property=\"og:image:type\" content=\"image\/jpeg\" \/>\n<meta name=\"twitter:card\" content=\"summary_large_image\" \/>\n<meta name=\"twitter:label1\" content=\"\u041f\u0440\u0438\u043c\u0435\u0440\u043d\u043e\u0435 \u0432\u0440\u0435\u043c\u044f \u0434\u043b\u044f \u0447\u0442\u0435\u043d\u0438\u044f\" \/>\n\t<meta name=\"twitter:data1\" content=\"1 \u043c\u0438\u043d\u0443\u0442\u0430\" \/>\n<script type=\"application\/ld+json\" class=\"yoast-schema-graph\">{\"@context\":\"https:\/\/schema.org\",\"@graph\":[{\"@type\":\"WebPage\",\"@id\":\"https:\/\/medishop.az\/mehsul\/supervega-evo-batarya-aspirator-230v\/\",\"url\":\"https:\/\/medishop.az\/mehsul\/supervega-evo-batarya-aspirator-230v\/\",\"name\":\"SUPER VEGA EVO BATAREYALI ASP\u0130RATOR 230V - Medishop\",\"isPartOf\":{\"@id\":\"https:\/\/medishop.az\/#website\"},\"primaryImageOfPage\":{\"@id\":\"https:\/\/medishop.az\/mehsul\/supervega-evo-batarya-aspirator-230v\/#primaryimage\"},\"image\":{\"@id\":\"https:\/\/medishop.az\/mehsul\/supervega-evo-batarya-aspirator-230v\/#primaryimage\"},\"thumbnailUrl\":\"https:\/\/medishop.az\/wp-content\/uploads\/2022\/12\/SUPERVEGA-EVO-BATARYA-ASPIRATOR-230V.jpg\",\"datePublished\":\"2022-12-14T18:42:11+00:00\",\"dateModified\":\"2023-01-03T17:22:46+00:00\",\"breadcrumb\":{\"@id\":\"https:\/\/medishop.az\/mehsul\/supervega-evo-batarya-aspirator-230v\/#breadcrumb\"},\"inLanguage\":\"ru-RU\",\"potentialAction\":[{\"@type\":\"ReadAction\",\"target\":[\"https:\/\/medishop.az\/mehsul\/supervega-evo-batarya-aspirator-230v\/\"]}]},{\"@type\":\"ImageObject\",\"inLanguage\":\"ru-RU\",\"@id\":\"https:\/\/medishop.az\/mehsul\/supervega-evo-batarya-aspirator-230v\/#primaryimage\",\"url\":\"https:\/\/medishop.az\/wp-content\/uploads\/2022\/12\/SUPERVEGA-EVO-BATARYA-ASPIRATOR-230V.jpg\",\"contentUrl\":\"https:\/\/medishop.az\/wp-content\/uploads\/2022\/12\/SUPERVEGA-EVO-BATARYA-ASPIRATOR-230V.jpg\",\"width\":1000,\"height\":1000},{\"@type\":\"BreadcrumbList\",\"@id\":\"https:\/\/medishop.az\/mehsul\/supervega-evo-batarya-aspirator-230v\/#breadcrumb\",\"itemListElement\":[{\"@type\":\"ListItem\",\"position\":1,\"name\":\"\u018fsas\",\"item\":\"https:\/\/medishop.az\/\"},{\"@type\":\"ListItem\",\"position\":2,\"name\":\"Ma\u011faza\",\"item\":\"https:\/\/medishop.az\/ru\/shop\/\"},{\"@type\":\"ListItem\",\"position\":3,\"name\":\"SUPER VEGA EVO BATAREYALI ASP\u0130RATOR 230V\"}]},{\"@type\":\"WebSite\",\"@id\":\"https:\/\/medishop.az\/#website\",\"url\":\"https:\/\/medishop.az\/\",\"name\":\"Medishop\",\"description\":\"Onlayn tibbi ma\u011faza\",\"publisher\":{\"@id\":\"https:\/\/medishop.az\/#organization\"},\"potentialAction\":[{\"@type\":\"SearchAction\",\"target\":{\"@type\":\"EntryPoint\",\"urlTemplate\":\"https:\/\/medishop.az\/?s={search_term_string}\"},\"query-input\":\"required name=search_term_string\"}],\"inLanguage\":\"ru-RU\"},{\"@type\":\"Organization\",\"@id\":\"https:\/\/medishop.az\/#organization\",\"name\":\"Medishop\",\"url\":\"https:\/\/medishop.az\/\",\"logo\":{\"@type\":\"ImageObject\",\"inLanguage\":\"ru-RU\",\"@id\":\"https:\/\/medishop.az\/#\/schema\/logo\/image\/\",\"url\":\"https:\/\/storage.googleapis.com\/stateless-medishop-az\/2022\/12\/logo.png\",\"contentUrl\":\"https:\/\/storage.googleapis.com\/stateless-medishop-az\/2022\/12\/logo.png\",\"width\":300,\"height\":89,\"caption\":\"Medishop\"},\"image\":{\"@id\":\"https:\/\/medishop.az\/#\/schema\/logo\/image\/\"},\"sameAs\":[\"https:\/\/www.facebook.com\/medishop.azerbaijan\"]}]}<\/script>\n<!-- \/ Yoast SEO plugin. -->","yoast_head_json":{"title":"SUPER VEGA EVO BATAREYALI ASP\u0130RATOR 230V - Medishop","robots":{"index":"index","follow":"follow","max-snippet":"max-snippet:-1","max-image-preview":"max-image-preview:large","max-video-preview":"max-video-preview:-1"},"canonical":"http:\/\/medishop.az\/ru\/mehsul\/supervega-evo-batarya-aspirator-230v\/","og_locale":"ru_RU","og_type":"article","og_title":"SUPER VEGA EVO BATAREYALI ASP\u0130RATOR 230V - Medishop","og_description":"Texniki Spesifikasiyalar   \u2022 Motor: Ya\u011fs\u0131z v\u0259 t\u0259mirsiz piston nasos \u2022 G\u00fcc: - Daxili yenid\u0259n \u015farj edil\u0259 bil\u0259n Litium batareyas\u0131 (14.8 V - 5.2 A) - Autonomy 70 d\u0259q - Ma\u015f\u0131n-ambulator adapter (12 V - 4 A) - AC\/DC adapteri 110-240 V, 50-60 Hz \u2022 Max vakuum (sazlanabilir): -0.75 Bar; -75 kPa; -563 mmHg \u2022 Maks s\u0259rb\u0259st hava ax\u0131n\u0131n\u0131n s\u00fcr\u0259ti: 26 l\/m \u2022 H\u0259cm: 35x19x15 sm \u00c7\u0259ki: 2.7 kq \u2022 V\u0259zif\u0259 d\u00f6vriyy\u0259si: non stop operation (by mains v\u0259 ya 12 V only) \u2022 S\u0259s-k\u00fcy s\u0259viyy\u0259si min\/max: 46.7\/61.8 dBA","og_url":"http:\/\/medishop.az\/ru\/mehsul\/supervega-evo-batarya-aspirator-230v\/","og_site_name":"Medishop","article_publisher":"https:\/\/www.facebook.com\/medishop.azerbaijan","article_modified_time":"2023-01-03T17:22:46+00:00","og_image":[{"width":1000,"height":1000,"url":"https:\/\/storage.googleapis.com\/stateless-medishop-az\/2022\/12\/SUPERVEGA-EVO-BATARYA-ASPIRATOR-230V.jpg","type":"image\/jpeg"}],"twitter_card":"summary_large_image","twitter_misc":{"\u041f\u0440\u0438\u043c\u0435\u0440\u043d\u043e\u0435 \u0432\u0440\u0435\u043c\u044f \u0434\u043b\u044f \u0447\u0442\u0435\u043d\u0438\u044f":"1 \u043c\u0438\u043d\u0443\u0442\u0430"},"schema":{"@context":"https:\/\/schema.org","@graph":[{"@type":"WebPage","@id":"https:\/\/medishop.az\/mehsul\/supervega-evo-batarya-aspirator-230v\/","url":"https:\/\/medishop.az\/mehsul\/supervega-evo-batarya-aspirator-230v\/","name":"SUPER VEGA EVO BATAREYALI ASP\u0130RATOR 230V - Medishop","isPartOf":{"@id":"https:\/\/medishop.az\/#website"},"primaryImageOfPage":{"@id":"https:\/\/medishop.az\/mehsul\/supervega-evo-batarya-aspirator-230v\/#primaryimage"},"image":{"@id":"https:\/\/medishop.az\/mehsul\/supervega-evo-batarya-aspirator-230v\/#primaryimage"},"thumbnailUrl":"https:\/\/medishop.az\/wp-content\/uploads\/2022\/12\/SUPERVEGA-EVO-BATARYA-ASPIRATOR-230V.jpg","datePublished":"2022-12-14T18:42:11+00:00","dateModified":"2023-01-03T17:22:46+00:00","breadcrumb":{"@id":"https:\/\/medishop.az\/mehsul\/supervega-evo-batarya-aspirator-230v\/#breadcrumb"},"inLanguage":"ru-RU","potentialAction":[{"@type":"ReadAction","target":["https:\/\/medishop.az\/mehsul\/supervega-evo-batarya-aspirator-230v\/"]}]},{"@type":"ImageObject","inLanguage":"ru-RU","@id":"https:\/\/medishop.az\/mehsul\/supervega-evo-batarya-aspirator-230v\/#primaryimage","url":"https:\/\/medishop.az\/wp-content\/uploads\/2022\/12\/SUPERVEGA-EVO-BATARYA-ASPIRATOR-230V.jpg","contentUrl":"https:\/\/medishop.az\/wp-content\/uploads\/2022\/12\/SUPERVEGA-EVO-BATARYA-ASPIRATOR-230V.jpg","width":1000,"height":1000},{"@type":"BreadcrumbList","@id":"https:\/\/medishop.az\/mehsul\/supervega-evo-batarya-aspirator-230v\/#breadcrumb","itemListElement":[{"@type":"ListItem","position":1,"name":"\u018fsas","item":"https:\/\/medishop.az\/"},{"@type":"ListItem","position":2,"name":"Ma\u011faza","item":"https:\/\/medishop.az\/ru\/shop\/"},{"@type":"ListItem","position":3,"name":"SUPER VEGA EVO BATAREYALI ASP\u0130RATOR 230V"}]},{"@type":"WebSite","@id":"https:\/\/medishop.az\/#website","url":"https:\/\/medishop.az\/","name":"Medishop","description":"Onlayn tibbi ma\u011faza","publisher":{"@id":"https:\/\/medishop.az\/#organization"},"potentialAction":[{"@type":"SearchAction","target":{"@type":"EntryPoint","urlTemplate":"https:\/\/medishop.az\/?s={search_term_string}"},"query-input":"required name=search_term_string"}],"inLanguage":"ru-RU"},{"@type":"Organization","@id":"https:\/\/medishop.az\/#organization","name":"Medishop","url":"https:\/\/medishop.az\/","logo":{"@type":"ImageObject","inLanguage":"ru-RU","@id":"https:\/\/medishop.az\/#\/schema\/logo\/image\/","url":"https:\/\/storage.googleapis.com\/stateless-medishop-az\/2022\/12\/logo.png","contentUrl":"https:\/\/storage.googleapis.com\/stateless-medishop-az\/2022\/12\/logo.png","width":300,"height":89,"caption":"Medishop"},"image":{"@id":"https:\/\/medishop.az\/#\/schema\/logo\/image\/"},"sameAs":["https:\/\/www.facebook.com\/medishop.azerbaijan"]}]}},"jetpack_sharing_enabled":true,"_links":{"self":[{"href":"http:\/\/medishop.az\/ru\/wp-json\/wp\/v2\/product\/3282","targetHints":{"allow":["GET"]}}],"collection":[{"href":"http:\/\/medishop.az\/ru\/wp-json\/wp\/v2\/product"}],"about":[{"href":"http:\/\/medishop.az\/ru\/wp-json\/wp\/v2\/types\/product"}],"wp:featuredmedia":[{"embeddable":true,"href":"http:\/\/medishop.az\/ru\/wp-json\/wp\/v2\/media\/3284"}],"wp:attachment":[{"href":"http:\/\/medishop.az\/ru\/wp-json\/wp\/v2\/media?parent=3282"}],"wp:term":[{"taxonomy":"product_cat","embeddable":true,"href":"http:\/\/medishop.az\/ru\/wp-json\/wp\/v2\/product_cat?post=3282"},{"taxonomy":"product_tag","embeddable":true,"href":"http:\/\/medishop.az\/ru\/wp-json\/wp\/v2\/product_tag?post=3282"}],"curies":[{"name":"wp","href":"https:\/\/api.w.org\/{rel}","templated":true}]}}