{"id":3263,"date":"2022-12-14T22:21:42","date_gmt":"2022-12-14T18:21:42","guid":{"rendered":"https:\/\/medishop.az\/?post_type=product&#038;p=3263"},"modified":"2022-12-14T22:21:43","modified_gmt":"2022-12-14T18:21:43","slug":"seca-756-mexanik-t%c9%99r%c9%99zi-hundurluk-metri-il%c9%99-iii-sinif","status":"publish","type":"product","link":"http:\/\/medishop.az\/ru\/mehsul\/seca-756-mexanik-t%c9%99r%c9%99zi-hundurluk-metri-il%c9%99-iii-sinif\/","title":{"rendered":"SECA 756 MEXAN\u0130K T\u018fR\u018fZ\u0130 &#8211; h\u00fcnd\u00fcrl\u00fck metri il\u0259 &#8211; III sinif"},"content":{"rendered":"<p>SECA 756 &#8211; h\u00fcnd\u00fcrl\u00fcy\u00fc d\u0259y\u0259n\u0259kl\u0259 (60-200 sm) mexaniki &#8211; m\u00fcasir dizaynla birl\u0259\u015f\u0259n III<\/p>\n<p>sinif \u0259n\u0259n\u0259. Dair\u0259vi dial \u00fcz\u0259rind\u0259 yax\u015f\u0131 g\u00f6r\u00fcn\u0259n q\u0131rm\u0131z\u0131 pointer k\u00f6m\u0259yi il\u0259 a\u011f\u0131rl\u0131q g\u00f6st\u0259rm\u0259k \u00fc\u00e7\u00fcn \u00e7ox h\u0259ssas d\u0259qiqlik mexanizmi il\u0259.Metroloji<\/p>\n<p>raz\u0131l\u0131q tibbi sah\u0259d\u0259 istifad\u0259 \u00fc\u00e7\u00fcn: SINIF III<\/p>","protected":false},"excerpt":{"rendered":"<p>SECA 756 &#8211; h\u00fcnd\u00fcrl\u00fcy\u00fc d\u0259y\u0259n\u0259kl\u0259 (60-200 sm) mexaniki &#8211; m\u00fcasir dizaynla birl\u0259\u015f\u0259n III sinif \u0259n\u0259n\u0259. Dair\u0259vi dial \u00fcz\u0259rind\u0259 yax\u015f\u0131 g\u00f6r\u00fcn\u0259n q\u0131rm\u0131z\u0131 pointer k\u00f6m\u0259yi il\u0259 a\u011f\u0131rl\u0131q g\u00f6st\u0259rm\u0259k \u00fc\u00e7\u00fcn \u00e7ox h\u0259ssas d\u0259qiqlik<\/p>","protected":false},"featured_media":3264,"template":"","meta":[],"product_cat":[15],"product_tag":[242],"class_list":{"0":"post-3263","1":"product","2":"type-product","3":"status-publish","4":"has-post-thumbnail","6":"product_cat-diger","7":"product_tag-mexanik-trzi","9":"first","10":"instock","11":"shipping-taxable","12":"purchasable","13":"product-type-simple"},"yoast_head":"<!-- This site is optimized with the Yoast SEO plugin v22.7 - https:\/\/yoast.com\/wordpress\/plugins\/seo\/ -->\n<title>SECA 756 MEXAN\u0130K T\u018fR\u018fZ\u0130 - h\u00fcnd\u00fcrl\u00fck metri il\u0259 - III sinif - Medishop<\/title>\n<meta name=\"robots\" content=\"index, follow, max-snippet:-1, max-image-preview:large, max-video-preview:-1\" \/>\n<link rel=\"canonical\" href=\"http:\/\/medishop.az\/ru\/mehsul\/seca-756-mexanik-t\u0259r\u0259zi-hundurluk-metri-il\u0259-iii-sinif\/\" \/>\n<meta property=\"og:locale\" content=\"ru_RU\" \/>\n<meta property=\"og:type\" content=\"article\" \/>\n<meta property=\"og:title\" content=\"SECA 756 MEXAN\u0130K T\u018fR\u018fZ\u0130 - h\u00fcnd\u00fcrl\u00fck metri il\u0259 - III sinif - Medishop\" \/>\n<meta property=\"og:description\" content=\"SECA 756 &#8211; h\u00fcnd\u00fcrl\u00fcy\u00fc d\u0259y\u0259n\u0259kl\u0259 (60-200 sm) mexaniki &#8211; m\u00fcasir dizaynla birl\u0259\u015f\u0259n III sinif \u0259n\u0259n\u0259. Dair\u0259vi dial \u00fcz\u0259rind\u0259 yax\u015f\u0131 g\u00f6r\u00fcn\u0259n q\u0131rm\u0131z\u0131 pointer k\u00f6m\u0259yi il\u0259 a\u011f\u0131rl\u0131q g\u00f6st\u0259rm\u0259k \u00fc\u00e7\u00fcn \u00e7ox h\u0259ssas d\u0259qiqlik\" \/>\n<meta property=\"og:url\" content=\"http:\/\/medishop.az\/ru\/mehsul\/seca-756-mexanik-t\u0259r\u0259zi-hundurluk-metri-il\u0259-iii-sinif\/\" \/>\n<meta property=\"og:site_name\" content=\"Medishop\" \/>\n<meta property=\"article:publisher\" content=\"https:\/\/www.facebook.com\/medishop.azerbaijan\" \/>\n<meta property=\"article:modified_time\" content=\"2022-12-14T18:21:43+00:00\" \/>\n<meta property=\"og:image\" content=\"https:\/\/storage.googleapis.com\/stateless-medishop-az\/2022\/12\/MEXANIK-T\u018fR\u018fZI.jpg\" \/>\n\t<meta property=\"og:image:width\" content=\"1000\" \/>\n\t<meta property=\"og:image:height\" content=\"1000\" \/>\n\t<meta property=\"og:image:type\" content=\"image\/jpeg\" \/>\n<meta name=\"twitter:card\" content=\"summary_large_image\" \/>\n<script type=\"application\/ld+json\" class=\"yoast-schema-graph\">{\"@context\":\"https:\/\/schema.org\",\"@graph\":[{\"@type\":\"WebPage\",\"@id\":\"https:\/\/medishop.az\/mehsul\/seca-756-mexanik-t%c9%99r%c9%99zi-hundurluk-metri-il%c9%99-iii-sinif\/\",\"url\":\"https:\/\/medishop.az\/mehsul\/seca-756-mexanik-t%c9%99r%c9%99zi-hundurluk-metri-il%c9%99-iii-sinif\/\",\"name\":\"SECA 756 MEXAN\u0130K T\u018fR\u018fZ\u0130 - h\u00fcnd\u00fcrl\u00fck metri il\u0259 - III sinif - Medishop\",\"isPartOf\":{\"@id\":\"https:\/\/medishop.az\/#website\"},\"primaryImageOfPage\":{\"@id\":\"https:\/\/medishop.az\/mehsul\/seca-756-mexanik-t%c9%99r%c9%99zi-hundurluk-metri-il%c9%99-iii-sinif\/#primaryimage\"},\"image\":{\"@id\":\"https:\/\/medishop.az\/mehsul\/seca-756-mexanik-t%c9%99r%c9%99zi-hundurluk-metri-il%c9%99-iii-sinif\/#primaryimage\"},\"thumbnailUrl\":\"https:\/\/medishop.az\/wp-content\/uploads\/2022\/12\/MEXANIK-T\u018fR\u018fZI.jpg\",\"datePublished\":\"2022-12-14T18:21:42+00:00\",\"dateModified\":\"2022-12-14T18:21:43+00:00\",\"breadcrumb\":{\"@id\":\"https:\/\/medishop.az\/mehsul\/seca-756-mexanik-t%c9%99r%c9%99zi-hundurluk-metri-il%c9%99-iii-sinif\/#breadcrumb\"},\"inLanguage\":\"ru-RU\",\"potentialAction\":[{\"@type\":\"ReadAction\",\"target\":[\"https:\/\/medishop.az\/mehsul\/seca-756-mexanik-t%c9%99r%c9%99zi-hundurluk-metri-il%c9%99-iii-sinif\/\"]}]},{\"@type\":\"ImageObject\",\"inLanguage\":\"ru-RU\",\"@id\":\"https:\/\/medishop.az\/mehsul\/seca-756-mexanik-t%c9%99r%c9%99zi-hundurluk-metri-il%c9%99-iii-sinif\/#primaryimage\",\"url\":\"https:\/\/medishop.az\/wp-content\/uploads\/2022\/12\/MEXANIK-T\u018fR\u018fZI.jpg\",\"contentUrl\":\"https:\/\/medishop.az\/wp-content\/uploads\/2022\/12\/MEXANIK-T\u018fR\u018fZI.jpg\",\"width\":1000,\"height\":1000},{\"@type\":\"BreadcrumbList\",\"@id\":\"https:\/\/medishop.az\/mehsul\/seca-756-mexanik-t%c9%99r%c9%99zi-hundurluk-metri-il%c9%99-iii-sinif\/#breadcrumb\",\"itemListElement\":[{\"@type\":\"ListItem\",\"position\":1,\"name\":\"\u018fsas\",\"item\":\"https:\/\/medishop.az\/\"},{\"@type\":\"ListItem\",\"position\":2,\"name\":\"Ma\u011faza\",\"item\":\"https:\/\/medishop.az\/ru\/shop\/\"},{\"@type\":\"ListItem\",\"position\":3,\"name\":\"SECA 756 MEXAN\u0130K T\u018fR\u018fZ\u0130 &#8211; h\u00fcnd\u00fcrl\u00fck metri il\u0259 &#8211; III sinif\"}]},{\"@type\":\"WebSite\",\"@id\":\"https:\/\/medishop.az\/#website\",\"url\":\"https:\/\/medishop.az\/\",\"name\":\"Medishop\",\"description\":\"Onlayn tibbi ma\u011faza\",\"publisher\":{\"@id\":\"https:\/\/medishop.az\/#organization\"},\"potentialAction\":[{\"@type\":\"SearchAction\",\"target\":{\"@type\":\"EntryPoint\",\"urlTemplate\":\"https:\/\/medishop.az\/?s={search_term_string}\"},\"query-input\":\"required name=search_term_string\"}],\"inLanguage\":\"ru-RU\"},{\"@type\":\"Organization\",\"@id\":\"https:\/\/medishop.az\/#organization\",\"name\":\"Medishop\",\"url\":\"https:\/\/medishop.az\/\",\"logo\":{\"@type\":\"ImageObject\",\"inLanguage\":\"ru-RU\",\"@id\":\"https:\/\/medishop.az\/#\/schema\/logo\/image\/\",\"url\":\"https:\/\/storage.googleapis.com\/stateless-medishop-az\/2022\/12\/logo.png\",\"contentUrl\":\"https:\/\/storage.googleapis.com\/stateless-medishop-az\/2022\/12\/logo.png\",\"width\":300,\"height\":89,\"caption\":\"Medishop\"},\"image\":{\"@id\":\"https:\/\/medishop.az\/#\/schema\/logo\/image\/\"},\"sameAs\":[\"https:\/\/www.facebook.com\/medishop.azerbaijan\"]}]}<\/script>\n<!-- \/ Yoast SEO plugin. -->","yoast_head_json":{"title":"SECA 756 MEXAN\u0130K T\u018fR\u018fZ\u0130 - h\u00fcnd\u00fcrl\u00fck metri il\u0259 - III sinif - Medishop","robots":{"index":"index","follow":"follow","max-snippet":"max-snippet:-1","max-image-preview":"max-image-preview:large","max-video-preview":"max-video-preview:-1"},"canonical":"http:\/\/medishop.az\/ru\/mehsul\/seca-756-mexanik-t\u0259r\u0259zi-hundurluk-metri-il\u0259-iii-sinif\/","og_locale":"ru_RU","og_type":"article","og_title":"SECA 756 MEXAN\u0130K T\u018fR\u018fZ\u0130 - h\u00fcnd\u00fcrl\u00fck metri il\u0259 - III sinif - Medishop","og_description":"SECA 756 &#8211; h\u00fcnd\u00fcrl\u00fcy\u00fc d\u0259y\u0259n\u0259kl\u0259 (60-200 sm) mexaniki &#8211; m\u00fcasir dizaynla birl\u0259\u015f\u0259n III sinif \u0259n\u0259n\u0259. Dair\u0259vi dial \u00fcz\u0259rind\u0259 yax\u015f\u0131 g\u00f6r\u00fcn\u0259n q\u0131rm\u0131z\u0131 pointer k\u00f6m\u0259yi il\u0259 a\u011f\u0131rl\u0131q g\u00f6st\u0259rm\u0259k \u00fc\u00e7\u00fcn \u00e7ox h\u0259ssas d\u0259qiqlik","og_url":"http:\/\/medishop.az\/ru\/mehsul\/seca-756-mexanik-t\u0259r\u0259zi-hundurluk-metri-il\u0259-iii-sinif\/","og_site_name":"Medishop","article_publisher":"https:\/\/www.facebook.com\/medishop.azerbaijan","article_modified_time":"2022-12-14T18:21:43+00:00","og_image":[{"width":1000,"height":1000,"url":"https:\/\/storage.googleapis.com\/stateless-medishop-az\/2022\/12\/MEXANIK-T\u018fR\u018fZI.jpg","type":"image\/jpeg"}],"twitter_card":"summary_large_image","schema":{"@context":"https:\/\/schema.org","@graph":[{"@type":"WebPage","@id":"https:\/\/medishop.az\/mehsul\/seca-756-mexanik-t%c9%99r%c9%99zi-hundurluk-metri-il%c9%99-iii-sinif\/","url":"https:\/\/medishop.az\/mehsul\/seca-756-mexanik-t%c9%99r%c9%99zi-hundurluk-metri-il%c9%99-iii-sinif\/","name":"SECA 756 MEXAN\u0130K T\u018fR\u018fZ\u0130 - h\u00fcnd\u00fcrl\u00fck metri il\u0259 - III sinif - Medishop","isPartOf":{"@id":"https:\/\/medishop.az\/#website"},"primaryImageOfPage":{"@id":"https:\/\/medishop.az\/mehsul\/seca-756-mexanik-t%c9%99r%c9%99zi-hundurluk-metri-il%c9%99-iii-sinif\/#primaryimage"},"image":{"@id":"https:\/\/medishop.az\/mehsul\/seca-756-mexanik-t%c9%99r%c9%99zi-hundurluk-metri-il%c9%99-iii-sinif\/#primaryimage"},"thumbnailUrl":"https:\/\/medishop.az\/wp-content\/uploads\/2022\/12\/MEXANIK-T\u018fR\u018fZI.jpg","datePublished":"2022-12-14T18:21:42+00:00","dateModified":"2022-12-14T18:21:43+00:00","breadcrumb":{"@id":"https:\/\/medishop.az\/mehsul\/seca-756-mexanik-t%c9%99r%c9%99zi-hundurluk-metri-il%c9%99-iii-sinif\/#breadcrumb"},"inLanguage":"ru-RU","potentialAction":[{"@type":"ReadAction","target":["https:\/\/medishop.az\/mehsul\/seca-756-mexanik-t%c9%99r%c9%99zi-hundurluk-metri-il%c9%99-iii-sinif\/"]}]},{"@type":"ImageObject","inLanguage":"ru-RU","@id":"https:\/\/medishop.az\/mehsul\/seca-756-mexanik-t%c9%99r%c9%99zi-hundurluk-metri-il%c9%99-iii-sinif\/#primaryimage","url":"https:\/\/medishop.az\/wp-content\/uploads\/2022\/12\/MEXANIK-T\u018fR\u018fZI.jpg","contentUrl":"https:\/\/medishop.az\/wp-content\/uploads\/2022\/12\/MEXANIK-T\u018fR\u018fZI.jpg","width":1000,"height":1000},{"@type":"BreadcrumbList","@id":"https:\/\/medishop.az\/mehsul\/seca-756-mexanik-t%c9%99r%c9%99zi-hundurluk-metri-il%c9%99-iii-sinif\/#breadcrumb","itemListElement":[{"@type":"ListItem","position":1,"name":"\u018fsas","item":"https:\/\/medishop.az\/"},{"@type":"ListItem","position":2,"name":"Ma\u011faza","item":"https:\/\/medishop.az\/ru\/shop\/"},{"@type":"ListItem","position":3,"name":"SECA 756 MEXAN\u0130K T\u018fR\u018fZ\u0130 &#8211; h\u00fcnd\u00fcrl\u00fck metri il\u0259 &#8211; III sinif"}]},{"@type":"WebSite","@id":"https:\/\/medishop.az\/#website","url":"https:\/\/medishop.az\/","name":"Medishop","description":"Onlayn tibbi ma\u011faza","publisher":{"@id":"https:\/\/medishop.az\/#organization"},"potentialAction":[{"@type":"SearchAction","target":{"@type":"EntryPoint","urlTemplate":"https:\/\/medishop.az\/?s={search_term_string}"},"query-input":"required name=search_term_string"}],"inLanguage":"ru-RU"},{"@type":"Organization","@id":"https:\/\/medishop.az\/#organization","name":"Medishop","url":"https:\/\/medishop.az\/","logo":{"@type":"ImageObject","inLanguage":"ru-RU","@id":"https:\/\/medishop.az\/#\/schema\/logo\/image\/","url":"https:\/\/storage.googleapis.com\/stateless-medishop-az\/2022\/12\/logo.png","contentUrl":"https:\/\/storage.googleapis.com\/stateless-medishop-az\/2022\/12\/logo.png","width":300,"height":89,"caption":"Medishop"},"image":{"@id":"https:\/\/medishop.az\/#\/schema\/logo\/image\/"},"sameAs":["https:\/\/www.facebook.com\/medishop.azerbaijan"]}]}},"jetpack_sharing_enabled":true,"_links":{"self":[{"href":"http:\/\/medishop.az\/ru\/wp-json\/wp\/v2\/product\/3263","targetHints":{"allow":["GET"]}}],"collection":[{"href":"http:\/\/medishop.az\/ru\/wp-json\/wp\/v2\/product"}],"about":[{"href":"http:\/\/medishop.az\/ru\/wp-json\/wp\/v2\/types\/product"}],"wp:featuredmedia":[{"embeddable":true,"href":"http:\/\/medishop.az\/ru\/wp-json\/wp\/v2\/media\/3264"}],"wp:attachment":[{"href":"http:\/\/medishop.az\/ru\/wp-json\/wp\/v2\/media?parent=3263"}],"wp:term":[{"taxonomy":"product_cat","embeddable":true,"href":"http:\/\/medishop.az\/ru\/wp-json\/wp\/v2\/product_cat?post=3263"},{"taxonomy":"product_tag","embeddable":true,"href":"http:\/\/medishop.az\/ru\/wp-json\/wp\/v2\/product_tag?post=3263"}],"curies":[{"name":"wp","href":"https:\/\/api.w.org\/{rel}","templated":true}]}}