{"id":3231,"date":"2022-12-14T20:52:04","date_gmt":"2022-12-14T16:52:04","guid":{"rendered":"https:\/\/medishop.az\/?post_type=product&#038;p=3231"},"modified":"2022-12-14T20:52:05","modified_gmt":"2022-12-14T16:52:05","slug":"valigetta-prime-d%c9%99ri-tibb-cantasi-q%c9%99hv%c9%99yi","status":"publish","type":"product","link":"http:\/\/medishop.az\/ru\/mehsul\/valigetta-prime-d%c9%99ri-tibb-cantasi-q%c9%99hv%c9%99yi\/","title":{"rendered":"VALIGETTA PRIME D\u018fR\u0130 TIBB \u00c7ANTASI &#8211; q\u0259hv\u0259yi"},"content":{"rendered":"<p>Rigid alt, zip-fastener cib daxilind\u0259 v\u0259 b\u00fck\u00fclm\u00fc\u015f cib daxilind\u0259.<\/p>\n<p>Xarici \u00f6l\u00e7\u00fcl\u0259ri: 34 x 17 x h 21 sm<\/p>\n<p>Made in \u0130talia<\/p>","protected":false},"excerpt":{"rendered":"<p>Rigid alt, zip-fastener cib daxilind\u0259 v\u0259 b\u00fck\u00fclm\u00fc\u015f cib daxilind\u0259. Xarici \u00f6l\u00e7\u00fcl\u0259ri: 34 x 17 x h 21 sm Made in \u0130talia<\/p>","protected":false},"featured_media":3232,"template":"","meta":[],"product_cat":[15],"product_tag":[238],"class_list":{"0":"post-3231","1":"product","2":"type-product","3":"status-publish","4":"has-post-thumbnail","6":"product_cat-diger","7":"product_tag-tibb-cantasi","9":"first","10":"instock","11":"shipping-taxable","12":"purchasable","13":"product-type-simple"},"yoast_head":"<!-- This site is optimized with the Yoast SEO plugin v22.7 - https:\/\/yoast.com\/wordpress\/plugins\/seo\/ -->\n<title>VALIGETTA PRIME D\u018fR\u0130 TIBB \u00c7ANTASI - q\u0259hv\u0259yi - Medishop<\/title>\n<meta name=\"robots\" content=\"index, follow, max-snippet:-1, max-image-preview:large, max-video-preview:-1\" \/>\n<link rel=\"canonical\" href=\"http:\/\/medishop.az\/ru\/mehsul\/valigetta-prime-d\u0259ri-tibb-cantasi-q\u0259hv\u0259yi\/\" \/>\n<meta property=\"og:locale\" content=\"ru_RU\" \/>\n<meta property=\"og:type\" content=\"article\" \/>\n<meta property=\"og:title\" content=\"VALIGETTA PRIME D\u018fR\u0130 TIBB \u00c7ANTASI - q\u0259hv\u0259yi - Medishop\" \/>\n<meta property=\"og:description\" content=\"Rigid alt, zip-fastener cib daxilind\u0259 v\u0259 b\u00fck\u00fclm\u00fc\u015f cib daxilind\u0259. Xarici \u00f6l\u00e7\u00fcl\u0259ri: 34 x 17 x h 21 sm Made in \u0130talia\" \/>\n<meta property=\"og:url\" content=\"http:\/\/medishop.az\/ru\/mehsul\/valigetta-prime-d\u0259ri-tibb-cantasi-q\u0259hv\u0259yi\/\" \/>\n<meta property=\"og:site_name\" content=\"Medishop\" \/>\n<meta property=\"article:publisher\" content=\"https:\/\/www.facebook.com\/medishop.azerbaijan\" \/>\n<meta property=\"article:modified_time\" content=\"2022-12-14T16:52:05+00:00\" \/>\n<meta property=\"og:image\" content=\"https:\/\/storage.googleapis.com\/stateless-medishop-az\/2022\/12\/V\u018fLIGETTA-PRIME-D\u018fRI-TIBB-CANTASi-q\u0259hv\u0259yi.jpg\" \/>\n\t<meta property=\"og:image:width\" content=\"1000\" \/>\n\t<meta property=\"og:image:height\" content=\"1000\" \/>\n\t<meta property=\"og:image:type\" content=\"image\/jpeg\" \/>\n<meta name=\"twitter:card\" content=\"summary_large_image\" \/>\n<script type=\"application\/ld+json\" class=\"yoast-schema-graph\">{\"@context\":\"https:\/\/schema.org\",\"@graph\":[{\"@type\":\"WebPage\",\"@id\":\"https:\/\/medishop.az\/mehsul\/valigetta-prime-d%c9%99ri-tibb-cantasi-q%c9%99hv%c9%99yi\/\",\"url\":\"https:\/\/medishop.az\/mehsul\/valigetta-prime-d%c9%99ri-tibb-cantasi-q%c9%99hv%c9%99yi\/\",\"name\":\"VALIGETTA PRIME D\u018fR\u0130 TIBB \u00c7ANTASI - q\u0259hv\u0259yi - Medishop\",\"isPartOf\":{\"@id\":\"https:\/\/medishop.az\/#website\"},\"primaryImageOfPage\":{\"@id\":\"https:\/\/medishop.az\/mehsul\/valigetta-prime-d%c9%99ri-tibb-cantasi-q%c9%99hv%c9%99yi\/#primaryimage\"},\"image\":{\"@id\":\"https:\/\/medishop.az\/mehsul\/valigetta-prime-d%c9%99ri-tibb-cantasi-q%c9%99hv%c9%99yi\/#primaryimage\"},\"thumbnailUrl\":\"https:\/\/medishop.az\/wp-content\/uploads\/2022\/12\/V\u018fLIGETTA-PRIME-D\u018fRI-TIBB-CANTASi-q\u0259hv\u0259yi.jpg\",\"datePublished\":\"2022-12-14T16:52:04+00:00\",\"dateModified\":\"2022-12-14T16:52:05+00:00\",\"breadcrumb\":{\"@id\":\"https:\/\/medishop.az\/mehsul\/valigetta-prime-d%c9%99ri-tibb-cantasi-q%c9%99hv%c9%99yi\/#breadcrumb\"},\"inLanguage\":\"ru-RU\",\"potentialAction\":[{\"@type\":\"ReadAction\",\"target\":[\"https:\/\/medishop.az\/mehsul\/valigetta-prime-d%c9%99ri-tibb-cantasi-q%c9%99hv%c9%99yi\/\"]}]},{\"@type\":\"ImageObject\",\"inLanguage\":\"ru-RU\",\"@id\":\"https:\/\/medishop.az\/mehsul\/valigetta-prime-d%c9%99ri-tibb-cantasi-q%c9%99hv%c9%99yi\/#primaryimage\",\"url\":\"https:\/\/medishop.az\/wp-content\/uploads\/2022\/12\/V\u018fLIGETTA-PRIME-D\u018fRI-TIBB-CANTASi-q\u0259hv\u0259yi.jpg\",\"contentUrl\":\"https:\/\/medishop.az\/wp-content\/uploads\/2022\/12\/V\u018fLIGETTA-PRIME-D\u018fRI-TIBB-CANTASi-q\u0259hv\u0259yi.jpg\",\"width\":1000,\"height\":1000},{\"@type\":\"BreadcrumbList\",\"@id\":\"https:\/\/medishop.az\/mehsul\/valigetta-prime-d%c9%99ri-tibb-cantasi-q%c9%99hv%c9%99yi\/#breadcrumb\",\"itemListElement\":[{\"@type\":\"ListItem\",\"position\":1,\"name\":\"\u018fsas\",\"item\":\"https:\/\/medishop.az\/\"},{\"@type\":\"ListItem\",\"position\":2,\"name\":\"Ma\u011faza\",\"item\":\"https:\/\/medishop.az\/ru\/shop\/\"},{\"@type\":\"ListItem\",\"position\":3,\"name\":\"VALIGETTA PRIME D\u018fR\u0130 TIBB \u00c7ANTASI &#8211; q\u0259hv\u0259yi\"}]},{\"@type\":\"WebSite\",\"@id\":\"https:\/\/medishop.az\/#website\",\"url\":\"https:\/\/medishop.az\/\",\"name\":\"Medishop\",\"description\":\"Onlayn tibbi ma\u011faza\",\"publisher\":{\"@id\":\"https:\/\/medishop.az\/#organization\"},\"potentialAction\":[{\"@type\":\"SearchAction\",\"target\":{\"@type\":\"EntryPoint\",\"urlTemplate\":\"https:\/\/medishop.az\/?s={search_term_string}\"},\"query-input\":\"required name=search_term_string\"}],\"inLanguage\":\"ru-RU\"},{\"@type\":\"Organization\",\"@id\":\"https:\/\/medishop.az\/#organization\",\"name\":\"Medishop\",\"url\":\"https:\/\/medishop.az\/\",\"logo\":{\"@type\":\"ImageObject\",\"inLanguage\":\"ru-RU\",\"@id\":\"https:\/\/medishop.az\/#\/schema\/logo\/image\/\",\"url\":\"https:\/\/storage.googleapis.com\/stateless-medishop-az\/2022\/12\/logo.png\",\"contentUrl\":\"https:\/\/storage.googleapis.com\/stateless-medishop-az\/2022\/12\/logo.png\",\"width\":300,\"height\":89,\"caption\":\"Medishop\"},\"image\":{\"@id\":\"https:\/\/medishop.az\/#\/schema\/logo\/image\/\"},\"sameAs\":[\"https:\/\/www.facebook.com\/medishop.azerbaijan\"]}]}<\/script>\n<!-- \/ Yoast SEO plugin. -->","yoast_head_json":{"title":"VALIGETTA PRIME D\u018fR\u0130 TIBB \u00c7ANTASI - q\u0259hv\u0259yi - Medishop","robots":{"index":"index","follow":"follow","max-snippet":"max-snippet:-1","max-image-preview":"max-image-preview:large","max-video-preview":"max-video-preview:-1"},"canonical":"http:\/\/medishop.az\/ru\/mehsul\/valigetta-prime-d\u0259ri-tibb-cantasi-q\u0259hv\u0259yi\/","og_locale":"ru_RU","og_type":"article","og_title":"VALIGETTA PRIME D\u018fR\u0130 TIBB \u00c7ANTASI - q\u0259hv\u0259yi - Medishop","og_description":"Rigid alt, zip-fastener cib daxilind\u0259 v\u0259 b\u00fck\u00fclm\u00fc\u015f cib daxilind\u0259. Xarici \u00f6l\u00e7\u00fcl\u0259ri: 34 x 17 x h 21 sm Made in \u0130talia","og_url":"http:\/\/medishop.az\/ru\/mehsul\/valigetta-prime-d\u0259ri-tibb-cantasi-q\u0259hv\u0259yi\/","og_site_name":"Medishop","article_publisher":"https:\/\/www.facebook.com\/medishop.azerbaijan","article_modified_time":"2022-12-14T16:52:05+00:00","og_image":[{"width":1000,"height":1000,"url":"https:\/\/storage.googleapis.com\/stateless-medishop-az\/2022\/12\/V\u018fLIGETTA-PRIME-D\u018fRI-TIBB-CANTASi-q\u0259hv\u0259yi.jpg","type":"image\/jpeg"}],"twitter_card":"summary_large_image","schema":{"@context":"https:\/\/schema.org","@graph":[{"@type":"WebPage","@id":"https:\/\/medishop.az\/mehsul\/valigetta-prime-d%c9%99ri-tibb-cantasi-q%c9%99hv%c9%99yi\/","url":"https:\/\/medishop.az\/mehsul\/valigetta-prime-d%c9%99ri-tibb-cantasi-q%c9%99hv%c9%99yi\/","name":"VALIGETTA PRIME D\u018fR\u0130 TIBB \u00c7ANTASI - q\u0259hv\u0259yi - Medishop","isPartOf":{"@id":"https:\/\/medishop.az\/#website"},"primaryImageOfPage":{"@id":"https:\/\/medishop.az\/mehsul\/valigetta-prime-d%c9%99ri-tibb-cantasi-q%c9%99hv%c9%99yi\/#primaryimage"},"image":{"@id":"https:\/\/medishop.az\/mehsul\/valigetta-prime-d%c9%99ri-tibb-cantasi-q%c9%99hv%c9%99yi\/#primaryimage"},"thumbnailUrl":"https:\/\/medishop.az\/wp-content\/uploads\/2022\/12\/V\u018fLIGETTA-PRIME-D\u018fRI-TIBB-CANTASi-q\u0259hv\u0259yi.jpg","datePublished":"2022-12-14T16:52:04+00:00","dateModified":"2022-12-14T16:52:05+00:00","breadcrumb":{"@id":"https:\/\/medishop.az\/mehsul\/valigetta-prime-d%c9%99ri-tibb-cantasi-q%c9%99hv%c9%99yi\/#breadcrumb"},"inLanguage":"ru-RU","potentialAction":[{"@type":"ReadAction","target":["https:\/\/medishop.az\/mehsul\/valigetta-prime-d%c9%99ri-tibb-cantasi-q%c9%99hv%c9%99yi\/"]}]},{"@type":"ImageObject","inLanguage":"ru-RU","@id":"https:\/\/medishop.az\/mehsul\/valigetta-prime-d%c9%99ri-tibb-cantasi-q%c9%99hv%c9%99yi\/#primaryimage","url":"https:\/\/medishop.az\/wp-content\/uploads\/2022\/12\/V\u018fLIGETTA-PRIME-D\u018fRI-TIBB-CANTASi-q\u0259hv\u0259yi.jpg","contentUrl":"https:\/\/medishop.az\/wp-content\/uploads\/2022\/12\/V\u018fLIGETTA-PRIME-D\u018fRI-TIBB-CANTASi-q\u0259hv\u0259yi.jpg","width":1000,"height":1000},{"@type":"BreadcrumbList","@id":"https:\/\/medishop.az\/mehsul\/valigetta-prime-d%c9%99ri-tibb-cantasi-q%c9%99hv%c9%99yi\/#breadcrumb","itemListElement":[{"@type":"ListItem","position":1,"name":"\u018fsas","item":"https:\/\/medishop.az\/"},{"@type":"ListItem","position":2,"name":"Ma\u011faza","item":"https:\/\/medishop.az\/ru\/shop\/"},{"@type":"ListItem","position":3,"name":"VALIGETTA PRIME D\u018fR\u0130 TIBB \u00c7ANTASI &#8211; q\u0259hv\u0259yi"}]},{"@type":"WebSite","@id":"https:\/\/medishop.az\/#website","url":"https:\/\/medishop.az\/","name":"Medishop","description":"Onlayn tibbi ma\u011faza","publisher":{"@id":"https:\/\/medishop.az\/#organization"},"potentialAction":[{"@type":"SearchAction","target":{"@type":"EntryPoint","urlTemplate":"https:\/\/medishop.az\/?s={search_term_string}"},"query-input":"required name=search_term_string"}],"inLanguage":"ru-RU"},{"@type":"Organization","@id":"https:\/\/medishop.az\/#organization","name":"Medishop","url":"https:\/\/medishop.az\/","logo":{"@type":"ImageObject","inLanguage":"ru-RU","@id":"https:\/\/medishop.az\/#\/schema\/logo\/image\/","url":"https:\/\/storage.googleapis.com\/stateless-medishop-az\/2022\/12\/logo.png","contentUrl":"https:\/\/storage.googleapis.com\/stateless-medishop-az\/2022\/12\/logo.png","width":300,"height":89,"caption":"Medishop"},"image":{"@id":"https:\/\/medishop.az\/#\/schema\/logo\/image\/"},"sameAs":["https:\/\/www.facebook.com\/medishop.azerbaijan"]}]}},"jetpack_sharing_enabled":true,"_links":{"self":[{"href":"http:\/\/medishop.az\/ru\/wp-json\/wp\/v2\/product\/3231","targetHints":{"allow":["GET"]}}],"collection":[{"href":"http:\/\/medishop.az\/ru\/wp-json\/wp\/v2\/product"}],"about":[{"href":"http:\/\/medishop.az\/ru\/wp-json\/wp\/v2\/types\/product"}],"wp:featuredmedia":[{"embeddable":true,"href":"http:\/\/medishop.az\/ru\/wp-json\/wp\/v2\/media\/3232"}],"wp:attachment":[{"href":"http:\/\/medishop.az\/ru\/wp-json\/wp\/v2\/media?parent=3231"}],"wp:term":[{"taxonomy":"product_cat","embeddable":true,"href":"http:\/\/medishop.az\/ru\/wp-json\/wp\/v2\/product_cat?post=3231"},{"taxonomy":"product_tag","embeddable":true,"href":"http:\/\/medishop.az\/ru\/wp-json\/wp\/v2\/product_tag?post=3231"}],"curies":[{"name":"wp","href":"https:\/\/api.w.org\/{rel}","templated":true}]}}