{"id":3200,"date":"2022-12-14T20:33:51","date_gmt":"2022-12-14T16:33:51","guid":{"rendered":"https:\/\/medishop.az\/?post_type=product&#038;p=3200"},"modified":"2024-09-02T10:57:55","modified_gmt":"2024-09-02T06:57:55","slug":"ampula-cantasi-nylon-qirmizi","status":"publish","type":"product","link":"http:\/\/medishop.az\/ru\/mehsul\/ampula-cantasi-nylon-qirmizi\/","title":{"rendered":"Ampula \u00e7antas\u0131 &#8211; nylon q\u0131rm\u0131z\u0131"},"content":{"rendered":"<p>MAXI VIALS BAG<\/p>\n<p>&#8211; R\u0259ng: q\u0131rm\u0131z\u0131<br \/>\n&#8211; Made in 600D polyester<br \/>\n&#8211; \u00d6l\u00e7\u00fc: 29 x 24 x h 7 sm<\/p>\n<p>\u0130st\u0259nil\u0259n \u00f6l\u00e7\u00fcd\u0259 46-ya q\u0259d\u0259r phial qorumaq, m\u00fc\u0259yy\u0259n etm\u0259k v\u0259 t\u0259\u015fkil etm\u0259k \u00fc\u00e7\u00fcn \u0259n yax\u015f\u0131 \u00fcsul.<br \/>\n\u0130ki hiss\u0259d\u0259n<br \/>\nibar\u0259t olub, 9 b\u00f6y\u00fck v\u0259 37 ki\u00e7ik ampul tutmaq \u00fc\u00e7\u00fcn elastik zolaqlarla<\/p>","protected":false},"excerpt":{"rendered":"<p>MAXI VIALS BAG &#8211; R\u0259ng: q\u0131rm\u0131z\u0131 &#8211; Made in 600D polyester &#8211; \u00d6l\u00e7\u00fc: 29 x 24 x h 7 sm \u0130st\u0259nil\u0259n \u00f6l\u00e7\u00fcd\u0259 46-ya q\u0259d\u0259r phial qorumaq, m\u00fc\u0259yy\u0259n etm\u0259k v\u0259 t\u0259\u015fkil<\/p>","protected":false},"featured_media":3201,"template":"","meta":[],"product_cat":[133,126],"product_tag":[168,359,217,351,231],"class_list":{"0":"post-3200","1":"product","2":"type-product","3":"status-publish","4":"has-post-thumbnail","6":"product_cat-ilk-yardim","7":"product_cat-tibbi-cihazlar","8":"product_tag-ilk-tibbi-yardim","9":"product_tag-ilk-yardim","10":"product_tag-ilk-yardim-cantasi","11":"product_tag-ilk-yardim-dsti","12":"product_tag-maxi-vials-bag","14":"first","15":"instock","16":"shipping-taxable","17":"purchasable","18":"product-type-simple"},"yoast_head":"<!-- This site is optimized with the Yoast SEO plugin v22.7 - https:\/\/yoast.com\/wordpress\/plugins\/seo\/ -->\n<title>Ampula \u00e7antas\u0131 - nylon q\u0131rm\u0131z\u0131 - Medishop<\/title>\n<meta name=\"robots\" content=\"index, follow, max-snippet:-1, max-image-preview:large, max-video-preview:-1\" \/>\n<link rel=\"canonical\" href=\"http:\/\/medishop.az\/ru\/mehsul\/ampula-cantasi-nylon-qirmizi\/\" \/>\n<meta property=\"og:locale\" content=\"ru_RU\" \/>\n<meta property=\"og:type\" content=\"article\" \/>\n<meta property=\"og:title\" content=\"Ampula \u00e7antas\u0131 - nylon q\u0131rm\u0131z\u0131 - Medishop\" \/>\n<meta property=\"og:description\" content=\"MAXI VIALS BAG &#8211; R\u0259ng: q\u0131rm\u0131z\u0131 &#8211; Made in 600D polyester &#8211; \u00d6l\u00e7\u00fc: 29 x 24 x h 7 sm \u0130st\u0259nil\u0259n \u00f6l\u00e7\u00fcd\u0259 46-ya q\u0259d\u0259r phial qorumaq, m\u00fc\u0259yy\u0259n etm\u0259k v\u0259 t\u0259\u015fkil\" \/>\n<meta property=\"og:url\" content=\"http:\/\/medishop.az\/ru\/mehsul\/ampula-cantasi-nylon-qirmizi\/\" \/>\n<meta property=\"og:site_name\" content=\"Medishop\" \/>\n<meta property=\"article:publisher\" content=\"https:\/\/www.facebook.com\/medishop.azerbaijan\" \/>\n<meta property=\"article:modified_time\" content=\"2024-09-02T06:57:55+00:00\" \/>\n<meta property=\"og:image\" content=\"https:\/\/medishop.az\/wp-content\/uploads\/2022\/12\/MAXI-VIALS-BAG-nylon-qirmizi.jpg\" \/>\n\t<meta property=\"og:image:width\" content=\"1000\" \/>\n\t<meta property=\"og:image:height\" content=\"1000\" \/>\n\t<meta property=\"og:image:type\" content=\"image\/jpeg\" \/>\n<meta name=\"twitter:card\" content=\"summary_large_image\" \/>\n<meta name=\"twitter:label1\" content=\"\u041f\u0440\u0438\u043c\u0435\u0440\u043d\u043e\u0435 \u0432\u0440\u0435\u043c\u044f \u0434\u043b\u044f \u0447\u0442\u0435\u043d\u0438\u044f\" \/>\n\t<meta name=\"twitter:data1\" content=\"1 \u043c\u0438\u043d\u0443\u0442\u0430\" \/>\n<script type=\"application\/ld+json\" class=\"yoast-schema-graph\">{\"@context\":\"https:\/\/schema.org\",\"@graph\":[{\"@type\":\"WebPage\",\"@id\":\"https:\/\/medishop.az\/mehsul\/ampula-cantasi-nylon-qirmizi\/\",\"url\":\"https:\/\/medishop.az\/mehsul\/ampula-cantasi-nylon-qirmizi\/\",\"name\":\"Ampula \u00e7antas\u0131 - nylon q\u0131rm\u0131z\u0131 - Medishop\",\"isPartOf\":{\"@id\":\"https:\/\/medishop.az\/#website\"},\"primaryImageOfPage\":{\"@id\":\"https:\/\/medishop.az\/mehsul\/ampula-cantasi-nylon-qirmizi\/#primaryimage\"},\"image\":{\"@id\":\"https:\/\/medishop.az\/mehsul\/ampula-cantasi-nylon-qirmizi\/#primaryimage\"},\"thumbnailUrl\":\"https:\/\/medishop.az\/wp-content\/uploads\/2022\/12\/MAXI-VIALS-BAG-nylon-qirmizi.jpg\",\"datePublished\":\"2022-12-14T16:33:51+00:00\",\"dateModified\":\"2024-09-02T06:57:55+00:00\",\"breadcrumb\":{\"@id\":\"https:\/\/medishop.az\/mehsul\/ampula-cantasi-nylon-qirmizi\/#breadcrumb\"},\"inLanguage\":\"ru-RU\",\"potentialAction\":[{\"@type\":\"ReadAction\",\"target\":[\"https:\/\/medishop.az\/mehsul\/ampula-cantasi-nylon-qirmizi\/\"]}]},{\"@type\":\"ImageObject\",\"inLanguage\":\"ru-RU\",\"@id\":\"https:\/\/medishop.az\/mehsul\/ampula-cantasi-nylon-qirmizi\/#primaryimage\",\"url\":\"https:\/\/medishop.az\/wp-content\/uploads\/2022\/12\/MAXI-VIALS-BAG-nylon-qirmizi.jpg\",\"contentUrl\":\"https:\/\/medishop.az\/wp-content\/uploads\/2022\/12\/MAXI-VIALS-BAG-nylon-qirmizi.jpg\",\"width\":1000,\"height\":1000},{\"@type\":\"BreadcrumbList\",\"@id\":\"https:\/\/medishop.az\/mehsul\/ampula-cantasi-nylon-qirmizi\/#breadcrumb\",\"itemListElement\":[{\"@type\":\"ListItem\",\"position\":1,\"name\":\"\u018fsas\",\"item\":\"https:\/\/medishop.az\/\"},{\"@type\":\"ListItem\",\"position\":2,\"name\":\"Ma\u011faza\",\"item\":\"https:\/\/medishop.az\/ru\/shop\/\"},{\"@type\":\"ListItem\",\"position\":3,\"name\":\"Ampula \u00e7antas\u0131 &#8211; nylon q\u0131rm\u0131z\u0131\"}]},{\"@type\":\"WebSite\",\"@id\":\"https:\/\/medishop.az\/#website\",\"url\":\"https:\/\/medishop.az\/\",\"name\":\"Medishop\",\"description\":\"Onlayn tibbi ma\u011faza\",\"publisher\":{\"@id\":\"https:\/\/medishop.az\/#organization\"},\"potentialAction\":[{\"@type\":\"SearchAction\",\"target\":{\"@type\":\"EntryPoint\",\"urlTemplate\":\"https:\/\/medishop.az\/?s={search_term_string}\"},\"query-input\":\"required name=search_term_string\"}],\"inLanguage\":\"ru-RU\"},{\"@type\":\"Organization\",\"@id\":\"https:\/\/medishop.az\/#organization\",\"name\":\"Medishop\",\"url\":\"https:\/\/medishop.az\/\",\"logo\":{\"@type\":\"ImageObject\",\"inLanguage\":\"ru-RU\",\"@id\":\"https:\/\/medishop.az\/#\/schema\/logo\/image\/\",\"url\":\"https:\/\/storage.googleapis.com\/stateless-medishop-az\/2022\/12\/logo.png\",\"contentUrl\":\"https:\/\/storage.googleapis.com\/stateless-medishop-az\/2022\/12\/logo.png\",\"width\":300,\"height\":89,\"caption\":\"Medishop\"},\"image\":{\"@id\":\"https:\/\/medishop.az\/#\/schema\/logo\/image\/\"},\"sameAs\":[\"https:\/\/www.facebook.com\/medishop.azerbaijan\"]}]}<\/script>\n<!-- \/ Yoast SEO plugin. -->","yoast_head_json":{"title":"Ampula \u00e7antas\u0131 - nylon q\u0131rm\u0131z\u0131 - Medishop","robots":{"index":"index","follow":"follow","max-snippet":"max-snippet:-1","max-image-preview":"max-image-preview:large","max-video-preview":"max-video-preview:-1"},"canonical":"http:\/\/medishop.az\/ru\/mehsul\/ampula-cantasi-nylon-qirmizi\/","og_locale":"ru_RU","og_type":"article","og_title":"Ampula \u00e7antas\u0131 - nylon q\u0131rm\u0131z\u0131 - Medishop","og_description":"MAXI VIALS BAG &#8211; R\u0259ng: q\u0131rm\u0131z\u0131 &#8211; Made in 600D polyester &#8211; \u00d6l\u00e7\u00fc: 29 x 24 x h 7 sm \u0130st\u0259nil\u0259n \u00f6l\u00e7\u00fcd\u0259 46-ya q\u0259d\u0259r phial qorumaq, m\u00fc\u0259yy\u0259n etm\u0259k v\u0259 t\u0259\u015fkil","og_url":"http:\/\/medishop.az\/ru\/mehsul\/ampula-cantasi-nylon-qirmizi\/","og_site_name":"Medishop","article_publisher":"https:\/\/www.facebook.com\/medishop.azerbaijan","article_modified_time":"2024-09-02T06:57:55+00:00","og_image":[{"width":1000,"height":1000,"url":"https:\/\/medishop.az\/wp-content\/uploads\/2022\/12\/MAXI-VIALS-BAG-nylon-qirmizi.jpg","type":"image\/jpeg"}],"twitter_card":"summary_large_image","twitter_misc":{"\u041f\u0440\u0438\u043c\u0435\u0440\u043d\u043e\u0435 \u0432\u0440\u0435\u043c\u044f \u0434\u043b\u044f \u0447\u0442\u0435\u043d\u0438\u044f":"1 \u043c\u0438\u043d\u0443\u0442\u0430"},"schema":{"@context":"https:\/\/schema.org","@graph":[{"@type":"WebPage","@id":"https:\/\/medishop.az\/mehsul\/ampula-cantasi-nylon-qirmizi\/","url":"https:\/\/medishop.az\/mehsul\/ampula-cantasi-nylon-qirmizi\/","name":"Ampula \u00e7antas\u0131 - nylon q\u0131rm\u0131z\u0131 - Medishop","isPartOf":{"@id":"https:\/\/medishop.az\/#website"},"primaryImageOfPage":{"@id":"https:\/\/medishop.az\/mehsul\/ampula-cantasi-nylon-qirmizi\/#primaryimage"},"image":{"@id":"https:\/\/medishop.az\/mehsul\/ampula-cantasi-nylon-qirmizi\/#primaryimage"},"thumbnailUrl":"https:\/\/medishop.az\/wp-content\/uploads\/2022\/12\/MAXI-VIALS-BAG-nylon-qirmizi.jpg","datePublished":"2022-12-14T16:33:51+00:00","dateModified":"2024-09-02T06:57:55+00:00","breadcrumb":{"@id":"https:\/\/medishop.az\/mehsul\/ampula-cantasi-nylon-qirmizi\/#breadcrumb"},"inLanguage":"ru-RU","potentialAction":[{"@type":"ReadAction","target":["https:\/\/medishop.az\/mehsul\/ampula-cantasi-nylon-qirmizi\/"]}]},{"@type":"ImageObject","inLanguage":"ru-RU","@id":"https:\/\/medishop.az\/mehsul\/ampula-cantasi-nylon-qirmizi\/#primaryimage","url":"https:\/\/medishop.az\/wp-content\/uploads\/2022\/12\/MAXI-VIALS-BAG-nylon-qirmizi.jpg","contentUrl":"https:\/\/medishop.az\/wp-content\/uploads\/2022\/12\/MAXI-VIALS-BAG-nylon-qirmizi.jpg","width":1000,"height":1000},{"@type":"BreadcrumbList","@id":"https:\/\/medishop.az\/mehsul\/ampula-cantasi-nylon-qirmizi\/#breadcrumb","itemListElement":[{"@type":"ListItem","position":1,"name":"\u018fsas","item":"https:\/\/medishop.az\/"},{"@type":"ListItem","position":2,"name":"Ma\u011faza","item":"https:\/\/medishop.az\/ru\/shop\/"},{"@type":"ListItem","position":3,"name":"Ampula \u00e7antas\u0131 &#8211; nylon q\u0131rm\u0131z\u0131"}]},{"@type":"WebSite","@id":"https:\/\/medishop.az\/#website","url":"https:\/\/medishop.az\/","name":"Medishop","description":"Onlayn tibbi ma\u011faza","publisher":{"@id":"https:\/\/medishop.az\/#organization"},"potentialAction":[{"@type":"SearchAction","target":{"@type":"EntryPoint","urlTemplate":"https:\/\/medishop.az\/?s={search_term_string}"},"query-input":"required name=search_term_string"}],"inLanguage":"ru-RU"},{"@type":"Organization","@id":"https:\/\/medishop.az\/#organization","name":"Medishop","url":"https:\/\/medishop.az\/","logo":{"@type":"ImageObject","inLanguage":"ru-RU","@id":"https:\/\/medishop.az\/#\/schema\/logo\/image\/","url":"https:\/\/storage.googleapis.com\/stateless-medishop-az\/2022\/12\/logo.png","contentUrl":"https:\/\/storage.googleapis.com\/stateless-medishop-az\/2022\/12\/logo.png","width":300,"height":89,"caption":"Medishop"},"image":{"@id":"https:\/\/medishop.az\/#\/schema\/logo\/image\/"},"sameAs":["https:\/\/www.facebook.com\/medishop.azerbaijan"]}]}},"jetpack_sharing_enabled":true,"_links":{"self":[{"href":"http:\/\/medishop.az\/ru\/wp-json\/wp\/v2\/product\/3200","targetHints":{"allow":["GET"]}}],"collection":[{"href":"http:\/\/medishop.az\/ru\/wp-json\/wp\/v2\/product"}],"about":[{"href":"http:\/\/medishop.az\/ru\/wp-json\/wp\/v2\/types\/product"}],"wp:featuredmedia":[{"embeddable":true,"href":"http:\/\/medishop.az\/ru\/wp-json\/wp\/v2\/media\/3201"}],"wp:attachment":[{"href":"http:\/\/medishop.az\/ru\/wp-json\/wp\/v2\/media?parent=3200"}],"wp:term":[{"taxonomy":"product_cat","embeddable":true,"href":"http:\/\/medishop.az\/ru\/wp-json\/wp\/v2\/product_cat?post=3200"},{"taxonomy":"product_tag","embeddable":true,"href":"http:\/\/medishop.az\/ru\/wp-json\/wp\/v2\/product_tag?post=3200"}],"curies":[{"name":"wp","href":"https:\/\/api.w.org\/{rel}","templated":true}]}}