{"id":2865,"date":"2022-12-08T18:52:36","date_gmt":"2022-12-08T14:52:36","guid":{"rendered":"https:\/\/tap.idigit.az\/?post_type=product&#038;p=2865"},"modified":"2022-12-20T22:40:32","modified_gmt":"2022-12-20T18:40:32","slug":"compex-sp-8-0-wireless","status":"publish","type":"product","link":"http:\/\/medishop.az\/ru\/mehsul\/compex-sp-8-0-wireless\/","title":{"rendered":"COMPEX SP 8.0 &#8211; Wireless"},"content":{"rendered":"<p>COMPEX SP 8.0 &#8211; \u018fz\u0259l\u0259 elektrostimulyatoru (EMS) &#8211; d\u00fcnyada professional idman\u00e7\u0131lar v\u0259 h\u0259v\u0259skarlar t\u0259r\u0259find\u0259n geni\u015f istifad\u0259 olunur v\u0259 m\u0259\u015fq prosesinin \u0259v\u0259zedilm\u0259z hiss\u0259sidir.<\/p>","protected":false},"excerpt":{"rendered":"<p>COMPEX SP 8.0 &#8211; \u018fz\u0259l\u0259 elektrostimulyatoru (EMS) &#8211; d\u00fcnyada professional idman\u00e7\u0131lar v\u0259 h\u0259v\u0259skarlar t\u0259r\u0259find\u0259n geni\u015f istifad\u0259 olunur v\u0259 m\u0259\u015fq prosesinin \u0259v\u0259zedilm\u0259z hiss\u0259sidir.<\/p>","protected":false},"featured_media":2869,"template":"","meta":[],"product_cat":[129,156,126,134,135],"product_tag":[211],"class_list":{"0":"post-2865","1":"product","2":"type-product","3":"status-publish","4":"has-post-thumbnail","6":"product_cat-reabilitasiya","7":"product_cat-reabilitasiya-aparatlari-reabilitasiya","8":"product_cat-tibbi-cihazlar","9":"product_cat-idman-aparatlari","10":"product_cat-reabilitasiya-aparatlari","11":"product_tag-reabilitasiya-aparatlari","13":"first","14":"instock","15":"shipping-taxable","16":"purchasable","17":"product-type-simple"},"yoast_head":"<!-- This site is optimized with the Yoast SEO plugin v22.7 - https:\/\/yoast.com\/wordpress\/plugins\/seo\/ -->\n<title>COMPEX SP 8.0 - Wireless - Medishop<\/title>\n<meta name=\"robots\" content=\"index, follow, max-snippet:-1, max-image-preview:large, max-video-preview:-1\" \/>\n<link rel=\"canonical\" href=\"http:\/\/medishop.az\/ru\/mehsul\/compex-sp-8-0-wireless\/\" \/>\n<meta property=\"og:locale\" content=\"ru_RU\" \/>\n<meta property=\"og:type\" content=\"article\" \/>\n<meta property=\"og:title\" content=\"COMPEX SP 8.0 - Wireless - Medishop\" \/>\n<meta property=\"og:description\" content=\"COMPEX SP 8.0 &#8211; \u018fz\u0259l\u0259 elektrostimulyatoru (EMS) &#8211; d\u00fcnyada professional idman\u00e7\u0131lar v\u0259 h\u0259v\u0259skarlar t\u0259r\u0259find\u0259n geni\u015f istifad\u0259 olunur v\u0259 m\u0259\u015fq prosesinin \u0259v\u0259zedilm\u0259z hiss\u0259sidir.\" \/>\n<meta property=\"og:url\" content=\"http:\/\/medishop.az\/ru\/mehsul\/compex-sp-8-0-wireless\/\" \/>\n<meta property=\"og:site_name\" content=\"Medishop\" \/>\n<meta property=\"article:publisher\" content=\"https:\/\/www.facebook.com\/medishop.azerbaijan\" \/>\n<meta property=\"article:modified_time\" content=\"2022-12-20T18:40:32+00:00\" \/>\n<meta property=\"og:image\" content=\"https:\/\/storage.googleapis.com\/stateless-medishop-az\/2022\/12\/SP8_b-700x7001-1.jpg\" \/>\n\t<meta property=\"og:image:width\" content=\"700\" \/>\n\t<meta property=\"og:image:height\" content=\"700\" \/>\n\t<meta property=\"og:image:type\" content=\"image\/jpeg\" \/>\n<meta name=\"twitter:card\" content=\"summary_large_image\" \/>\n<meta name=\"twitter:label1\" content=\"\u041f\u0440\u0438\u043c\u0435\u0440\u043d\u043e\u0435 \u0432\u0440\u0435\u043c\u044f \u0434\u043b\u044f \u0447\u0442\u0435\u043d\u0438\u044f\" \/>\n\t<meta name=\"twitter:data1\" content=\"1 \u043c\u0438\u043d\u0443\u0442\u0430\" \/>\n<script type=\"application\/ld+json\" class=\"yoast-schema-graph\">{\"@context\":\"https:\/\/schema.org\",\"@graph\":[{\"@type\":\"WebPage\",\"@id\":\"https:\/\/medishop.az\/mehsul\/compex-sp-8-0-wireless\/\",\"url\":\"https:\/\/medishop.az\/mehsul\/compex-sp-8-0-wireless\/\",\"name\":\"COMPEX SP 8.0 - Wireless - Medishop\",\"isPartOf\":{\"@id\":\"https:\/\/medishop.az\/#website\"},\"primaryImageOfPage\":{\"@id\":\"https:\/\/medishop.az\/mehsul\/compex-sp-8-0-wireless\/#primaryimage\"},\"image\":{\"@id\":\"https:\/\/medishop.az\/mehsul\/compex-sp-8-0-wireless\/#primaryimage\"},\"thumbnailUrl\":\"https:\/\/medishop.az\/wp-content\/uploads\/2022\/12\/SP8_b-700x7001-1.jpg\",\"datePublished\":\"2022-12-08T14:52:36+00:00\",\"dateModified\":\"2022-12-20T18:40:32+00:00\",\"breadcrumb\":{\"@id\":\"https:\/\/medishop.az\/mehsul\/compex-sp-8-0-wireless\/#breadcrumb\"},\"inLanguage\":\"ru-RU\",\"potentialAction\":[{\"@type\":\"ReadAction\",\"target\":[\"https:\/\/medishop.az\/mehsul\/compex-sp-8-0-wireless\/\"]}]},{\"@type\":\"ImageObject\",\"inLanguage\":\"ru-RU\",\"@id\":\"https:\/\/medishop.az\/mehsul\/compex-sp-8-0-wireless\/#primaryimage\",\"url\":\"https:\/\/medishop.az\/wp-content\/uploads\/2022\/12\/SP8_b-700x7001-1.jpg\",\"contentUrl\":\"https:\/\/medishop.az\/wp-content\/uploads\/2022\/12\/SP8_b-700x7001-1.jpg\",\"width\":700,\"height\":700},{\"@type\":\"BreadcrumbList\",\"@id\":\"https:\/\/medishop.az\/mehsul\/compex-sp-8-0-wireless\/#breadcrumb\",\"itemListElement\":[{\"@type\":\"ListItem\",\"position\":1,\"name\":\"\u018fsas\",\"item\":\"https:\/\/medishop.az\/\"},{\"@type\":\"ListItem\",\"position\":2,\"name\":\"Ma\u011faza\",\"item\":\"https:\/\/medishop.az\/ru\/shop\/\"},{\"@type\":\"ListItem\",\"position\":3,\"name\":\"COMPEX SP 8.0 &#8211; Wireless\"}]},{\"@type\":\"WebSite\",\"@id\":\"https:\/\/medishop.az\/#website\",\"url\":\"https:\/\/medishop.az\/\",\"name\":\"Medishop\",\"description\":\"Onlayn tibbi ma\u011faza\",\"publisher\":{\"@id\":\"https:\/\/medishop.az\/#organization\"},\"potentialAction\":[{\"@type\":\"SearchAction\",\"target\":{\"@type\":\"EntryPoint\",\"urlTemplate\":\"https:\/\/medishop.az\/?s={search_term_string}\"},\"query-input\":\"required name=search_term_string\"}],\"inLanguage\":\"ru-RU\"},{\"@type\":\"Organization\",\"@id\":\"https:\/\/medishop.az\/#organization\",\"name\":\"Medishop\",\"url\":\"https:\/\/medishop.az\/\",\"logo\":{\"@type\":\"ImageObject\",\"inLanguage\":\"ru-RU\",\"@id\":\"https:\/\/medishop.az\/#\/schema\/logo\/image\/\",\"url\":\"https:\/\/storage.googleapis.com\/stateless-medishop-az\/2022\/12\/logo.png\",\"contentUrl\":\"https:\/\/storage.googleapis.com\/stateless-medishop-az\/2022\/12\/logo.png\",\"width\":300,\"height\":89,\"caption\":\"Medishop\"},\"image\":{\"@id\":\"https:\/\/medishop.az\/#\/schema\/logo\/image\/\"},\"sameAs\":[\"https:\/\/www.facebook.com\/medishop.azerbaijan\"]}]}<\/script>\n<!-- \/ Yoast SEO plugin. -->","yoast_head_json":{"title":"COMPEX SP 8.0 - Wireless - Medishop","robots":{"index":"index","follow":"follow","max-snippet":"max-snippet:-1","max-image-preview":"max-image-preview:large","max-video-preview":"max-video-preview:-1"},"canonical":"http:\/\/medishop.az\/ru\/mehsul\/compex-sp-8-0-wireless\/","og_locale":"ru_RU","og_type":"article","og_title":"COMPEX SP 8.0 - Wireless - Medishop","og_description":"COMPEX SP 8.0 &#8211; \u018fz\u0259l\u0259 elektrostimulyatoru (EMS) &#8211; d\u00fcnyada professional idman\u00e7\u0131lar v\u0259 h\u0259v\u0259skarlar t\u0259r\u0259find\u0259n geni\u015f istifad\u0259 olunur v\u0259 m\u0259\u015fq prosesinin \u0259v\u0259zedilm\u0259z hiss\u0259sidir.","og_url":"http:\/\/medishop.az\/ru\/mehsul\/compex-sp-8-0-wireless\/","og_site_name":"Medishop","article_publisher":"https:\/\/www.facebook.com\/medishop.azerbaijan","article_modified_time":"2022-12-20T18:40:32+00:00","og_image":[{"width":700,"height":700,"url":"https:\/\/storage.googleapis.com\/stateless-medishop-az\/2022\/12\/SP8_b-700x7001-1.jpg","type":"image\/jpeg"}],"twitter_card":"summary_large_image","twitter_misc":{"\u041f\u0440\u0438\u043c\u0435\u0440\u043d\u043e\u0435 \u0432\u0440\u0435\u043c\u044f \u0434\u043b\u044f \u0447\u0442\u0435\u043d\u0438\u044f":"1 \u043c\u0438\u043d\u0443\u0442\u0430"},"schema":{"@context":"https:\/\/schema.org","@graph":[{"@type":"WebPage","@id":"https:\/\/medishop.az\/mehsul\/compex-sp-8-0-wireless\/","url":"https:\/\/medishop.az\/mehsul\/compex-sp-8-0-wireless\/","name":"COMPEX SP 8.0 - Wireless - Medishop","isPartOf":{"@id":"https:\/\/medishop.az\/#website"},"primaryImageOfPage":{"@id":"https:\/\/medishop.az\/mehsul\/compex-sp-8-0-wireless\/#primaryimage"},"image":{"@id":"https:\/\/medishop.az\/mehsul\/compex-sp-8-0-wireless\/#primaryimage"},"thumbnailUrl":"https:\/\/medishop.az\/wp-content\/uploads\/2022\/12\/SP8_b-700x7001-1.jpg","datePublished":"2022-12-08T14:52:36+00:00","dateModified":"2022-12-20T18:40:32+00:00","breadcrumb":{"@id":"https:\/\/medishop.az\/mehsul\/compex-sp-8-0-wireless\/#breadcrumb"},"inLanguage":"ru-RU","potentialAction":[{"@type":"ReadAction","target":["https:\/\/medishop.az\/mehsul\/compex-sp-8-0-wireless\/"]}]},{"@type":"ImageObject","inLanguage":"ru-RU","@id":"https:\/\/medishop.az\/mehsul\/compex-sp-8-0-wireless\/#primaryimage","url":"https:\/\/medishop.az\/wp-content\/uploads\/2022\/12\/SP8_b-700x7001-1.jpg","contentUrl":"https:\/\/medishop.az\/wp-content\/uploads\/2022\/12\/SP8_b-700x7001-1.jpg","width":700,"height":700},{"@type":"BreadcrumbList","@id":"https:\/\/medishop.az\/mehsul\/compex-sp-8-0-wireless\/#breadcrumb","itemListElement":[{"@type":"ListItem","position":1,"name":"\u018fsas","item":"https:\/\/medishop.az\/"},{"@type":"ListItem","position":2,"name":"Ma\u011faza","item":"https:\/\/medishop.az\/ru\/shop\/"},{"@type":"ListItem","position":3,"name":"COMPEX SP 8.0 &#8211; Wireless"}]},{"@type":"WebSite","@id":"https:\/\/medishop.az\/#website","url":"https:\/\/medishop.az\/","name":"Medishop","description":"Onlayn tibbi ma\u011faza","publisher":{"@id":"https:\/\/medishop.az\/#organization"},"potentialAction":[{"@type":"SearchAction","target":{"@type":"EntryPoint","urlTemplate":"https:\/\/medishop.az\/?s={search_term_string}"},"query-input":"required name=search_term_string"}],"inLanguage":"ru-RU"},{"@type":"Organization","@id":"https:\/\/medishop.az\/#organization","name":"Medishop","url":"https:\/\/medishop.az\/","logo":{"@type":"ImageObject","inLanguage":"ru-RU","@id":"https:\/\/medishop.az\/#\/schema\/logo\/image\/","url":"https:\/\/storage.googleapis.com\/stateless-medishop-az\/2022\/12\/logo.png","contentUrl":"https:\/\/storage.googleapis.com\/stateless-medishop-az\/2022\/12\/logo.png","width":300,"height":89,"caption":"Medishop"},"image":{"@id":"https:\/\/medishop.az\/#\/schema\/logo\/image\/"},"sameAs":["https:\/\/www.facebook.com\/medishop.azerbaijan"]}]}},"jetpack_sharing_enabled":true,"_links":{"self":[{"href":"http:\/\/medishop.az\/ru\/wp-json\/wp\/v2\/product\/2865","targetHints":{"allow":["GET"]}}],"collection":[{"href":"http:\/\/medishop.az\/ru\/wp-json\/wp\/v2\/product"}],"about":[{"href":"http:\/\/medishop.az\/ru\/wp-json\/wp\/v2\/types\/product"}],"wp:featuredmedia":[{"embeddable":true,"href":"http:\/\/medishop.az\/ru\/wp-json\/wp\/v2\/media\/2869"}],"wp:attachment":[{"href":"http:\/\/medishop.az\/ru\/wp-json\/wp\/v2\/media?parent=2865"}],"wp:term":[{"taxonomy":"product_cat","embeddable":true,"href":"http:\/\/medishop.az\/ru\/wp-json\/wp\/v2\/product_cat?post=2865"},{"taxonomy":"product_tag","embeddable":true,"href":"http:\/\/medishop.az\/ru\/wp-json\/wp\/v2\/product_tag?post=2865"}],"curies":[{"name":"wp","href":"https:\/\/api.w.org\/{rel}","templated":true}]}}