{"id":2576,"date":"2022-12-08T01:49:05","date_gmt":"2022-12-07T21:49:05","guid":{"rendered":"https:\/\/tap.idigit.az\/?post_type=product&#038;p=2576"},"modified":"2022-12-20T22:07:57","modified_gmt":"2022-12-20T18:07:57","slug":"muayin%c9%99-masasi-t%c9%99k-motorlu","status":"publish","type":"product","link":"http:\/\/medishop.az\/ru\/mehsul\/muayin%c9%99-masasi-t%c9%99k-motorlu\/","title":{"rendered":"M\u00fcayin\u0259 masas\u0131 &#8211; t\u0259k motorlu"},"content":{"rendered":"<p>Antibakteriyel elektrostatik toz boya<br \/>\nABS antistatik ikisi frenli d\u00f6rt adet teker<br \/>\nAmortis\u00f6r ile ba\u015f hareketi<br \/>\nEl kumandas\u0131 ile y\u00fckseklik ayar\u0131<\/p>\n<p>Boyut: 60 x 185 x 50-100 cm<\/p>\n<p>A\u011f\u0131rl\u0131k: 45 Kg<\/p>","protected":false},"excerpt":{"rendered":"<p>Antibakteriyel elektrostatik toz boya ABS antistatik ikisi frenli d\u00f6rt adet teker Amortis\u00f6r ile ba\u015f hareketi El kumandas\u0131 ile y\u00fckseklik ayar\u0131 Boyut: 60 x 185 x 50-100 cm A\u011f\u0131rl\u0131k: 45 Kg<\/p>","protected":false},"featured_media":2577,"template":"","meta":[],"product_cat":[127,145],"product_tag":[],"class_list":{"0":"post-2576","1":"product","2":"type-product","3":"status-publish","4":"has-post-thumbnail","6":"product_cat-tibbi-mebeller","7":"product_cat-muayine-masalari","9":"first","10":"instock","11":"shipping-taxable","12":"purchasable","13":"product-type-simple"},"yoast_head":"<!-- This site is optimized with the Yoast SEO plugin v22.7 - https:\/\/yoast.com\/wordpress\/plugins\/seo\/ -->\n<title>M\u00fcayin\u0259 masas\u0131 - t\u0259k motorlu - Medishop<\/title>\n<meta name=\"robots\" content=\"index, follow, max-snippet:-1, max-image-preview:large, max-video-preview:-1\" \/>\n<link rel=\"canonical\" href=\"http:\/\/medishop.az\/ru\/mehsul\/muayin\u0259-masasi-t\u0259k-motorlu\/\" \/>\n<meta property=\"og:locale\" content=\"ru_RU\" \/>\n<meta property=\"og:type\" content=\"article\" \/>\n<meta property=\"og:title\" content=\"M\u00fcayin\u0259 masas\u0131 - t\u0259k motorlu - Medishop\" \/>\n<meta property=\"og:description\" content=\"Antibakteriyel elektrostatik toz boya ABS antistatik ikisi frenli d\u00f6rt adet teker Amortis\u00f6r ile ba\u015f hareketi El kumandas\u0131 ile y\u00fckseklik ayar\u0131 Boyut: 60 x 185 x 50-100 cm A\u011f\u0131rl\u0131k: 45 Kg\" \/>\n<meta property=\"og:url\" content=\"http:\/\/medishop.az\/ru\/mehsul\/muayin\u0259-masasi-t\u0259k-motorlu\/\" \/>\n<meta property=\"og:site_name\" content=\"Medishop\" \/>\n<meta property=\"article:publisher\" content=\"https:\/\/www.facebook.com\/medishop.azerbaijan\" \/>\n<meta property=\"article:modified_time\" content=\"2022-12-20T18:07:57+00:00\" \/>\n<meta property=\"og:image\" content=\"https:\/\/storage.googleapis.com\/stateless-medishop-az\/2022\/12\/e-210.png\" \/>\n\t<meta property=\"og:image:width\" content=\"800\" \/>\n\t<meta property=\"og:image:height\" content=\"800\" \/>\n\t<meta property=\"og:image:type\" content=\"image\/png\" \/>\n<meta name=\"twitter:card\" content=\"summary_large_image\" \/>\n<meta name=\"twitter:label1\" content=\"\u041f\u0440\u0438\u043c\u0435\u0440\u043d\u043e\u0435 \u0432\u0440\u0435\u043c\u044f \u0434\u043b\u044f \u0447\u0442\u0435\u043d\u0438\u044f\" \/>\n\t<meta name=\"twitter:data1\" content=\"1 \u043c\u0438\u043d\u0443\u0442\u0430\" \/>\n<script type=\"application\/ld+json\" class=\"yoast-schema-graph\">{\"@context\":\"https:\/\/schema.org\",\"@graph\":[{\"@type\":\"WebPage\",\"@id\":\"https:\/\/medishop.az\/mehsul\/muayin%c9%99-masasi-t%c9%99k-motorlu\/\",\"url\":\"https:\/\/medishop.az\/mehsul\/muayin%c9%99-masasi-t%c9%99k-motorlu\/\",\"name\":\"M\u00fcayin\u0259 masas\u0131 - t\u0259k motorlu - Medishop\",\"isPartOf\":{\"@id\":\"https:\/\/medishop.az\/#website\"},\"primaryImageOfPage\":{\"@id\":\"https:\/\/medishop.az\/mehsul\/muayin%c9%99-masasi-t%c9%99k-motorlu\/#primaryimage\"},\"image\":{\"@id\":\"https:\/\/medishop.az\/mehsul\/muayin%c9%99-masasi-t%c9%99k-motorlu\/#primaryimage\"},\"thumbnailUrl\":\"https:\/\/medishop.az\/wp-content\/uploads\/2022\/12\/e-210.png\",\"datePublished\":\"2022-12-07T21:49:05+00:00\",\"dateModified\":\"2022-12-20T18:07:57+00:00\",\"breadcrumb\":{\"@id\":\"https:\/\/medishop.az\/mehsul\/muayin%c9%99-masasi-t%c9%99k-motorlu\/#breadcrumb\"},\"inLanguage\":\"ru-RU\",\"potentialAction\":[{\"@type\":\"ReadAction\",\"target\":[\"https:\/\/medishop.az\/mehsul\/muayin%c9%99-masasi-t%c9%99k-motorlu\/\"]}]},{\"@type\":\"ImageObject\",\"inLanguage\":\"ru-RU\",\"@id\":\"https:\/\/medishop.az\/mehsul\/muayin%c9%99-masasi-t%c9%99k-motorlu\/#primaryimage\",\"url\":\"https:\/\/medishop.az\/wp-content\/uploads\/2022\/12\/e-210.png\",\"contentUrl\":\"https:\/\/medishop.az\/wp-content\/uploads\/2022\/12\/e-210.png\",\"width\":800,\"height\":800},{\"@type\":\"BreadcrumbList\",\"@id\":\"https:\/\/medishop.az\/mehsul\/muayin%c9%99-masasi-t%c9%99k-motorlu\/#breadcrumb\",\"itemListElement\":[{\"@type\":\"ListItem\",\"position\":1,\"name\":\"\u018fsas\",\"item\":\"https:\/\/medishop.az\/\"},{\"@type\":\"ListItem\",\"position\":2,\"name\":\"Ma\u011faza\",\"item\":\"https:\/\/medishop.az\/ru\/shop\/\"},{\"@type\":\"ListItem\",\"position\":3,\"name\":\"M\u00fcayin\u0259 masas\u0131 &#8211; t\u0259k motorlu\"}]},{\"@type\":\"WebSite\",\"@id\":\"https:\/\/medishop.az\/#website\",\"url\":\"https:\/\/medishop.az\/\",\"name\":\"Medishop\",\"description\":\"Onlayn tibbi ma\u011faza\",\"publisher\":{\"@id\":\"https:\/\/medishop.az\/#organization\"},\"potentialAction\":[{\"@type\":\"SearchAction\",\"target\":{\"@type\":\"EntryPoint\",\"urlTemplate\":\"https:\/\/medishop.az\/?s={search_term_string}\"},\"query-input\":\"required name=search_term_string\"}],\"inLanguage\":\"ru-RU\"},{\"@type\":\"Organization\",\"@id\":\"https:\/\/medishop.az\/#organization\",\"name\":\"Medishop\",\"url\":\"https:\/\/medishop.az\/\",\"logo\":{\"@type\":\"ImageObject\",\"inLanguage\":\"ru-RU\",\"@id\":\"https:\/\/medishop.az\/#\/schema\/logo\/image\/\",\"url\":\"https:\/\/storage.googleapis.com\/stateless-medishop-az\/2022\/12\/logo.png\",\"contentUrl\":\"https:\/\/storage.googleapis.com\/stateless-medishop-az\/2022\/12\/logo.png\",\"width\":300,\"height\":89,\"caption\":\"Medishop\"},\"image\":{\"@id\":\"https:\/\/medishop.az\/#\/schema\/logo\/image\/\"},\"sameAs\":[\"https:\/\/www.facebook.com\/medishop.azerbaijan\"]}]}<\/script>\n<!-- \/ Yoast SEO plugin. -->","yoast_head_json":{"title":"M\u00fcayin\u0259 masas\u0131 - t\u0259k motorlu - Medishop","robots":{"index":"index","follow":"follow","max-snippet":"max-snippet:-1","max-image-preview":"max-image-preview:large","max-video-preview":"max-video-preview:-1"},"canonical":"http:\/\/medishop.az\/ru\/mehsul\/muayin\u0259-masasi-t\u0259k-motorlu\/","og_locale":"ru_RU","og_type":"article","og_title":"M\u00fcayin\u0259 masas\u0131 - t\u0259k motorlu - Medishop","og_description":"Antibakteriyel elektrostatik toz boya ABS antistatik ikisi frenli d\u00f6rt adet teker Amortis\u00f6r ile ba\u015f hareketi El kumandas\u0131 ile y\u00fckseklik ayar\u0131 Boyut: 60 x 185 x 50-100 cm A\u011f\u0131rl\u0131k: 45 Kg","og_url":"http:\/\/medishop.az\/ru\/mehsul\/muayin\u0259-masasi-t\u0259k-motorlu\/","og_site_name":"Medishop","article_publisher":"https:\/\/www.facebook.com\/medishop.azerbaijan","article_modified_time":"2022-12-20T18:07:57+00:00","og_image":[{"width":800,"height":800,"url":"https:\/\/storage.googleapis.com\/stateless-medishop-az\/2022\/12\/e-210.png","type":"image\/png"}],"twitter_card":"summary_large_image","twitter_misc":{"\u041f\u0440\u0438\u043c\u0435\u0440\u043d\u043e\u0435 \u0432\u0440\u0435\u043c\u044f \u0434\u043b\u044f \u0447\u0442\u0435\u043d\u0438\u044f":"1 \u043c\u0438\u043d\u0443\u0442\u0430"},"schema":{"@context":"https:\/\/schema.org","@graph":[{"@type":"WebPage","@id":"https:\/\/medishop.az\/mehsul\/muayin%c9%99-masasi-t%c9%99k-motorlu\/","url":"https:\/\/medishop.az\/mehsul\/muayin%c9%99-masasi-t%c9%99k-motorlu\/","name":"M\u00fcayin\u0259 masas\u0131 - t\u0259k motorlu - Medishop","isPartOf":{"@id":"https:\/\/medishop.az\/#website"},"primaryImageOfPage":{"@id":"https:\/\/medishop.az\/mehsul\/muayin%c9%99-masasi-t%c9%99k-motorlu\/#primaryimage"},"image":{"@id":"https:\/\/medishop.az\/mehsul\/muayin%c9%99-masasi-t%c9%99k-motorlu\/#primaryimage"},"thumbnailUrl":"https:\/\/medishop.az\/wp-content\/uploads\/2022\/12\/e-210.png","datePublished":"2022-12-07T21:49:05+00:00","dateModified":"2022-12-20T18:07:57+00:00","breadcrumb":{"@id":"https:\/\/medishop.az\/mehsul\/muayin%c9%99-masasi-t%c9%99k-motorlu\/#breadcrumb"},"inLanguage":"ru-RU","potentialAction":[{"@type":"ReadAction","target":["https:\/\/medishop.az\/mehsul\/muayin%c9%99-masasi-t%c9%99k-motorlu\/"]}]},{"@type":"ImageObject","inLanguage":"ru-RU","@id":"https:\/\/medishop.az\/mehsul\/muayin%c9%99-masasi-t%c9%99k-motorlu\/#primaryimage","url":"https:\/\/medishop.az\/wp-content\/uploads\/2022\/12\/e-210.png","contentUrl":"https:\/\/medishop.az\/wp-content\/uploads\/2022\/12\/e-210.png","width":800,"height":800},{"@type":"BreadcrumbList","@id":"https:\/\/medishop.az\/mehsul\/muayin%c9%99-masasi-t%c9%99k-motorlu\/#breadcrumb","itemListElement":[{"@type":"ListItem","position":1,"name":"\u018fsas","item":"https:\/\/medishop.az\/"},{"@type":"ListItem","position":2,"name":"Ma\u011faza","item":"https:\/\/medishop.az\/ru\/shop\/"},{"@type":"ListItem","position":3,"name":"M\u00fcayin\u0259 masas\u0131 &#8211; t\u0259k motorlu"}]},{"@type":"WebSite","@id":"https:\/\/medishop.az\/#website","url":"https:\/\/medishop.az\/","name":"Medishop","description":"Onlayn tibbi ma\u011faza","publisher":{"@id":"https:\/\/medishop.az\/#organization"},"potentialAction":[{"@type":"SearchAction","target":{"@type":"EntryPoint","urlTemplate":"https:\/\/medishop.az\/?s={search_term_string}"},"query-input":"required name=search_term_string"}],"inLanguage":"ru-RU"},{"@type":"Organization","@id":"https:\/\/medishop.az\/#organization","name":"Medishop","url":"https:\/\/medishop.az\/","logo":{"@type":"ImageObject","inLanguage":"ru-RU","@id":"https:\/\/medishop.az\/#\/schema\/logo\/image\/","url":"https:\/\/storage.googleapis.com\/stateless-medishop-az\/2022\/12\/logo.png","contentUrl":"https:\/\/storage.googleapis.com\/stateless-medishop-az\/2022\/12\/logo.png","width":300,"height":89,"caption":"Medishop"},"image":{"@id":"https:\/\/medishop.az\/#\/schema\/logo\/image\/"},"sameAs":["https:\/\/www.facebook.com\/medishop.azerbaijan"]}]}},"jetpack_sharing_enabled":true,"_links":{"self":[{"href":"http:\/\/medishop.az\/ru\/wp-json\/wp\/v2\/product\/2576","targetHints":{"allow":["GET"]}}],"collection":[{"href":"http:\/\/medishop.az\/ru\/wp-json\/wp\/v2\/product"}],"about":[{"href":"http:\/\/medishop.az\/ru\/wp-json\/wp\/v2\/types\/product"}],"wp:featuredmedia":[{"embeddable":true,"href":"http:\/\/medishop.az\/ru\/wp-json\/wp\/v2\/media\/2577"}],"wp:attachment":[{"href":"http:\/\/medishop.az\/ru\/wp-json\/wp\/v2\/media?parent=2576"}],"wp:term":[{"taxonomy":"product_cat","embeddable":true,"href":"http:\/\/medishop.az\/ru\/wp-json\/wp\/v2\/product_cat?post=2576"},{"taxonomy":"product_tag","embeddable":true,"href":"http:\/\/medishop.az\/ru\/wp-json\/wp\/v2\/product_tag?post=2576"}],"curies":[{"name":"wp","href":"https:\/\/api.w.org\/{rel}","templated":true}]}}