{"id":2562,"date":"2022-12-08T01:10:32","date_gmt":"2022-12-07T21:10:32","guid":{"rendered":"https:\/\/tap.idigit.az\/?post_type=product&#038;p=2562"},"modified":"2022-12-20T21:55:03","modified_gmt":"2022-12-20T17:55:03","slug":"ekq-cihazi-6-kanalli-ecg600g","status":"publish","type":"product","link":"http:\/\/medishop.az\/ru\/mehsul\/ekq-cihazi-6-kanalli-ecg600g\/","title":{"rendered":"EKQ cihaz\u0131 6 kanall\u0131 &#8211; ECG600G"},"content":{"rendered":"<p>Introduction<\/p>\n<p>ECG600G is an Electrocardiograph which can collect 12-lead ECG signal simultaneously and print waveform by the thermal printing system. It features in, recording and displaying ECG waveform in AUTO\/Manual mode, measuring and diagnosing ECG waveform parameters automatically, prompting for \u201cLead off\u201d and \u201cLack of paper\u201d, multi-language interface, case database management.<\/p>\n<p>Main Features<\/p>\n<p>1)Adopt high-resolution thermal printing system(8 dot\/mm), no need for any adjustments. Recording frequency: up to 150Hz.<br \/>\n2)Real-time and continuously record clear and accurate ECG waveform and annotation character(including lead mark, sensitivity, paper speed and filter state, etc.).<br \/>\n3)Full-digital filter design, anti-baseline drift, AC and EMG interference.<br \/>\n4)Adjust the baseline automatically, optimize the print setting and optional rhythm leads.<br \/>\n5)In AUTO mode, finish recording by pressing the button once, which improves work efficiency.<br \/>\n6)Adopt digital signal processing technology and get high-quality ECG waveform via power frequency filter, baseline filter and EMG filter of ECG signal.<br \/>\n7)With the functions of auto-measurement, auto-analysis and auto-diagnosis for routine ECG parameters, which reduces the doctor\u2019s burden and improves work efficiency.<br \/>\n8)Sync collection for 12-lead ECG, multiply printing formats, including 2\u00d76+1(rhythm lead), 2\u00d76, 3\u00d74, 3\u00d74+1(rhythm lead), 4\u00d73, 4\u00d73+1(rhythm lead), 6\u00d72, 6\u00d72+1(rhythm lead), rhythm 2, rhythm 3, rhythm 4, rhythm 5, rhythm 6, rhythm 7, channel record, etc.<br \/>\n9)Display of real-time 3\/6\/12-lead ECG, &#8220;Lead off&#8221; and &#8220;Lack of paper&#8221; on one screen, and with ECG DEMO mode. Auto-check and auto-analysis for ECG parameters, ECG waveform can be recorded manually or automatically. And patient information can be stored by case database.<br \/>\n10)Time print can be set to every 1\/2\/3\/5\/10\/20\/30\/60 minutes.<br \/>\n11)Print setting, including \u201cPrint and save\u201d(print waveform and save case), \u201cPrint no save\u201d(only print waveform but not save case), \u201cSave no print\u201d(only save case but not print waveform).<br \/>\n12)AC\/DC, built-in rechargeable lithium battery and auto-protection circuit, and automatic power off when there is no operation in appointed time.<br \/>\n13)Store more than 1000 cases, convenient for case review and statistic.<br \/>\n14)Multi-language(Chinese, English, French, Spanish, Turkish, Polish, Italian, German, Portuguese, Kazakh, Russian, Ukrainian, Vietnamese, Serbian, Slovenian and Slovak) interface and report.<\/p>","protected":false},"excerpt":{"rendered":"<p>Introduction ECG600G is an Electrocardiograph which can collect 12-lead ECG signal simultaneously and print waveform by the thermal printing system. It features in, recording and displaying ECG waveform in AUTO\/Manual<\/p>","protected":false},"featured_media":2563,"template":"","meta":[],"product_cat":[126,140],"product_tag":[180],"class_list":{"0":"post-2562","1":"product","2":"type-product","3":"status-publish","4":"has-post-thumbnail","6":"product_cat-tibbi-cihazlar","7":"product_cat-ekq-cihazlari","8":"product_tag-bakida-ekq-cihazi-almaq","10":"first","11":"instock","12":"shipping-taxable","13":"purchasable","14":"product-type-simple"},"yoast_head":"<!-- This site is optimized with the Yoast SEO plugin v22.7 - https:\/\/yoast.com\/wordpress\/plugins\/seo\/ -->\n<title>EKQ cihaz\u0131 6 kanall\u0131 - ECG600G - Medishop<\/title>\n<meta name=\"robots\" content=\"index, follow, max-snippet:-1, max-image-preview:large, max-video-preview:-1\" \/>\n<link rel=\"canonical\" href=\"http:\/\/medishop.az\/ru\/mehsul\/ekq-cihazi-6-kanalli-ecg600g\/\" \/>\n<meta property=\"og:locale\" content=\"ru_RU\" \/>\n<meta property=\"og:type\" content=\"article\" \/>\n<meta property=\"og:title\" content=\"EKQ cihaz\u0131 6 kanall\u0131 - ECG600G - Medishop\" \/>\n<meta property=\"og:description\" content=\"Introduction ECG600G is an Electrocardiograph which can collect 12-lead ECG signal simultaneously and print waveform by the thermal printing system. It features in, recording and displaying ECG waveform in AUTO\/Manual\" \/>\n<meta property=\"og:url\" content=\"http:\/\/medishop.az\/ru\/mehsul\/ekq-cihazi-6-kanalli-ecg600g\/\" \/>\n<meta property=\"og:site_name\" content=\"Medishop\" \/>\n<meta property=\"article:publisher\" content=\"https:\/\/www.facebook.com\/medishop.azerbaijan\" \/>\n<meta property=\"article:modified_time\" content=\"2022-12-20T17:55:03+00:00\" \/>\n<meta property=\"og:image\" content=\"https:\/\/storage.googleapis.com\/stateless-medishop-az\/2022\/12\/ecg600g_1024x1024-800x600-1.jpg\" \/>\n\t<meta property=\"og:image:width\" content=\"800\" \/>\n\t<meta property=\"og:image:height\" content=\"600\" \/>\n\t<meta property=\"og:image:type\" content=\"image\/jpeg\" \/>\n<meta name=\"twitter:card\" content=\"summary_large_image\" \/>\n<meta name=\"twitter:label1\" content=\"\u041f\u0440\u0438\u043c\u0435\u0440\u043d\u043e\u0435 \u0432\u0440\u0435\u043c\u044f \u0434\u043b\u044f \u0447\u0442\u0435\u043d\u0438\u044f\" \/>\n\t<meta name=\"twitter:data1\" content=\"2 \u043c\u0438\u043d\u0443\u0442\u044b\" \/>\n<script type=\"application\/ld+json\" class=\"yoast-schema-graph\">{\"@context\":\"https:\/\/schema.org\",\"@graph\":[{\"@type\":\"WebPage\",\"@id\":\"https:\/\/medishop.az\/mehsul\/ekq-cihazi-6-kanalli-ecg600g\/\",\"url\":\"https:\/\/medishop.az\/mehsul\/ekq-cihazi-6-kanalli-ecg600g\/\",\"name\":\"EKQ cihaz\u0131 6 kanall\u0131 - ECG600G - Medishop\",\"isPartOf\":{\"@id\":\"https:\/\/medishop.az\/#website\"},\"primaryImageOfPage\":{\"@id\":\"https:\/\/medishop.az\/mehsul\/ekq-cihazi-6-kanalli-ecg600g\/#primaryimage\"},\"image\":{\"@id\":\"https:\/\/medishop.az\/mehsul\/ekq-cihazi-6-kanalli-ecg600g\/#primaryimage\"},\"thumbnailUrl\":\"https:\/\/medishop.az\/wp-content\/uploads\/2022\/12\/ecg600g_1024x1024-800x600-1.jpg\",\"datePublished\":\"2022-12-07T21:10:32+00:00\",\"dateModified\":\"2022-12-20T17:55:03+00:00\",\"breadcrumb\":{\"@id\":\"https:\/\/medishop.az\/mehsul\/ekq-cihazi-6-kanalli-ecg600g\/#breadcrumb\"},\"inLanguage\":\"ru-RU\",\"potentialAction\":[{\"@type\":\"ReadAction\",\"target\":[\"https:\/\/medishop.az\/mehsul\/ekq-cihazi-6-kanalli-ecg600g\/\"]}]},{\"@type\":\"ImageObject\",\"inLanguage\":\"ru-RU\",\"@id\":\"https:\/\/medishop.az\/mehsul\/ekq-cihazi-6-kanalli-ecg600g\/#primaryimage\",\"url\":\"https:\/\/medishop.az\/wp-content\/uploads\/2022\/12\/ecg600g_1024x1024-800x600-1.jpg\",\"contentUrl\":\"https:\/\/medishop.az\/wp-content\/uploads\/2022\/12\/ecg600g_1024x1024-800x600-1.jpg\",\"width\":800,\"height\":600},{\"@type\":\"BreadcrumbList\",\"@id\":\"https:\/\/medishop.az\/mehsul\/ekq-cihazi-6-kanalli-ecg600g\/#breadcrumb\",\"itemListElement\":[{\"@type\":\"ListItem\",\"position\":1,\"name\":\"\u018fsas\",\"item\":\"https:\/\/medishop.az\/\"},{\"@type\":\"ListItem\",\"position\":2,\"name\":\"Ma\u011faza\",\"item\":\"https:\/\/medishop.az\/ru\/shop\/\"},{\"@type\":\"ListItem\",\"position\":3,\"name\":\"EKQ cihaz\u0131 6 kanall\u0131 &#8211; ECG600G\"}]},{\"@type\":\"WebSite\",\"@id\":\"https:\/\/medishop.az\/#website\",\"url\":\"https:\/\/medishop.az\/\",\"name\":\"Medishop\",\"description\":\"Onlayn tibbi ma\u011faza\",\"publisher\":{\"@id\":\"https:\/\/medishop.az\/#organization\"},\"potentialAction\":[{\"@type\":\"SearchAction\",\"target\":{\"@type\":\"EntryPoint\",\"urlTemplate\":\"https:\/\/medishop.az\/?s={search_term_string}\"},\"query-input\":\"required name=search_term_string\"}],\"inLanguage\":\"ru-RU\"},{\"@type\":\"Organization\",\"@id\":\"https:\/\/medishop.az\/#organization\",\"name\":\"Medishop\",\"url\":\"https:\/\/medishop.az\/\",\"logo\":{\"@type\":\"ImageObject\",\"inLanguage\":\"ru-RU\",\"@id\":\"https:\/\/medishop.az\/#\/schema\/logo\/image\/\",\"url\":\"https:\/\/storage.googleapis.com\/stateless-medishop-az\/2022\/12\/logo.png\",\"contentUrl\":\"https:\/\/storage.googleapis.com\/stateless-medishop-az\/2022\/12\/logo.png\",\"width\":300,\"height\":89,\"caption\":\"Medishop\"},\"image\":{\"@id\":\"https:\/\/medishop.az\/#\/schema\/logo\/image\/\"},\"sameAs\":[\"https:\/\/www.facebook.com\/medishop.azerbaijan\"]}]}<\/script>\n<!-- \/ Yoast SEO plugin. -->","yoast_head_json":{"title":"EKQ cihaz\u0131 6 kanall\u0131 - ECG600G - Medishop","robots":{"index":"index","follow":"follow","max-snippet":"max-snippet:-1","max-image-preview":"max-image-preview:large","max-video-preview":"max-video-preview:-1"},"canonical":"http:\/\/medishop.az\/ru\/mehsul\/ekq-cihazi-6-kanalli-ecg600g\/","og_locale":"ru_RU","og_type":"article","og_title":"EKQ cihaz\u0131 6 kanall\u0131 - ECG600G - Medishop","og_description":"Introduction ECG600G is an Electrocardiograph which can collect 12-lead ECG signal simultaneously and print waveform by the thermal printing system. It features in, recording and displaying ECG waveform in AUTO\/Manual","og_url":"http:\/\/medishop.az\/ru\/mehsul\/ekq-cihazi-6-kanalli-ecg600g\/","og_site_name":"Medishop","article_publisher":"https:\/\/www.facebook.com\/medishop.azerbaijan","article_modified_time":"2022-12-20T17:55:03+00:00","og_image":[{"width":800,"height":600,"url":"https:\/\/storage.googleapis.com\/stateless-medishop-az\/2022\/12\/ecg600g_1024x1024-800x600-1.jpg","type":"image\/jpeg"}],"twitter_card":"summary_large_image","twitter_misc":{"\u041f\u0440\u0438\u043c\u0435\u0440\u043d\u043e\u0435 \u0432\u0440\u0435\u043c\u044f \u0434\u043b\u044f \u0447\u0442\u0435\u043d\u0438\u044f":"2 \u043c\u0438\u043d\u0443\u0442\u044b"},"schema":{"@context":"https:\/\/schema.org","@graph":[{"@type":"WebPage","@id":"https:\/\/medishop.az\/mehsul\/ekq-cihazi-6-kanalli-ecg600g\/","url":"https:\/\/medishop.az\/mehsul\/ekq-cihazi-6-kanalli-ecg600g\/","name":"EKQ cihaz\u0131 6 kanall\u0131 - ECG600G - Medishop","isPartOf":{"@id":"https:\/\/medishop.az\/#website"},"primaryImageOfPage":{"@id":"https:\/\/medishop.az\/mehsul\/ekq-cihazi-6-kanalli-ecg600g\/#primaryimage"},"image":{"@id":"https:\/\/medishop.az\/mehsul\/ekq-cihazi-6-kanalli-ecg600g\/#primaryimage"},"thumbnailUrl":"https:\/\/medishop.az\/wp-content\/uploads\/2022\/12\/ecg600g_1024x1024-800x600-1.jpg","datePublished":"2022-12-07T21:10:32+00:00","dateModified":"2022-12-20T17:55:03+00:00","breadcrumb":{"@id":"https:\/\/medishop.az\/mehsul\/ekq-cihazi-6-kanalli-ecg600g\/#breadcrumb"},"inLanguage":"ru-RU","potentialAction":[{"@type":"ReadAction","target":["https:\/\/medishop.az\/mehsul\/ekq-cihazi-6-kanalli-ecg600g\/"]}]},{"@type":"ImageObject","inLanguage":"ru-RU","@id":"https:\/\/medishop.az\/mehsul\/ekq-cihazi-6-kanalli-ecg600g\/#primaryimage","url":"https:\/\/medishop.az\/wp-content\/uploads\/2022\/12\/ecg600g_1024x1024-800x600-1.jpg","contentUrl":"https:\/\/medishop.az\/wp-content\/uploads\/2022\/12\/ecg600g_1024x1024-800x600-1.jpg","width":800,"height":600},{"@type":"BreadcrumbList","@id":"https:\/\/medishop.az\/mehsul\/ekq-cihazi-6-kanalli-ecg600g\/#breadcrumb","itemListElement":[{"@type":"ListItem","position":1,"name":"\u018fsas","item":"https:\/\/medishop.az\/"},{"@type":"ListItem","position":2,"name":"Ma\u011faza","item":"https:\/\/medishop.az\/ru\/shop\/"},{"@type":"ListItem","position":3,"name":"EKQ cihaz\u0131 6 kanall\u0131 &#8211; ECG600G"}]},{"@type":"WebSite","@id":"https:\/\/medishop.az\/#website","url":"https:\/\/medishop.az\/","name":"Medishop","description":"Onlayn tibbi ma\u011faza","publisher":{"@id":"https:\/\/medishop.az\/#organization"},"potentialAction":[{"@type":"SearchAction","target":{"@type":"EntryPoint","urlTemplate":"https:\/\/medishop.az\/?s={search_term_string}"},"query-input":"required name=search_term_string"}],"inLanguage":"ru-RU"},{"@type":"Organization","@id":"https:\/\/medishop.az\/#organization","name":"Medishop","url":"https:\/\/medishop.az\/","logo":{"@type":"ImageObject","inLanguage":"ru-RU","@id":"https:\/\/medishop.az\/#\/schema\/logo\/image\/","url":"https:\/\/storage.googleapis.com\/stateless-medishop-az\/2022\/12\/logo.png","contentUrl":"https:\/\/storage.googleapis.com\/stateless-medishop-az\/2022\/12\/logo.png","width":300,"height":89,"caption":"Medishop"},"image":{"@id":"https:\/\/medishop.az\/#\/schema\/logo\/image\/"},"sameAs":["https:\/\/www.facebook.com\/medishop.azerbaijan"]}]}},"jetpack_sharing_enabled":true,"_links":{"self":[{"href":"http:\/\/medishop.az\/ru\/wp-json\/wp\/v2\/product\/2562","targetHints":{"allow":["GET"]}}],"collection":[{"href":"http:\/\/medishop.az\/ru\/wp-json\/wp\/v2\/product"}],"about":[{"href":"http:\/\/medishop.az\/ru\/wp-json\/wp\/v2\/types\/product"}],"wp:featuredmedia":[{"embeddable":true,"href":"http:\/\/medishop.az\/ru\/wp-json\/wp\/v2\/media\/2563"}],"wp:attachment":[{"href":"http:\/\/medishop.az\/ru\/wp-json\/wp\/v2\/media?parent=2562"}],"wp:term":[{"taxonomy":"product_cat","embeddable":true,"href":"http:\/\/medishop.az\/ru\/wp-json\/wp\/v2\/product_cat?post=2562"},{"taxonomy":"product_tag","embeddable":true,"href":"http:\/\/medishop.az\/ru\/wp-json\/wp\/v2\/product_tag?post=2562"}],"curies":[{"name":"wp","href":"https:\/\/api.w.org\/{rel}","templated":true}]}}