{"id":2315,"date":"2022-12-05T17:36:39","date_gmt":"2022-12-05T13:36:39","guid":{"rendered":"https:\/\/tap.idigit.az\/?post_type=product&#038;p=2315"},"modified":"2022-12-08T14:46:27","modified_gmt":"2022-12-08T10:46:27","slug":"ilk-yardim-cantasi-firstplus-is-yeri","status":"publish","type":"product","link":"http:\/\/medishop.az\/ru\/mehsul\/ilk-yardim-cantasi-firstplus-is-yeri\/","title":{"rendered":"\u0130lk yard\u0131m \u00e7antas\u0131 &#8211; F\u0130RSTPLUS \u0130\u015e YER\u0130"},"content":{"rendered":"<p>Bu \u00e7anta i\u015f yerl\u0259ri \u00fc\u00e7\u00fcn n\u0259z\u0259rd\u0259 tutulmu\u015fdur. Bu \u00e7antan\u0131 divar tipli d\u0259 istifad\u0259 ed\u0259 bil\u0259rsiniz.<\/p>\n<p>&#8220;\u0130LK YARDIM H\u018fYAT QURTARIR&#8221;<\/p>\n<p>\u00dcr\u00fcn \u00f6l\u00e7\u00fcs\u00fc: 32,2cm x 24,2cm x 12,2cm<\/p>\n<p>At\u00f6lye, fabrika, \u015fantiye, enerji santral\u0131, baz istasyonu, imalat ve i\u015fleme tesisleri, ofis ve otel gibi i\u015f yerleri i\u00e7in \u00fcretilmi\u015ftir.<\/p>\n<p>\u015eirketimiz ISO 9001 ve ISO 13485 kalite belgelerine sahiptir.<\/p>\n<p>\u0130lk yard\u0131m malzemelerinin CE ve Biyosidal belgeleri vard\u0131r.<\/p>\n<p>Set \u00e7antas\u0131n\u0131n g\u00f6vdesi dayan\u0131kl\u0131 ABS plastikten, i\u00e7 kapaklar\u0131 kristal plastikten \u00fcretilmi\u015ftir.<\/p>\n<p>\u0130\u00e7indeki iki \u015feffaf kapak vas\u0131tas\u0131 ile her iki g\u00f6zde de \u00fcr\u00fcnlerin saklanmas\u0131n\u0131 sa\u011flar.<\/p>\n<p>Tek hamlede kolayca a\u00e7\u0131labilir kilit sistemine sahiptir.<\/p>\n<p>Duvar monte aparat\u0131 ile sabit ve mobil kullan\u0131m imkan\u0131 sa\u011flar.<\/p>\n<p>Parlak floresan turuncu rengi ile en az \u0131\u015f\u0131kta bile g\u00f6r\u00fclebilir.<\/p>\n<p>Montaj c\u0131vata ve d\u00fcbelleri \u00e7antan\u0131n i\u00e7erisindedir.<\/p>\n<p>* Duvar monte aparat\u0131n\u0131 l\u00fctfen 4 noktadan sabitleyiniz.<\/p>\n<p>* \u201c\u0130\u00e7indekiler listesi\u201d, kullan\u0131lanlar\u0131 ve raf \u00f6mr\u00fc bitenleri tamamlamak i\u00e7in saklanmal\u0131d\u0131r.<\/p>\n<p>C\u018fM\u0130: 53 \u0259d\u0259d m\u0259hsul<\/p>","protected":false},"excerpt":{"rendered":"<p>Bu \u00e7anta i\u015f yerl\u0259ri \u00fc\u00e7\u00fcn n\u0259z\u0259rd\u0259 tutulmu\u015fdur. Bu \u00e7antan\u0131 divar tipli d\u0259 istifad\u0259 ed\u0259 bil\u0259rsiniz. &#8220;\u0130LK YARDIM H\u018fYAT QURTARIR&#8221; \u00dcr\u00fcn \u00f6l\u00e7\u00fcs\u00fc: 32,2cm x 24,2cm x 12,2cm At\u00f6lye, fabrika, \u015fantiye, enerji<\/p>","protected":false},"featured_media":2316,"template":"","meta":[],"product_cat":[133,126],"product_tag":[168],"class_list":{"0":"post-2315","1":"product","2":"type-product","3":"status-publish","4":"has-post-thumbnail","6":"product_cat-ilk-yardim","7":"product_cat-tibbi-cihazlar","8":"product_tag-ilk-tibbi-yardim","10":"first","11":"instock","12":"sale","13":"shipping-taxable","14":"purchasable","15":"product-type-simple"},"yoast_head":"<!-- This site is optimized with the Yoast SEO plugin v22.7 - https:\/\/yoast.com\/wordpress\/plugins\/seo\/ -->\n<title>\u0130lk yard\u0131m \u00e7antas\u0131 - F\u0130RSTPLUS \u0130\u015e YER\u0130 - Medishop<\/title>\n<meta name=\"robots\" content=\"index, follow, max-snippet:-1, max-image-preview:large, max-video-preview:-1\" \/>\n<link rel=\"canonical\" href=\"http:\/\/medishop.az\/ru\/mehsul\/ilk-yardim-cantasi-firstplus-is-yeri\/\" \/>\n<meta property=\"og:locale\" content=\"ru_RU\" \/>\n<meta property=\"og:type\" content=\"article\" \/>\n<meta property=\"og:title\" content=\"\u0130lk yard\u0131m \u00e7antas\u0131 - F\u0130RSTPLUS \u0130\u015e YER\u0130 - Medishop\" \/>\n<meta property=\"og:description\" content=\"Bu \u00e7anta i\u015f yerl\u0259ri \u00fc\u00e7\u00fcn n\u0259z\u0259rd\u0259 tutulmu\u015fdur. Bu \u00e7antan\u0131 divar tipli d\u0259 istifad\u0259 ed\u0259 bil\u0259rsiniz. &#8220;\u0130LK YARDIM H\u018fYAT QURTARIR&#8221; \u00dcr\u00fcn \u00f6l\u00e7\u00fcs\u00fc: 32,2cm x 24,2cm x 12,2cm At\u00f6lye, fabrika, \u015fantiye, enerji\" \/>\n<meta property=\"og:url\" content=\"http:\/\/medishop.az\/ru\/mehsul\/ilk-yardim-cantasi-firstplus-is-yeri\/\" \/>\n<meta property=\"og:site_name\" content=\"Medishop\" \/>\n<meta property=\"article:publisher\" content=\"https:\/\/www.facebook.com\/medishop.azerbaijan\" \/>\n<meta property=\"article:modified_time\" content=\"2022-12-08T10:46:27+00:00\" \/>\n<meta property=\"og:image\" content=\"https:\/\/storage.googleapis.com\/stateless-medishop-az\/2022\/12\/canta22.jpg\" \/>\n\t<meta property=\"og:image:width\" content=\"1000\" \/>\n\t<meta property=\"og:image:height\" content=\"1000\" \/>\n\t<meta property=\"og:image:type\" content=\"image\/jpeg\" \/>\n<meta name=\"twitter:card\" content=\"summary_large_image\" \/>\n<meta name=\"twitter:label1\" content=\"\u041f\u0440\u0438\u043c\u0435\u0440\u043d\u043e\u0435 \u0432\u0440\u0435\u043c\u044f \u0434\u043b\u044f \u0447\u0442\u0435\u043d\u0438\u044f\" \/>\n\t<meta name=\"twitter:data1\" content=\"1 \u043c\u0438\u043d\u0443\u0442\u0430\" \/>\n<script type=\"application\/ld+json\" class=\"yoast-schema-graph\">{\"@context\":\"https:\/\/schema.org\",\"@graph\":[{\"@type\":\"WebPage\",\"@id\":\"https:\/\/medishop.az\/mehsul\/ilk-yardim-cantasi-firstplus-is-yeri\/\",\"url\":\"https:\/\/medishop.az\/mehsul\/ilk-yardim-cantasi-firstplus-is-yeri\/\",\"name\":\"\u0130lk yard\u0131m \u00e7antas\u0131 - F\u0130RSTPLUS \u0130\u015e YER\u0130 - Medishop\",\"isPartOf\":{\"@id\":\"https:\/\/medishop.az\/#website\"},\"primaryImageOfPage\":{\"@id\":\"https:\/\/medishop.az\/mehsul\/ilk-yardim-cantasi-firstplus-is-yeri\/#primaryimage\"},\"image\":{\"@id\":\"https:\/\/medishop.az\/mehsul\/ilk-yardim-cantasi-firstplus-is-yeri\/#primaryimage\"},\"thumbnailUrl\":\"https:\/\/medishop.az\/wp-content\/uploads\/2022\/12\/canta22.jpg\",\"datePublished\":\"2022-12-05T13:36:39+00:00\",\"dateModified\":\"2022-12-08T10:46:27+00:00\",\"breadcrumb\":{\"@id\":\"https:\/\/medishop.az\/mehsul\/ilk-yardim-cantasi-firstplus-is-yeri\/#breadcrumb\"},\"inLanguage\":\"ru-RU\",\"potentialAction\":[{\"@type\":\"ReadAction\",\"target\":[\"https:\/\/medishop.az\/mehsul\/ilk-yardim-cantasi-firstplus-is-yeri\/\"]}]},{\"@type\":\"ImageObject\",\"inLanguage\":\"ru-RU\",\"@id\":\"https:\/\/medishop.az\/mehsul\/ilk-yardim-cantasi-firstplus-is-yeri\/#primaryimage\",\"url\":\"https:\/\/medishop.az\/wp-content\/uploads\/2022\/12\/canta22.jpg\",\"contentUrl\":\"https:\/\/medishop.az\/wp-content\/uploads\/2022\/12\/canta22.jpg\",\"width\":1000,\"height\":1000},{\"@type\":\"BreadcrumbList\",\"@id\":\"https:\/\/medishop.az\/mehsul\/ilk-yardim-cantasi-firstplus-is-yeri\/#breadcrumb\",\"itemListElement\":[{\"@type\":\"ListItem\",\"position\":1,\"name\":\"\u018fsas\",\"item\":\"https:\/\/medishop.az\/\"},{\"@type\":\"ListItem\",\"position\":2,\"name\":\"Ma\u011faza\",\"item\":\"https:\/\/medishop.az\/ru\/shop\/\"},{\"@type\":\"ListItem\",\"position\":3,\"name\":\"\u0130lk yard\u0131m \u00e7antas\u0131 &#8211; F\u0130RSTPLUS \u0130\u015e YER\u0130\"}]},{\"@type\":\"WebSite\",\"@id\":\"https:\/\/medishop.az\/#website\",\"url\":\"https:\/\/medishop.az\/\",\"name\":\"Medishop\",\"description\":\"Onlayn tibbi ma\u011faza\",\"publisher\":{\"@id\":\"https:\/\/medishop.az\/#organization\"},\"potentialAction\":[{\"@type\":\"SearchAction\",\"target\":{\"@type\":\"EntryPoint\",\"urlTemplate\":\"https:\/\/medishop.az\/?s={search_term_string}\"},\"query-input\":\"required name=search_term_string\"}],\"inLanguage\":\"ru-RU\"},{\"@type\":\"Organization\",\"@id\":\"https:\/\/medishop.az\/#organization\",\"name\":\"Medishop\",\"url\":\"https:\/\/medishop.az\/\",\"logo\":{\"@type\":\"ImageObject\",\"inLanguage\":\"ru-RU\",\"@id\":\"https:\/\/medishop.az\/#\/schema\/logo\/image\/\",\"url\":\"https:\/\/storage.googleapis.com\/stateless-medishop-az\/2022\/12\/logo.png\",\"contentUrl\":\"https:\/\/storage.googleapis.com\/stateless-medishop-az\/2022\/12\/logo.png\",\"width\":300,\"height\":89,\"caption\":\"Medishop\"},\"image\":{\"@id\":\"https:\/\/medishop.az\/#\/schema\/logo\/image\/\"},\"sameAs\":[\"https:\/\/www.facebook.com\/medishop.azerbaijan\"]}]}<\/script>\n<!-- \/ Yoast SEO plugin. -->","yoast_head_json":{"title":"\u0130lk yard\u0131m \u00e7antas\u0131 - F\u0130RSTPLUS \u0130\u015e YER\u0130 - Medishop","robots":{"index":"index","follow":"follow","max-snippet":"max-snippet:-1","max-image-preview":"max-image-preview:large","max-video-preview":"max-video-preview:-1"},"canonical":"http:\/\/medishop.az\/ru\/mehsul\/ilk-yardim-cantasi-firstplus-is-yeri\/","og_locale":"ru_RU","og_type":"article","og_title":"\u0130lk yard\u0131m \u00e7antas\u0131 - F\u0130RSTPLUS \u0130\u015e YER\u0130 - Medishop","og_description":"Bu \u00e7anta i\u015f yerl\u0259ri \u00fc\u00e7\u00fcn n\u0259z\u0259rd\u0259 tutulmu\u015fdur. Bu \u00e7antan\u0131 divar tipli d\u0259 istifad\u0259 ed\u0259 bil\u0259rsiniz. &#8220;\u0130LK YARDIM H\u018fYAT QURTARIR&#8221; \u00dcr\u00fcn \u00f6l\u00e7\u00fcs\u00fc: 32,2cm x 24,2cm x 12,2cm At\u00f6lye, fabrika, \u015fantiye, enerji","og_url":"http:\/\/medishop.az\/ru\/mehsul\/ilk-yardim-cantasi-firstplus-is-yeri\/","og_site_name":"Medishop","article_publisher":"https:\/\/www.facebook.com\/medishop.azerbaijan","article_modified_time":"2022-12-08T10:46:27+00:00","og_image":[{"width":1000,"height":1000,"url":"https:\/\/storage.googleapis.com\/stateless-medishop-az\/2022\/12\/canta22.jpg","type":"image\/jpeg"}],"twitter_card":"summary_large_image","twitter_misc":{"\u041f\u0440\u0438\u043c\u0435\u0440\u043d\u043e\u0435 \u0432\u0440\u0435\u043c\u044f \u0434\u043b\u044f \u0447\u0442\u0435\u043d\u0438\u044f":"1 \u043c\u0438\u043d\u0443\u0442\u0430"},"schema":{"@context":"https:\/\/schema.org","@graph":[{"@type":"WebPage","@id":"https:\/\/medishop.az\/mehsul\/ilk-yardim-cantasi-firstplus-is-yeri\/","url":"https:\/\/medishop.az\/mehsul\/ilk-yardim-cantasi-firstplus-is-yeri\/","name":"\u0130lk yard\u0131m \u00e7antas\u0131 - F\u0130RSTPLUS \u0130\u015e YER\u0130 - Medishop","isPartOf":{"@id":"https:\/\/medishop.az\/#website"},"primaryImageOfPage":{"@id":"https:\/\/medishop.az\/mehsul\/ilk-yardim-cantasi-firstplus-is-yeri\/#primaryimage"},"image":{"@id":"https:\/\/medishop.az\/mehsul\/ilk-yardim-cantasi-firstplus-is-yeri\/#primaryimage"},"thumbnailUrl":"https:\/\/medishop.az\/wp-content\/uploads\/2022\/12\/canta22.jpg","datePublished":"2022-12-05T13:36:39+00:00","dateModified":"2022-12-08T10:46:27+00:00","breadcrumb":{"@id":"https:\/\/medishop.az\/mehsul\/ilk-yardim-cantasi-firstplus-is-yeri\/#breadcrumb"},"inLanguage":"ru-RU","potentialAction":[{"@type":"ReadAction","target":["https:\/\/medishop.az\/mehsul\/ilk-yardim-cantasi-firstplus-is-yeri\/"]}]},{"@type":"ImageObject","inLanguage":"ru-RU","@id":"https:\/\/medishop.az\/mehsul\/ilk-yardim-cantasi-firstplus-is-yeri\/#primaryimage","url":"https:\/\/medishop.az\/wp-content\/uploads\/2022\/12\/canta22.jpg","contentUrl":"https:\/\/medishop.az\/wp-content\/uploads\/2022\/12\/canta22.jpg","width":1000,"height":1000},{"@type":"BreadcrumbList","@id":"https:\/\/medishop.az\/mehsul\/ilk-yardim-cantasi-firstplus-is-yeri\/#breadcrumb","itemListElement":[{"@type":"ListItem","position":1,"name":"\u018fsas","item":"https:\/\/medishop.az\/"},{"@type":"ListItem","position":2,"name":"Ma\u011faza","item":"https:\/\/medishop.az\/ru\/shop\/"},{"@type":"ListItem","position":3,"name":"\u0130lk yard\u0131m \u00e7antas\u0131 &#8211; F\u0130RSTPLUS \u0130\u015e YER\u0130"}]},{"@type":"WebSite","@id":"https:\/\/medishop.az\/#website","url":"https:\/\/medishop.az\/","name":"Medishop","description":"Onlayn tibbi ma\u011faza","publisher":{"@id":"https:\/\/medishop.az\/#organization"},"potentialAction":[{"@type":"SearchAction","target":{"@type":"EntryPoint","urlTemplate":"https:\/\/medishop.az\/?s={search_term_string}"},"query-input":"required name=search_term_string"}],"inLanguage":"ru-RU"},{"@type":"Organization","@id":"https:\/\/medishop.az\/#organization","name":"Medishop","url":"https:\/\/medishop.az\/","logo":{"@type":"ImageObject","inLanguage":"ru-RU","@id":"https:\/\/medishop.az\/#\/schema\/logo\/image\/","url":"https:\/\/storage.googleapis.com\/stateless-medishop-az\/2022\/12\/logo.png","contentUrl":"https:\/\/storage.googleapis.com\/stateless-medishop-az\/2022\/12\/logo.png","width":300,"height":89,"caption":"Medishop"},"image":{"@id":"https:\/\/medishop.az\/#\/schema\/logo\/image\/"},"sameAs":["https:\/\/www.facebook.com\/medishop.azerbaijan"]}]}},"jetpack_sharing_enabled":true,"_links":{"self":[{"href":"http:\/\/medishop.az\/ru\/wp-json\/wp\/v2\/product\/2315","targetHints":{"allow":["GET"]}}],"collection":[{"href":"http:\/\/medishop.az\/ru\/wp-json\/wp\/v2\/product"}],"about":[{"href":"http:\/\/medishop.az\/ru\/wp-json\/wp\/v2\/types\/product"}],"wp:featuredmedia":[{"embeddable":true,"href":"http:\/\/medishop.az\/ru\/wp-json\/wp\/v2\/media\/2316"}],"wp:attachment":[{"href":"http:\/\/medishop.az\/ru\/wp-json\/wp\/v2\/media?parent=2315"}],"wp:term":[{"taxonomy":"product_cat","embeddable":true,"href":"http:\/\/medishop.az\/ru\/wp-json\/wp\/v2\/product_cat?post=2315"},{"taxonomy":"product_tag","embeddable":true,"href":"http:\/\/medishop.az\/ru\/wp-json\/wp\/v2\/product_tag?post=2315"}],"curies":[{"name":"wp","href":"https:\/\/api.w.org\/{rel}","templated":true}]}}