{"id":1050,"date":"2019-06-01T05:44:36","date_gmt":"2019-06-01T05:44:36","guid":{"rendered":"https:\/\/kapee.presslayouts.com\/dummy\/?page_id=1050"},"modified":"2022-12-27T15:32:59","modified_gmt":"2022-12-27T11:32:59","slug":"razilashma","status":"publish","type":"page","link":"http:\/\/medishop.az\/ru\/razilashma\/","title":{"rendered":"\u041f\u043e\u043b\u044c\u0437\u043e\u0432\u0430\u0442\u0435\u043b\u044c\u0441\u043a\u043e\u0435 \u0421\u043e\u0433\u043b\u0430\u0448\u0435\u043d\u0438\u0435"},"content":{"rendered":"<section class=\"wpb-content-wrapper\"><div data-vc-full-width=\"true\" data-vc-full-width-init=\"false\" class=\"vc_row wpb_row vc_row-fluid vc_custom_1563272134952 vc_row-has-fill\"><div class=\"wpb_column vc_column_container vc_col-sm-12\"><div class=\"vc_column-inner\"><div class=\"wpb_wrapper\"><div id=\"kapee-header-63790\" class=\"kapee-element kapee-heading  vc_custom_1672140773401 text-center kapee-width-100 separator-underline separator-between-heading\">\t\n\t\t\t\n\t\t\t<div class=\"heading-wrap\">\n\t\t\t<span class=\"separator-left\"><\/span>\n\t\t\t<h4 class=\"heading-title\">Al\u0131c\u0131 raz\u0131la\u015fmas\u0131 \u015f\u0259rtl\u0259ri <\/h4>\t\t\t<span class=\"separator-right\"><\/span>\n\t\t\t\t\t<\/div>\n\t\t\n    <\/div>\n\t<div class=\"wpb_text_column wpb_content_element\" >\n\t\t<div class=\"wpb_wrapper\">\n\t\t\t<p><strong>\u018fSAS ANLAYI\u015eLAR<\/strong><\/p>\n<p><strong style=\"font-style: inherit;\">ALICI RAZILA\u015eMASI (RAZILA\u015eMA)<\/strong>\u00a0\u2013 bu s\u0259n\u0259dd\u0259 onlayn al\u0131\u015f il\u0259 ba\u011fl\u0131 a\u015fa\u011f\u0131da \u0259ks olunan b\u00fct\u00fcn \u015f\u0259rtl\u0259r;<\/p>\n<p><strong style=\"font-style: inherit;\">ALICI<\/strong>\u00a0\u2013 medishop.az\u2019\u0131n verdiyi texniki imkanlar vasit\u0259si il\u0259 v\u0259 elektron \u00f6d\u0259ni\u015f ed\u0259r\u0259k portalda qeyd olunmu\u015f mal v\u0259 xidm\u0259tl\u0259ri sifari\u015f ed\u0259n\/alan, h\u0259m\u00e7inin bu \u201cAl\u0131c\u0131 raz\u0131la\u015fmas\u0131\u201dn\u0131n \u015f\u0259rtl\u0259ri il\u0259 raz\u0131la\u015fan fiziki v\u0259 ya h\u00fcquqi \u015f\u0259xs;<\/p>\n<p><strong style=\"font-style: inherit;\">SATICI<\/strong>\u00a0\u2013 Portalda \u00f6z mallar\u0131n\u0131\/xidm\u0259tl\u0259rini \u00f6z\u00fcn\u00fcn istifad\u0259 etdiyi s\u0259hif\u0259d\u0259 onlayn qaydada satan v\u0259 sat\u0131\u015f v\u0259 \u00e7atd\u0131r\u0131lma \u015f\u0259rtl\u0259rini \u00f6z\u00fc m\u00fc\u0259yy\u0259n ed\u0259n fiziki v\u0259 ya h\u00fcquqi \u015f\u0259xs;<\/p>\n<p><strong style=\"font-style: inherit;\">medishop.AZ<\/strong>\u00a0\u2013 mal v\u0259 xidm\u0259tl\u0259rinin sat\u0131\u015f\u0131 m\u0259qs\u0259dil\u0259 \u00f6z\u00fcn\u0259 aid INTERNET MA\u011eAZAda SATICI \u00fc\u00e7\u00fcn raz\u0131la\u015fd\u0131r\u0131lm\u0131\u015f elektron m\u0259kan\u0131 t\u0259qdim ed\u0259n h\u00fcquqi \u015f\u0259xs (\u201cmedishop.az\u201d);<\/p>\n<p><strong style=\"font-style: inherit;\">PORTAL<\/strong>\u00a0\u2013 mal v\u0259 xidm\u0259tl\u0259rin onlay\u0131n al\u0131\u015f-veri\u015f m\u0259kan\u0131 olan, medishop.az\u2019a m\u0259xsusus \u201cwww.medishop.az\u201d internet s\u0259hif\u0259si;<\/p>\n<p><strong style=\"font-style: inherit;\">MAL(LAR)\/X\u0130DM\u018fT(L\u018fR)<\/strong>\u00a0\u2013 PORTALDA yerl\u0259\u015fdirilmi\u015f h\u0259r hans\u0131 mallar, xidm\u0259tl\u0259r, t\u0259chizatlar, materiallar, \u0259\u015fyalar v\u0259 dig\u0259r material v\u0259 \u0259mt\u0259\u0259l\u0259r (o c\u00fcml\u0259d\u0259n onlar\u0131n qura\u015fd\u0131r\u0131lmas\u0131 v\u0259 ya ist\u0259nil\u0259n hiss\u0259si);<\/p>\n<p><strong style=\"font-style: inherit;\">S\u0130FAR\u0130\u015e<\/strong>\u00a0\u2013 Al\u0131c\u0131n\u0131n m\u00fc\u0259yy\u0259n etdiyi \u00fcnvana \u00e7atd\u0131r\u0131lmas\u0131 m\u0259qs\u0259dil\u0259 Portaldan mal\/xidm\u0259t al\u0131nmas\u0131 m\u0259qs\u0259dil\u0259 Portalda m\u00f6vcud olan m\u00fcvafiq forman\u0131n doldurularaq SATICIya elektron formada g\u00f6nd\u0259rilm\u0259si.<\/p>\n<p><strong style=\"font-style: inherit;\">X\u00dcSUS\u0130 \u015e\u018fRTL\u018fR<\/strong><\/p>\n<ol>\n<li>Raz\u0131la\u015fman\u0131n predmetini ALICI t\u0259r\u0259find\u0259n \u015f\u0259xsi v\u0259 dig\u0259r m\u0259qs\u0259d\u0259r \u00fc\u00e7\u00fcn PORTALDA \u0259ks olunan mallar\u0131n\/xidm\u0259tl\u0259rin al\u0131nmas\u0131 v\u0259 dig\u0259r formada istifad\u0259sind\u0259 imkan yarad\u0131lmas\u0131 t\u0259\u015fkil edir. Bu Raz\u0131la\u015fma \u015f\u0259rtl\u0259ri PORTALDA cari vaxtda sat\u0131\u015fda olan b\u00fct\u00fcn mal v\u0259 xidm\u0259tl\u0259r\u0259 \u015famil olunur.<\/li>\n<li>SATICI \u00f6z mallar\u0131n\u0131\/xidm\u0259tl\u0259rinin \u015f\u0259xs\u0259n PORTAL vasit\u0259sil\u0259 sat\u0131lmas\u0131n\u0131 t\u0259min edir.<\/li>\n<li>PORTALDAN mal sifari\u015f ed\u0259n ALICI bu RAZILA\u0121MAn\u0131n \u015f\u0259rtl\u0259ri il\u0259 tam raz\u0131la\u015fd\u0131\u011f\u0131n\u0131 b\u0259yan edir.<\/li>\n<li>PORTALDA sat\u0131lan mallar\/xidm\u0259tl\u0259r, h\u0259m\u00e7inin sat\u0131\u015f \u015f\u0259rtl\u0259ri Az\u0259rbaycan Respublikas\u0131n\u0131n q\u00fcvv\u0259d\u0259 olan M\u00fclki M\u0259c\u0259ll\u0259sinin 408-ci madd\u0259sin\u0259 \u0259sas\u0259n \u00fcmumi oferta hesab olunur.<\/li>\n<li>SATICI al\u0131\u015f h\u0259yata ke\u00e7iril\u0259n\u0259d\u0259k al\u0131\u015f \u015f\u0259rtl\u0259rini he\u00e7 kim\u0259 x\u0259b\u0259rdarl\u0131q etm\u0259d\u0259n d\u0259yi\u015fdir\u0259 bil\u0259r.<\/li>\n<li>Al\u0131\u015f o vaxt ba\u015f tutmu\u015f say\u0131l\u0131r ki, ALICI mal\u0131n\/xidm\u0259tin d\u0259y\u0259rini kassa \u00e7eki v\u0259 ya alq\u0131-satq\u0131n\u0131 t\u0259sdiq ed\u0259n dig\u0259r s\u0259n\u0259d qar\u015f\u0131l\u0131\u011f\u0131nda h\u0259r hans\u0131 formada (onlayn\/na\u011fd) \u00f6d\u0259mi\u015f olsun.<\/li>\n<li>PORTALDA olan sifari\u015f formas\u0131n\u0131 doldurmaqla ALICI \u00f6z\u00fcn\u0259 aid \u0259laq\u0259 vasit\u0259l\u0259ri bar\u0259d\u0259 m\u0259lumatlar\u0131n SATICI v\u0259 ya SATICIn\u0131n m\u00fc\u0259yy\u0259n etdiyi dig\u0259r \u015f\u0259xsl\u0259r t\u0259r\u0259find\u0259n istifad\u0259sin\u0259 etiraz etmir. Bura g\u0259l\u0259c\u0259kd\u0259 ALICIya m\u00fcxt\u0259lif endirim kompaniyalar\u0131, dig\u0259r \u0259laq\u0259li m\u0259lumatlar\u0131n g\u00f6nd\u0259rilm\u0259si aiddir.<\/li>\n<li>ALICI sifari\u015f etm\u0259kl\u0259 SATICIn\u0131n \u00f6z \u00f6hd\u0259likl\u0259rinin icras\u0131n\u0131 3-c\u00fc \u015f\u0259xsl\u0259r\u0259 tap\u015f\u0131rmas\u0131na etiraz etmir v\u0259 SATICI sifari\u015f il\u0259 ba\u011fl\u0131 3-c\u00fc \u015f\u0259xsl\u0259rin bu RAZILA\u015eMAdan k\u0259nara \u00e7\u0131xan h\u0259r\u0259k\u0259tl\u0259rin\u0259 g\u00f6r\u0259 m\u0259suliyy\u0259t da\u015f\u0131y\u0131r.<\/li>\n<li>Sifari\u015f ALICI il\u0259 SATICI aras\u0131nda ba\u011flan\u0131lm\u0131\u015f m\u00fcqavil\u0259 hesab olunur v\u0259 h\u0259r iki t\u0259r\u0259fin bu Raz\u0131la\u015fmadan v\u0259 qanunsuz h\u0259r\u0259k\u0259tl\u0259rd\u0259n ir\u0259li g\u0259l\u0259n z\u0259r\u0259r v\u0259 deliktl\u0259r\u0259 g\u00f6r\u0259 medishop.az\/ PORTAL m\u0259suliyy\u0259t da\u015f\u0131m\u0131r.<\/li>\n<li>\u201cwww.medishop.az\u201d s\u0259hif\u0259sind\u0259 texniki-profilaktik i\u015fl\u0259rin apar\u0131ld\u0131\u011f\u0131 g\u00fcnl\u0259rd\u0259n, a\u015fa\u011f\u0131da qeyd olunan v\u0259 fors-major hallardan ba\u015fqa, ALICI g\u00fcn\u00fcn, ay\u0131n, ilin inst\u0259nil\u0259n vaxt\u0131 PORTAL\u0131n xidm\u0259tl\u0259rind\u0259n istifad\u0259 ed\u0259 bil\u0259r. PORTAL\u0131n irad\u0259sind\u0259n k\u0259nar s\u0259b\u0259bl\u0259rd\u0259n dolay\u0131 PORTAL\u0131n f\u0259aliyy\u0259tinin ist\u0259nil\u0259n m\u00fcdd\u0259td\u0259 dayanmas\u0131, habel\u0259 PORTALIN v\u0259 SATICIn\u0131n bu Raz\u0131la\u015fmadan ir\u0259li g\u0259l\u0259n \u00f6hd\u0259likl\u0259rinin icras\u0131n\u0131n qeyri-m\u00fcmk\u00fcnl\u00fcy\u00fc s\u0259b\u0259bind\u0259n ALICIya z\u0259r\u0259r d\u0259y\u0259rs\u0259, bu halda PORTAL, v\u0259 ya SATICI h\u0259r hans\u0131 m\u0259suliyy\u0259t da\u015f\u0131m\u0131r.<\/li>\n<li>PORTAL SATICI t\u0259r\u0259find\u0259n sat\u0131\u015f \u00fc\u00e7\u00fcn t\u0259qdim olunmu\u015f mal\/xidm\u0259tl\u0259r haqq\u0131nda m\u0259lumatlar\u0131n d\u00fczg\u00fcnl\u00fcy\u00fcn\u0259, habel\u0259 SATICI t\u0259r\u0259find\u0259n ALICIya aid m\u0259lumatlardan qeyri-qanuni istifad\u0259y\u0259 g\u00f6r\u0259 m\u0259suliyy\u0259t da\u015f\u0131m\u0131r.<\/li>\n<li>PORTALDA sat\u0131\u015f \u00fc\u00e7\u00fcn n\u0259z\u0259rd\u0259 tutulmu\u015f mallar\u0131n \u015f\u0259kill\u0259ri ill\u00fcstrativ t\u0259yinatl\u0131 olmaqla al\u0131nm\u0131\u015f malla 100% eyni olmaya bil\u0259r. M\u0259lumatlarda \u0259h\u0259miyy\u0259tli \u00e7at\u0131\u015fmamazl\u0131q oldu\u011fu t\u0259qdird\u0259, ALICI PORTALA yaz\u0131l\u0131 m\u00fcraci\u0259t \u00fcnvanlaya bil\u0259r.<\/li>\n<li>PORTALDA g\u00f6rs\u0259nm\u0259sin\u0259 baxmayaraq \u0259g\u0259r sifari\u015f verilmi\u015f mal SATICIn\u0131n anbar\u0131nda yoxdursa, SATICI bu bar\u0259d\u0259 \u0259n q\u0131sa vaxt \u0259rzind\u0259 ALICIya v\u0259 PORTALA x\u0259b\u0259r verm\u0259kl\u0259 sifari\u015fi l\u0259\u011fv edir. Sifari\u015fin l\u0259\u011fvi n\u0259tic\u0259sind\u0259 ALICIya h\u0259r hans\u0131 real z\u0259r\u0259r d\u0259y\u0259rs\u0259, buna g\u00f6r\u0259 PORTAL m\u0259suliyy\u0259t da\u015f\u0131m\u0131r.<\/li>\n<li>ALICI t\u0259r\u0259find\u0259n yanl\u0131\u015f m\u0259lumat verilm\u0259si n\u0259tic\u0259sind\u0259 sifari\u015fin icra edilm\u0259m\u0259sin\u0259 g\u00f6r\u0259 n\u0259 PORTAL, n\u0259 d\u0259 ki, SATICI m\u0259suliyy\u0259t da\u015f\u0131m\u0131r.<\/li>\n<li>Sifari\u015f verildikd\u0259n sonra ALICIn\u0131n \u00fcnvan\u0131n\u0131n m\u0259saf\u0259sind\u0259n as\u0131l\u0131 olaraq SATICI sifari\u015fin \u00e7at\u0131d\u0131r\u0131lma tarixi, vaxt\u0131 v\u0259 dig\u0259r \u015f\u0259rtl\u0259ri bar\u0259d\u0259 ALICIya m\u0259lumat verir. \u00c7atd\u0131r\u0131lma xidm\u0259ti PORTAL t\u0259r\u0259find\u0259n h\u0259yata ke\u00e7irilirs\u0259, bu m\u0259lumatlar\u0131 PORTAL verir.<\/li>\n<li>\u018fg\u0259r buna obyektiv s\u0259b\u0259b varsa, mallar\u0131n\/xidm\u0259tl\u0259rin \u00e7atd\u0131r\u0131lma vaxt\u0131\/tarixi SATICI v\u0259 PORTAL t\u0259r\u0259find\u0259n birt\u0259r\u0259fli qaydada d\u0259yi\u015fdiril\u0259 bil\u0259r.<\/li>\n<li>\u00c7atd\u0131r\u0131lma v\u0259 ya dig\u0259r probleml\u0259r il\u0259 ba\u011fl\u0131 ALICI PORTAL\u0131n administrasiyas\u0131na \u00f6z \u015fikaytl\u0259rini elektron qaydada t\u0259qdim ed\u0259 bil\u0259r.<\/li>\n<li>Mallar\/xidm\u0259tl\u0259rin \u00e7atd\u0131r\u0131lmas\u0131 yaln\u0131z Az\u0259rbaycan Respublikas\u0131n\u0131n d\u00f6vl\u0259t s\u0259rh\u0259dl\u0259ri il\u0259 m\u0259hdudla\u015f\u0131r. Dig\u0259r hallarda Al\u0131c\u0131 PORTALA elektron m\u0259ktub \u015f\u0259klind\u0259 m\u00fcraci\u0259t g\u00f6nd\u0259rm\u0259lidir.<\/li>\n<li>Dig\u0259r ist\u0259k qeyd edilm\u0259yibs\u0259 sifari\u015f \u015f\u0259xs\u0259n al\u0131c\u0131ya v\u0259\/v\u0259 ya qeyd etdiyi \u00fcnvanda olan ist\u0259nil\u0259n 3-c\u00fc \u015f\u0259xs\u0259 t\u0259hvil verilir.<\/li>\n<li>G\u00f6nd\u0259rilmi\u015f mal\u0131 q\u0259bul ed\u0259n ALICI (v\u0259 ya 3-cu \u015f\u0259xs) mal\u0131 kuryerd\u0259n q\u0259bul ed\u0259rk\u0259n yerind\u0259 mala bax\u0131\u015f ke\u00e7irm\u0259lidir. Bax\u0131\u015f ke\u00e7irdikd\u0259n sonra ALICI (v\u0259 ya 3-cu \u015f\u0259xs) malin \u00e7at\u0131d\u0131lmas\u0131n\u0131 t\u0259sdiq ed\u0259n s\u0259n\u0259di imzalay\u0131r v\u0259 bununla mala dair h\u0259r hans\u0131 iddia olmad\u0131\u011f\u0131n\u0131 b\u0259yan edir.<\/li>\n<li>M\u00fcvafiq t\u0259hvil-t\u0259slim akt\u0131 qar\u015f\u0131l\u0131ql\u0131 imzaland\u0131qdan sonra mala d\u0259ymi\u015f z\u0259r\u0259r\u0259 g\u00f6r\u0259 ALICI m\u0259suliyy\u0259t da\u015f\u0131y\u0131r.<\/li>\n<li>ALICIya t\u0259qdim olunan mallar\u0131n \u00fcz\u0259rind\u0259 qanunvericilikl\u0259 m\u00fc\u0259yy\u0259n olunmu\u015f b\u00fct\u00fcn texniki v\u0259 s. z\u0259ruri s\u0259n\u0259dl\u0259r verilir.<\/li>\n<li>PORTALda sat\u0131lan mallar\u0131n qiym\u0259ti vergil\u0259r daxil olmaqla Az\u0259rbaycan manat\u0131 il\u0259 g\u00f6st\u0259rilir.<\/li>\n<li>\u018fg\u0259r PORTALda mal\u0131n qiym\u0259ti s\u0259hv g\u00f6st\u0259rilibs\u0259, SATICI sifari\u015fin edilm\u0259sind\u0259n as\u0131l\u0131 olmayaraq mal\u0131 geri g\u00f6t\u00fcr\u00fcb \u00f6d\u0259ni\u015fi ALICIya qaytar\u0131r.<\/li>\n<li>PORTALda mal\u0131n qiym\u0259ti SATICI t\u0259r\u0259find\u0259n birt\u0259r\u0259fli qaydada d\u0259yi\u015fdiril\u0259 bil\u0259r.<\/li>\n<li>Bank kart\u0131 vasit\u0259sil\u0259 onlayn \u00f6d\u0259ni\u015f edil\u0259rk\u0259n bank xidm\u0259ti g\u00f6st\u0259r\u0259n \u015firk\u0259t \u0259m\u0259liyyat\u0131n d\u0259l\u0259duzluq v\u0259 dig\u0259r qeyri-qanuni m\u0259qs\u0259dl\u0259rl\u0259 h\u0259yata ke\u00e7irildiyini m\u00fc\u0259yy\u0259n ed\u0259rs\u0259, \u00f6d\u0259ni\u015fi l\u0259\u011fv ed\u0259 bil\u0259r. Bu c\u00fcr hallardan yaranan m\u00fcbahis\u0259l\u0259r\u0259 g\u00f6r\u0259 SATICI v\u0259 PORTAL m\u0259suliyy\u0259t da\u015f\u0131m\u0131r.<\/li>\n<li>SATICI birt\u0259r\u0259fli qaydada \u00f6z mallar\u0131na endirim t\u0259tbiq ed\u0259 bil\u0259r. Eyni mal\u0131 satan ba\u015fqa SATICIn\u0131n da eyni endirimi etm\u0259k \u00f6hd\u0259liyi yoxdur.<\/li>\n<li>PORTAL a\u015fa\u011f\u0131dak\u0131 m\u00fclahizy\u0259 \u0259sas\u0259n ALICIn\u0131n sifari\u015fini l\u0259\u011fv ed\u0259 bil\u0259r:<\/li>\n<\/ol>\n<p>\u2013 \u018fg\u0259r ALICI 4 d\u0259f\u0259 ard-arda h\u0259r hans\u0131 mal\u0131 almaqdan \u0259sass\u0131z sur\u0259td\u0259 imtina edirs\u0259;<\/p>\n<p>\u2013 \u018fg\u0259r ALICI t\u0259r\u0259find\u0259n qeyri-qanuni \u0259m\u0259liyyatlar\u0131n h\u0259yata ke\u00e7irilm\u0259sin\u0259 \u015f\u00fcbh\u0259 varsa, habel\u0259 qeyri-etik davran\u0131\u015f n\u00fcmayi\u015f el\u0259tdirirs\u0259.<\/p>\n<p>Qeyd olunan h\u0259r\u0259k\u0259tl\u0259r istehlak\u00e7\u0131lara m\u00fcnasib\u0259td\u0259 ayr\u0131-se\u00e7kilik kimi deyil, PORTAL v\u0259 SATICIn\u0131n maddi itkisinin qar\u015f\u0131s\u0131n\u0131n al\u0131nmas\u0131 kimi ba\u015fa d\u00fc\u015f\u00fclm\u0259lidir.<\/p>\n<ol start=\"29\">\n<li>Mallar\u0131n geri qaytar\u0131lmas\u0131 \u015f\u0259rtl\u0259ri \u201c\u0130stehlak\u00e7\u0131lar\u0131n h\u00fcquqlar\u0131n\u0131n m\u00fcdafi\u0259si haqq\u0131nda\u201d qanunla t\u0259nziml\u0259nir. \u018fg\u0259r SATICIn\u0131n t\u0259qsiri s\u0259b\u0259bind\u0259n olmayan hallarda mal qaytar\u0131l\u0131rsa, qaytar\u0131lma il\u0259 ba\u011fl\u0131 x\u0259rcl\u0259r ALICIdan tutulur.<\/li>\n<li>Q\u0131z\u0131l v\u0259 qiym\u0259tli da\u015flardan haz\u0131rlanan m\u0259mulatlar, parf\u00fcmeriya v\u0259 kosmetik vasit\u0259l\u0259r, \u00e7im\u0259rlik geyiml\u0259ri, alt paltarlar\u0131 v\u0259 corablar, m\u0259i\u015f\u0259t-kimya m\u0259hsullar\u0131, \u015f\u0259xsi gigiyena m\u0259hsullar\u0131, u\u015faq oyuncaqlar\u0131, plastik yem\u0259k qablar\u0131 v\u0259 d\u0259y\u0259ri \u00f6d\u0259nilmi\u015f yararl\u0131l\u0131q m\u00fcdd\u0259ti \u0259rzind\u0259 ma\u011fazadan \u00e7\u0131xar\u0131lan \u0259rzaq mallar\u0131 geri qaytar\u0131la bilm\u0259z.<\/li>\n<li>Mal\u0131n t\u0259yinat\u0131na uy\u011fun olmayan formada istifad\u0259 n\u0259tic\u0259sind\u0259 ALICIya vurulmu\u015f z\u0259r\u0259r\u0259 g\u00f6r\u0259 SATICI v\u0259 ya PORTAL m\u0259suliyy\u0259t da\u015f\u0131m\u0131r.<\/li>\n<li>Mal\u0131n taml\u0131\u011f\u0131, keyfiyy\u0259ti, \u00e7atd\u0131r\u0131lmas\u0131 v\u0259 s. g\u00f6st\u0259ricil\u0259r\u0259 g\u00f6r\u0259 PORTAL ALICI qar\u015f\u0131s\u0131nda m\u0259suliyy\u0259t da\u015f\u0131m\u0131r. ALICI bu c\u00fcr iddialar\u0131 SATICIya qar\u015f\u0131 ir\u0259li s\u00fcr\u0259 bil\u0259r.<\/li>\n<li>PORTALdan istifad\u0259 n\u0259tic\u0259sind\u0259 f\u0259rdi m\u0259lumatlardan istifad\u0259 \u00fczr\u0259 m\u00fcnasib\u0259tl\u0259r \u201cF\u0259rdi m\u0259lumatlar haqq\u0131nda\u201d Az\u0259rbaycan Respublikas\u0131n\u0131n qanunu il\u0259 t\u0259nziml\u0259nir.<\/li>\n<li>SATICI \u00f6z h\u00fcquqlar\u0131n\u0131 3-c\u00fc \u015f\u0259xsl\u0259r\u0259 g\u00fcz\u0259\u015ft ed\u0259 bil\u0259r.<\/li>\n<li>SATICI v\u0259 PORTAL\u0131n ofisl\u0259ri \u0259m\u0259k qanunverciliyinin t\u0259l\u0259bl\u0259rin\u0259 m\u00fcvafiq olaraq i\u015f saatlar\u0131nda f\u0259aliyy\u0259t g\u00f6st\u0259rir.<\/li>\n<li>Mallara\/xidm\u0259tl\u0259r\u0259 dair z\u0259man\u0259t m\u00fcdd\u0259ti mal\u0131n istehsal\u00e7\u0131s\u0131 t\u0259r\u0259find\u0259n m\u00fc\u0259yy\u0259n olunur.<\/li>\n<li>Bu Raz\u0131la\u015fmadan ir\u0259li g\u0259l\u0259n v\u0259 ya onunla, o c\u00fcml\u0259d\u0259n onun t\u0259fsiri, icras\u0131, xitam\u0131 v\u0259 etibars\u0131zl\u0131\u011f\u0131 il\u0259 ba\u011fl\u0131 yaranan b\u00fct\u00fcn m\u00fcbahis\u0259l\u0259r v\u0259 ya iddialar, ilk n\u00f6vb\u0259d\u0259 t\u0259r\u0259fl\u0259r aras\u0131nda vicdanla v\u0259 dostcas\u0131na dan\u0131\u015f\u0131qlar yolu il\u0259 h\u0259ll edilir. \u018fg\u0259r bu c\u00fcr m\u00fcbahis\u0259 5 i\u015f g\u00fcn\u00fc \u0259rzind\u0259 T\u0259r\u0259fl\u0259r aras\u0131nda h\u0259ll edilm\u0259zs\u0259, bu halda h\u0259min m\u00fcbahis\u0259 Az\u0259rbaycan Respublikas\u0131n\u0131n m\u00fcvafiq m\u0259hk\u0259m\u0259l\u0259ri t\u0259r\u0259find\u0259n h\u0259ll edilir.<\/li>\n<li>SATICIya qar\u015f\u0131 iddialar SATICIn\u0131n PORTALdak\u0131 \u0259laq\u0259 vasit\u0259l\u0259ri il\u0259, PORTALa olan iddalarla ba\u011fl\u0131 is\u0259 info@medishop.az \u00fcnvan\u0131na yaz\u0131la bil\u0259r. M\u00fcraci\u0259tl\u0259r\u0259 \u0259n q\u0131sa vaxt \u0259rzind\u0259 bax\u0131l\u0131r.<\/li>\n<\/ol>\n\n\t\t<\/div>\n\t<\/div>\n<\/div><\/div><\/div><\/div><div class=\"vc_row-full-width vc_clearfix\"><\/div>\n<\/section>","protected":false},"excerpt":{"rendered":"Al\u0131c\u0131 raz\u0131la\u015fmas\u0131 \u015f\u0259rtl\u0259ri \u018fSAS ANLAYI\u015eLAR ALICI RAZILA\u015eMASI (RAZILA\u015eMA)\u00a0\u2013 bu s\u0259n\u0259dd\u0259 onlayn al\u0131\u015f il\u0259 ba\u011fl\u0131 a\u015fa\u011f\u0131da \u0259ks olunan b\u00fct\u00fcn \u015f\u0259rtl\u0259r; ALICI\u00a0\u2013 medishop.az\u2019\u0131n verdiyi texniki imkanlar vasit\u0259si il\u0259 v\u0259 elektron \u00f6d\u0259ni\u015f ed\u0259r\u0259k","protected":false},"author":1,"featured_media":0,"parent":0,"menu_order":0,"comment_status":"closed","ping_status":"closed","template":"","meta":{"footnotes":""},"class_list":["post-1050","page","type-page","status-publish","hentry"],"yoast_head":"<!-- This site is optimized with the Yoast SEO plugin v22.7 - https:\/\/yoast.com\/wordpress\/plugins\/seo\/ -->\n<title>\u0130stifad\u0259\u00e7i raz\u0131la\u015fmas\u0131 - Medishop<\/title>\n<meta name=\"robots\" content=\"index, follow, max-snippet:-1, max-image-preview:large, max-video-preview:-1\" \/>\n<link rel=\"canonical\" href=\"http:\/\/medishop.az\/ru\/razilashma\/\" \/>\n<meta property=\"og:locale\" content=\"ru_RU\" \/>\n<meta property=\"og:type\" content=\"article\" \/>\n<meta property=\"og:title\" content=\"\u0130stifad\u0259\u00e7i raz\u0131la\u015fmas\u0131 - Medishop\" \/>\n<meta property=\"og:url\" content=\"http:\/\/medishop.az\/ru\/razilashma\/\" \/>\n<meta property=\"og:site_name\" content=\"Medishop\" \/>\n<meta property=\"article:publisher\" content=\"https:\/\/www.facebook.com\/medishop.azerbaijan\" \/>\n<meta property=\"article:modified_time\" content=\"2022-12-27T11:32:59+00:00\" \/>\n<meta name=\"twitter:card\" content=\"summary_large_image\" \/>\n<meta name=\"twitter:label1\" content=\"\u041f\u0440\u0438\u043c\u0435\u0440\u043d\u043e\u0435 \u0432\u0440\u0435\u043c\u044f \u0434\u043b\u044f \u0447\u0442\u0435\u043d\u0438\u044f\" \/>\n\t<meta name=\"twitter:data1\" content=\"7 \u043c\u0438\u043d\u0443\u0442\" \/>\n<script type=\"application\/ld+json\" class=\"yoast-schema-graph\">{\"@context\":\"https:\/\/schema.org\",\"@graph\":[{\"@type\":\"WebPage\",\"@id\":\"https:\/\/medishop.az\/razilashma\/\",\"url\":\"https:\/\/medishop.az\/razilashma\/\",\"name\":\"\u0130stifad\u0259\u00e7i raz\u0131la\u015fmas\u0131 - Medishop\",\"isPartOf\":{\"@id\":\"https:\/\/medishop.az\/#website\"},\"datePublished\":\"2019-06-01T05:44:36+00:00\",\"dateModified\":\"2022-12-27T11:32:59+00:00\",\"breadcrumb\":{\"@id\":\"https:\/\/medishop.az\/razilashma\/#breadcrumb\"},\"inLanguage\":\"ru-RU\",\"potentialAction\":[{\"@type\":\"ReadAction\",\"target\":[\"https:\/\/medishop.az\/razilashma\/\"]}]},{\"@type\":\"BreadcrumbList\",\"@id\":\"https:\/\/medishop.az\/razilashma\/#breadcrumb\",\"itemListElement\":[{\"@type\":\"ListItem\",\"position\":1,\"name\":\"\u018fsas\",\"item\":\"https:\/\/medishop.az\/\"},{\"@type\":\"ListItem\",\"position\":2,\"name\":\"\u0130stifad\u0259\u00e7i raz\u0131la\u015fmas\u0131\"}]},{\"@type\":\"WebSite\",\"@id\":\"https:\/\/medishop.az\/#website\",\"url\":\"https:\/\/medishop.az\/\",\"name\":\"Medishop\",\"description\":\"Onlayn tibbi ma\u011faza\",\"publisher\":{\"@id\":\"https:\/\/medishop.az\/#organization\"},\"potentialAction\":[{\"@type\":\"SearchAction\",\"target\":{\"@type\":\"EntryPoint\",\"urlTemplate\":\"https:\/\/medishop.az\/?s={search_term_string}\"},\"query-input\":\"required name=search_term_string\"}],\"inLanguage\":\"ru-RU\"},{\"@type\":\"Organization\",\"@id\":\"https:\/\/medishop.az\/#organization\",\"name\":\"Medishop\",\"url\":\"https:\/\/medishop.az\/\",\"logo\":{\"@type\":\"ImageObject\",\"inLanguage\":\"ru-RU\",\"@id\":\"https:\/\/medishop.az\/#\/schema\/logo\/image\/\",\"url\":\"https:\/\/storage.googleapis.com\/stateless-medishop-az\/2022\/12\/logo.png\",\"contentUrl\":\"https:\/\/storage.googleapis.com\/stateless-medishop-az\/2022\/12\/logo.png\",\"width\":300,\"height\":89,\"caption\":\"Medishop\"},\"image\":{\"@id\":\"https:\/\/medishop.az\/#\/schema\/logo\/image\/\"},\"sameAs\":[\"https:\/\/www.facebook.com\/medishop.azerbaijan\"]}]}<\/script>\n<!-- \/ Yoast SEO plugin. -->","yoast_head_json":{"title":"\u0130stifad\u0259\u00e7i raz\u0131la\u015fmas\u0131 - Medishop","robots":{"index":"index","follow":"follow","max-snippet":"max-snippet:-1","max-image-preview":"max-image-preview:large","max-video-preview":"max-video-preview:-1"},"canonical":"http:\/\/medishop.az\/ru\/razilashma\/","og_locale":"ru_RU","og_type":"article","og_title":"\u0130stifad\u0259\u00e7i raz\u0131la\u015fmas\u0131 - Medishop","og_url":"http:\/\/medishop.az\/ru\/razilashma\/","og_site_name":"Medishop","article_publisher":"https:\/\/www.facebook.com\/medishop.azerbaijan","article_modified_time":"2022-12-27T11:32:59+00:00","twitter_card":"summary_large_image","twitter_misc":{"\u041f\u0440\u0438\u043c\u0435\u0440\u043d\u043e\u0435 \u0432\u0440\u0435\u043c\u044f \u0434\u043b\u044f \u0447\u0442\u0435\u043d\u0438\u044f":"7 \u043c\u0438\u043d\u0443\u0442"},"schema":{"@context":"https:\/\/schema.org","@graph":[{"@type":"WebPage","@id":"https:\/\/medishop.az\/razilashma\/","url":"https:\/\/medishop.az\/razilashma\/","name":"\u0130stifad\u0259\u00e7i raz\u0131la\u015fmas\u0131 - Medishop","isPartOf":{"@id":"https:\/\/medishop.az\/#website"},"datePublished":"2019-06-01T05:44:36+00:00","dateModified":"2022-12-27T11:32:59+00:00","breadcrumb":{"@id":"https:\/\/medishop.az\/razilashma\/#breadcrumb"},"inLanguage":"ru-RU","potentialAction":[{"@type":"ReadAction","target":["https:\/\/medishop.az\/razilashma\/"]}]},{"@type":"BreadcrumbList","@id":"https:\/\/medishop.az\/razilashma\/#breadcrumb","itemListElement":[{"@type":"ListItem","position":1,"name":"\u018fsas","item":"https:\/\/medishop.az\/"},{"@type":"ListItem","position":2,"name":"\u0130stifad\u0259\u00e7i raz\u0131la\u015fmas\u0131"}]},{"@type":"WebSite","@id":"https:\/\/medishop.az\/#website","url":"https:\/\/medishop.az\/","name":"Medishop","description":"Onlayn tibbi ma\u011faza","publisher":{"@id":"https:\/\/medishop.az\/#organization"},"potentialAction":[{"@type":"SearchAction","target":{"@type":"EntryPoint","urlTemplate":"https:\/\/medishop.az\/?s={search_term_string}"},"query-input":"required name=search_term_string"}],"inLanguage":"ru-RU"},{"@type":"Organization","@id":"https:\/\/medishop.az\/#organization","name":"Medishop","url":"https:\/\/medishop.az\/","logo":{"@type":"ImageObject","inLanguage":"ru-RU","@id":"https:\/\/medishop.az\/#\/schema\/logo\/image\/","url":"https:\/\/storage.googleapis.com\/stateless-medishop-az\/2022\/12\/logo.png","contentUrl":"https:\/\/storage.googleapis.com\/stateless-medishop-az\/2022\/12\/logo.png","width":300,"height":89,"caption":"Medishop"},"image":{"@id":"https:\/\/medishop.az\/#\/schema\/logo\/image\/"},"sameAs":["https:\/\/www.facebook.com\/medishop.azerbaijan"]}]}},"jetpack_sharing_enabled":true,"_links":{"self":[{"href":"http:\/\/medishop.az\/ru\/wp-json\/wp\/v2\/pages\/1050","targetHints":{"allow":["GET"]}}],"collection":[{"href":"http:\/\/medishop.az\/ru\/wp-json\/wp\/v2\/pages"}],"about":[{"href":"http:\/\/medishop.az\/ru\/wp-json\/wp\/v2\/types\/page"}],"author":[{"embeddable":true,"href":"http:\/\/medishop.az\/ru\/wp-json\/wp\/v2\/users\/1"}],"replies":[{"embeddable":true,"href":"http:\/\/medishop.az\/ru\/wp-json\/wp\/v2\/comments?post=1050"}],"version-history":[{"count":0,"href":"http:\/\/medishop.az\/ru\/wp-json\/wp\/v2\/pages\/1050\/revisions"}],"wp:attachment":[{"href":"http:\/\/medishop.az\/ru\/wp-json\/wp\/v2\/media?parent=1050"}],"curies":[{"name":"wp","href":"https:\/\/api.w.org\/{rel}","templated":true}]}}