{"id":1043,"date":"2019-06-01T05:39:16","date_gmt":"2019-06-01T05:39:16","guid":{"rendered":"https:\/\/kapee.presslayouts.com\/dummy\/?page_id=1043"},"modified":"2022-12-27T19:03:56","modified_gmt":"2022-12-27T15:03:56","slug":"elaqe","status":"publish","type":"page","link":"http:\/\/medishop.az\/ru\/elaqe\/","title":{"rendered":"Biziml\u0259 \u018flaq\u0259"},"content":{"rendered":"<section class=\"wpb-content-wrapper\"><div data-vc-full-width=\"true\" data-vc-full-width-init=\"false\" data-vc-stretch-content=\"true\" class=\"vc_row wpb_row vc_row-fluid vc_custom_1562075492098 vc_row-no-padding\"><div class=\"wpb_column vc_column_container vc_col-sm-12\"><div class=\"vc_column-inner\"><div class=\"wpb_wrapper\"><div class=\"wpb_gmaps_widget wpb_content_element\"><div class=\"wpb_wrapper\"><div class=\"wpb_map_wraper\"><iframe loading=\"lazy\" src=\"https:\/\/www.google.com\/maps\/embed?pb=!1m18!1m12!1m3!1d3037.6617156319867!2d49.841839975906964!3d40.41634427143963!2m3!1f0!2f0!3f0!3m2!1i1024!2i768!4f13.1!3m3!1m2!1s0x4030881c465f40c3%3A0x44423e777f3ccd4e!2sMEDIGROUP%20LLC!5e0!3m2!1sru!2s!4v1670321919505!5m2!1sru!2s\" width=\"600\" height=\"400\" frameborder=\"0\" style=\"border:0\" allowfullscreen><\/iframe><\/div><\/div><\/div><\/div><\/div><\/div><\/div><div class=\"vc_row-full-width vc_clearfix\"><\/div><div class=\"vc_row wpb_row vc_row-fluid vc_custom_1563266106221\"><div class=\"wpb_column vc_column_container vc_col-sm-6\"><div class=\"vc_column-inner\"><div class=\"wpb_wrapper\"><div id=\"kapee-header-75217\" class=\"kapee-element kapee-heading text-left kapee-width-100 separator-none separator-between-heading\">\t\n\t\t\t\n\t\t\t<div class=\"heading-wrap\">\n\t\t\t<span class=\"separator-left\"><\/span>\n\t\t\t<h2 class=\"heading-title\">\u041d\u0430\u043f\u0438\u0448\u0438\u0442\u0435 \u043d\u0430\u043c <\/h2>\t\t\t<span class=\"separator-right\"><\/span>\n\t\t\t\t\t<\/div>\n\t\t\n    \t\t<div class=\"heading-tagline\"> \u041f\u043e\u0436\u0430\u043b\u0443\u0439\u0441\u0442\u0430, \u0441\u0432\u044f\u0436\u0438\u0442\u0435\u0441\u044c \u0441 \u043d\u0430\u043c\u0438 \u0434\u043b\u044f \u043b\u044e\u0431\u044b\u0445 \u043f\u0440\u0435\u0434\u043b\u043e\u0436\u0435\u043d\u0438\u0439 \u0438\u043b\u0438 \u0436\u0430\u043b\u043e\u0431. <\/div>\n\t<\/div><div class=\"kapee-element kapee-contact-us\">\n\t\n<div class=\"wpcf7 no-js\" id=\"wpcf7-f5-o1\" lang=\"en-US\" dir=\"ltr\">\n<div class=\"screen-reader-response\"><p role=\"status\" aria-live=\"polite\" aria-atomic=\"true\"><\/p> <ul><\/ul><\/div>\n<form action=\"\/ru\/wp-json\/wp\/v2\/pages\/1043#wpcf7-f5-o1\" method=\"post\" class=\"wpcf7-form init\" aria-label=\"Contact form\" novalidate=\"novalidate\" data-status=\"init\" data-trp-original-action=\"\/ru\/wp-json\/wp\/v2\/pages\/1043#wpcf7-f5-o1\">\n<div style=\"display: none;\">\n<input type=\"hidden\" name=\"_wpcf7\" value=\"5\" \/>\n<input type=\"hidden\" name=\"_wpcf7_version\" value=\"5.9.4\" \/>\n<input type=\"hidden\" name=\"_wpcf7_locale\" value=\"en_US\" \/>\n<input type=\"hidden\" name=\"_wpcf7_unit_tag\" value=\"wpcf7-f5-o1\" \/>\n<input type=\"hidden\" name=\"_wpcf7_container_post\" value=\"0\" \/>\n<input type=\"hidden\" name=\"_wpcf7_posted_data_hash\" value=\"\" \/>\n<\/div>\n<p><label> \u0412\u0430\u0448\u0435 \u0438\u043c\u044f (\u043e\u0431\u044f\u0437\u0430\u0442\u0435\u043b\u044c\u043d\u043e\u0435 \u043f\u043e\u043b\u0435)<\/label><br \/>\n<span class=\"wpcf7-form-control-wrap\" data-name=\"your-name\"><input size=\"40\" class=\"wpcf7-form-control wpcf7-text wpcf7-validates-as-required\" aria-required=\"true\" aria-invalid=\"false\" value=\"\" type=\"text\" name=\"your-name\" \/><\/span>\n<\/p>\n<p><label> \u042d\u043b\u0435\u043a\u0442\u0440\u043e\u043d\u043d\u0430\u044f \u043f\u043e\u0447\u0442\u0430 (\u043e\u0431\u044f\u0437\u0430\u0442\u0435\u043b\u044c\u043d\u043e\u0435 \u043f\u043e\u043b\u0435) <\/label><br \/>\n<span class=\"wpcf7-form-control-wrap\" data-name=\"your-email\"><input size=\"40\" class=\"wpcf7-form-control wpcf7-email wpcf7-validates-as-required wpcf7-text wpcf7-validates-as-email\" aria-required=\"true\" aria-invalid=\"false\" value=\"\" type=\"email\" name=\"your-email\" \/><\/span>\n<\/p>\n<p><label> \u0422\u0435\u043c\u0430<\/label><br \/>\n<span class=\"wpcf7-form-control-wrap\" data-name=\"your-subject\"><input size=\"40\" class=\"wpcf7-form-control wpcf7-text\" aria-invalid=\"false\" value=\"\" type=\"text\" name=\"your-subject\" \/><\/span>\n<\/p>\n<p><label> \u0421\u043e\u043e\u0431\u0449\u0435\u043d\u0438\u0435 <\/label><br \/>\n<span class=\"wpcf7-form-control-wrap\" data-name=\"your-message\"><textarea cols=\"40\" rows=\"10\" class=\"wpcf7-form-control wpcf7-textarea\" aria-invalid=\"false\" name=\"your-message\"><\/textarea><\/span>\n<\/p>\n<p><input class=\"wpcf7-form-control wpcf7-submit has-spinner\" type=\"submit\" value=\"\u041e\u0442\u043f\u0440\u0430\u0432\u043b\u044f\u0442\u044c\" \/>\n<\/p><div class=\"wpcf7-response-output\" aria-hidden=\"true\"><\/div>\n<input type=\"hidden\" name=\"trp-form-language\" value=\"ru\"\/><\/form>\n<\/div>\n<\/div><\/div><\/div><\/div><div class=\"wpb_column vc_column_container vc_col-sm-6 vc_hidden-md vc_hidden-sm vc_hidden-xs\"><div class=\"vc_column-inner\"><div class=\"wpb_wrapper\"><div id=\"kapee-header-10238\" class=\"kapee-element kapee-heading text-left kapee-width-100 separator-none separator-between-heading\">\t\n\t\t\t\n\t\t\t<div class=\"heading-wrap\">\n\t\t\t<span class=\"separator-left\"><\/span>\n\t\t\t<h3 class=\"heading-title\">\u041a\u0442\u043e \u043c\u044b? <\/h3>\t\t\t<span class=\"separator-right\"><\/span>\n\t\t\t\t\t<\/div>\n\t\t\n    \t\t<div class=\"heading-tagline\"> MEDISHOP.AZ onlayn tibbi ma\u011fazas\u0131na xo\u015f g\u0259lmisiniz!<br \/>\nSiz vaxt\u0131n\u0131za q\u0259na\u0259t edirsiniz? Evd\u0259n,ofisd\u0259n v\u0259 ya siz\u0259 rahat bir yerd\u0259n internetl\u0259 al\u0131\u015f-veri\u015f etm\u0259y\u0259 \u00fcst\u00fcnl\u00fck verirsiniz? Onda MEDISHOP.AZ sizin se\u00e7iminizdir. MEDISHOP.AZ onlayn tibbi ma\u011fazas\u0131 h\u0259m fiziki \u015f\u0259xsl\u0259rl\u0259, h\u0259m d\u0259 h\u00fcquqi \u015f\u0259xsl\u0259rl\u0259 \u00e7al\u0131\u015f\u0131r.<br \/>\nMissiyam\u0131z \u2013 tibbi m\u0259hsullar\u0131 m\u00fc\u015ft\u0259ril\u0259rimiz\u0259 daha da \u0259l\u00e7atan etm\u0259kdir.<br \/>\n\u00dcst\u00fcnl\u00fcy\u00fcm\u00fcz \u2013 birba\u015fa tibbi m\u0259hsul istehsal\u00e7\u0131lar\u0131ndan uy\u011fun qiym\u0259tl\u0259rl\u0259 vaxt s\u0259rf etm\u0259d\u0259n siz\u0259 t\u0259qdim etm\u0259kdir.<br \/>\nH\u0259ft\u0259d\u0259 7 g\u00fcn m\u0259mnuniyy\u0259tl\u0259 sizin sifari\u015fl\u0259rinizi q\u0259bul edirik. Siz\u0259 t\u0259qdim etdiyimiz m\u0259hsullar d\u00fcnyan\u0131n d\u00f6rd bir t\u0259r\u0259find\u0259n olan partnyorlar\u0131m\u0131z\u0131n istehsal\u0131d\u0131r. Bak\u0131 \u015f\u0259h\u0259ri \u0259razisind\u0259 h\u0259r bir \u00fcnvana \u00e7atd\u0131r\u0131lma xidm\u0259ti m\u00f6vcuddur. \u00c7atd\u0131r\u0131lma haqq\u0131nda \u0259trafl\u0131 m\u0259lumat \u00c7ATDIRILMA b\u00f6lm\u0259sind\u0259 verilmi\u015fdir.<br \/>\n* Sayt\u0131m\u0131zda olmayan, ancaq sizi maraqland\u0131ran h\u0259r hans\u0131 tibbi cihaz v\u0259 avadanl\u0131qla ba\u011fl\u0131 m\u00fcraci\u0259t ed\u0259 bil\u0259rsiniz. <\/div>\n\t<\/div><div id=\"kapee-header-60152\" class=\"kapee-element kapee-heading  vc_custom_1670322380960 text-left kapee-width-100 separator-none separator-between-heading\">\t\n\t\t\t\n\t\t\t<div class=\"heading-wrap\">\n\t\t\t<span class=\"separator-left\"><\/span>\n\t\t\t<h3 class=\"heading-title\">\u041a\u043e\u043d\u0442\u0430\u043a\u0442 <\/h3>\t\t\t<span class=\"separator-right\"><\/span>\n\t\t\t\t\t<\/div>\n\t\t\n    <\/div><div id=\"kapee-info-box-50876\" class=\"kapee-element kapee-info-box icon-effect-none icon-custom icon-left color-scheme-inherit hover-color-scheme-inherit  vc_custom_1672151969392\">\n\t<div class=\"info-box-wrap\"  >\n\t\t<div class=\"box-icon-wrap\">\n\t\t\t\t\t\t\t<div class=\"info-box-icon\"><i class=\"vc_li vc_li-location\" aria-hidden=\"true\"><\/i><\/div>\n\t\t\t\t\t<\/div>\n\t\t<div class=\"info-box-content\">\t\t\t\n\t\t\t\t\t\t\t<div class=\"info-box-title mb\" >\t\t\t\t\n\t\t\t\t\t<span>\u018fc\u0259mi Nax\u00e7\u0131vani 24, Baku, Azerbaijan<\/span>\t\t\t\t\t\n\t\t\t\t<\/div>\n\t\t\t\t\t\t\t\t<\/div>\n\t<\/div>\n\t<\/div><div id=\"kapee-info-box-95923\" class=\"kapee-element kapee-info-box icon-effect-none icon-custom icon-left color-scheme-inherit hover-color-scheme-inherit  vc_custom_1672151987378\">\n\t<div class=\"info-box-wrap\"  >\n\t\t<div class=\"box-icon-wrap\">\n\t\t\t\t\t\t\t<div class=\"info-box-icon\"><i class=\"vc_li vc_li-phone\" aria-hidden=\"true\"><\/i><\/div>\n\t\t\t\t\t<\/div>\n\t\t<div class=\"info-box-content\">\t\t\t\n\t\t\t\t\t\t\t<div class=\"info-box-title mb\" >\t\t\t\t\n\t\t\t\t\t<span>070 272 03 02<\/span>\t\t\t\t\t\n\t\t\t\t<\/div>\n\t\t\t\t\t\t\t\t<\/div>\n\t<\/div>\n\t<\/div><div id=\"kapee-info-box-29270\" class=\"kapee-element kapee-info-box icon-effect-none icon-custom icon-left color-scheme-inherit hover-color-scheme-inherit  vc_custom_1672153430670\">\n\t<div class=\"info-box-wrap\"  >\n\t\t<div class=\"box-icon-wrap\">\n\t\t\t\t\t\t\t<div class=\"info-box-icon\"><i class=\"vc_li vc_li-mail\" aria-hidden=\"true\"><\/i><\/div>\n\t\t\t\t\t<\/div>\n\t\t<div class=\"info-box-content\">\t\t\t\n\t\t\t\t\t\t\t<div class=\"info-box-title mb\" >\t\t\t\t\n\t\t\t\t\t<span>hello@medishop.az<\/span>\t\t\t\t\t\n\t\t\t\t<\/div>\n\t\t\t\t\t\t\t\t<\/div>\n\t<\/div>\n\t<\/div><div id=\"kapee-header-56375\" class=\"kapee-element kapee-heading  vc_custom_1672152047229 text-left kapee-width-100 separator-none separator-between-heading\">\t\n\t\t\t\n\t\t\t<div class=\"heading-wrap\">\n\t\t\t<span class=\"separator-left\"><\/span>\n\t\t\t<h3 class=\"heading-title\">\u0420\u0430\u0431\u043e\u0447\u0435\u0435 \u0432\u0440\u0435\u043c\u044f <\/h3>\t\t\t<span class=\"separator-right\"><\/span>\n\t\t\t\t\t<\/div>\n\t\t\n    <\/div><div id=\"kapee-list-69014\" class=\"kapee-element kapee-list list-type-icon list-style-default list-size-medium  vc_custom_1672152063613\">\n\t<ul>\n\t\t\t\t\t<li>\n\t\t\t\t\t\t\t\t\t<span class=\"list-icon\">\n\t\t\t\t\t\t<i class=\"vc_li vc_li-clock\" aria-hidden=\"true\"><\/i>\t\t\t\t\t<\/span>\n\t\t\t\t\t\t\t\t\t<span class=\"list-content\">H\u0259ft\u0259 i\u00e7i 6 g\u00fcn: 09:00 - 19:00<\/span>\n\t\t\t\t\t\t\t<\/li>\n\t\t\t<\/ul>\n<\/div><\/div><\/div><\/div><\/div>\n<\/section>","protected":false},"excerpt":{"rendered":"Biz\u0259 yaz\u0131n H\u0259r hans\u0131 t\u0259klif v\u0259 ya \u015fikay\u0259tl\u0259riniz \u00fc\u00e7\u00fcn biziml\u0259 \u0259laq\u0259 saxlay\u0131n. Ad\u0131n\u0131z (vacib xana) Email (vacib xana) M\u00f6vzu Mesaj\u0131n\u0131z Biz kimik? MEDISHOP.AZ onlayn tibbi ma\u011fazas\u0131na xo\u015f g\u0259lmisiniz! Siz vaxt\u0131n\u0131za","protected":false},"author":1,"featured_media":0,"parent":0,"menu_order":0,"comment_status":"closed","ping_status":"closed","template":"","meta":{"footnotes":""},"class_list":["post-1043","page","type-page","status-publish","hentry"],"yoast_head":"<!-- This site is optimized with the Yoast SEO plugin v22.7 - https:\/\/yoast.com\/wordpress\/plugins\/seo\/ -->\n<title>Biziml\u0259 \u018flaq\u0259 - Medishop<\/title>\n<meta name=\"robots\" content=\"index, follow, max-snippet:-1, max-image-preview:large, max-video-preview:-1\" \/>\n<link rel=\"canonical\" href=\"http:\/\/medishop.az\/ru\/elaqe\/\" \/>\n<meta property=\"og:locale\" content=\"ru_RU\" \/>\n<meta property=\"og:type\" content=\"article\" \/>\n<meta property=\"og:title\" content=\"Biziml\u0259 \u018flaq\u0259 - Medishop\" \/>\n<meta property=\"og:url\" content=\"http:\/\/medishop.az\/ru\/elaqe\/\" \/>\n<meta property=\"og:site_name\" content=\"Medishop\" \/>\n<meta property=\"article:publisher\" content=\"https:\/\/www.facebook.com\/medishop.azerbaijan\" \/>\n<meta property=\"article:modified_time\" content=\"2022-12-27T15:03:56+00:00\" \/>\n<meta name=\"twitter:card\" content=\"summary_large_image\" \/>\n<meta name=\"twitter:label1\" content=\"\u041f\u0440\u0438\u043c\u0435\u0440\u043d\u043e\u0435 \u0432\u0440\u0435\u043c\u044f \u0434\u043b\u044f \u0447\u0442\u0435\u043d\u0438\u044f\" \/>\n\t<meta name=\"twitter:data1\" content=\"2 \u043c\u0438\u043d\u0443\u0442\u044b\" \/>\n<script type=\"application\/ld+json\" class=\"yoast-schema-graph\">{\"@context\":\"https:\/\/schema.org\",\"@graph\":[{\"@type\":\"WebPage\",\"@id\":\"https:\/\/medishop.az\/elaqe\/\",\"url\":\"https:\/\/medishop.az\/elaqe\/\",\"name\":\"Biziml\u0259 \u018flaq\u0259 - Medishop\",\"isPartOf\":{\"@id\":\"https:\/\/medishop.az\/#website\"},\"datePublished\":\"2019-06-01T05:39:16+00:00\",\"dateModified\":\"2022-12-27T15:03:56+00:00\",\"breadcrumb\":{\"@id\":\"https:\/\/medishop.az\/elaqe\/#breadcrumb\"},\"inLanguage\":\"ru-RU\",\"potentialAction\":[{\"@type\":\"ReadAction\",\"target\":[\"https:\/\/medishop.az\/elaqe\/\"]}]},{\"@type\":\"BreadcrumbList\",\"@id\":\"https:\/\/medishop.az\/elaqe\/#breadcrumb\",\"itemListElement\":[{\"@type\":\"ListItem\",\"position\":1,\"name\":\"\u018fsas\",\"item\":\"https:\/\/medishop.az\/\"},{\"@type\":\"ListItem\",\"position\":2,\"name\":\"Biziml\u0259 \u018flaq\u0259\"}]},{\"@type\":\"WebSite\",\"@id\":\"https:\/\/medishop.az\/#website\",\"url\":\"https:\/\/medishop.az\/\",\"name\":\"Medishop\",\"description\":\"Onlayn tibbi ma\u011faza\",\"publisher\":{\"@id\":\"https:\/\/medishop.az\/#organization\"},\"potentialAction\":[{\"@type\":\"SearchAction\",\"target\":{\"@type\":\"EntryPoint\",\"urlTemplate\":\"https:\/\/medishop.az\/?s={search_term_string}\"},\"query-input\":\"required name=search_term_string\"}],\"inLanguage\":\"ru-RU\"},{\"@type\":\"Organization\",\"@id\":\"https:\/\/medishop.az\/#organization\",\"name\":\"Medishop\",\"url\":\"https:\/\/medishop.az\/\",\"logo\":{\"@type\":\"ImageObject\",\"inLanguage\":\"ru-RU\",\"@id\":\"https:\/\/medishop.az\/#\/schema\/logo\/image\/\",\"url\":\"https:\/\/storage.googleapis.com\/stateless-medishop-az\/2022\/12\/logo.png\",\"contentUrl\":\"https:\/\/storage.googleapis.com\/stateless-medishop-az\/2022\/12\/logo.png\",\"width\":300,\"height\":89,\"caption\":\"Medishop\"},\"image\":{\"@id\":\"https:\/\/medishop.az\/#\/schema\/logo\/image\/\"},\"sameAs\":[\"https:\/\/www.facebook.com\/medishop.azerbaijan\"]}]}<\/script>\n<!-- \/ Yoast SEO plugin. -->","yoast_head_json":{"title":"Biziml\u0259 \u018flaq\u0259 - Medishop","robots":{"index":"index","follow":"follow","max-snippet":"max-snippet:-1","max-image-preview":"max-image-preview:large","max-video-preview":"max-video-preview:-1"},"canonical":"http:\/\/medishop.az\/ru\/elaqe\/","og_locale":"ru_RU","og_type":"article","og_title":"Biziml\u0259 \u018flaq\u0259 - Medishop","og_url":"http:\/\/medishop.az\/ru\/elaqe\/","og_site_name":"Medishop","article_publisher":"https:\/\/www.facebook.com\/medishop.azerbaijan","article_modified_time":"2022-12-27T15:03:56+00:00","twitter_card":"summary_large_image","twitter_misc":{"\u041f\u0440\u0438\u043c\u0435\u0440\u043d\u043e\u0435 \u0432\u0440\u0435\u043c\u044f \u0434\u043b\u044f \u0447\u0442\u0435\u043d\u0438\u044f":"2 \u043c\u0438\u043d\u0443\u0442\u044b"},"schema":{"@context":"https:\/\/schema.org","@graph":[{"@type":"WebPage","@id":"https:\/\/medishop.az\/elaqe\/","url":"https:\/\/medishop.az\/elaqe\/","name":"Biziml\u0259 \u018flaq\u0259 - Medishop","isPartOf":{"@id":"https:\/\/medishop.az\/#website"},"datePublished":"2019-06-01T05:39:16+00:00","dateModified":"2022-12-27T15:03:56+00:00","breadcrumb":{"@id":"https:\/\/medishop.az\/elaqe\/#breadcrumb"},"inLanguage":"ru-RU","potentialAction":[{"@type":"ReadAction","target":["https:\/\/medishop.az\/elaqe\/"]}]},{"@type":"BreadcrumbList","@id":"https:\/\/medishop.az\/elaqe\/#breadcrumb","itemListElement":[{"@type":"ListItem","position":1,"name":"\u018fsas","item":"https:\/\/medishop.az\/"},{"@type":"ListItem","position":2,"name":"Biziml\u0259 \u018flaq\u0259"}]},{"@type":"WebSite","@id":"https:\/\/medishop.az\/#website","url":"https:\/\/medishop.az\/","name":"Medishop","description":"Onlayn tibbi ma\u011faza","publisher":{"@id":"https:\/\/medishop.az\/#organization"},"potentialAction":[{"@type":"SearchAction","target":{"@type":"EntryPoint","urlTemplate":"https:\/\/medishop.az\/?s={search_term_string}"},"query-input":"required name=search_term_string"}],"inLanguage":"ru-RU"},{"@type":"Organization","@id":"https:\/\/medishop.az\/#organization","name":"Medishop","url":"https:\/\/medishop.az\/","logo":{"@type":"ImageObject","inLanguage":"ru-RU","@id":"https:\/\/medishop.az\/#\/schema\/logo\/image\/","url":"https:\/\/storage.googleapis.com\/stateless-medishop-az\/2022\/12\/logo.png","contentUrl":"https:\/\/storage.googleapis.com\/stateless-medishop-az\/2022\/12\/logo.png","width":300,"height":89,"caption":"Medishop"},"image":{"@id":"https:\/\/medishop.az\/#\/schema\/logo\/image\/"},"sameAs":["https:\/\/www.facebook.com\/medishop.azerbaijan"]}]}},"jetpack_sharing_enabled":true,"_links":{"self":[{"href":"http:\/\/medishop.az\/ru\/wp-json\/wp\/v2\/pages\/1043","targetHints":{"allow":["GET"]}}],"collection":[{"href":"http:\/\/medishop.az\/ru\/wp-json\/wp\/v2\/pages"}],"about":[{"href":"http:\/\/medishop.az\/ru\/wp-json\/wp\/v2\/types\/page"}],"author":[{"embeddable":true,"href":"http:\/\/medishop.az\/ru\/wp-json\/wp\/v2\/users\/1"}],"replies":[{"embeddable":true,"href":"http:\/\/medishop.az\/ru\/wp-json\/wp\/v2\/comments?post=1043"}],"version-history":[{"count":0,"href":"http:\/\/medishop.az\/ru\/wp-json\/wp\/v2\/pages\/1043\/revisions"}],"wp:attachment":[{"href":"http:\/\/medishop.az\/ru\/wp-json\/wp\/v2\/media?parent=1043"}],"curies":[{"name":"wp","href":"https:\/\/api.w.org\/{rel}","templated":true}]}}